{"id":174106,"date":"2025-01-16T11:06:14","date_gmt":"2025-01-16T10:06:14","guid":{"rendered":"https:\/\/univet.hu\/?page_id=174106"},"modified":"2025-02-28T07:49:24","modified_gmt":"2025-02-28T06:49:24","slug":"diplomaoszto-2025","status":"publish","type":"page","link":"https:\/\/univet.hu\/hu\/diplomaoszto-2025\/","title":{"rendered":"Diplomaoszt\u00f3 2025"},"content":{"rendered":"<p>Az esem\u00e9nyt online is k\u00f6zvet\u00edtj\u00fck:<\/p> <p><iframe width=\"560\" height=\"315\" src=https:\/\/www.youtube.com\/embed\/suaNav9EPFQ?si=3H-38WcTK3WYbVEG title=\"YouTube video player\" frameborder=\"0\" allow=\"accelerometer; autoplay; clipboard-write; encrypted-media; gyroscope; picture-in-picture; web-share\" referrerpolicy=\"strict-origin-when-cross-origin\" allowfullscreen><\/iframe><\/p> <p><a href=\"https:\/\/univet.hu\/wp-content\/uploads\/2025\/01\/Magyar-1-1.jpg\"><img loading=\"lazy\" decoding=\"async\" class=\"aligncenter size-full wp-image-174716\" src=\"https:\/\/univet.hu\/wp-content\/uploads\/2025\/01\/Magyar-1-1.jpg\" alt=\"\" width=\"1527\" height=\"1587\" srcset=\"https:\/\/univet.hu\/wp-content\/uploads\/2025\/01\/Magyar-1-1.jpg 1527w, https:\/\/univet.hu\/wp-content\/uploads\/2025\/01\/Magyar-1-1-308x320.jpg 308w, https:\/\/univet.hu\/wp-content\/uploads\/2025\/01\/Magyar-1-1-924x960.jpg 924w, https:\/\/univet.hu\/wp-content\/uploads\/2025\/01\/Magyar-1-1-768x798.jpg 768w, https:\/\/univet.hu\/wp-content\/uploads\/2025\/01\/Magyar-1-1-1478x1536.jpg 1478w\" sizes=\"auto, (max-width: 1527px) 100vw, 1527px\" \/><\/a><\/p> <p><a href=\"https:\/\/univet.hu\/wp-content\/uploads\/2025\/01\/Borito-HU-1.jpg\"><img loading=\"lazy\" decoding=\"async\" class=\"aligncenter size-full wp-image-174721\" src=\"https:\/\/univet.hu\/wp-content\/uploads\/2025\/01\/Borito-HU-1.jpg\" alt=\"\" width=\"1531\" height=\"1617\" srcset=\"https:\/\/univet.hu\/wp-content\/uploads\/2025\/01\/Borito-HU-1.jpg 1531w, https:\/\/univet.hu\/wp-content\/uploads\/2025\/01\/Borito-HU-1-303x320.jpg 303w, https:\/\/univet.hu\/wp-content\/uploads\/2025\/01\/Borito-HU-1-909x960.jpg 909w, https:\/\/univet.hu\/wp-content\/uploads\/2025\/01\/Borito-HU-1-768x811.jpg 768w, https:\/\/univet.hu\/wp-content\/uploads\/2025\/01\/Borito-HU-1-1454x1536.jpg 1454w\" sizes=\"auto, (max-width: 1531px) 100vw, 1531px\" \/><\/a><\/p> <p><a href=\"https:\/\/univet.hu\/wp-content\/uploads\/2025\/01\/Borito-HU.pdf\" target=\"_blank\" rel=\"noopener\">Megh\u00edv\u00f3 let\u00f6lt\u00e9se pdf-ben (bor\u00edt\u00f3)<\/a><\/p> <p><a href=\"https:\/\/univet.hu\/wp-content\/uploads\/2025\/01\/Magyar.pdf\" target=\"_blank\" rel=\"noopener\">Megh\u00edv\u00f3 let\u00f6lt\u00e9se pdf-ben (bel\u00edv)<\/a><\/p>","protected":false},"excerpt":{"rendered":"<p>Az esem\u00e9nyt online is k\u00f6zvet\u00edtj\u00fck: Megh\u00edv\u00f3 let\u00f6lt\u00e9se pdf-ben (bor\u00edt\u00f3) Megh\u00edv\u00f3 let\u00f6lt\u00e9se pdf-ben (bel\u00edv)<\/p>\n","protected":false},"author":2518,"featured_media":0,"parent":0,"menu_order":0,"comment_status":"closed","ping_status":"closed","template":"","meta":{"_acf_changed":false,"footnotes":""},"categories":[],"tags":[],"class_list":["post-174106","page","type-page","status-publish","hentry"],"acf":[],"_links":{"self":[{"href":"https:\/\/univet.hu\/hu\/wp-json\/wp\/v2\/pages\/174106","targetHints":{"allow":["GET"]}}],"collection":[{"href":"https:\/\/univet.hu\/hu\/wp-json\/wp\/v2\/pages"}],"about":[{"href":"https:\/\/univet.hu\/hu\/wp-json\/wp\/v2\/types\/page"}],"author":[{"embeddable":true,"href":"https:\/\/univet.hu\/hu\/wp-json\/wp\/v2\/users\/2518"}],"replies":[{"embeddable":true,"href":"https:\/\/univet.hu\/hu\/wp-json\/wp\/v2\/comments?post=174106"}],"version-history":[{"count":5,"href":"https:\/\/univet.hu\/hu\/wp-json\/wp\/v2\/pages\/174106\/revisions"}],"predecessor-version":[{"id":176479,"href":"https:\/\/univet.hu\/hu\/wp-json\/wp\/v2\/pages\/174106\/revisions\/176479"}],"wp:attachment":[{"href":"https:\/\/univet.hu\/hu\/wp-json\/wp\/v2\/media?parent=174106"}],"wp:term":[{"taxonomy":"category","embeddable":true,"href":"https:\/\/univet.hu\/hu\/wp-json\/wp\/v2\/categories?post=174106"},{"taxonomy":"post_tag","embeddable":true,"href":"https:\/\/univet.hu\/hu\/wp-json\/wp\/v2\/tags?post=174106"}],"curies":[{"name":"wp","href":"https:\/\/api.w.org\/{rel}","templated":true}]}}