{"id":174241,"date":"2025-01-21T14:18:43","date_gmt":"2025-01-21T13:18:43","guid":{"rendered":"https:\/\/univet.hu\/hu\/oktatas\/tanulmanyi-osztaly\/allasajanlatok\/name-2\/"},"modified":"2025-01-21T14:20:00","modified_gmt":"2025-01-21T13:20:00","slug":"vahur-vet-allatorvosi-rendelo","status":"publish","type":"page","link":"https:\/\/univet.hu\/hu\/oktatas\/tanulmanyi-osztaly\/allasajanlatok\/vahur-vet-allatorvosi-rendelo\/","title":{"rendered":"Vah\u00far-Vet \u00c1llatorvosi Rendel\u0151"},"content":{"rendered":"<p>2025.01.21<\/p> <p>&nbsp;<\/p> <p><img loading=\"lazy\" decoding=\"async\" class=\"alignnone  wp-image-174242\" src=\"https:\/\/univet.hu\/wp-content\/uploads\/2025\/01\/Vahur-vet-allashirdetes-320x320.jpg\" alt=\"Vah\u00far-Vet \u00c1llatorvosi Rendel\u0151\" width=\"600\" height=\"600\" srcset=\"https:\/\/univet.hu\/wp-content\/uploads\/2025\/01\/Vahur-vet-allashirdetes-320x320.jpg 320w, https:\/\/univet.hu\/wp-content\/uploads\/2025\/01\/Vahur-vet-allashirdetes-960x960.jpg 960w, https:\/\/univet.hu\/wp-content\/uploads\/2025\/01\/Vahur-vet-allashirdetes-768x768.jpg 768w, https:\/\/univet.hu\/wp-content\/uploads\/2025\/01\/Vahur-vet-allashirdetes-640x640.jpg 640w, https:\/\/univet.hu\/wp-content\/uploads\/2025\/01\/Vahur-vet-allashirdetes.jpg 1080w\" sizes=\"auto, (max-width: 600px) 100vw, 600px\" \/><\/p>","protected":false},"excerpt":{"rendered":"<p>2025.01.21 &nbsp;<\/p>\n","protected":false},"author":5795,"featured_media":0,"parent":26415,"menu_order":0,"comment_status":"open","ping_status":"open","template":"","meta":{"_acf_changed":false,"footnotes":""},"categories":[],"tags":[],"class_list":["post-174241","page","type-page","status-publish","hentry"],"acf":[],"_links":{"self":[{"href":"https:\/\/univet.hu\/hu\/wp-json\/wp\/v2\/pages\/174241","targetHints":{"allow":["GET"]}}],"collection":[{"href":"https:\/\/univet.hu\/hu\/wp-json\/wp\/v2\/pages"}],"about":[{"href":"https:\/\/univet.hu\/hu\/wp-json\/wp\/v2\/types\/page"}],"author":[{"embeddable":true,"href":"https:\/\/univet.hu\/hu\/wp-json\/wp\/v2\/users\/5795"}],"replies":[{"embeddable":true,"href":"https:\/\/univet.hu\/hu\/wp-json\/wp\/v2\/comments?post=174241"}],"version-history":[{"count":3,"href":"https:\/\/univet.hu\/hu\/wp-json\/wp\/v2\/pages\/174241\/revisions"}],"predecessor-version":[{"id":174247,"href":"https:\/\/univet.hu\/hu\/wp-json\/wp\/v2\/pages\/174241\/revisions\/174247"}],"up":[{"embeddable":true,"href":"https:\/\/univet.hu\/hu\/wp-json\/wp\/v2\/pages\/26415"}],"wp:attachment":[{"href":"https:\/\/univet.hu\/hu\/wp-json\/wp\/v2\/media?parent=174241"}],"wp:term":[{"taxonomy":"category","embeddable":true,"href":"https:\/\/univet.hu\/hu\/wp-json\/wp\/v2\/categories?post=174241"},{"taxonomy":"post_tag","embeddable":true,"href":"https:\/\/univet.hu\/hu\/wp-json\/wp\/v2\/tags?post=174241"}],"curies":[{"name":"wp","href":"https:\/\/api.w.org\/{rel}","templated":true}]}}