{"id":174808,"date":"2025-01-30T14:45:19","date_gmt":"2025-01-30T13:45:19","guid":{"rendered":"https:\/\/univet.hu\/hu\/oktatas\/tanulmanyi-osztaly\/allasajanlatok\/name-2\/"},"modified":"2025-01-30T14:45:19","modified_gmt":"2025-01-30T13:45:19","slug":"somogy-varmegyei-kormanyhivatal","status":"publish","type":"page","link":"https:\/\/univet.hu\/hu\/oktatas\/tanulmanyi-osztaly\/allasajanlatok\/somogy-varmegyei-kormanyhivatal\/","title":{"rendered":"Somogy V\u00e1rmegyei Korm\u00e1nyhivatal"},"content":{"rendered":"<p>2025.01.30<\/p> <p><a href=\"https:\/\/univet.hu\/wp-content\/uploads\/2025\/01\/allashirdetes_hatosagi-allatorvos_2025_Somogy.pdf\">Somogy megye hat\u00f3s\u00e1gi \u00e1llatorvos<\/a><\/p>","protected":false},"excerpt":{"rendered":"<p>2025.01.30 Somogy megye hat\u00f3s\u00e1gi \u00e1llatorvos<\/p>\n","protected":false},"author":5795,"featured_media":0,"parent":26415,"menu_order":0,"comment_status":"open","ping_status":"open","template":"","meta":{"_acf_changed":false,"footnotes":""},"categories":[],"tags":[],"class_list":["post-174808","page","type-page","status-publish","hentry"],"acf":[],"_links":{"self":[{"href":"https:\/\/univet.hu\/hu\/wp-json\/wp\/v2\/pages\/174808","targetHints":{"allow":["GET"]}}],"collection":[{"href":"https:\/\/univet.hu\/hu\/wp-json\/wp\/v2\/pages"}],"about":[{"href":"https:\/\/univet.hu\/hu\/wp-json\/wp\/v2\/types\/page"}],"author":[{"embeddable":true,"href":"https:\/\/univet.hu\/hu\/wp-json\/wp\/v2\/users\/5795"}],"replies":[{"embeddable":true,"href":"https:\/\/univet.hu\/hu\/wp-json\/wp\/v2\/comments?post=174808"}],"version-history":[{"count":1,"href":"https:\/\/univet.hu\/hu\/wp-json\/wp\/v2\/pages\/174808\/revisions"}],"predecessor-version":[{"id":174812,"href":"https:\/\/univet.hu\/hu\/wp-json\/wp\/v2\/pages\/174808\/revisions\/174812"}],"up":[{"embeddable":true,"href":"https:\/\/univet.hu\/hu\/wp-json\/wp\/v2\/pages\/26415"}],"wp:attachment":[{"href":"https:\/\/univet.hu\/hu\/wp-json\/wp\/v2\/media?parent=174808"}],"wp:term":[{"taxonomy":"category","embeddable":true,"href":"https:\/\/univet.hu\/hu\/wp-json\/wp\/v2\/categories?post=174808"},{"taxonomy":"post_tag","embeddable":true,"href":"https:\/\/univet.hu\/hu\/wp-json\/wp\/v2\/tags?post=174808"}],"curies":[{"name":"wp","href":"https:\/\/api.w.org\/{rel}","templated":true}]}}