{"id":175006,"date":"2025-02-04T09:26:10","date_gmt":"2025-02-04T08:26:10","guid":{"rendered":"https:\/\/univet.hu\/hu\/oktatas\/kurzusok\/kedvtelesbol-tartott\/"},"modified":"2025-02-10T12:08:08","modified_gmt":"2025-02-10T11:08:08","slug":"kedvtelesbol-tartott-kerodzok-es-sertesek-ellatasa","status":"publish","type":"page","link":"https:\/\/univet.hu\/hu\/oktatas\/kurzusok\/kedvtelesbol-tartott-kerodzok-es-sertesek-ellatasa\/","title":{"rendered":"Kedvtel\u00e9sb\u0151l tartott k\u00e9r\u0151dz\u0151k \u00e9s sert\u00e9sek ell\u00e1t\u00e1sa"},"content":{"rendered":"<p>Tant\u00e1rgyle\u00edr\u00e1s:<\/p> <p>A tradicion\u00e1lisan haszon\u00e1llatk\u00e9nt tartott fajok kedvtel\u00e9sb\u0151l val\u00f3 tart\u00e1sa n\u00f6vekv\u0151 jelent\u0151s\u00e9g\u0171, \u00e9s saj\u00e1tos kih\u00edv\u00e1sok el\u00e9 \u00e1ll\u00edtja a leend\u0151 \u00e1llatorvosokat. M\u00e1s jelleg\u0171 takarm\u00e1nyoz\u00e1si, tart\u00e1stechnol\u00f3giai hib\u00e1k, fert\u0151z\u0151 megbeteged\u00e9sek fordulnak el\u0151 ezekben a helyzetekben, mint nagy\u00fczemi \u00e1llattart\u00f3 telepeken. Ezek t\u00falnyom\u00f3 t\u00f6bbs\u00e9g\u00e9t a gradu\u00e1lis k\u00e9pz\u00e9sben nem oktatjuk, alacsony gazdas\u00e1gi jelent\u0151s\u00e9g\u00fck miatt.<\/p> <p>Szolg\u00e1ltat\u00f3 \u00e1llatorvosokkal szemben n\u00f6vekv\u0151 tulajdonosi elv\u00e1r\u00e1s a t\u00e9mak\u00f6r ismerete. A kedvtel\u00e9sb\u0151l tartott haszon\u00e1llatok \u00e1llatorvosi ell\u00e1t\u00e1sa jelenleg nem el\u00e9g\u00edti ki ezen ig\u00e9nyeket.<\/p> <p>C\u00e9lunk a leggyakrabban felmer\u00fcl\u0151 \u00e1llateg\u00e9szs\u00e9g\u00fcgyi probl\u00e9m\u00e1k ismertet\u00e9se, ezek megel\u0151z\u00e9s\u00e9nek, diagnosztik\u00e1j\u00e1nak \u00e9s kezel\u00e9s\u00e9nek t\u00e1rgyal\u00e1sa.<\/p> <p>&nbsp;<\/p> <p>Oktat\u00f3k: R\u00e1tky J\u00f3zsef, L\u00e9n\u00e1rt Lea, Csepreghy Anna<\/p>","protected":false},"excerpt":{"rendered":"<p>Tant\u00e1rgyle\u00edr\u00e1s: A tradicion\u00e1lisan haszon\u00e1llatk\u00e9nt tartott fajok kedvtel\u00e9sb\u0151l val\u00f3 tart\u00e1sa n\u00f6vekv\u0151 jelent\u0151s\u00e9g\u0171, \u00e9s saj\u00e1tos kih\u00edv\u00e1sok el\u00e9 \u00e1ll\u00edtja a leend\u0151 \u00e1llatorvosokat. M\u00e1s jelleg\u0171 takarm\u00e1nyoz\u00e1si, tart\u00e1stechnol\u00f3giai hib\u00e1k, fert\u0151z\u0151 megbeteged\u00e9sek fordulnak el\u0151 ezekben a helyzetekben, mint nagy\u00fczemi \u00e1llattart\u00f3 telepeken. Ezek t\u00falnyom\u00f3 t\u00f6bbs\u00e9g\u00e9t a gradu\u00e1lis k\u00e9pz\u00e9sben nem oktatjuk, alacsony gazdas\u00e1gi jelent\u0151s\u00e9g\u00fck miatt. Szolg\u00e1ltat\u00f3 \u00e1llatorvosokkal szemben n\u00f6vekv\u0151 tulajdonosi elv\u00e1r\u00e1s a t\u00e9mak\u00f6r<\/p>\n","protected":false},"author":3837,"featured_media":0,"parent":677,"menu_order":0,"comment_status":"open","ping_status":"open","template":"","meta":{"_acf_changed":false,"footnotes":""},"categories":[],"tags":[],"class_list":["post-175006","page","type-page","status-publish","hentry"],"acf":[],"_links":{"self":[{"href":"https:\/\/univet.hu\/hu\/wp-json\/wp\/v2\/pages\/175006","targetHints":{"allow":["GET"]}}],"collection":[{"href":"https:\/\/univet.hu\/hu\/wp-json\/wp\/v2\/pages"}],"about":[{"href":"https:\/\/univet.hu\/hu\/wp-json\/wp\/v2\/types\/page"}],"author":[{"embeddable":true,"href":"https:\/\/univet.hu\/hu\/wp-json\/wp\/v2\/users\/3837"}],"replies":[{"embeddable":true,"href":"https:\/\/univet.hu\/hu\/wp-json\/wp\/v2\/comments?post=175006"}],"version-history":[{"count":3,"href":"https:\/\/univet.hu\/hu\/wp-json\/wp\/v2\/pages\/175006\/revisions"}],"predecessor-version":[{"id":175691,"href":"https:\/\/univet.hu\/hu\/wp-json\/wp\/v2\/pages\/175006\/revisions\/175691"}],"up":[{"embeddable":true,"href":"https:\/\/univet.hu\/hu\/wp-json\/wp\/v2\/pages\/677"}],"wp:attachment":[{"href":"https:\/\/univet.hu\/hu\/wp-json\/wp\/v2\/media?parent=175006"}],"wp:term":[{"taxonomy":"category","embeddable":true,"href":"https:\/\/univet.hu\/hu\/wp-json\/wp\/v2\/categories?post=175006"},{"taxonomy":"post_tag","embeddable":true,"href":"https:\/\/univet.hu\/hu\/wp-json\/wp\/v2\/tags?post=175006"}],"curies":[{"name":"wp","href":"https:\/\/api.w.org\/{rel}","templated":true}]}}