{"id":175467,"date":"2025-02-05T13:08:41","date_gmt":"2025-02-05T12:08:41","guid":{"rendered":"https:\/\/univet.hu\/hu\/oktatas\/tanulmanyi-osztaly\/allasajanlatok\/name-2\/"},"modified":"2026-03-04T12:30:54","modified_gmt":"2026-03-04T11:30:54","slug":"heves-varmegyei-kormanyhivatal-hatosagi-allatorvos","status":"publish","type":"page","link":"https:\/\/univet.hu\/hu\/oktatas\/tanulmanyi-osztaly\/allasajanlatok\/heves-varmegyei-kormanyhivatal-hatosagi-allatorvos\/","title":{"rendered":"Heves V\u00e1rmegyei Korm\u00e1nyhivatal &#8211; hat\u00f3s\u00e1gi \u00e1llatorvos"},"content":{"rendered":"<p>2026.03.04<\/p> <p><a href=\"https:\/\/univet.hu\/wp-content\/uploads\/2026\/03\/ejh_hatosagi_allatorvos_honlap_260630.pdf\" target=\"_blank\" rel=\"noopener\">Heves V\u00e1rmegyei Korm\u00e1nyhivatal <\/a><br \/> <a href=\"https:\/\/univet.hu\/wp-content\/uploads\/2026\/03\/ejh_hatosagi_allatorvos_honlap_260630.pdf\" target=\"_blank\" rel=\"noopener\">Egri J\u00e1r\u00e1si Hivatal<\/a><br \/> <a href=\"https:\/\/univet.hu\/wp-content\/uploads\/2026\/03\/ejh_hatosagi_allatorvos_honlap_260630.pdf\" target=\"_blank\" rel=\"noopener\">\u00c9lelmiszerl\u00e1nc-biztons\u00e1gi \u00e9s \u00c1llateg\u00e9szs\u00e9g\u00fcgyi Oszt\u00e1ly<\/a><br \/> <a href=\"https:\/\/univet.hu\/wp-content\/uploads\/2026\/03\/ejh_hatosagi_allatorvos_honlap_260630.pdf\" target=\"_blank\" rel=\"noopener\">Hat\u00f3s\u00e1gi \u00e1llatorvos<\/a><\/p> <p>&nbsp;<\/p> <p>2025.02.05<\/p> <p><a href=\"https:\/\/univet.hu\/wp-content\/uploads\/2025\/02\/egri-jarasi-hivatal-hatosagi-allatorvos-palyazat.pdf\">Heves V\u00e1rmegyei Korm\u00e1nyhivatal<br \/> Egri J\u00e1r\u00e1si Hivatal<br \/> \u00c9lelmiszerl\u00e1nc-biztons\u00e1gi \u00e9s \u00c1llateg\u00e9szs\u00e9g\u00fcgyi Oszt\u00e1lya<br \/> hat\u00f3s\u00e1gi \u00e1llatorvos<\/a><\/p>","protected":false},"excerpt":{"rendered":"<p>2026.03.04 Heves V\u00e1rmegyei Korm\u00e1nyhivatal Egri J\u00e1r\u00e1si Hivatal \u00c9lelmiszerl\u00e1nc-biztons\u00e1gi \u00e9s \u00c1llateg\u00e9szs\u00e9g\u00fcgyi Oszt\u00e1ly Hat\u00f3s\u00e1gi \u00e1llatorvos &nbsp; 2025.02.05 Heves V\u00e1rmegyei Korm\u00e1nyhivatal Egri J\u00e1r\u00e1si Hivatal \u00c9lelmiszerl\u00e1nc-biztons\u00e1gi \u00e9s \u00c1llateg\u00e9szs\u00e9g\u00fcgyi Oszt\u00e1lya hat\u00f3s\u00e1gi \u00e1llatorvos<\/p>\n","protected":false},"author":5795,"featured_media":0,"parent":26415,"menu_order":0,"comment_status":"open","ping_status":"open","template":"","meta":{"_acf_changed":false,"footnotes":""},"categories":[],"tags":[],"class_list":["post-175467","page","type-page","status-publish","hentry"],"acf":[],"_links":{"self":[{"href":"https:\/\/univet.hu\/hu\/wp-json\/wp\/v2\/pages\/175467","targetHints":{"allow":["GET"]}}],"collection":[{"href":"https:\/\/univet.hu\/hu\/wp-json\/wp\/v2\/pages"}],"about":[{"href":"https:\/\/univet.hu\/hu\/wp-json\/wp\/v2\/types\/page"}],"author":[{"embeddable":true,"href":"https:\/\/univet.hu\/hu\/wp-json\/wp\/v2\/users\/5795"}],"replies":[{"embeddable":true,"href":"https:\/\/univet.hu\/hu\/wp-json\/wp\/v2\/comments?post=175467"}],"version-history":[{"count":4,"href":"https:\/\/univet.hu\/hu\/wp-json\/wp\/v2\/pages\/175467\/revisions"}],"predecessor-version":[{"id":202226,"href":"https:\/\/univet.hu\/hu\/wp-json\/wp\/v2\/pages\/175467\/revisions\/202226"}],"up":[{"embeddable":true,"href":"https:\/\/univet.hu\/hu\/wp-json\/wp\/v2\/pages\/26415"}],"wp:attachment":[{"href":"https:\/\/univet.hu\/hu\/wp-json\/wp\/v2\/media?parent=175467"}],"wp:term":[{"taxonomy":"category","embeddable":true,"href":"https:\/\/univet.hu\/hu\/wp-json\/wp\/v2\/categories?post=175467"},{"taxonomy":"post_tag","embeddable":true,"href":"https:\/\/univet.hu\/hu\/wp-json\/wp\/v2\/tags?post=175467"}],"curies":[{"name":"wp","href":"https:\/\/api.w.org\/{rel}","templated":true}]}}