{"id":175598,"date":"2025-02-06T16:23:27","date_gmt":"2025-02-06T15:23:27","guid":{"rendered":"https:\/\/univet.hu\/hu\/oktatas\/d-hok\/konferencia-palyazat\/"},"modified":"2025-11-11T10:09:51","modified_gmt":"2025-11-11T09:09:51","slug":"konferencia-reszvetel-tamogatasa-2026-palyazati-felhivas","status":"publish","type":"page","link":"https:\/\/univet.hu\/hu\/oktatas\/d-hok\/konferencia-reszvetel-tamogatasa-2026-palyazati-felhivas\/","title":{"rendered":"Konferencia r\u00e9szv\u00e9tel t\u00e1mogat\u00e1sa 2026-os \u00e9vre- p\u00e1ly\u00e1zati felh\u00edv\u00e1s"},"content":{"rendered":"<p><strong>DOKTORANDUSZOK KONFERENCIA R\u00c9SZV\u00c9TEL\u00c9NEK T\u00c1MOGAT\u00c1SA<\/strong><\/p> <p><strong>P\u00e1ly\u00e1zat ki\u00edr\u00f3ja:<\/strong>\u00a0\u00c1llatorvostudom\u00e1nyi Egyetem Doktorandusz \u00d6nkorm\u00e1nyzata (D\u00d6K)<\/p> <p><strong>P\u00e1ly\u00e1zat beny\u00fajt\u00e1si hat\u00e1rideje:<\/strong> 2025. december 07.<\/p> <p><strong>Dokumentumok:<\/strong><\/p> <p><a href=\"https:\/\/univet.hu\/wp-content\/uploads\/2025\/11\/Palyazati-kiiras-1.pdf\">P\u00e1ly\u00e1zati ki\u00edr\u00e1s<\/a><\/p> <p><a href=\"https:\/\/univet.hu\/wp-content\/uploads\/2025\/11\/1.-sz.-melleklet-Palyazati-adatlap.xlsx\">1.sz.mell\u00e9klet \u2013 P\u00e1ly\u00e1zati adatlap<\/a><\/p> <p><a href=\"https:\/\/univet.hu\/wp-content\/uploads\/2025\/11\/2.-sz.-melleklet-Motivacios-level.docx\">2.sz.mell\u00e9kelt \u2013 Motiv\u00e1ci\u00f3s lev\u00e9l<\/a><\/p> <p><a href=\"https:\/\/univet.hu\/wp-content\/uploads\/2025\/11\/3.-sz.-melleklet-Nyilatkozat.docx\">3.sz.mell\u00e9klet \u2013 Nyilatkozat<\/a><\/p> <p>&nbsp;<\/p>","protected":false},"excerpt":{"rendered":"<p>DOKTORANDUSZOK KONFERENCIA R\u00c9SZV\u00c9TEL\u00c9NEK T\u00c1MOGAT\u00c1SA P\u00e1ly\u00e1zat ki\u00edr\u00f3ja:\u00a0\u00c1llatorvostudom\u00e1nyi Egyetem Doktorandusz \u00d6nkorm\u00e1nyzata (D\u00d6K) P\u00e1ly\u00e1zat beny\u00fajt\u00e1si hat\u00e1rideje: 2025. december 07. Dokumentumok: P\u00e1ly\u00e1zati ki\u00edr\u00e1s 1.sz.mell\u00e9klet \u2013 P\u00e1ly\u00e1zati adatlap 2.sz.mell\u00e9kelt \u2013 Motiv\u00e1ci\u00f3s lev\u00e9l 3.sz.mell\u00e9klet \u2013 Nyilatkozat &nbsp;<\/p>\n","protected":false},"author":2572,"featured_media":0,"parent":843,"menu_order":0,"comment_status":"open","ping_status":"open","template":"","meta":{"_acf_changed":false,"footnotes":""},"categories":[],"tags":[],"class_list":["post-175598","page","type-page","status-publish","hentry"],"acf":[],"_links":{"self":[{"href":"https:\/\/univet.hu\/hu\/wp-json\/wp\/v2\/pages\/175598","targetHints":{"allow":["GET"]}}],"collection":[{"href":"https:\/\/univet.hu\/hu\/wp-json\/wp\/v2\/pages"}],"about":[{"href":"https:\/\/univet.hu\/hu\/wp-json\/wp\/v2\/types\/page"}],"author":[{"embeddable":true,"href":"https:\/\/univet.hu\/hu\/wp-json\/wp\/v2\/users\/2572"}],"replies":[{"embeddable":true,"href":"https:\/\/univet.hu\/hu\/wp-json\/wp\/v2\/comments?post=175598"}],"version-history":[{"count":11,"href":"https:\/\/univet.hu\/hu\/wp-json\/wp\/v2\/pages\/175598\/revisions"}],"predecessor-version":[{"id":194826,"href":"https:\/\/univet.hu\/hu\/wp-json\/wp\/v2\/pages\/175598\/revisions\/194826"}],"up":[{"embeddable":true,"href":"https:\/\/univet.hu\/hu\/wp-json\/wp\/v2\/pages\/843"}],"wp:attachment":[{"href":"https:\/\/univet.hu\/hu\/wp-json\/wp\/v2\/media?parent=175598"}],"wp:term":[{"taxonomy":"category","embeddable":true,"href":"https:\/\/univet.hu\/hu\/wp-json\/wp\/v2\/categories?post=175598"},{"taxonomy":"post_tag","embeddable":true,"href":"https:\/\/univet.hu\/hu\/wp-json\/wp\/v2\/tags?post=175598"}],"curies":[{"name":"wp","href":"https:\/\/api.w.org\/{rel}","templated":true}]}}