{"id":175639,"date":"2025-02-07T11:12:41","date_gmt":"2025-02-07T10:12:41","guid":{"rendered":"https:\/\/univet.hu\/hu\/oktatas\/kurzusok\/meheszet-mehegeszsegugy\/"},"modified":"2025-04-17T07:45:15","modified_gmt":"2025-04-17T05:45:15","slug":"meheszet-es-mehegeszsegugy-2","status":"publish","type":"page","link":"https:\/\/univet.hu\/hu\/oktatas\/kurzusok\/meheszet-es-mehegeszsegugy-2\/","title":{"rendered":"M\u00e9h\u00e9szet \u00e9s m\u00e9heg\u00e9szs\u00e9g\u00fcgy"},"content":{"rendered":"<p><strong>A tant\u00e1rgy felel\u0151se:<\/strong>\u00a0Dr. G\u00e1l J\u00e1nos<\/p> <p>&nbsp;<\/p> <p><strong>Aj\u00e1nlott szakirodalom: <\/strong><\/p> <p>B\u00e9k\u00e9si L.: M\u00e9hbetegs\u00e9gek. Apiliteratura Hungarica. Budapest. 2012.<\/p>","protected":false},"excerpt":{"rendered":"<p>A tant\u00e1rgy felel\u0151se:\u00a0Dr. G\u00e1l J\u00e1nos &nbsp; Aj\u00e1nlott szakirodalom: B\u00e9k\u00e9si L.: M\u00e9hbetegs\u00e9gek. Apiliteratura Hungarica. Budapest. 2012.<\/p>\n","protected":false},"author":3837,"featured_media":0,"parent":677,"menu_order":0,"comment_status":"open","ping_status":"open","template":"","meta":{"_acf_changed":false,"footnotes":""},"categories":[],"tags":[],"class_list":["post-175639","page","type-page","status-publish","hentry"],"acf":[],"_links":{"self":[{"href":"https:\/\/univet.hu\/hu\/wp-json\/wp\/v2\/pages\/175639","targetHints":{"allow":["GET"]}}],"collection":[{"href":"https:\/\/univet.hu\/hu\/wp-json\/wp\/v2\/pages"}],"about":[{"href":"https:\/\/univet.hu\/hu\/wp-json\/wp\/v2\/types\/page"}],"author":[{"embeddable":true,"href":"https:\/\/univet.hu\/hu\/wp-json\/wp\/v2\/users\/3837"}],"replies":[{"embeddable":true,"href":"https:\/\/univet.hu\/hu\/wp-json\/wp\/v2\/comments?post=175639"}],"version-history":[{"count":5,"href":"https:\/\/univet.hu\/hu\/wp-json\/wp\/v2\/pages\/175639\/revisions"}],"predecessor-version":[{"id":178801,"href":"https:\/\/univet.hu\/hu\/wp-json\/wp\/v2\/pages\/175639\/revisions\/178801"}],"up":[{"embeddable":true,"href":"https:\/\/univet.hu\/hu\/wp-json\/wp\/v2\/pages\/677"}],"wp:attachment":[{"href":"https:\/\/univet.hu\/hu\/wp-json\/wp\/v2\/media?parent=175639"}],"wp:term":[{"taxonomy":"category","embeddable":true,"href":"https:\/\/univet.hu\/hu\/wp-json\/wp\/v2\/categories?post=175639"},{"taxonomy":"post_tag","embeddable":true,"href":"https:\/\/univet.hu\/hu\/wp-json\/wp\/v2\/tags?post=175639"}],"curies":[{"name":"wp","href":"https:\/\/api.w.org\/{rel}","templated":true}]}}