{"id":175755,"date":"2025-02-11T13:56:51","date_gmt":"2025-02-11T12:56:51","guid":{"rendered":"https:\/\/univet.hu\/hu\/oktatas\/tanulmanyi-osztaly\/allasajanlatok\/name-2\/"},"modified":"2025-03-10T15:59:00","modified_gmt":"2025-03-10T14:59:00","slug":"bekes-varmegyei-kormanyhivatal","status":"publish","type":"page","link":"https:\/\/univet.hu\/hu\/oktatas\/tanulmanyi-osztaly\/allasajanlatok\/bekes-varmegyei-kormanyhivatal\/","title":{"rendered":"B\u00e9k\u00e9s V\u00e1rmegyei Korm\u00e1nyhivatal"},"content":{"rendered":"<p>2025.03.10.<\/p> <p><a href=\"https:\/\/univet.hu\/wp-content\/uploads\/2025\/03\/Bekes-Varmegyei-Kormanyhivatal_Hatosagi-allatorvos-allashirdetes.pdf\">B\u00e9k\u00e9s V\u00e1rmegyei Korm\u00e1nyhivatal &#8211; B\u00e9k\u00e9scsaba &#8211; Hat\u00f3s\u00e1gi \u00c1llatorvos<\/a><\/p> <p><a href=\"https:\/\/univet.hu\/wp-content\/uploads\/2025\/03\/Bekes-Varmegyei-Kormanyhivatal_Hatosagi-allatorvos-allashirdetes-Gyomaendrodi-Jarasi-Hivatal.pdf\">B\u00e9k\u00e9s V\u00e1rmegyei Korm\u00e1nyhivatal &#8211; Gyomaendr\u0151d &#8211; Hat\u00f3s\u00e1gi \u00c1llatorvos<\/a><\/p> <p>&nbsp;<\/p>","protected":false},"excerpt":{"rendered":"<p>2025.03.10. B\u00e9k\u00e9s V\u00e1rmegyei Korm\u00e1nyhivatal &#8211; B\u00e9k\u00e9scsaba &#8211; Hat\u00f3s\u00e1gi \u00c1llatorvos B\u00e9k\u00e9s V\u00e1rmegyei Korm\u00e1nyhivatal &#8211; Gyomaendr\u0151d &#8211; Hat\u00f3s\u00e1gi \u00c1llatorvos &nbsp;<\/p>\n","protected":false},"author":5795,"featured_media":0,"parent":26415,"menu_order":0,"comment_status":"open","ping_status":"open","template":"","meta":{"_acf_changed":false,"footnotes":""},"categories":[],"tags":[],"class_list":["post-175755","page","type-page","status-publish","hentry"],"acf":[],"_links":{"self":[{"href":"https:\/\/univet.hu\/hu\/wp-json\/wp\/v2\/pages\/175755","targetHints":{"allow":["GET"]}}],"collection":[{"href":"https:\/\/univet.hu\/hu\/wp-json\/wp\/v2\/pages"}],"about":[{"href":"https:\/\/univet.hu\/hu\/wp-json\/wp\/v2\/types\/page"}],"author":[{"embeddable":true,"href":"https:\/\/univet.hu\/hu\/wp-json\/wp\/v2\/users\/5795"}],"replies":[{"embeddable":true,"href":"https:\/\/univet.hu\/hu\/wp-json\/wp\/v2\/comments?post=175755"}],"version-history":[{"count":4,"href":"https:\/\/univet.hu\/hu\/wp-json\/wp\/v2\/pages\/175755\/revisions"}],"predecessor-version":[{"id":176785,"href":"https:\/\/univet.hu\/hu\/wp-json\/wp\/v2\/pages\/175755\/revisions\/176785"}],"up":[{"embeddable":true,"href":"https:\/\/univet.hu\/hu\/wp-json\/wp\/v2\/pages\/26415"}],"wp:attachment":[{"href":"https:\/\/univet.hu\/hu\/wp-json\/wp\/v2\/media?parent=175755"}],"wp:term":[{"taxonomy":"category","embeddable":true,"href":"https:\/\/univet.hu\/hu\/wp-json\/wp\/v2\/categories?post=175755"},{"taxonomy":"post_tag","embeddable":true,"href":"https:\/\/univet.hu\/hu\/wp-json\/wp\/v2\/tags?post=175755"}],"curies":[{"name":"wp","href":"https:\/\/api.w.org\/{rel}","templated":true}]}}