{"id":175770,"date":"2025-02-11T14:46:14","date_gmt":"2025-02-11T13:46:14","guid":{"rendered":"https:\/\/univet.hu\/?page_id=175770"},"modified":"2026-04-17T08:36:52","modified_gmt":"2026-04-17T06:36:52","slug":"palyazatok-2","status":"publish","type":"page","link":"https:\/\/univet.hu\/hu\/oktatas\/tanulmanyi-osztaly\/palyazatok-2\/","title":{"rendered":"P\u00e1ly\u00e1zatok"},"content":{"rendered":"<p>2026.04.17<\/p> <p><strong><span style=\"font-size: 14pt\">Nemzeti Fels\u0151oktat\u00e1si \u00d6szt\u00f6nd\u00edj 2026\/2027 tan\u00e9vi p\u00e1ly\u00e1zat<\/span><\/strong><\/p> <p><a href=\"https:\/\/univet.hu\/wp-content\/uploads\/2026\/04\/Hallgatok_Felhivas_2026_2027.pdf\">P\u00e1ly\u00e1zati felh\u00edv\u00e1s<\/a><\/p> <p><a href=\"https:\/\/univet.hu\/wp-content\/uploads\/2026\/04\/palyazati-lap-nemzeti-felsooktatasi-osztondij.xlsx\">P\u00e1ly\u00e1zati lap nemzeti fels\u0151oktat\u00e1si \u00f6szt\u00f6nd\u00edj<\/a><\/p> <p><a href=\"https:\/\/univet.hu\/wp-content\/uploads\/2026\/04\/Tajekoztato-a-Nemzeti-felsooktatasi-osztondij-palyazatrol-2026.pdf\">T\u00e1j\u00e9koztat\u00f3<\/a><\/p> <p>&nbsp;<\/p> <p>2026.02.02<\/p> <p><img loading=\"lazy\" decoding=\"async\" class=\"alignnone wp-image-198488 size-large\" src=\"https:\/\/univet.hu\/wp-content\/uploads\/2026\/02\/Osztondij-felhivas_Talentis-Agro-plakat_2025-2026-tavaszi-felev-540x960.jpg\" alt=\"\" width=\"540\" height=\"960\" srcset=\"https:\/\/univet.hu\/wp-content\/uploads\/2026\/02\/Osztondij-felhivas_Talentis-Agro-plakat_2025-2026-tavaszi-felev-540x960.jpg 540w, https:\/\/univet.hu\/wp-content\/uploads\/2026\/02\/Osztondij-felhivas_Talentis-Agro-plakat_2025-2026-tavaszi-felev-180x320.jpg 180w, https:\/\/univet.hu\/wp-content\/uploads\/2026\/02\/Osztondij-felhivas_Talentis-Agro-plakat_2025-2026-tavaszi-felev-768x1365.jpg 768w, https:\/\/univet.hu\/wp-content\/uploads\/2026\/02\/Osztondij-felhivas_Talentis-Agro-plakat_2025-2026-tavaszi-felev-864x1536.jpg 864w, https:\/\/univet.hu\/wp-content\/uploads\/2026\/02\/Osztondij-felhivas_Talentis-Agro-plakat_2025-2026-tavaszi-felev.jpg 1080w\" sizes=\"auto, (max-width: 540px) 100vw, 540px\" \/><\/p> <p><img loading=\"lazy\" decoding=\"async\" class=\"alignnone wp-image-198491 size-large\" src=\"https:\/\/univet.hu\/wp-content\/uploads\/2026\/02\/Osztondij-felhivas_Talentis-Agro_2025-2026-tavaszi-felev-540x960.jpg\" alt=\"\" width=\"540\" height=\"960\" srcset=\"https:\/\/univet.hu\/wp-content\/uploads\/2026\/02\/Osztondij-felhivas_Talentis-Agro_2025-2026-tavaszi-felev-540x960.jpg 540w, https:\/\/univet.hu\/wp-content\/uploads\/2026\/02\/Osztondij-felhivas_Talentis-Agro_2025-2026-tavaszi-felev-180x320.jpg 180w, https:\/\/univet.hu\/wp-content\/uploads\/2026\/02\/Osztondij-felhivas_Talentis-Agro_2025-2026-tavaszi-felev-768x1365.jpg 768w, https:\/\/univet.hu\/wp-content\/uploads\/2026\/02\/Osztondij-felhivas_Talentis-Agro_2025-2026-tavaszi-felev-864x1536.jpg 864w, https:\/\/univet.hu\/wp-content\/uploads\/2026\/02\/Osztondij-felhivas_Talentis-Agro_2025-2026-tavaszi-felev.jpg 1080w\" sizes=\"auto, (max-width: 540px) 100vw, 540px\" \/><\/p> <p><a href=\"https:\/\/univet.hu\/wp-content\/uploads\/2026\/02\/Osztondij-felhivas-_Talentis-Agro-plakat_2025-2026-tavaszi-felev.pdf\" target=\"_blank\" rel=\"noopener\">Talentis Agro \u00d6szt\u00f6nd\u00edj plak\u00e1t 2025-26 tavaszi f\u00e9l\u00e9v<\/a><\/p> <p><a href=\"https:\/\/univet.hu\/wp-content\/uploads\/2026\/02\/Osztondij-felhivas_Talentis-Agro_2025-2026-tavaszi-felev.pdf\" target=\"_blank\" rel=\"noopener\">Talentis Agro \u00d6szt\u00f6nd\u00edj felh\u00edv\u00e1s\u00a0 2025-26 tavaszi f\u00e9l\u00e9v<\/a><\/p> <p>&nbsp;<\/p> <p>2025.12.03<\/p> <p><img loading=\"lazy\" decoding=\"async\" class=\"alignnone wp-image-196619 size-large\" src=\"https:\/\/univet.hu\/wp-content\/uploads\/2025\/12\/Szorolap-eleje-676x960.png\" alt=\"\" width=\"676\" height=\"960\" srcset=\"https:\/\/univet.hu\/wp-content\/uploads\/2025\/12\/Szorolap-eleje-676x960.png 676w, https:\/\/univet.hu\/wp-content\/uploads\/2025\/12\/Szorolap-eleje-225x320.png 225w, https:\/\/univet.hu\/wp-content\/uploads\/2025\/12\/Szorolap-eleje-768x1090.png 768w, https:\/\/univet.hu\/wp-content\/uploads\/2025\/12\/Szorolap-eleje-1082x1536.png 1082w, https:\/\/univet.hu\/wp-content\/uploads\/2025\/12\/Szorolap-eleje.png 1409w\" sizes=\"auto, (max-width: 676px) 100vw, 676px\" \/><\/p> <p><a href=\"https:\/\/univet.hu\/wp-content\/uploads\/2025\/12\/Camp-America-Programleiras-2026-Program-Overview-2025-december.pdf\">Camp America Programleiras 2026 &#8211; 2025 december<\/a><\/p> <p><a href=\"https:\/\/melodiak.emid.hu\/emid_link_szam?li=3768&amp;a=cb0810f4505b320761277b15a1d0a42e&amp;u=8150&amp;us=510&amp;c=4058341&amp;fb=19dbc2755450bfc1d2d23b2a5ca9a90c\">Zoom el\u0151ad\u00e1sok \u00e9s id\u0151pontjaik<\/a><\/p> <p><img loading=\"lazy\" decoding=\"async\" class=\"alignnone size-thumbnail wp-image-196627\" src=\"https:\/\/univet.hu\/wp-content\/uploads\/2025\/12\/Camp-America-Negyzet-New-York-320x320.jpg\" alt=\"Plak\u00e1t 1\" width=\"320\" height=\"320\" srcset=\"https:\/\/univet.hu\/wp-content\/uploads\/2025\/12\/Camp-America-Negyzet-New-York-320x320.jpg 320w, https:\/\/univet.hu\/wp-content\/uploads\/2025\/12\/Camp-America-Negyzet-New-York-960x960.jpg 960w, https:\/\/univet.hu\/wp-content\/uploads\/2025\/12\/Camp-America-Negyzet-New-York-768x768.jpg 768w, https:\/\/univet.hu\/wp-content\/uploads\/2025\/12\/Camp-America-Negyzet-New-York-640x640.jpg 640w, https:\/\/univet.hu\/wp-content\/uploads\/2025\/12\/Camp-America-Negyzet-New-York.jpg 1080w\" sizes=\"auto, (max-width: 320px) 100vw, 320px\" \/> <img loading=\"lazy\" decoding=\"async\" class=\"alignnone size-thumbnail wp-image-196630\" src=\"https:\/\/univet.hu\/wp-content\/uploads\/2025\/12\/Camp-America-Negyzet-Camp-320x320.jpg\" alt=\"\" width=\"320\" height=\"320\" srcset=\"https:\/\/univet.hu\/wp-content\/uploads\/2025\/12\/Camp-America-Negyzet-Camp-320x320.jpg 320w, https:\/\/univet.hu\/wp-content\/uploads\/2025\/12\/Camp-America-Negyzet-Camp-960x960.jpg 960w, https:\/\/univet.hu\/wp-content\/uploads\/2025\/12\/Camp-America-Negyzet-Camp-768x768.jpg 768w, https:\/\/univet.hu\/wp-content\/uploads\/2025\/12\/Camp-America-Negyzet-Camp-640x640.jpg 640w, https:\/\/univet.hu\/wp-content\/uploads\/2025\/12\/Camp-America-Negyzet-Camp.jpg 1080w\" sizes=\"auto, (max-width: 320px) 100vw, 320px\" \/><\/p> <p><img loading=\"lazy\" decoding=\"async\" class=\"alignnone size-thumbnail wp-image-196633\" src=\"https:\/\/univet.hu\/wp-content\/uploads\/2025\/12\/Camp-America-Allo-New-York-320x320.png\" alt=\"\" width=\"320\" height=\"320\" srcset=\"https:\/\/univet.hu\/wp-content\/uploads\/2025\/12\/Camp-America-Allo-New-York-320x320.png 320w, https:\/\/univet.hu\/wp-content\/uploads\/2025\/12\/Camp-America-Allo-New-York-640x640.png 640w\" sizes=\"auto, (max-width: 320px) 100vw, 320px\" \/> <img loading=\"lazy\" decoding=\"async\" class=\"alignnone size-thumbnail wp-image-196636\" src=\"https:\/\/univet.hu\/wp-content\/uploads\/2025\/12\/Camp-America-Allo-Camp-320x320.jpg\" alt=\"\" width=\"320\" height=\"320\" srcset=\"https:\/\/univet.hu\/wp-content\/uploads\/2025\/12\/Camp-America-Allo-Camp-320x320.jpg 320w, https:\/\/univet.hu\/wp-content\/uploads\/2025\/12\/Camp-America-Allo-Camp-640x640.jpg 640w\" sizes=\"auto, (max-width: 320px) 100vw, 320px\" \/><\/p> <p>&nbsp;<\/p> <p>2025.11.19<\/p> <p><img loading=\"lazy\" decoding=\"async\" class=\"alignnone wp-image-196008\" src=\"https:\/\/univet.hu\/wp-content\/uploads\/2025\/11\/Hallgatoi-korlevel-kikuldendo-1.png\" alt=\"\" width=\"540\" height=\"766\" srcset=\"https:\/\/univet.hu\/wp-content\/uploads\/2025\/11\/Hallgatoi-korlevel-kikuldendo-1.png 601w, https:\/\/univet.hu\/wp-content\/uploads\/2025\/11\/Hallgatoi-korlevel-kikuldendo-1-225x320.png 225w\" sizes=\"auto, (max-width: 540px) 100vw, 540px\" \/><\/p> <p><a href=\"https:\/\/univet.hu\/wp-content\/uploads\/2025\/11\/Hallgatoi-korlevel-kikuldendo.pdf\" target=\"_blank\" rel=\"noopener\">P\u00e1ly\u00e1zati felh\u00edv\u00e1s<\/a><\/p> <p><a href=\"https:\/\/univet.hu\/wp-content\/uploads\/2025\/11\/Kutatasi-palyazat-urlap-HALLGATO_-2026.docx\" target=\"_blank\" rel=\"noopener\">Kutat\u00e1si p\u00e1ly\u00e1zat \u0171rlap HALLGAT\u00d3_ 2026<\/a><\/p> <p><a href=\"https:\/\/univet.hu\/wp-content\/uploads\/2025\/11\/Kutatasi-palyazat-urlap-HALLGATO_-konferencia_2026.doc\" target=\"_blank\" rel=\"noopener\">Kutat\u00e1si p\u00e1ly\u00e1zat \u0171rlap HALLGAT\u00d3_ konferencia_2026<\/a><\/p> <p>&nbsp;<\/p> <p>2025.11.03<\/p> <p><a href=\"https:\/\/univet.hu\/wp-content\/uploads\/2025\/11\/MJTO_palyazati-kiiras.pdf\">Marek J\u00f3zsef Tanulm\u00e1nyi \u00d6szt\u00f6nd\u00edj<\/a><\/p> <p>&nbsp;<\/p> <p>2025.10.08<\/p> <p><img loading=\"lazy\" decoding=\"async\" class=\"alignnone wp-image-191744 size-large\" src=\"https:\/\/univet.hu\/wp-content\/uploads\/2025\/10\/Talentis-Agro-Osztondij-plakat-2025-26-oszi-felev-540x960.png\" alt=\"\" width=\"540\" height=\"960\" srcset=\"https:\/\/univet.hu\/wp-content\/uploads\/2025\/10\/Talentis-Agro-Osztondij-plakat-2025-26-oszi-felev-540x960.png 540w, https:\/\/univet.hu\/wp-content\/uploads\/2025\/10\/Talentis-Agro-Osztondij-plakat-2025-26-oszi-felev-180x320.png 180w, https:\/\/univet.hu\/wp-content\/uploads\/2025\/10\/Talentis-Agro-Osztondij-plakat-2025-26-oszi-felev-768x1365.png 768w, https:\/\/univet.hu\/wp-content\/uploads\/2025\/10\/Talentis-Agro-Osztondij-plakat-2025-26-oszi-felev-864x1536.png 864w, https:\/\/univet.hu\/wp-content\/uploads\/2025\/10\/Talentis-Agro-Osztondij-plakat-2025-26-oszi-felev.png 1080w\" sizes=\"auto, (max-width: 540px) 100vw, 540px\" \/><\/p> <p><img loading=\"lazy\" decoding=\"async\" class=\"alignnone wp-image-191738 size-large\" src=\"https:\/\/univet.hu\/wp-content\/uploads\/2025\/10\/Talentis-Agro-Osztondij-felhivas-2025-26-oszi-felev-540x960.png\" alt=\"\" width=\"540\" height=\"960\" srcset=\"https:\/\/univet.hu\/wp-content\/uploads\/2025\/10\/Talentis-Agro-Osztondij-felhivas-2025-26-oszi-felev-540x960.png 540w, https:\/\/univet.hu\/wp-content\/uploads\/2025\/10\/Talentis-Agro-Osztondij-felhivas-2025-26-oszi-felev-180x320.png 180w, https:\/\/univet.hu\/wp-content\/uploads\/2025\/10\/Talentis-Agro-Osztondij-felhivas-2025-26-oszi-felev-768x1365.png 768w, https:\/\/univet.hu\/wp-content\/uploads\/2025\/10\/Talentis-Agro-Osztondij-felhivas-2025-26-oszi-felev-864x1536.png 864w, https:\/\/univet.hu\/wp-content\/uploads\/2025\/10\/Talentis-Agro-Osztondij-felhivas-2025-26-oszi-felev.png 1080w\" sizes=\"auto, (max-width: 540px) 100vw, 540px\" \/><\/p> <p><a href=\"https:\/\/univet.hu\/wp-content\/uploads\/2025\/10\/Talentis-Agro-Osztondij-plakat-2025-26-oszi-felev.pdf\">Talentis Agro \u00d6szt\u00f6nd\u00edj plak\u00e1t 2025-26 \u0151szi f\u00e9l\u00e9v<\/a><\/p> <p><a href=\"https:\/\/univet.hu\/wp-content\/uploads\/2025\/10\/Talentis-Agro-Osztondij-felhivas-2025-26-oszi-felev.pdf\">Talentis Agro \u00d6szt\u00f6nd\u00edj felh\u00edv\u00e1s 2025-26 \u0151szi f\u00e9l\u00e9v<\/a><\/p> <p>&nbsp;<\/p> <p>2025.08.12<\/p> <p><strong><span style=\"font-size: 14pt\">K\u00f3rh\u00e1zSuli &#8211; \u00d6nk\u00e9nteskedj n\u00e1lunk!<\/span><\/strong><\/p> <p><a href=\"https:\/\/univet.hu\/wp-content\/uploads\/2025\/08\/KS_PLAKAT_ONKENTES_A3.pdf\" target=\"_blank\" rel=\"noopener\">K\u00f3rh\u00e1zSuli<\/a><\/p> <p>&nbsp;<\/p> <p>2025.05.13<\/p> <p><strong><span style=\"font-size: 14pt\"> J\u00f3 tanul\u00f3, j\u00f3 sportol\u00f3 \u00f6szt\u00f6nd\u00edj p\u00e1ly\u00e1zati felh\u00edv\u00e1s 2025<\/span><\/strong><\/p> <p><a href=\"https:\/\/univet.hu\/wp-content\/uploads\/2025\/05\/jo-tanulo-jo-sportolo-palyazati-felhivas-2025.pdf\">J\u00f3 tanul\u00f3, j\u00f3 sportol\u00f3 p\u00e1ly\u00e1zati felh\u00edv\u00e1s 2025<\/a><\/p> <p><a href=\"https:\/\/univet.hu\/wp-content\/uploads\/2025\/05\/palyazati-adatlap-jo-tanulo-jo-sportolo-2025.doc\">P\u00e1ly\u00e1zati adatlap j\u00f3 tanul\u00f3, j\u00f3 sportol\u00f3 2025<\/a><\/p> <p>&nbsp;<\/p> <p>2025.05.13<\/p> <p><strong><span style=\"font-size: 14pt\">Nemzeti Fels\u0151oktat\u00e1si \u00d6szt\u00f6nd\u00edj 2025\/2026 tan\u00e9vi p\u00e1ly\u00e1zat<\/span><\/strong><\/p> <p><a href=\"https:\/\/univet.hu\/wp-content\/uploads\/2025\/05\/Hallgatok_Felhivas_2024_2025.pdf\">P\u00e1ly\u00e1zati felh\u00edv\u00e1s<\/a><\/p> <p><a href=\"https:\/\/univet.hu\/wp-content\/uploads\/2025\/05\/palyazati-lap-nemzeti-felsooktatasi-osztondij.xlsx\">P\u00e1ly\u00e1zati lap nemzeti fels\u0151oktat\u00e1si \u00f6szt\u00f6nd\u00edj<\/a><\/p> <p><a href=\"https:\/\/univet.hu\/wp-content\/uploads\/2025\/05\/Tajekoztato.pdf\">T\u00e1j\u00e9koztat\u00f3<\/a><\/p>","protected":false},"excerpt":{"rendered":"<p>2026.04.17 Nemzeti Fels\u0151oktat\u00e1si \u00d6szt\u00f6nd\u00edj 2026\/2027 tan\u00e9vi p\u00e1ly\u00e1zat P\u00e1ly\u00e1zati felh\u00edv\u00e1s P\u00e1ly\u00e1zati lap nemzeti fels\u0151oktat\u00e1si \u00f6szt\u00f6nd\u00edj T\u00e1j\u00e9koztat\u00f3 &nbsp; 2026.02.02 Talentis Agro \u00d6szt\u00f6nd\u00edj plak\u00e1t 2025-26 tavaszi f\u00e9l\u00e9v Talentis Agro \u00d6szt\u00f6nd\u00edj felh\u00edv\u00e1s\u00a0 2025-26 tavaszi f\u00e9l\u00e9v &nbsp; 2025.12.03 Camp America Programleiras 2026 &#8211; 2025 december Zoom el\u0151ad\u00e1sok \u00e9s id\u0151pontjaik &nbsp; 2025.11.19 P\u00e1ly\u00e1zati felh\u00edv\u00e1s Kutat\u00e1si p\u00e1ly\u00e1zat \u0171rlap HALLGAT\u00d3_ 2026 Kutat\u00e1si p\u00e1ly\u00e1zat<\/p>\n","protected":false},"author":5795,"featured_media":0,"parent":615,"menu_order":229,"comment_status":"closed","ping_status":"closed","template":"","meta":{"_acf_changed":false,"footnotes":""},"categories":[],"tags":[],"class_list":["post-175770","page","type-page","status-publish","hentry"],"acf":[],"_links":{"self":[{"href":"https:\/\/univet.hu\/hu\/wp-json\/wp\/v2\/pages\/175770","targetHints":{"allow":["GET"]}}],"collection":[{"href":"https:\/\/univet.hu\/hu\/wp-json\/wp\/v2\/pages"}],"about":[{"href":"https:\/\/univet.hu\/hu\/wp-json\/wp\/v2\/types\/page"}],"author":[{"embeddable":true,"href":"https:\/\/univet.hu\/hu\/wp-json\/wp\/v2\/users\/5795"}],"replies":[{"embeddable":true,"href":"https:\/\/univet.hu\/hu\/wp-json\/wp\/v2\/comments?post=175770"}],"version-history":[{"count":5,"href":"https:\/\/univet.hu\/hu\/wp-json\/wp\/v2\/pages\/175770\/revisions"}],"predecessor-version":[{"id":205441,"href":"https:\/\/univet.hu\/hu\/wp-json\/wp\/v2\/pages\/175770\/revisions\/205441"}],"up":[{"embeddable":true,"href":"https:\/\/univet.hu\/hu\/wp-json\/wp\/v2\/pages\/615"}],"wp:attachment":[{"href":"https:\/\/univet.hu\/hu\/wp-json\/wp\/v2\/media?parent=175770"}],"wp:term":[{"taxonomy":"category","embeddable":true,"href":"https:\/\/univet.hu\/hu\/wp-json\/wp\/v2\/categories?post=175770"},{"taxonomy":"post_tag","embeddable":true,"href":"https:\/\/univet.hu\/hu\/wp-json\/wp\/v2\/tags?post=175770"}],"curies":[{"name":"wp","href":"https:\/\/api.w.org\/{rel}","templated":true}]}}