{"id":175835,"date":"2025-02-13T12:06:53","date_gmt":"2025-02-13T11:06:53","guid":{"rendered":"https:\/\/univet.hu\/?page_id=175835"},"modified":"2025-02-13T12:06:53","modified_gmt":"2025-02-13T11:06:53","slug":"univet-ujsag-beillesztes","status":"publish","type":"page","link":"https:\/\/univet.hu\/hu\/univet-ujsag-beillesztes\/","title":{"rendered":"Univet \u00fajs\u00e1g beilleszt\u00e9s"},"content":{"rendered":"<p><iframe allow=\"clipboard-write\" sandbox=\"allow-top-navigation allow-top-navigation-by-user-activation allow-downloads allow-scripts allow-same-origin allow-popups allow-modals allow-popups-to-escape-sandbox allow-forms\" allowfullscreen=\"true\" style=\"border:none;width:500px;height:326px;\" src=\"https:\/\/e.issuu.com\/embed.html?d=univet_32&#038;u=univet0\"><\/iframe><\/p>","protected":false},"excerpt":{"rendered":"","protected":false},"author":4844,"featured_media":0,"parent":0,"menu_order":0,"comment_status":"closed","ping_status":"closed","template":"","meta":{"_acf_changed":false,"footnotes":""},"categories":[],"tags":[],"class_list":["post-175835","page","type-page","status-publish","hentry"],"acf":[],"_links":{"self":[{"href":"https:\/\/univet.hu\/hu\/wp-json\/wp\/v2\/pages\/175835","targetHints":{"allow":["GET"]}}],"collection":[{"href":"https:\/\/univet.hu\/hu\/wp-json\/wp\/v2\/pages"}],"about":[{"href":"https:\/\/univet.hu\/hu\/wp-json\/wp\/v2\/types\/page"}],"author":[{"embeddable":true,"href":"https:\/\/univet.hu\/hu\/wp-json\/wp\/v2\/users\/4844"}],"replies":[{"embeddable":true,"href":"https:\/\/univet.hu\/hu\/wp-json\/wp\/v2\/comments?post=175835"}],"version-history":[{"count":1,"href":"https:\/\/univet.hu\/hu\/wp-json\/wp\/v2\/pages\/175835\/revisions"}],"predecessor-version":[{"id":175836,"href":"https:\/\/univet.hu\/hu\/wp-json\/wp\/v2\/pages\/175835\/revisions\/175836"}],"wp:attachment":[{"href":"https:\/\/univet.hu\/hu\/wp-json\/wp\/v2\/media?parent=175835"}],"wp:term":[{"taxonomy":"category","embeddable":true,"href":"https:\/\/univet.hu\/hu\/wp-json\/wp\/v2\/categories?post=175835"},{"taxonomy":"post_tag","embeddable":true,"href":"https:\/\/univet.hu\/hu\/wp-json\/wp\/v2\/tags?post=175835"}],"curies":[{"name":"wp","href":"https:\/\/api.w.org\/{rel}","templated":true}]}}