{"id":175920,"date":"2025-02-14T13:26:32","date_gmt":"2025-02-14T12:26:32","guid":{"rendered":"https:\/\/univet.hu\/hu\/oktatas\/tanulmanyi-osztaly\/allasajanlatok\/name-2\/"},"modified":"2025-08-08T19:16:56","modified_gmt":"2025-08-08T17:16:56","slug":"nemzeti-elelmiszerlanc-biztonsagi-hivatal","status":"publish","type":"page","link":"https:\/\/univet.hu\/hu\/oktatas\/tanulmanyi-osztaly\/allasajanlatok\/nemzeti-elelmiszerlanc-biztonsagi-hivatal\/","title":{"rendered":"Nemzeti \u00c9lelmiszerl\u00e1nc-biztons\u00e1gi Hivatal"},"content":{"rendered":"<p>2025.08.08<\/p> <p><strong><span style=\"font-size: 18pt\">Nemzeti \u00c9lelmiszerl\u00e1nc-biztons\u00e1gi Hivatal:<\/span><\/strong><\/p> <p><a href=\"https:\/\/nebih.karrierportal.hu\/allas\/elelmiszerlanc-felugyeleti-ellenor-allatorvos-1027#\/\">\u00c9lelmiszerl\u00e1nc-fel\u00fcgyeleti ellen\u0151r (\u00e1llatorvos)<\/a><\/p> <p><a href=\"https:\/\/nebih.karrierportal.hu\/allas\/jarvanyugyi-referens-1033#\/\">J\u00e1rv\u00e1ny\u00fcgyi referens<\/a><\/p>","protected":false},"excerpt":{"rendered":"<p>2025.08.08 Nemzeti \u00c9lelmiszerl\u00e1nc-biztons\u00e1gi Hivatal: \u00c9lelmiszerl\u00e1nc-fel\u00fcgyeleti ellen\u0151r (\u00e1llatorvos) J\u00e1rv\u00e1ny\u00fcgyi referens<\/p>\n","protected":false},"author":5795,"featured_media":0,"parent":26415,"menu_order":0,"comment_status":"open","ping_status":"open","template":"","meta":{"_acf_changed":false,"footnotes":""},"categories":[],"tags":[],"class_list":["post-175920","page","type-page","status-publish","hentry"],"acf":[],"_links":{"self":[{"href":"https:\/\/univet.hu\/hu\/wp-json\/wp\/v2\/pages\/175920","targetHints":{"allow":["GET"]}}],"collection":[{"href":"https:\/\/univet.hu\/hu\/wp-json\/wp\/v2\/pages"}],"about":[{"href":"https:\/\/univet.hu\/hu\/wp-json\/wp\/v2\/types\/page"}],"author":[{"embeddable":true,"href":"https:\/\/univet.hu\/hu\/wp-json\/wp\/v2\/users\/5795"}],"replies":[{"embeddable":true,"href":"https:\/\/univet.hu\/hu\/wp-json\/wp\/v2\/comments?post=175920"}],"version-history":[{"count":4,"href":"https:\/\/univet.hu\/hu\/wp-json\/wp\/v2\/pages\/175920\/revisions"}],"predecessor-version":[{"id":188620,"href":"https:\/\/univet.hu\/hu\/wp-json\/wp\/v2\/pages\/175920\/revisions\/188620"}],"up":[{"embeddable":true,"href":"https:\/\/univet.hu\/hu\/wp-json\/wp\/v2\/pages\/26415"}],"wp:attachment":[{"href":"https:\/\/univet.hu\/hu\/wp-json\/wp\/v2\/media?parent=175920"}],"wp:term":[{"taxonomy":"category","embeddable":true,"href":"https:\/\/univet.hu\/hu\/wp-json\/wp\/v2\/categories?post=175920"},{"taxonomy":"post_tag","embeddable":true,"href":"https:\/\/univet.hu\/hu\/wp-json\/wp\/v2\/tags?post=175920"}],"curies":[{"name":"wp","href":"https:\/\/api.w.org\/{rel}","templated":true}]}}