{"id":175928,"date":"2025-02-17T09:10:39","date_gmt":"2025-02-17T08:10:39","guid":{"rendered":"https:\/\/univet.hu\/hu\/oktatas\/tanulmanyi-osztaly\/allasajanlatok\/name-2\/"},"modified":"2025-02-17T09:10:39","modified_gmt":"2025-02-17T08:10:39","slug":"tilinger-varosi-allatorvosi-centrum","status":"publish","type":"page","link":"https:\/\/univet.hu\/hu\/oktatas\/tanulmanyi-osztaly\/allasajanlatok\/tilinger-varosi-allatorvosi-centrum\/","title":{"rendered":"Tilinger V\u00e1rosi \u00c1llatorvosi Centrum"},"content":{"rendered":"<p>2025.02.17<\/p> <div> <p class=\"x_MsoNormal\" data-olk-copy-source=\"MessageBody\">\u00c1llatorvos koll\u00e9g\u00e1t keres\u00fcnk 2024. j\u00falius h\u00f3napban \u00fajonnan\u00a0ny\u00edlt rendel\u0151nkbe.<\/p> <p class=\"x_MsoNormal\" data-olk-copy-source=\"MessageBody\">A rendel\u0151 Hatvanban a 3-mas F\u0151\u00fat ment\u00e9n tal\u00e1lhat\u00f3, m\u0171t\u0151vel, vadonat \u00faj ultrahang k\u00e9sz\u00fcl\u00e9kkel (Mindray vetus 5 expert), szint\u00e9n \u00faj digit\u00e1lis Mindray flat panel r\u00f6ntgen rendszerrel felszerelt.<\/p> <\/div> <div> <p class=\"x_MsoNormal\">Jelentkezni f\u00e9nyk\u00e9pes \u00f6n\u00e9letrajzzal a\u00a0<a class=\"decrypt\" rel=\"ujmjohfswbdAhnbjm\/dpn\" href=\"javascript:void(0);\">[Kattintson az emailc\u00edmhez]<\/a>\u00a0email c\u00edmen lehet, illetve telefonos egyeztet\u00e9s (06304146890) \u00e9s szem\u00e9lyes tal\u00e1lkoz\u00f3 \u00fatj\u00e1n.<\/p> <\/div>","protected":false},"excerpt":{"rendered":"<p>2025.02.17 \u00c1llatorvos koll\u00e9g\u00e1t keres\u00fcnk 2024. j\u00falius h\u00f3napban \u00fajonnan\u00a0ny\u00edlt rendel\u0151nkbe. A rendel\u0151 Hatvanban a 3-mas F\u0151\u00fat ment\u00e9n tal\u00e1lhat\u00f3, m\u0171t\u0151vel, vadonat \u00faj ultrahang k\u00e9sz\u00fcl\u00e9kkel (Mindray vetus 5 expert), szint\u00e9n \u00faj digit\u00e1lis Mindray flat panel r\u00f6ntgen rendszerrel felszerelt. Jelentkezni f\u00e9nyk\u00e9pes \u00f6n\u00e9letrajzzal a\u00a0[Kattintson az emailc\u00edmhez]\u00a0email c\u00edmen lehet, illetve telefonos egyeztet\u00e9s (06304146890) \u00e9s szem\u00e9lyes tal\u00e1lkoz\u00f3 \u00fatj\u00e1n.<\/p>\n","protected":false},"author":5795,"featured_media":0,"parent":26415,"menu_order":0,"comment_status":"open","ping_status":"open","template":"","meta":{"_acf_changed":false,"footnotes":""},"categories":[],"tags":[],"class_list":["post-175928","page","type-page","status-publish","hentry"],"acf":[],"_links":{"self":[{"href":"https:\/\/univet.hu\/hu\/wp-json\/wp\/v2\/pages\/175928","targetHints":{"allow":["GET"]}}],"collection":[{"href":"https:\/\/univet.hu\/hu\/wp-json\/wp\/v2\/pages"}],"about":[{"href":"https:\/\/univet.hu\/hu\/wp-json\/wp\/v2\/types\/page"}],"author":[{"embeddable":true,"href":"https:\/\/univet.hu\/hu\/wp-json\/wp\/v2\/users\/5795"}],"replies":[{"embeddable":true,"href":"https:\/\/univet.hu\/hu\/wp-json\/wp\/v2\/comments?post=175928"}],"version-history":[{"count":1,"href":"https:\/\/univet.hu\/hu\/wp-json\/wp\/v2\/pages\/175928\/revisions"}],"predecessor-version":[{"id":175929,"href":"https:\/\/univet.hu\/hu\/wp-json\/wp\/v2\/pages\/175928\/revisions\/175929"}],"up":[{"embeddable":true,"href":"https:\/\/univet.hu\/hu\/wp-json\/wp\/v2\/pages\/26415"}],"wp:attachment":[{"href":"https:\/\/univet.hu\/hu\/wp-json\/wp\/v2\/media?parent=175928"}],"wp:term":[{"taxonomy":"category","embeddable":true,"href":"https:\/\/univet.hu\/hu\/wp-json\/wp\/v2\/categories?post=175928"},{"taxonomy":"post_tag","embeddable":true,"href":"https:\/\/univet.hu\/hu\/wp-json\/wp\/v2\/tags?post=175928"}],"curies":[{"name":"wp","href":"https:\/\/api.w.org\/{rel}","templated":true}]}}