{"id":176374,"date":"2025-02-21T14:23:25","date_gmt":"2025-02-21T13:23:25","guid":{"rendered":"https:\/\/univet.hu\/hu\/egyetem\/palyazati-projektek\/eu-projektek\/bemutato-uzem\/"},"modified":"2026-02-17T08:48:54","modified_gmt":"2026-02-17T07:48:54","slug":"szarvasmarha-es-juh-bemutato-uzemi-programok-megvalositasa-az-allatorvostudomanyi-egyetem-ulloi-tangazdasagaban","status":"publish","type":"page","link":"https:\/\/univet.hu\/hu\/egyetem\/palyazati-projektek\/eu-projektek\/szarvasmarha-es-juh-bemutato-uzemi-programok-megvalositasa-az-allatorvostudomanyi-egyetem-ulloi-tangazdasagaban\/","title":{"rendered":"Szarvasmarha \u00e9s juh bemutat\u00f3 \u00fczemi programok megval\u00f3s\u00edt\u00e1sa az \u00e1llatorvostudom\u00e1nyi egyetem \u00fcll\u0151i tangazdas\u00e1g\u00e1ban"},"content":{"rendered":"<p><img loading=\"lazy\" decoding=\"async\" class=\"alignnone wp-image-176381\" src=\"https:\/\/univet.hu\/wp-content\/uploads\/2025\/02\/infoblokk_EMVA_3c-320x133.jpg\" alt=\"\" width=\"429\" height=\"178\" srcset=\"https:\/\/univet.hu\/wp-content\/uploads\/2025\/02\/infoblokk_EMVA_3c-320x133.jpg 320w, https:\/\/univet.hu\/wp-content\/uploads\/2025\/02\/infoblokk_EMVA_3c-960x400.jpg 960w, https:\/\/univet.hu\/wp-content\/uploads\/2025\/02\/infoblokk_EMVA_3c-768x320.jpg 768w, https:\/\/univet.hu\/wp-content\/uploads\/2025\/02\/infoblokk_EMVA_3c.jpg 1417w\" sizes=\"auto, (max-width: 429px) 100vw, 429px\" \/><\/p> <p><strong><em>A p\u00e1ly\u00e1zat r\u00e9szletei:<\/em><\/strong><\/p> <p><strong>Projekt azonos\u00edt\u00f3 sz\u00e1ma:<\/strong>\u00a03485250722<\/p> <p><strong>Projekt c\u00edme<\/strong>: Szarvasmarha \u00e9s juh bemutat\u00f3 \u00fczemi programok megval\u00f3s\u00edt\u00e1sa az \u00e1llatorvostudom\u00e1nyi egyetem \u00fcll\u0151i tangazdas\u00e1g\u00e1ban<\/p> <p><strong>Kedvezm\u00e9nyezett: \u00c1llatorvostudom\u00e1nyi Egyetem <\/strong><\/p> <p><strong>Elnyert t\u00e1mogat\u00e1si \u00f6sszeg<\/strong>: 999.767.990 Ft<\/p> <p><strong>T\u00e1mogat\u00e1s intenzit\u00e1sa<\/strong>: 100%<\/p> <p><strong>A projekt megval\u00f3s\u00edt\u00e1s\u00e1nak kezdete:\u00a0<\/strong>2024.02.01<\/p> <p><strong>A projekt fizikai befejez\u00e9s\u00e9nek hat\u00e1rideje:\u00a0<\/strong>2025.08.01<\/p> <p><strong>A projekt r\u00f6vid, sz\u00f6veges ismertet\u00e9se:<\/strong><\/p> <p>A bemutat\u00f3\u00fczemi programok c\u00e9lja a magyar juhteny\u00e9szt\u0151k t\u00e1j\u00e9koztat\u00e1sa a szakirodalomban \u00e9s a glob\u00e1lis \u00e1gazati gyakorlatban legut\u00f3bbi id\u0151kben felt\u0171nt vagy sz\u00e9les k\u00f6rben elterjedt m\u00f3dszerek, assziszt\u00e1lt reprodukci\u00f3s, parazita-ellenes programok eredm\u00e9nyeir\u0151l, amelyek alapj\u00e1n tov\u00e1bbi fejleszt\u00e9si \u00f6tletek sz\u00fclethetnek, elk\u00e9pzel\u00e9seket lehet kialak\u00edtani.<\/p> <p>Alkalmank\u00e9nt 4 \u00f3ra id\u0151tartam\u00fa bemutat\u00f3kat tervez\u00fcnk.<\/p> <p>A bemutat\u00f3n egy alkalommal 10-12 f\u0151 vehet r\u00e9szt. C\u00e9lunk egyr\u00e9szt, hogy az Egyetem szakemberei a rendelkez\u00e9s\u00fckre \u00e1ll\u00f3 korszer\u0171 ismereteket \u00e1tadj\u00e1k az innov\u00e1ci\u00f3ra nyitott gazd\u00e1k, \u00e1llatteny\u00e9szt\u0151k, agr\u00e1r szakemberek sz\u00e1m\u00e1ra, ezen fel\u00fcl a tervezett programok alkalmasak lenn\u00e9nek a modern gondolkod\u00e1s\u00fa szakemberek \u00f6sszefog\u00e1s\u00e1ra, inform\u00e1ci\u00f3csere, k\u00e9s\u0151bbi folyamatos interakt\u00edv kapcsolattart\u00e1s lehet\u0151s\u00e9g\u00e9nek biztos\u00edt\u00e1s\u00e1ra is, amely az Egyetem kutat\u00f3i, oktat\u00f3i r\u00e9sz\u00e9re is kiemelt fontoss\u00e1ggal b\u00edr.<\/p> <p>&nbsp;<\/p> <p><strong>Tematika<\/strong><\/p> <p>A bemutat\u00f3 programokat az al\u00e1bbi tervek szerint tartjuk:<\/p> <ul> <li>Az \u00c1llatorvos-tudom\u00e1nyi Egyetem Haszon\u00e1llatklinik\u00e1j\u00e1nak \u00e9s Tangazdas\u00e1g\u00e1nak bemutat\u00e1sa <ul> <li>Oktat\u00e1si, kutat\u00e1si tev\u00e9kenys\u00e9g<\/li> <li>Tulajdonosok sz\u00e1m\u00e1ra ny\u00fajtott szolg\u00e1ltat\u00e1sok<\/li> <li>A rendelkez\u00e9sre \u00e1ll\u00f3 egy\u00fcttm\u0171k\u00f6d\u00e9si lehet\u0151s\u00e9gek<\/li> <\/ul> <\/li> <li>Szakmai bemutat\u00f3: 3 f\u0151 t\u00e9macsoportban, amelyek aktu\u00e1lis s\u00falypontj\u00e1t mindig a l\u00e1togat\u00f3 csoport szakmai h\u00e1ttere \u00e9s ig\u00e9nye alapj\u00e1n hat\u00e1rozzuk meg. <ul> <li>Szaporod\u00e1sbiol\u00f3giai \u00e9s takarm\u00e1nyoz\u00e1si technol\u00f3gia moderniz\u00e1ci\u00f3ja: lehet\u0151s\u00e9gek, korl\u00e1tok<\/li> <li>Egy kev\u00e9sb\u00e9 elterjedt juhfajta importj\u00e1val kapcsolatos tapasztalatok bemutat\u00e1sa<\/li> <li>A bels\u0151 \u00e9l\u0151sk\u00f6d\u0151 k\u00f3rokoz\u00f3k k\u00e1rt\u00e9tele, kurrens probl\u00e9m\u00e1k, potenci\u00e1lis megold\u00e1sok<\/li> <\/ul> <\/li> <\/ul> <p>&nbsp;<\/p> <p><strong>Szaporod\u00e1sbiol\u00f3giai \u00e9s takarm\u00e1nyoz\u00e1si technol\u00f3gia moderniz\u00e1ci\u00f3ja<\/strong><strong>\u00a0<\/strong><\/p> <ol> <li style=\"list-style-type: none\"> <ol style=\"list-style-type: lower-alpha\"> <li>A gazd\u00e1k \u00e1ltal alkalmazhat\u00f3 m\u00f3dszerek (ivarz\u00f3keres\u00e9s, ivarz\u00e1sszinkroniz\u00e1ci\u00f3, ivarz\u00e1sindukci\u00f3) l\u00e9p\u00e9sei, el\u0151nyei, korl\u00e1tai<\/li> <li>Az alkalmazott assziszt\u00e1lt reprodukci\u00f3s technik\u00e1k (ART) sz\u00fcks\u00e9ges sz\u00fcks\u00e9ges eszk\u00f6z\u00f6k funkcion\u00e1lis bemutat\u00e1sa<\/li> <li>A kosokt\u00f3l t\u00f6rt\u00e9n\u0151 spermav\u00e9tel technik\u00e1ja, illetve a laparoszk\u00f3pos mesters\u00e9ges term\u00e9keny\u00edt\u00e9s bemutat\u00e1sa<\/li> <\/ol> <\/li> <\/ol> <p><strong>\u00a0<\/strong><\/p> <p><strong>Egy kev\u00e9sb\u00e9 elterjedt juhfajta importj\u00e1val kapcsolatos tapasztalatok bemutat\u00e1sa<\/strong><strong>\u00a0<\/strong><\/p> <ol> <li style=\"list-style-type: none\"> <ol style=\"list-style-type: lower-alpha\"> <li>A feh\u00e9r suffolk fajta honos\u00edt\u00e1s\u00e1n kereszt\u00fcl az \u00faj fajt\u00e1k importj\u00e1nak jelent\u0151s\u00e9ge, l\u00e9p\u00e9sei, kih\u00edv\u00e1sai ker\u00fclnek ismertet\u00e9sre. A bemutat\u00f3t a fajtaimportot kezdem\u00e9nyez\u0151 \u00e1llatteny\u00e9szt\u0151 (Lajk\u00f3 Levente), illetve az azt gyakorlatban elv\u00e9gz\u0151 \u00e1llatorvos (Dr Vass N\u00f3ra) vezet\u00e9s\u00e9vel tartjuk.<\/li> <li>Fajtabemutat\u00f3<\/li> <\/ol> <\/li> <\/ol> <p><strong>\u00a0<\/strong><\/p> <p><strong>A bels\u0151 \u00e9l\u0151sk\u00f6d\u0151 k\u00f3rokoz\u00f3k k\u00e1rt\u00e9tele, kurrens probl\u00e9m\u00e1k, potenci\u00e1lis megold\u00e1sok<\/strong><\/p> <ol> <li style=\"list-style-type: none\"> <ol style=\"list-style-type: lower-alpha\"> <li>Az endoparazit\u00f3zisok \u00e1ltal okozott probl\u00e9m\u00e1k jelent\u0151s\u00e9ge a juh\u00e1gazatban: legjelent\u0151sebb fajok, endoparazit\u00f3zisok k\u00f3rlefoly\u00e1sa, klinikai t\u00fcnetei, a rendelkez\u00e9sre \u00e1ll\u00f3 diagnosztikai m\u00f3dszerek<\/li> <li>Kezel\u00e9si lehet\u0151s\u00e9gek (antiparazitikumok, technol\u00f3giai elemek)<\/li> <li>Gyakorlati demonstr\u00e1ci\u00f3 <ul style=\"list-style-type: circle\"> <li>A helyes b\u00e9ls\u00e1r mintav\u00e9tel l\u00e9p\u00e9sei<\/li> <li>A mintasz\u00e1ll\u00edt\u00e1s k\u00f6vetelm\u00e9nyei (sz\u00e1ll\u00edt\u00f3ed\u00e9nyzet, k\u00eds\u00e9r\u0151irat, adekv\u00e1t laborvizsg\u00e1latok v\u00e1laszt\u00e1sa)<\/li> <li>B\u00e9ls\u00e1rmint\u00e1k feldolgoz\u00e1sa felsz\u00ednd\u00fas\u00edt\u00e1sos vizsg\u00e1lathoz<\/li> <li>Felsz\u00ednd\u00fas\u00edt\u00e1st k\u00f6vet\u0151 mikroszk\u00f3pos vizsg\u00e1lat<\/li> <\/ul> <\/li> <\/ol> <\/li> <\/ol> <p>&nbsp;<\/p> <p>Bemutat\u00f3 programok id\u0151pontjai:<\/p> <ul> <li><strong>2025. m\u00e1rcius 27.<\/strong> \u2013 09:00-13:00, helysz\u00edn: \u00c1llatorvostudom\u00e1nyi Egyetem \u00dcll\u0151i Tangazdas\u00e1g (2225 \u00dcll\u0151 D\u00f3ra major)<\/li> <li><strong>2025. \u00e1prilis 3.<\/strong> \u2013 09:00-13:00, helysz\u00edn: \u00c1llatorvostudom\u00e1nyi Egyetem \u00dcll\u0151i Tangazdas\u00e1g (2225 \u00dcll\u0151 D\u00f3ra major)<\/li> <li><strong> 2025. \u00e1prilis 10.<\/strong> \u2013 09:00-13:00, helysz\u00edn: \u00c1llatorvostudom\u00e1nyi Egyetem \u00dcll\u0151i Tangazdas\u00e1g (2225 \u00dcll\u0151 D\u00f3ra major)<\/li> <li><strong> 2025. \u00e1prilis 24.<\/strong> \u2013 09:00-13:00, helysz\u00edn: \u00c1llatorvostudom\u00e1nyi Egyetem \u00dcll\u0151i Tangazdas\u00e1g (2225 \u00dcll\u0151 D\u00f3ra major)<\/li> <li><strong>2025. m\u00e1jus 08.<\/strong> \u2013 09:00-13:00, helysz\u00edn: \u00c1llatorvostudom\u00e1nyi Egyetem \u00dcll\u0151i Tangazdas\u00e1g (2225 \u00dcll\u0151 D\u00f3ra major)<\/li> <li><strong>2025. m\u00e1jus 15.<\/strong> \u2013 09:00-13:00, helysz\u00edn: \u00c1llatorvostudom\u00e1nyi Egyetem \u00dcll\u0151i Tangazdas\u00e1g (2225 \u00dcll\u0151 D\u00f3ra major)<\/li> <li><strong>2025. m\u00e1jus 22.<\/strong> \u2013 09:00-13:00, helysz\u00edn: \u00c1llatorvostudom\u00e1nyi Egyetem \u00dcll\u0151i Tangazdas\u00e1g (2225 \u00dcll\u0151 D\u00f3ra major)<\/li> <li><strong>2025. m\u00e1jus 29.<\/strong> \u2013 09:00-13:00, helysz\u00edn: \u00c1llatorvostudom\u00e1nyi Egyetem \u00dcll\u0151i Tangazdas\u00e1g (2225 \u00dcll\u0151 D\u00f3ra major)<\/li> <li><strong>2025. j\u00fanius 05.<\/strong> \u2013 09:00-13:00, helysz\u00edn: \u00c1llatorvostudom\u00e1nyi Egyetem \u00dcll\u0151i Tangazdas\u00e1g (2225 \u00dcll\u0151 D\u00f3ra major)<\/li> <li><strong>2025. j\u00fanius 05.<\/strong> \u2013 13:00-17:00, helysz\u00edn: \u00c1llatorvostudom\u00e1nyi Egyetem \u00dcll\u0151i Tangazdas\u00e1g (2225 \u00dcll\u0151 D\u00f3ra major)<\/li> <li><strong>2025. j\u00fanius 12.<\/strong> \u2013 09:00-13:00, helysz\u00edn: \u00c1llatorvostudom\u00e1nyi Egyetem \u00dcll\u0151i Tangazdas\u00e1g (2225 \u00dcll\u0151 D\u00f3ra major)<\/li> <li><strong>2025. j\u00fanius 19.<\/strong> \u2013 09:00-13:00, helysz\u00edn: \u00c1llatorvostudom\u00e1nyi Egyetem \u00dcll\u0151i Tangazdas\u00e1g (2225 \u00dcll\u0151 D\u00f3ra major)<\/li> <\/ul> <p>&nbsp;<\/p> <p><a href=\"https:\/\/docs.google.com\/forms\/d\/e\/1FAIpQLSdvMv9ihpWceP0ZdQUTx_VLod0Sz0GZOxiETRfCFu4BT6zTgA\/viewform\">REGISZTR\u00c1CI\u00d3<\/a><\/p> <p>&nbsp;<\/p>","protected":false},"excerpt":{"rendered":"<p>A p\u00e1ly\u00e1zat r\u00e9szletei: Projekt azonos\u00edt\u00f3 sz\u00e1ma:\u00a03485250722 Projekt c\u00edme: Szarvasmarha \u00e9s juh bemutat\u00f3 \u00fczemi programok megval\u00f3s\u00edt\u00e1sa az \u00e1llatorvostudom\u00e1nyi egyetem \u00fcll\u0151i tangazdas\u00e1g\u00e1ban Kedvezm\u00e9nyezett: \u00c1llatorvostudom\u00e1nyi Egyetem Elnyert t\u00e1mogat\u00e1si \u00f6sszeg: 999.767.990 Ft T\u00e1mogat\u00e1s intenzit\u00e1sa: 100% A projekt megval\u00f3s\u00edt\u00e1s\u00e1nak kezdete:\u00a02024.02.01 A projekt fizikai befejez\u00e9s\u00e9nek hat\u00e1rideje:\u00a02025.08.01 A projekt r\u00f6vid, sz\u00f6veges ismertet\u00e9se: A bemutat\u00f3\u00fczemi programok c\u00e9lja a magyar juhteny\u00e9szt\u0151k t\u00e1j\u00e9koztat\u00e1sa a szakirodalomban<\/p>\n","protected":false},"author":4313,"featured_media":0,"parent":45566,"menu_order":0,"comment_status":"open","ping_status":"open","template":"","meta":{"_acf_changed":false,"footnotes":""},"categories":[],"tags":[],"class_list":["post-176374","page","type-page","status-publish","hentry"],"acf":[],"_links":{"self":[{"href":"https:\/\/univet.hu\/hu\/wp-json\/wp\/v2\/pages\/176374","targetHints":{"allow":["GET"]}}],"collection":[{"href":"https:\/\/univet.hu\/hu\/wp-json\/wp\/v2\/pages"}],"about":[{"href":"https:\/\/univet.hu\/hu\/wp-json\/wp\/v2\/types\/page"}],"author":[{"embeddable":true,"href":"https:\/\/univet.hu\/hu\/wp-json\/wp\/v2\/users\/4313"}],"replies":[{"embeddable":true,"href":"https:\/\/univet.hu\/hu\/wp-json\/wp\/v2\/comments?post=176374"}],"version-history":[{"count":17,"href":"https:\/\/univet.hu\/hu\/wp-json\/wp\/v2\/pages\/176374\/revisions"}],"predecessor-version":[{"id":201107,"href":"https:\/\/univet.hu\/hu\/wp-json\/wp\/v2\/pages\/176374\/revisions\/201107"}],"up":[{"embeddable":true,"href":"https:\/\/univet.hu\/hu\/wp-json\/wp\/v2\/pages\/45566"}],"wp:attachment":[{"href":"https:\/\/univet.hu\/hu\/wp-json\/wp\/v2\/media?parent=176374"}],"wp:term":[{"taxonomy":"category","embeddable":true,"href":"https:\/\/univet.hu\/hu\/wp-json\/wp\/v2\/categories?post=176374"},{"taxonomy":"post_tag","embeddable":true,"href":"https:\/\/univet.hu\/hu\/wp-json\/wp\/v2\/tags?post=176374"}],"curies":[{"name":"wp","href":"https:\/\/api.w.org\/{rel}","templated":true}]}}