{"id":176377,"date":"2025-02-21T13:27:04","date_gmt":"2025-02-21T12:27:04","guid":{"rendered":"https:\/\/univet.hu\/hu\/oktatas\/tanulmanyi-osztaly\/allasajanlatok\/new_child_page\/"},"modified":"2025-12-05T16:25:54","modified_gmt":"2025-12-05T15:25:54","slug":"ebcsont-beforr-allatorvosi-rendelo-2","status":"publish","type":"page","link":"https:\/\/univet.hu\/hu\/oktatas\/tanulmanyi-osztaly\/allasajanlatok\/ebcsont-beforr-allatorvosi-rendelo-2\/","title":{"rendered":"Ebcsont Beforr \u00c1llatorvosi Rendel\u0151"},"content":{"rendered":"<p>2025.12.05<\/p> <p>Kedves leend\u0151, m\u00e1r majdnem Koll\u00e9g\u00e1k!<\/p> <p>17 \u00e9ve Zugl\u00f3ban m\u0171k\u00f6d\u0151 Ebcsont Beforr \u00c1llatorvosi Rendel\u0151be keres\u00fcnk hossz\u00fa t\u00e1vra \u00e1llatorvos koll\u00e9g\u00e1t. Radiol\u00f3gia, seb\u00e9szet ir\u00e1nt \u00e9rdekl\u0151d\u00e9s vagy ezen ter\u00fcleteken j\u00e1rtass\u00e1g el\u0151nyt jelent.<br \/> Nyugodt k\u00f6rnyezet, kedves pacientura, j\u00f3 felszerelts\u00e9g: dig. Rtg. , modern UH, felszerelt m\u0171t\u0151, inteligens \u00e9rhegeszt\u0151, EKG, \u0151rz\u0151monitor, inf\u00fazi\u00f3s pumpa, O2 s\u00e1tor, asszisztencia, \u00e1llatpatika, stb.<br \/> F\u00e9l vagy teljes munkaviszony is sz\u00f3ba j\u00f6het, bejelentett \u00e1ll\u00e1s.<br \/> Lelkes, \u00e1llatszeret\u0151 koll\u00e9g\u00e1k jelentkez\u00e9s\u00e9t v\u00e1rjuk.<\/p> <p>\u00d6n\u00e9letrajzokat a k\u00f6vetkez\u0151 email c\u00edmre k\u00e9rj\u00fck:<br \/> <a class=\"decrypt\" rel=\"sfoefmpAfcdtpoucfgpss\/iv\" href=\"javascript:void(0);\">[Kattintson az emailc\u00edmhez]<\/a><\/p> <p>\u00dcdv\u00f6zlettel:<\/p> <p>Heged\u00fcs L\u00e1szl\u00f3<br \/> 06203964673<\/p> <p>Ebcsont Beforr \u00c1llatorvosi Rendel\u0151 Patika Kozmetika<br \/> 1148 Budapest Lengyel u. 16.<br \/> Tel.: 06-1-422-08-92<\/p> <p>&nbsp;<\/p> <p>2025.02.21<\/p> <p>Kedves Koll\u00e9g\u00e1k!<\/p> <p>17 \u00e9ve Zugl\u00f3ban m\u0171k\u00f6d\u0151 Ebcsont Beforr \u00c1llatorvosi Rendel\u0151be keres\u00fcnk hossz\u00fa t\u00e1vra f\u0151leg radiol\u00f3gia, seb\u00e9szet ir\u00e1nt \u00e9rdekl\u0151d\u0151 vagy ezen ter\u00fcleteken m\u00e1r j\u00e1rtas \u00e1llatorvos munkat\u00e1rsat.<br \/> Kedves koll\u00e9g\u00e1k, nyugodt k\u00f6rnyezet, j\u00f3 felszerelts\u00e9g: dig. Rtg. , modern UH, felszerelt m\u0171t\u0151, EKG, \u0151rz\u0151monitor, inf\u00fazi\u00f3s pumpa, O2 s\u00e1tor, asszisztencia, \u00e1llatpatika, stb.<br \/> F\u00e9l vagy teljes bejelentett \u00e1ll\u00e1s.<br \/> Lelkes, \u00e1llatszeret\u0151 koll\u00e9g\u00e1k jelentkez\u00e9s\u00e9t v\u00e1rjuk.<\/p> <p>\u00d6n\u00e9letrajzokat a k\u00f6vetkez\u0151 email c\u00edmre v\u00e1rjuk:<br \/> <a class=\"decrypt\" rel=\"sfoefmpAfcdtpoucfgpss\/iv\" href=\"javascript:void(0);\">[Kattintson az emailc\u00edmhez]<\/a><\/p> <p>\u00dcdv\u00f6zlettel:<\/p> <p>Heged\u00fcs L\u00e1szl\u00f3<br \/> 06203964673<\/p> <p>Ebcsont Beforr \u00c1llatorvosi Rendel\u0151 Patika Kozmetika<br \/> 1148 Budapest Lengyel u. 16.<br \/> Tel.: 06-1-422-08-92<br \/> <a class=\"decrypt\" rel=\"sfoefmpAfcdtpoucfgpss\/iv\" href=\"javascript:void(0);\">[Kattintson az emailc\u00edmhez]<\/a><br \/> <a title=\"http:\/\/www.ebcsontbeforr.hu\" href=\"http:\/\/www.ebcsontbeforr.hu\/\" data-auth=\"NotApplicable\" data-linkindex=\"0\">www.ebcsontbeforr.hu<\/a><\/p>","protected":false},"excerpt":{"rendered":"<p>2025.12.05 Kedves leend\u0151, m\u00e1r majdnem Koll\u00e9g\u00e1k! 17 \u00e9ve Zugl\u00f3ban m\u0171k\u00f6d\u0151 Ebcsont Beforr \u00c1llatorvosi Rendel\u0151be keres\u00fcnk hossz\u00fa t\u00e1vra \u00e1llatorvos koll\u00e9g\u00e1t. Radiol\u00f3gia, seb\u00e9szet ir\u00e1nt \u00e9rdekl\u0151d\u00e9s vagy ezen ter\u00fcleteken j\u00e1rtass\u00e1g el\u0151nyt jelent. Nyugodt k\u00f6rnyezet, kedves pacientura, j\u00f3 felszerelts\u00e9g: dig. Rtg. , modern UH, felszerelt m\u0171t\u0151, inteligens \u00e9rhegeszt\u0151, EKG, \u0151rz\u0151monitor, inf\u00fazi\u00f3s pumpa, O2 s\u00e1tor, asszisztencia, \u00e1llatpatika, stb. F\u00e9l vagy<\/p>\n","protected":false},"author":5795,"featured_media":0,"parent":26415,"menu_order":0,"comment_status":"open","ping_status":"open","template":"","meta":{"_acf_changed":false,"footnotes":""},"categories":[],"tags":[],"class_list":["post-176377","page","type-page","status-publish","hentry"],"acf":[],"_links":{"self":[{"href":"https:\/\/univet.hu\/hu\/wp-json\/wp\/v2\/pages\/176377","targetHints":{"allow":["GET"]}}],"collection":[{"href":"https:\/\/univet.hu\/hu\/wp-json\/wp\/v2\/pages"}],"about":[{"href":"https:\/\/univet.hu\/hu\/wp-json\/wp\/v2\/types\/page"}],"author":[{"embeddable":true,"href":"https:\/\/univet.hu\/hu\/wp-json\/wp\/v2\/users\/5795"}],"replies":[{"embeddable":true,"href":"https:\/\/univet.hu\/hu\/wp-json\/wp\/v2\/comments?post=176377"}],"version-history":[{"count":2,"href":"https:\/\/univet.hu\/hu\/wp-json\/wp\/v2\/pages\/176377\/revisions"}],"predecessor-version":[{"id":196954,"href":"https:\/\/univet.hu\/hu\/wp-json\/wp\/v2\/pages\/176377\/revisions\/196954"}],"up":[{"embeddable":true,"href":"https:\/\/univet.hu\/hu\/wp-json\/wp\/v2\/pages\/26415"}],"wp:attachment":[{"href":"https:\/\/univet.hu\/hu\/wp-json\/wp\/v2\/media?parent=176377"}],"wp:term":[{"taxonomy":"category","embeddable":true,"href":"https:\/\/univet.hu\/hu\/wp-json\/wp\/v2\/categories?post=176377"},{"taxonomy":"post_tag","embeddable":true,"href":"https:\/\/univet.hu\/hu\/wp-json\/wp\/v2\/tags?post=176377"}],"curies":[{"name":"wp","href":"https:\/\/api.w.org\/{rel}","templated":true}]}}