{"id":176563,"date":"2025-03-03T10:46:10","date_gmt":"2025-03-03T09:46:10","guid":{"rendered":"https:\/\/univet.hu\/hu\/oktatas\/tanulmanyi-osztaly\/allasajanlatok\/new_child_page\/"},"modified":"2025-03-03T10:46:10","modified_gmt":"2025-03-03T09:46:10","slug":"babolna-tetra-kft","status":"publish","type":"page","link":"https:\/\/univet.hu\/hu\/oktatas\/tanulmanyi-osztaly\/allasajanlatok\/babolna-tetra-kft\/","title":{"rendered":"B\u00e1bolna TETRA Kft."},"content":{"rendered":"<p>2025.03.03<\/p> <p><a href=\"https:\/\/univet.hu\/wp-content\/uploads\/2025\/03\/Ellato-allatorvos_allashirdetes.pdf\">Ell\u00e1t\u00f3 \u00e1llatorvos<\/a><\/p>","protected":false},"excerpt":{"rendered":"<p>2025.03.03 Ell\u00e1t\u00f3 \u00e1llatorvos<\/p>\n","protected":false},"author":5795,"featured_media":0,"parent":26415,"menu_order":0,"comment_status":"open","ping_status":"open","template":"","meta":{"_acf_changed":false,"footnotes":""},"categories":[],"tags":[],"class_list":["post-176563","page","type-page","status-publish","hentry"],"acf":[],"_links":{"self":[{"href":"https:\/\/univet.hu\/hu\/wp-json\/wp\/v2\/pages\/176563","targetHints":{"allow":["GET"]}}],"collection":[{"href":"https:\/\/univet.hu\/hu\/wp-json\/wp\/v2\/pages"}],"about":[{"href":"https:\/\/univet.hu\/hu\/wp-json\/wp\/v2\/types\/page"}],"author":[{"embeddable":true,"href":"https:\/\/univet.hu\/hu\/wp-json\/wp\/v2\/users\/5795"}],"replies":[{"embeddable":true,"href":"https:\/\/univet.hu\/hu\/wp-json\/wp\/v2\/comments?post=176563"}],"version-history":[{"count":1,"href":"https:\/\/univet.hu\/hu\/wp-json\/wp\/v2\/pages\/176563\/revisions"}],"predecessor-version":[{"id":176569,"href":"https:\/\/univet.hu\/hu\/wp-json\/wp\/v2\/pages\/176563\/revisions\/176569"}],"up":[{"embeddable":true,"href":"https:\/\/univet.hu\/hu\/wp-json\/wp\/v2\/pages\/26415"}],"wp:attachment":[{"href":"https:\/\/univet.hu\/hu\/wp-json\/wp\/v2\/media?parent=176563"}],"wp:term":[{"taxonomy":"category","embeddable":true,"href":"https:\/\/univet.hu\/hu\/wp-json\/wp\/v2\/categories?post=176563"},{"taxonomy":"post_tag","embeddable":true,"href":"https:\/\/univet.hu\/hu\/wp-json\/wp\/v2\/tags?post=176563"}],"curies":[{"name":"wp","href":"https:\/\/api.w.org\/{rel}","templated":true}]}}