{"id":176659,"date":"2025-03-05T10:41:57","date_gmt":"2025-03-05T09:41:57","guid":{"rendered":"https:\/\/univet.hu\/en\/sablonok\/"},"modified":"2025-03-05T10:41:57","modified_gmt":"2025-03-05T09:41:57","slug":"new-child-page","status":"publish","type":"page","link":"https:\/\/univet.hu\/hu\/new-child-page\/","title":{"rendered":"New child page"},"content":{"rendered":"<p><span style=\"font-size: 18pt\"><strong><span style=\"color: #ff0000\">K\u00e9rj\u00fck a p\u00e1ly\u00e1zatot beny\u00fajtani tervez\u0151 \u00e9s sikeres p\u00e1ly\u00e1zattal rendelkez\u0151 hallgat\u00f3kat, hogy az egyetemi p\u00e1ly\u00e1zati t\u00e1j\u00e9koztat\u00f3t figyelmesen \u00e9s k\u00f6r\u00fcltekint\u0151en olvass\u00e1k \u00e1t a p\u00e1ly\u00e1zat beny\u00fajt\u00e1sa, valamint a mobilit\u00e1s kezdete el\u0151tt! &#8211; <a href=\"https:\/\/univet.hu\/wp-content\/uploads\/2025\/02\/Pannonia-osztondijprogram-es-palyazati-tajekoztato.pdf\">Pann\u00f3nia \u00f6szt\u00f6nd\u00edjprogram \u00e9s p\u00e1ly\u00e1zati t\u00e1j\u00e9koztat\u00f3<\/a><\/span><\/strong><\/span><\/p> <p><strong>\u00a0<\/strong><\/p> <h2><strong>LET\u00d6LTEND\u0150 DOKUMENTUM MINT\u00c1K\/SABLONOK:<\/strong><\/h2> <p>&nbsp;<\/p> <p><span style=\"font-size: 14pt\">Sikeres p\u00e1ly\u00e1z\u00e1st k\u00f6vet\u0151en Pann\u00f3nia \u00f6szt\u00f6nd\u00edjasaink az al\u00e1bbi formanyomtatv\u00e1nyok kit\u00f6lt\u00e9s\u00e9vel biztos\u00edthatj\u00e1k a z\u00f6kken\u0151mentes \u00f6szt\u00f6nd\u00edj foly\u00f3s\u00edt\u00e1st \u00e9s a program k\u00f6telez\u0151 dokument\u00e1ci\u00f3j\u00e1nak elv\u00e9gz\u00e9s\u00e9t:<\/span><\/p> <p>&nbsp;<\/p> <h3><strong>Mobilit\u00e1s el\u0151tti teend\u0151k:<\/strong><\/h3> <ol> <li>l\u00e9p\u00e9s \u2013 <strong>Befogad\u00f3 nyilatkozat kit\u00f6lt\u00e9se a partnerint\u00e9zm\u00e9nnyel<\/strong>. Ehhez sablon itt \u00e9rhet\u0151 el: <a href=\"https:\/\/univet.hu\/wp-content\/uploads\/2025\/03\/Befogado_Letter-of-Acceptance_PAN.docx\" target=\"_blank\" rel=\"noopener\">Befogad\u00f3 Nyilatkozat\/Letter of Acceptance<\/a><\/li> <\/ol> <p>&nbsp;<\/p> <ol start=\"2\"> <li>l\u00e9p\u00e9s \u2013 az \u00fan. <strong>Tanulm\u00e1nyi Szerz\u0151d\u00e9s, avagy mobility\/learning agreement kit\u00f6lt\u00e9se, partnerint\u00e9zm\u00e9nnyel val\u00f3 al\u00e1\u00edrat\u00e1sa<\/strong>. Ehhez sablon itt \u00e9rhet\u0151 el: <a href=\"https:\/\/univet.hu\/wp-content\/uploads\/2025\/03\/mobility_agreement_Traineeship.docx\" target=\"_blank\" rel=\"noopener\">Mobility Agreement for Traineeships<\/a><\/li> <\/ol> <p>&nbsp;<\/p> <ul> <li>al\u00e1\u00edrat\u00e1s menete: el\u0151sz\u00f6r az \u00f6szt\u00f6nd\u00edjas \u00edrja al\u00e1, majd a fogad\u00f3 int\u00e9zm\u00e9ny v\u00e9g\u00fcl a k\u00fcld\u0151 int\u00e9zm\u00e9ny (ATE). Az utols\u00f3 l\u00e9p\u00e9sn\u00e9l k\u00e9rj\u00fck a Nemzetk\u00f6zi irod\u00e1ra megk\u00fcldeni emailben.<\/li> <\/ul> <p>&nbsp;<\/p> <ol start=\"3\"> <li>l\u00e9p\u00e9s \u2013 <strong>T\u00e1mogat\u00e1si szerz\u0151d\u00e9s<\/strong> \u2013 \u00e9rtelemszer\u0171 kit\u00f6lt\u00e9se a mobilit\u00e1sra \u00e9s az \u00f6szt\u00f6nd\u00edjasra vonatkoz\u00f3 adatokkal, majd szerkeszthet\u0151 form\u00e1tumban (WORD) megk\u00fcld\u00e9se ellen\u0151rz\u00e9s \u00e9s v\u00e9gleges\u00edt\u00e9s c\u00e9lj\u00e1b\u00f3l a nemzetk\u00f6zi irod\u00e1nak emailben. Ehhez sablon itt \u00e9rhet\u0151 el: <a href=\"https:\/\/univet.hu\/wp-content\/uploads\/2025\/03\/Tamogatasi-szerzodes_hallgatoi_gyakorlat.docx\" target=\"_blank\" rel=\"noopener\">T\u00e1mogat\u00e1si szerz\u0151d\u00e9s &#8211; hallgat\u00f3i gyakorlat<\/a><\/li> <\/ol> <p>&nbsp;<\/p> <h3><strong>Mobilit\u00e1s alatti teend\u0151k:<\/strong><\/h3> <p>&nbsp;<\/p> <ol start=\"4\"> <li>l\u00e9p\u00e9s \u2013 <strong>mobilit\u00e1s megkezd\u00e9s\u00e9vel az \u00fan. Certificate of Stay<\/strong> dokumentum kit\u00f6lt\u00e9se a fogad\u00f3 int\u00e9zm\u00e9nnyel majd al\u00e1\u00edrva, pecs\u00e9telve megk\u00fcldeni a nemzetk\u00f6zi iroda sz\u00e1m\u00e1ra. Fontos, hogy az igazol\u00e1s a t\u00e1mogat\u00e1si szerz\u0151d\u00e9sben szerepl\u0151 mobilit\u00e1si kezd\u0151- \u00e9s v\u00e9gd\u00e1tumokat tartalmazza. Ehhez sablon itt \u00e9rhet\u0151 el: <a href=\"https:\/\/univet.hu\/wp-content\/uploads\/2025\/03\/cert_of_stay_students_traineeship.docx\" target=\"_blank\" rel=\"noopener\">Certificate of Stay &#8211; Traineeships<\/a><\/li> <\/ol> <p>&nbsp;<\/p> <ol start=\"5\"> <li>l\u00e9p\u00e9s \u2013 <strong>mobilit\u00e1s utols\u00f3 het\u00e9ben az \u00f6szt\u00f6nd\u00edjas k\u00f6teles az \u00fan. Traineeship certificate<\/strong> dokumentum kit\u00f6lt\u00e9se a fogad\u00f3 int\u00e9zm\u00e9nnyel majd al\u00e1\u00edrva, pecs\u00e9telve megk\u00fcldeni a nemzetk\u00f6zi iroda sz\u00e1m\u00e1ra. Fontos, hogy az igazol\u00e1s a t\u00e1mogat\u00e1si szerz\u0151d\u00e9sben szerepl\u0151 mobilit\u00e1si kezd\u0151- \u00e9s v\u00e9gd\u00e1tumokat tartalmazza. Ehhez sablon itt \u00e9rhet\u0151 el: <a href=\"https:\/\/univet.hu\/wp-content\/uploads\/2025\/03\/Traineeship-certificate-NEW.docx\" target=\"_blank\" rel=\"noopener\">Traineeship Certificate<\/a><\/li> <\/ol> <p>&nbsp;<\/p> <ol start=\"6\"> <li>l\u00e9p\u00e9s &#8211; mobilit\u00e1s utols\u00f3 het\u00e9ben a m\u00e1r megl\u00e9v\u0151 \u00fan. <strong>Tanulm\u00e1nyi Szerz\u0151d\u00e9s, avagy mobility\/learning agreement &#8211; After the mobility<\/strong> r\u00e9sz\u00e9nek kit\u00f6lt\u00e9se \u00e9s al\u00e1\u00edrat\u00e1sa a fogad\u00f3 f\u00e9llel.<\/li> <\/ol> <p>&nbsp;<\/p> <h3><strong>Mobilit\u00e1s v\u00e9g\u00e9t k\u00f6vet\u0151en, legk\u00e9s\u0151bb 30 nappal a mobilit\u00e1s v\u00e9g\u00e9t k\u00f6vet\u0151en:<\/strong><\/h3> <p>&nbsp;<\/p> <ol start=\"7\"> <li>l\u00e9p\u00e9s \u2013 <strong>mobilit\u00e1s v\u00e9gezt\u00e9vel az \u00f6szt\u00f6nd\u00edjas k\u00f6teles szakmai besz\u00e1mol\u00f3t<\/strong> k\u00e9sz\u00edteni a teljes\u00edtett gyakorlat\u00e1r\u00f3l\/tanulm\u00e1nyair\u00f3l. Ehhez seg\u00edts\u00e9get ny\u00fajt az al\u00e1bbi szempontrendszer:<\/li> <\/ol> <p>&nbsp;<\/p> <ul> <li>tartalmazza az \u00f6szt\u00f6nd\u00edjas nev\u00e9t, mobilit\u00e1s d\u00e1tumait \u00e9s helysz\u00edn\u00e9t<\/li> <li>gyakorlati \u00e9s \u00e1ltal\u00e1nos tapasztalatokat a fogad\u00f3 orsz\u00e1g\/v\u00e1ros k\u00f6zleked\u00e9s\u00e9r\u0151l\/sz\u00e1ll\u00e1slehet\u0151s\u00e9geir\u0151l \u00e9s a mindennapi \u00e9letet \u00e9rint\u0151 k\u00e9rd\u00e9sekr\u0151l<\/li> <li>szakmai besz\u00e1mol\u00f3 a fogad\u00f3 int\u00e9zm\u00e9ny napi munk\u00e1j\u00e1val kapcsolatos tapasztalatokr\u00f3l, fejl\u0151d\u00e9si lehet\u0151s\u00e9gekr\u0151l. (lehet\u0151s\u00e9g szerint f\u00e9nyk\u00e9pekkel illusztr\u00e1lva).<\/li> <\/ul> <p>&nbsp;<\/p>","protected":false},"excerpt":{"rendered":"<p>K\u00e9rj\u00fck a p\u00e1ly\u00e1zatot beny\u00fajtani tervez\u0151 \u00e9s sikeres p\u00e1ly\u00e1zattal rendelkez\u0151 hallgat\u00f3kat, hogy az egyetemi p\u00e1ly\u00e1zati t\u00e1j\u00e9koztat\u00f3t figyelmesen \u00e9s k\u00f6r\u00fcltekint\u0151en olvass\u00e1k \u00e1t a p\u00e1ly\u00e1zat beny\u00fajt\u00e1sa, valamint a mobilit\u00e1s kezdete el\u0151tt! &#8211; Pann\u00f3nia \u00f6szt\u00f6nd\u00edjprogram \u00e9s p\u00e1ly\u00e1zati t\u00e1j\u00e9koztat\u00f3 \u00a0 LET\u00d6LTEND\u0150 DOKUMENTUM MINT\u00c1K\/SABLONOK: &nbsp; Sikeres p\u00e1ly\u00e1z\u00e1st k\u00f6vet\u0151en Pann\u00f3nia \u00f6szt\u00f6nd\u00edjasaink az al\u00e1bbi formanyomtatv\u00e1nyok kit\u00f6lt\u00e9s\u00e9vel biztos\u00edthatj\u00e1k a z\u00f6kken\u0151mentes \u00f6szt\u00f6nd\u00edj foly\u00f3s\u00edt\u00e1st \u00e9s a<\/p>\n","protected":false},"author":65,"featured_media":0,"parent":0,"menu_order":0,"comment_status":"open","ping_status":"open","template":"","meta":{"_acf_changed":false,"footnotes":""},"categories":[],"tags":[],"class_list":["post-176659","page","type-page","status-publish","hentry"],"acf":[],"_links":{"self":[{"href":"https:\/\/univet.hu\/hu\/wp-json\/wp\/v2\/pages\/176659","targetHints":{"allow":["GET"]}}],"collection":[{"href":"https:\/\/univet.hu\/hu\/wp-json\/wp\/v2\/pages"}],"about":[{"href":"https:\/\/univet.hu\/hu\/wp-json\/wp\/v2\/types\/page"}],"author":[{"embeddable":true,"href":"https:\/\/univet.hu\/hu\/wp-json\/wp\/v2\/users\/65"}],"replies":[{"embeddable":true,"href":"https:\/\/univet.hu\/hu\/wp-json\/wp\/v2\/comments?post=176659"}],"version-history":[{"count":2,"href":"https:\/\/univet.hu\/hu\/wp-json\/wp\/v2\/pages\/176659\/revisions"}],"predecessor-version":[{"id":176677,"href":"https:\/\/univet.hu\/hu\/wp-json\/wp\/v2\/pages\/176659\/revisions\/176677"}],"wp:attachment":[{"href":"https:\/\/univet.hu\/hu\/wp-json\/wp\/v2\/media?parent=176659"}],"wp:term":[{"taxonomy":"category","embeddable":true,"href":"https:\/\/univet.hu\/hu\/wp-json\/wp\/v2\/categories?post=176659"},{"taxonomy":"post_tag","embeddable":true,"href":"https:\/\/univet.hu\/hu\/wp-json\/wp\/v2\/tags?post=176659"}],"curies":[{"name":"wp","href":"https:\/\/api.w.org\/{rel}","templated":true}]}}