{"id":176680,"date":"2025-03-05T11:46:37","date_gmt":"2025-03-05T10:46:37","guid":{"rendered":"https:\/\/univet.hu\/hu\/egyetem\/nemzetkozi-kapcsolatok\/pannonia-osztondij-program\/hallgatok\/sablonok\/"},"modified":"2026-03-24T11:42:55","modified_gmt":"2026-03-24T10:42:55","slug":"sablonok","status":"publish","type":"page","link":"https:\/\/univet.hu\/hu\/egyetem\/nemzetkozi-kapcsolatok\/pannonia-osztondij-program\/hallgatok\/sablonok\/","title":{"rendered":"LET\u00d6LTEND\u0150 DOKUMENTUM MINT\u00c1K\/SABLONOK"},"content":{"rendered":"<p style=\"text-align: center\"><strong>LET\u00d6LTEND\u0150 DOKUMENTUMOK, SABLONOK<\/strong><\/p> <p>A p\u00e1ly\u00e1zat bead\u00e1sakor nem el\u0151felt\u00e9tel az al\u00e1bbi dokumentumok megl\u00e9te, de \u00e9rdemes addigra fogad\u00f3int\u00e9zm\u00e9nyt tal\u00e1lni \u00e9s a Letter of Acceptance valamint a Mobility Agreement dokumentumokat a fogad\u00f3int\u00e9zm\u00e9nnyel kit\u00f6ltetni \u00e9s al\u00e1\u00edratni, hogy az eredm\u00e9nyhirdet\u00e9st k\u00f6vet\u0151en miel\u0151bb meg tudjuk k\u00f6tni a t\u00e1mogat\u00e1si szerz\u0151d\u00e9st, \u00e9s foly\u00f3s\u00edtani tudjuk az elnyert t\u00e1mogat\u00e1st.<\/p> <p><strong>Mobilit\u00e1s el\u0151tti teend\u0151k:<\/strong><\/p> <p>1. l\u00e9p\u00e9s \u2013<strong> Letter of Acceptance <\/strong>(Fogad\u00f3 nyilatkozat)<strong> kit\u00f6ltet\u00e9se \u00e9s al\u00e1\u00edrat\u00e1sa a fogad\u00f3int\u00e9zm\u00e9nnyel<\/strong>.<\/p> <p>2. l\u00e9p\u00e9s \u2013 <strong>Mobility Agreement <\/strong>(Szakmai gyakorlati\/Kutat\u00e1si\/R\u00e9szv\u00e9teli Meg\u00e1llapod\u00e1s)<strong> kit\u00f6lt\u00e9se \u00e9s al\u00e1\u00edr\u00e1sa el\u0151sz\u00f6r a hallgat\u00f3, majd a fogad\u00f3int\u00e9zm\u00e9ny \u00e1ltal<\/strong>. Az ATE al\u00e1\u00edr\u00e1sa a t\u00e1mogat\u00e1si szerz\u0151d\u00e9s al\u00e1\u00edr\u00e1sakor ker\u00fcl a dokumentumra.<\/p> <p>Fontos, hogy a Letter of Acceptance \u00e9s a Mobility Agreement dokumentumokon ugyanaz a kezd\u0151- \u00e9s z\u00e1r\u00f3d\u00e1tum szerepeljen.<\/p> <p>3. l\u00e9p\u00e9s \u2013 <strong>Sikeres p\u00e1ly\u00e1zat eset\u00e9n<\/strong> az 1. \u00e9s 2. l\u00e9p\u00e9s al\u00e1\u00edratott dokumentumait hallgat\u00f3 megk\u00fcldi az <a class=\"decrypt\" rel=\"joufsobujpobmAvojwfu\/iv\" href=\"javascript:void(0);\">[Kattintson az emailc\u00edmhez]<\/a> e-mail c\u00edmre.<\/p> <p>4. l\u00e9p\u00e9s \u2013 <strong>T\u00e1mogat\u00e1si szerz\u0151d\u00e9s<\/strong>: amennyiben a Nemzetk\u00f6zi Kapcsolatok Oszt\u00e1ly rendben tal\u00e1lja a megk\u00fcld\u00f6tt dokumentumokat, elk\u00fcldi hallgat\u00f3nak a t\u00e1mogat\u00e1si szerz\u0151d\u00e9st. Hallgat\u00f3 a s\u00e1rg\u00e1val kiemelt r\u00e9szeket kit\u00f6lti, \u00e9s a szerz\u0151d\u00e9st szerkeszthet\u0151 form\u00e1tumban hagyva (Word) visszak\u00fcldi az <a class=\"decrypt\" rel=\"joufsobujpobmAvojwfu\/iv\" href=\"javascript:void(0);\">[Kattintson az emailc\u00edmhez]<\/a> e-mail c\u00edmre.<\/p> <p>5. l\u00e9p\u00e9s \u2013 hallgat\u00f3 a Nemzetk\u00f6zi Irod\u00e1ban al\u00e1\u00edrja a mobilit\u00e1si szerz\u0151d\u00e9s\u00e9t \u00e9s \u00e1tveszi a sz\u00e1m\u00e1ra \u00f6sszek\u00e9sz\u00edtett csomagot (C \u00e9p\u00fclet, 1. emelet 1.04-es szoba)<\/p> <p><strong>Mobilit\u00e1s alatti teend\u0151k:<\/strong><\/p> <p>6. l\u00e9p\u00e9s \u2013 <strong>Certificate of Stay<\/strong> (Id\u0151tartam- \u00e9s tev\u00e9kenys\u00e9g- igazol\u00e1s) kit\u00f6ltet\u00e9se \u00e9s al\u00e1\u00edrat\u00e1sa a fogad\u00f3int\u00e9zm\u00e9nnyel a mobilit\u00e1s utols\u00f3 het\u00e9n.<\/p> <p><strong>Negyed\u00e9v ut\u00e1ni \u00e9s 11. f\u00e9l\u00e9ves klinikai gyakorlatok eset\u00e9n a<\/strong> <strong>Certificate of Clinical Practice <\/strong>(Klinikai gyakorlat igazol\u00e1s) dokumentumot kell <strong>helyette<\/strong> kit\u00f6ltetni \u00e9s al\u00e1\u00edratni a fogad\u00f3int\u00e9zm\u00e9nnyel.<\/p> <p>Fontos, hogy a Certificate of Stay \/ Certificate of Clinical Practice dokumentumon ugyanaz a kezd\u0151- \u00e9s z\u00e1r\u00f3d\u00e1tum szerepeljen, mint a kor\u00e1bbi dokumentumokon.<\/p> <p>7. l\u00e9p\u00e9s \u2013 <strong>Szakmai besz\u00e1mol\u00f3<\/strong> k\u00e9sz\u00edt\u00e9se a gyakorlatr\u00f3l \/ kutat\u00e1sr\u00f3l \/ konferencia r\u00e9szv\u00e9telr\u0151l 1-2 A4 oldal terjedelemben 2-4 f\u00e9nyk\u00e9ppel illusztr\u00e1lva magyar \u00e9s angol nyelven. A besz\u00e1mol\u00f3 tartalmazza az al\u00e1bbiakat:<\/p> <ul> <li>az \u00f6szt\u00f6nd\u00edjas nev\u00e9t, a mobilit\u00e1s pontos d\u00e1tum\u00e1t, helysz\u00edn\u00e9t<\/li> <li>tapasztalatokat a fogad\u00f3 orsz\u00e1g\/v\u00e1ros k\u00f6zleked\u00e9s\u00e9r\u0151l\/sz\u00e1ll\u00e1slehet\u0151s\u00e9geir\u0151l \u00e9s a mindennapi \u00e9letet \u00e9rint\u0151 k\u00e9rd\u00e9sekr\u0151l<\/li> <li>tapasztalatokat a fogad\u00f3 int\u00e9zm\u00e9ny napi munk\u00e1j\u00e1val \u00e9s a szakmai fejl\u0151d\u00e9si lehet\u0151s\u00e9gekkel kapcsolatban.<\/li> <\/ul> <p><strong>Mobilit\u00e1s ut\u00e1ni teend\u0151k:<\/strong><\/p> <p>8. l\u00e9p\u00e9s \u2013 haza\u00e9rkez\u00e9st k\u00f6vet\u0151en 30 napon bel\u00fcl az \u00f6szt\u00f6nd\u00edjas elk\u00fcldi e-mailen az <a class=\"decrypt\" rel=\"joufsobujpobmAvojwfu\/iv\" href=\"javascript:void(0);\">[Kattintson az emailc\u00edmhez]<\/a> e-mail c\u00edmre a z\u00e1r\u00f3dokumentumokat (Certificate of Stay \/ Certificate of Clinical Practice \u00e9s Szakmai besz\u00e1mol\u00f3).<\/p> <p>&nbsp;<\/p> <p><span style=\"color: #b51010\"><strong><u>Let\u00f6lthet\u0151 dokumentumok:<\/u><\/strong><\/span><\/p> <p>&nbsp;<\/p> <p><span style=\"color: #b51010\"><strong><u>\u00c1llatorvos:<\/u><\/strong><\/span><\/p> <p><strong>Negyed\u00e9veseknek:<\/strong><\/p> <p><a href=\"https:\/\/univet.hu\/wp-content\/uploads\/2026\/03\/Letter-of-Acceptance-clinical-practice.docx\">Letter of Acceptance &#8211; clinical practice<\/a><\/p> <p><a href=\"https:\/\/univet.hu\/wp-content\/uploads\/2026\/03\/Mobility_agreement_student-4th-year-clinical-practice_Veterinary.docx\" target=\"_blank\" rel=\"noopener\">Mobility Agreement<\/a><\/p> <p><a href=\"https:\/\/univet.hu\/wp-content\/uploads\/2026\/03\/Certificate-of-Stay-traineeship-summer-1.docx\" target=\"_blank\" rel=\"noopener\">Certificate of Clinical Practice \u2013 after 8th semestermer<\/a><\/p> <p><strong>\u00d6t\u00f6d\u00e9veseknek:<\/strong><\/p> <p><a href=\"https:\/\/univet.hu\/wp-content\/uploads\/2026\/03\/Letter-of-Acceptance-clinical-practice.docx\">Letter of Acceptance &#8211; clinical practice<\/a><\/p> <p><a href=\"https:\/\/univet.hu\/wp-content\/uploads\/2026\/03\/Mobility_agreement_student-5th-year-clinical-practice_Veterinary.docx\" target=\"_blank\" rel=\"noopener\">Mobility Agreement<\/a><\/p> <p>Certificate of Clinical Practice \u2013 11th semester<\/p> <p><strong>Hatod\u00e9veseknek:<\/strong><\/p> <p><a href=\"https:\/\/univet.hu\/wp-content\/uploads\/2026\/03\/Letter-of-Acceptance-traineeship-postgraduate.docx\">Letter of Acceptance &#8211; traineeship \u2013 postgraduate<\/a><\/p> <p><a href=\"https:\/\/univet.hu\/wp-content\/uploads\/2026\/03\/Mobility_agreement_student-postgraduate-traineeship_Veterinary.docx\" target=\"_blank\" rel=\"noopener\">Mobility Agreement<\/a><\/p> <p><a href=\"https:\/\/univet.hu\/wp-content\/uploads\/2026\/03\/Certificate-of-Stay-traineeship-postgraduate.docx\">Certificate of Stay &#8211; traineeship &#8211; postgraduate<\/a><\/p> <p>&nbsp;<\/p> <p><span style=\"color: #b51010\"><strong><u>Biol\u00f3gus MSc:<\/u><\/strong><\/span><\/p> <p><strong>Els\u0151\u00e9veseknek:<\/strong><\/p> <p><a href=\"https:\/\/univet.hu\/wp-content\/uploads\/2026\/03\/Letter-of-Acceptance-traineeship-summer.docx\">Letter of Acceptance &#8211; traineeship &#8211; summer<\/a><\/p> <p><a href=\"https:\/\/univet.hu\/wp-content\/uploads\/2026\/03\/Mobility_agreement_student-summer-traineeship_Biology_Zoology.docx\" target=\"_blank\" rel=\"noopener\">Mobility Agreement<\/a><\/p> <p><a href=\"https:\/\/univet.hu\/wp-content\/uploads\/2026\/03\/Certificate-of-Stay-traineeship-summer.docx\">Certificate of Stay &#8211; traineeship &#8211; summer<\/a><\/p> <p><strong>M\u00e1sod\u00e9veseknek:<\/strong><\/p> <p><a href=\"https:\/\/univet.hu\/wp-content\/uploads\/2026\/03\/Letter-of-Acceptance-traineeship-postgraduate.docx\">Letter of Acceptance &#8211; traineeship \u2013 postgraduate<\/a><\/p> <p><a href=\"https:\/\/univet.hu\/wp-content\/uploads\/2026\/03\/Mobility_agreement_student-postgraduate-traineeship_Biology.docx\" target=\"_blank\" rel=\"noopener\">Mobility Agreement<\/a><\/p> <p><a href=\"https:\/\/univet.hu\/wp-content\/uploads\/2026\/03\/Certificate-of-Stay-traineeship-postgraduate.docx\">Certificate of Stay &#8211; traineeship &#8211; postgraduate<\/a><\/p> <p>&nbsp;<\/p> <p><span style=\"color: #b51010\"><strong><u>Kutat\u00f3 Zool\u00f3gus:<\/u><\/strong><\/span><\/p> <p><a href=\"https:\/\/univet.hu\/wp-content\/uploads\/2026\/03\/Letter-of-Acceptance-traineeship-summer.docx\">Letter of Acceptance &#8211; traineeship &#8211; summer<\/a><\/p> <p><a href=\"https:\/\/univet.hu\/wp-content\/uploads\/2026\/03\/Mobility_agreement_student-summer-traineeship_Biology_Zoology-1.docx\" target=\"_blank\" rel=\"noopener\">Mobility Agreement<\/a><\/p> <p><a href=\"https:\/\/univet.hu\/wp-content\/uploads\/2026\/03\/Certificate-of-Stay-traineeship-summer.docx\">Certificate of Stay &#8211; traineeship &#8211; summer<\/a><\/p> <p>&nbsp;<\/p> <p><span style=\"color: #b51010\"><strong><u>PhD hallgat\u00f3k:<\/u><\/strong><\/span><\/p> <p><strong>Akt\u00edv konferencia r\u00e9szv\u00e9tel:<\/strong><\/p> <p><a href=\"https:\/\/univet.hu\/wp-content\/uploads\/2026\/03\/Letter-of-Acceptance-conference-PhD.docx\">Letter of Acceptance &#8211; conference PhD<\/a><\/p> <p><a href=\"https:\/\/univet.hu\/wp-content\/uploads\/2026\/03\/Mobility_agreement_student-conference_Veterinary-PhD.docx\" target=\"_blank\" rel=\"noopener\">Mobility Agreement<\/a><\/p> <p><a href=\"https:\/\/univet.hu\/wp-content\/uploads\/2026\/03\/Certificate-of-Stay-conference-PhD.docx\">Certificate of Stay &#8211; conference PhD<\/a><\/p> <p><strong>Kutat\u00e1s \u2013 r\u00f6vid t\u00e1v\u00fa:<\/strong><\/p> <p><a href=\"https:\/\/univet.hu\/wp-content\/uploads\/2026\/03\/Letter-of-Acceptance-reseach-PhD.docx\">Letter of Acceptance &#8211; reseach PhD<\/a><\/p> <p><a href=\"https:\/\/univet.hu\/wp-content\/uploads\/2026\/03\/Mobility_agreement_student-research-short-long_Veterinary-PhD.docx\" target=\"_blank\" rel=\"noopener\">Mobility Agreement<\/a><\/p> <p><a href=\"https:\/\/univet.hu\/wp-content\/uploads\/2026\/03\/Certificate-of-Stay-research-PhD.docx\">Certificate of Stay &#8211; research short-long PhD<\/a><\/p> <p><strong>Kutat\u00e1s \u2013 hossz\u00fa t\u00e1v\u00fa<\/strong>:<\/p> <p><a href=\"https:\/\/univet.hu\/wp-content\/uploads\/2026\/03\/Letter-of-Acceptance-reseach-PhD.docx\">Letter of Acceptance &#8211; reseach PhD<\/a><\/p> <p><a href=\"https:\/\/univet.hu\/wp-content\/uploads\/2026\/03\/Mobility_agreement_student-research-short-long_Veterinary-PhD-1.docx\" target=\"_blank\" rel=\"noopener\">Mobility Agreement<\/a><\/p> <p><a href=\"https:\/\/univet.hu\/wp-content\/uploads\/2026\/03\/Certificate-of-Stay-research-PhD.docx\">Certificate of Stay &#8211; research short-long PhD<\/a><\/p>","protected":false},"excerpt":{"rendered":"<p>LET\u00d6LTEND\u0150 DOKUMENTUMOK, SABLONOK A p\u00e1ly\u00e1zat bead\u00e1sakor nem el\u0151felt\u00e9tel az al\u00e1bbi dokumentumok megl\u00e9te, de \u00e9rdemes addigra fogad\u00f3int\u00e9zm\u00e9nyt tal\u00e1lni \u00e9s a Letter of Acceptance valamint a Mobility Agreement dokumentumokat a fogad\u00f3int\u00e9zm\u00e9nnyel kit\u00f6ltetni \u00e9s al\u00e1\u00edratni, hogy az eredm\u00e9nyhirdet\u00e9st k\u00f6vet\u0151en miel\u0151bb meg tudjuk k\u00f6tni a t\u00e1mogat\u00e1si szerz\u0151d\u00e9st, \u00e9s foly\u00f3s\u00edtani tudjuk az elnyert t\u00e1mogat\u00e1st. Mobilit\u00e1s el\u0151tti teend\u0151k: 1. l\u00e9p\u00e9s \u2013<\/p>\n","protected":false},"author":65,"featured_media":0,"parent":99135,"menu_order":0,"comment_status":"open","ping_status":"open","template":"","meta":{"_acf_changed":false,"footnotes":""},"categories":[],"tags":[],"class_list":["post-176680","page","type-page","status-publish","hentry"],"acf":[],"_links":{"self":[{"href":"https:\/\/univet.hu\/hu\/wp-json\/wp\/v2\/pages\/176680","targetHints":{"allow":["GET"]}}],"collection":[{"href":"https:\/\/univet.hu\/hu\/wp-json\/wp\/v2\/pages"}],"about":[{"href":"https:\/\/univet.hu\/hu\/wp-json\/wp\/v2\/types\/page"}],"author":[{"embeddable":true,"href":"https:\/\/univet.hu\/hu\/wp-json\/wp\/v2\/users\/65"}],"replies":[{"embeddable":true,"href":"https:\/\/univet.hu\/hu\/wp-json\/wp\/v2\/comments?post=176680"}],"version-history":[{"count":5,"href":"https:\/\/univet.hu\/hu\/wp-json\/wp\/v2\/pages\/176680\/revisions"}],"predecessor-version":[{"id":203961,"href":"https:\/\/univet.hu\/hu\/wp-json\/wp\/v2\/pages\/176680\/revisions\/203961"}],"up":[{"embeddable":true,"href":"https:\/\/univet.hu\/hu\/wp-json\/wp\/v2\/pages\/99135"}],"wp:attachment":[{"href":"https:\/\/univet.hu\/hu\/wp-json\/wp\/v2\/media?parent=176680"}],"wp:term":[{"taxonomy":"category","embeddable":true,"href":"https:\/\/univet.hu\/hu\/wp-json\/wp\/v2\/categories?post=176680"},{"taxonomy":"post_tag","embeddable":true,"href":"https:\/\/univet.hu\/hu\/wp-json\/wp\/v2\/tags?post=176680"}],"curies":[{"name":"wp","href":"https:\/\/api.w.org\/{rel}","templated":true}]}}