{"id":177026,"date":"2025-03-17T10:44:43","date_gmt":"2025-03-17T09:44:43","guid":{"rendered":"https:\/\/univet.hu\/hu\/oktatas\/d-hok\/new_child_page-2\/"},"modified":"2026-04-13T12:29:50","modified_gmt":"2026-04-13T10:29:50","slug":"letoltheto-dokumentumok","status":"publish","type":"page","link":"https:\/\/univet.hu\/hu\/oktatas\/d-hok\/letoltheto-dokumentumok\/","title":{"rendered":"K\u00fcld\u00f6ttgy\u0171l\u00e9sek"},"content":{"rendered":"<p><span style=\"font-size: 18pt\"><strong>2026<\/strong><\/span><\/p> <p><a href=\"https:\/\/allatorvosiegyetem-my.sharepoint.com\/my?viewid=2bdd27fa%2D95e9%2D4d07%2D9272%2D61f571c919d8&amp;startedResponseCatch=true&amp;id=%2Fpersonal%2Fmag8917%5Funivet%5Fhu%2FDocuments%2FPatesz%2F%C3%81TE%2FPhD%2FD%C3%96K%2FD%C3%96K%202025%2FK%C3%BCld%C3%B6ttgy%C5%B1l%C3%A9sek%2F2026%2E04%2E10%2FJegyz%C5%91k%C3%B6nyv%202026%2E04%2E10%2E%2Epdf&amp;parent=%2Fpersonal%2Fmag8917%5Funivet%5Fhu%2FDocuments%2FPatesz%2F%C3%81TE%2FPhD%2FD%C3%96K%2FD%C3%96K%202025%2FK%C3%BCld%C3%B6ttgy%C5%B1l%C3%A9sek%2F2026%2E04%2E10\">04.10.<\/a><\/p> <p><span style=\"font-size: 18pt\"><strong>2025<\/strong><\/span><\/p> <p><a href=\"https:\/\/allatorvosiegyetem-my.sharepoint.com\/my?login_hint=Mag8917%40univet%2Ehu&amp;id=%2Fpersonal%2Fmag8917%5Funivet%5Fhu%2FDocuments%2FPatesz%2F%C3%81TE%2FPhD%2FD%C3%96K%2FD%C3%96K%202025%2FK%C3%BCld%C3%B6ttgy%C5%B1l%C3%A9sek%2F2025%2E01%2E22%2FJegyz%C5%91k%C3%B6nyv%202025%2E01%2E22%2E%2Epdf&amp;parent=%2Fpersonal%2Fmag8917%5Funivet%5Fhu%2FDocuments%2FPatesz%2F%C3%81TE%2FPhD%2FD%C3%96K%2FD%C3%96K%202025%2FK%C3%BCld%C3%B6ttgy%C5%B1l%C3%A9sek%2F2025%2E01%2E22\">01.22.<\/a><\/p> <p><a href=\"https:\/\/allatorvosiegyetem-my.sharepoint.com\/my?viewid=2bdd27fa%2D95e9%2D4d07%2D9272%2D61f571c919d8&amp;source=waffle&amp;id=%2Fpersonal%2Fmag8917%5Funivet%5Fhu%2FDocuments%2FPatesz%2F%C3%81TE%2FPhD%2FD%C3%96K%2FD%C3%96K%202025%2FK%C3%BCld%C3%B6ttgy%C5%B1l%C3%A9sek%2F2025%2E09%2E03%2FJegyz%C5%91k%C3%B6nyv%202025%2E09%2E03%2E%2Epdf&amp;parent=%2Fpersonal%2Fmag8917%5Funivet%5Fhu%2FDocuments%2FPatesz%2F%C3%81TE%2FPhD%2FD%C3%96K%2FD%C3%96K%202025%2FK%C3%BCld%C3%B6ttgy%C5%B1l%C3%A9sek%2F2025%2E09%2E03\">09.03.<\/a><\/p> <p><a href=\"https:\/\/allatorvosiegyetem-my.sharepoint.com\/my?viewid=2bdd27fa%2D95e9%2D4d07%2D9272%2D61f571c919d8&amp;login_hint=Mag8917%40univet%2Ehu&amp;source=waffle&amp;id=%2Fpersonal%2Fmag8917%5Funivet%5Fhu%2FDocuments%2FPatesz%2F%C3%81TE%2FPhD%2FD%C3%96K%2FD%C3%96K%202025%2FK%C3%BCld%C3%B6ttgy%C5%B1l%C3%A9sek%2F2025%2E10%2E27%2FJegyz%C5%91k%C3%B6nyv%202025%2E10%2E27%2E%2Epdf&amp;parent=%2Fpersonal%2Fmag8917%5Funivet%5Fhu%2FDocuments%2FPatesz%2F%C3%81TE%2FPhD%2FD%C3%96K%2FD%C3%96K%202025%2FK%C3%BCld%C3%B6ttgy%C5%B1l%C3%A9sek%2F2025%2E10%2E27\">10.27.<\/a><\/p> <p><span style=\"font-size: 18pt\"><strong>2024<\/strong><\/span><\/p> <p><a href=\"https:\/\/allatorvosiegyetem-my.sharepoint.com\/my?login_hint=Mag8917%40univet%2Ehu&amp;id=%2Fpersonal%2Fmag8917%5Funivet%5Fhu%2FDocuments%2FPatesz%2F%C3%81TE%2FPhD%2FD%C3%96K%2FD%C3%96K%202025%2FK%C3%BCld%C3%B6ttgy%C5%B1l%C3%A9sek%2F2024%2E09%2E28%2FJegyz%C5%91k%C3%B6nyv%202024%2E09%2E28%2E%2Epdf&amp;parent=%2Fpersonal%2Fmag8917%5Funivet%5Fhu%2FDocuments%2FPatesz%2F%C3%81TE%2FPhD%2FD%C3%96K%2FD%C3%96K%202025%2FK%C3%BCld%C3%B6ttgy%C5%B1l%C3%A9sek%2F2024%2E09%2E28\">09.28.<\/a><\/p> <p><a href=\"https:\/\/allatorvosiegyetem-my.sharepoint.com\/my?login_hint=Mag8917%40univet%2Ehu&amp;id=%2Fpersonal%2Fmag8917%5Funivet%5Fhu%2FDocuments%2FPatesz%2F%C3%81TE%2FPhD%2FD%C3%96K%2FD%C3%96K%202025%2FK%C3%BCld%C3%B6ttgy%C5%B1l%C3%A9sek%2F2024%2E11%2E14%2FJegyz%C5%91k%C3%B6nyv%202024%2E11%2E14%2Epdf&amp;parent=%2Fpersonal%2Fmag8917%5Funivet%5Fhu%2FDocuments%2FPatesz%2F%C3%81TE%2FPhD%2FD%C3%96K%2FD%C3%96K%202025%2FK%C3%BCld%C3%B6ttgy%C5%B1l%C3%A9sek%2F2024%2E11%2E14\">11.14.<\/a><\/p> <p><a href=\"https:\/\/allatorvosiegyetem-my.sharepoint.com\/my?login_hint=Mag8917%40univet%2Ehu&amp;id=%2Fpersonal%2Fmag8917%5Funivet%5Fhu%2FDocuments%2FPatesz%2F%C3%81TE%2FPhD%2FD%C3%96K%2FD%C3%96K%202025%2FK%C3%BCld%C3%B6ttgy%C5%B1l%C3%A9sek%2F2024%2E11%2E27%2FJegyz%C5%91k%C3%B6nyv%202024%2E11%2E28%2E%2Epdf&amp;parent=%2Fpersonal%2Fmag8917%5Funivet%5Fhu%2FDocuments%2FPatesz%2F%C3%81TE%2FPhD%2FD%C3%96K%2FD%C3%96K%202025%2FK%C3%BCld%C3%B6ttgy%C5%B1l%C3%A9sek%2F2024%2E11%2E27\">11.28.<\/a><\/p>","protected":false},"excerpt":{"rendered":"<p>2026 04.10. 2025 01.22. 09.03. 10.27. 2024 09.28. 11.14. 11.28.<\/p>\n","protected":false},"author":4574,"featured_media":0,"parent":843,"menu_order":0,"comment_status":"open","ping_status":"open","template":"","meta":{"_acf_changed":false,"footnotes":""},"categories":[],"tags":[],"class_list":["post-177026","page","type-page","status-publish","hentry"],"acf":[],"_links":{"self":[{"href":"https:\/\/univet.hu\/hu\/wp-json\/wp\/v2\/pages\/177026","targetHints":{"allow":["GET"]}}],"collection":[{"href":"https:\/\/univet.hu\/hu\/wp-json\/wp\/v2\/pages"}],"about":[{"href":"https:\/\/univet.hu\/hu\/wp-json\/wp\/v2\/types\/page"}],"author":[{"embeddable":true,"href":"https:\/\/univet.hu\/hu\/wp-json\/wp\/v2\/users\/4574"}],"replies":[{"embeddable":true,"href":"https:\/\/univet.hu\/hu\/wp-json\/wp\/v2\/comments?post=177026"}],"version-history":[{"count":6,"href":"https:\/\/univet.hu\/hu\/wp-json\/wp\/v2\/pages\/177026\/revisions"}],"predecessor-version":[{"id":205172,"href":"https:\/\/univet.hu\/hu\/wp-json\/wp\/v2\/pages\/177026\/revisions\/205172"}],"up":[{"embeddable":true,"href":"https:\/\/univet.hu\/hu\/wp-json\/wp\/v2\/pages\/843"}],"wp:attachment":[{"href":"https:\/\/univet.hu\/hu\/wp-json\/wp\/v2\/media?parent=177026"}],"wp:term":[{"taxonomy":"category","embeddable":true,"href":"https:\/\/univet.hu\/hu\/wp-json\/wp\/v2\/categories?post=177026"},{"taxonomy":"post_tag","embeddable":true,"href":"https:\/\/univet.hu\/hu\/wp-json\/wp\/v2\/tags?post=177026"}],"curies":[{"name":"wp","href":"https:\/\/api.w.org\/{rel}","templated":true}]}}