{"id":17748,"date":"2018-09-13T18:31:08","date_gmt":"2018-09-13T16:31:08","guid":{"rendered":"http:\/\/univet.hu\/?page_id=17748"},"modified":"2021-04-08T12:08:53","modified_gmt":"2021-04-08T10:08:53","slug":"ltk-bemutatasa-es-tortenete","status":"publish","type":"page","link":"https:\/\/univet.hu\/hu\/klinikak\/loklinika\/nyitolap\/ltk-bemutatasa-es-tortenete\/","title":{"rendered":"LTK bemutat\u00e1sa \u00e9s t\u00f6rt\u00e9nete"},"content":{"rendered":"<div> <p>Magyarorsz\u00e1g egyetlen L\u00f3klinik\u00e1ja non-stop betegell\u00e1t\u00e1si szolg\u00e1ltat\u00e1ssal.\u00a0A klinika a nemzetk\u00f6zi tapasztalattal rendelkez\u0151 \u00e1llatorvos g\u00e1rd\u00e1j\u00e1nak \u00e9s az \u00faj CT \u00e9s MRI berendez\u00e9seknek k\u00f6sz\u00f6nhet\u0151en Eur\u00f3pa egyik \u00e9lvonal\u00e1ba ker\u00fclt l\u00f3gy\u00f3gy\u00e1szati centrum.<\/p> <\/div> <div> <p>Az \u00c1llatorvostudom\u00e1nyi Egyetem L\u00f3gy\u00f3gy\u00e1szati Tansz\u00e9k \u00e9s Klinik\u00e1ja 2013 szeptember\u00e9ben alakult meg azzal a c\u00e9llal, hogy a modern \u00e1llatorvos k\u00e9pz\u00e9snek megfelel\u0151en, kiemelked\u0151en magas sz\u00ednvonalon szolg\u00e1lja a l\u00f3gy\u00f3gy\u00e1szati oktat\u00e1s, a kutat\u00e1s \u00e9s betegell\u00e1t\u00e1s feladatait.<\/p> <p>Az egyetem 2016-ban ism\u00e9t \u00f6n\u00e1ll\u00f3v\u00e1 v\u00e1lt. Ezt k\u00f6vet\u0151en a k\u00fclf\u00f6ldi tapasztalattal rendelkez\u0151, j\u00f3l k\u00e9pzett \u00e1llatorvosi g\u00e1rda eg\u00e9sz \u00e9vben, \u00e9jjel-nappal teljes k\u00f6r\u0171 seb\u00e9szeti, s\u00fcrg\u0151ss\u00e9gi (csontt\u00f6r\u00e9sek, k\u00f3lik\u00e1s betegek seb\u00e9szeti ell\u00e1t\u00e1sa, traumatiz\u00e1lt betegek), belgy\u00f3gy\u00e1szati \u00e9s sz\u00fcl\u00e9szeti ell\u00e1t\u00e1st biztos\u00edt az ide \u00e9rkez\u0151 betegeknek<\/p> <p>Az oktat\u00e1s h\u00e1rom nyelven (magyar, angol \u00e9s n\u00e9met) zajlik, a vil\u00e1g k\u00f6zel 50 orsz\u00e1g\u00e1b\u00f3l \u00e9rkeznek hallgat\u00f3k klinik\u00e1nkra, hogy elsaj\u00e1t\u00edts\u00e1k az \u00e1llatorvosi szakma rejtelmeit.<\/p> <p>A k\u00f6rnyez\u0151 orsz\u00e1gokb\u00f3l (Szlov\u00e1kia, Rom\u00e1nia, Szerbia, Szlov\u00e9nia, Ausztria) is rendszeresen \u00e9rkeznek a klinik\u00e1ra betegek.<\/p> <\/div>","protected":false},"excerpt":{"rendered":"<p>Magyarorsz\u00e1g egyetlen L\u00f3klinik\u00e1ja non-stop betegell\u00e1t\u00e1si szolg\u00e1ltat\u00e1ssal.\u00a0A klinika a nemzetk\u00f6zi tapasztalattal rendelkez\u0151 \u00e1llatorvos g\u00e1rd\u00e1j\u00e1nak \u00e9s az \u00faj CT \u00e9s MRI berendez\u00e9seknek k\u00f6sz\u00f6nhet\u0151en Eur\u00f3pa egyik \u00e9lvonal\u00e1ba ker\u00fclt l\u00f3gy\u00f3gy\u00e1szati centrum. Az \u00c1llatorvostudom\u00e1nyi Egyetem L\u00f3gy\u00f3gy\u00e1szati Tansz\u00e9k \u00e9s Klinik\u00e1ja 2013 szeptember\u00e9ben alakult meg azzal a c\u00e9llal, hogy a modern \u00e1llatorvos k\u00e9pz\u00e9snek megfelel\u0151en, kiemelked\u0151en magas sz\u00ednvonalon szolg\u00e1lja a l\u00f3gy\u00f3gy\u00e1szati oktat\u00e1s, a<\/p>\n","protected":false},"author":1,"featured_media":0,"parent":17745,"menu_order":127,"comment_status":"closed","ping_status":"closed","template":"","meta":{"_acf_changed":false,"footnotes":""},"categories":[],"tags":[],"class_list":["post-17748","page","type-page","status-publish","hentry"],"acf":[],"_links":{"self":[{"href":"https:\/\/univet.hu\/hu\/wp-json\/wp\/v2\/pages\/17748","targetHints":{"allow":["GET"]}}],"collection":[{"href":"https:\/\/univet.hu\/hu\/wp-json\/wp\/v2\/pages"}],"about":[{"href":"https:\/\/univet.hu\/hu\/wp-json\/wp\/v2\/types\/page"}],"author":[{"embeddable":true,"href":"https:\/\/univet.hu\/hu\/wp-json\/wp\/v2\/users\/1"}],"replies":[{"embeddable":true,"href":"https:\/\/univet.hu\/hu\/wp-json\/wp\/v2\/comments?post=17748"}],"version-history":[{"count":0,"href":"https:\/\/univet.hu\/hu\/wp-json\/wp\/v2\/pages\/17748\/revisions"}],"up":[{"embeddable":true,"href":"https:\/\/univet.hu\/hu\/wp-json\/wp\/v2\/pages\/17745"}],"wp:attachment":[{"href":"https:\/\/univet.hu\/hu\/wp-json\/wp\/v2\/media?parent=17748"}],"wp:term":[{"taxonomy":"category","embeddable":true,"href":"https:\/\/univet.hu\/hu\/wp-json\/wp\/v2\/categories?post=17748"},{"taxonomy":"post_tag","embeddable":true,"href":"https:\/\/univet.hu\/hu\/wp-json\/wp\/v2\/tags?post=17748"}],"curies":[{"name":"wp","href":"https:\/\/api.w.org\/{rel}","templated":true}]}}