{"id":177491,"date":"2025-03-20T15:43:14","date_gmt":"2025-03-20T14:43:14","guid":{"rendered":"https:\/\/univet.hu\/?page_id=177491"},"modified":"2026-04-24T10:17:10","modified_gmt":"2026-04-24T08:17:10","slug":"kozzeteteli-kotelezettseg","status":"publish","type":"page","link":"https:\/\/univet.hu\/hu\/egyetem\/kozerdeku-adatok\/kozzeteteli-kotelezettseg\/","title":{"rendered":"K\u00f6zz\u00e9t\u00e9teli k\u00f6telezetts\u00e9g"},"content":{"rendered":"<p><a href=\"https:\/\/univet.hu\/wp-content\/uploads\/2025\/03\/A\u0301OTE_ESZR_2024_e\u0301ves_publikus.pdf\">\u00c9ves energetikai szakreferensi jelent\u00e9s &#8211; 2025<\/a><\/p> <p>&nbsp;<\/p>","protected":false},"excerpt":{"rendered":"<p>\u00c9ves energetikai szakreferensi jelent\u00e9s &#8211; 2025 &nbsp;<\/p>\n","protected":false},"author":5,"featured_media":0,"parent":1207,"menu_order":30,"comment_status":"closed","ping_status":"closed","template":"","meta":{"_acf_changed":false,"footnotes":""},"categories":[],"tags":[],"class_list":["post-177491","page","type-page","status-publish","hentry"],"acf":[],"_links":{"self":[{"href":"https:\/\/univet.hu\/hu\/wp-json\/wp\/v2\/pages\/177491","targetHints":{"allow":["GET"]}}],"collection":[{"href":"https:\/\/univet.hu\/hu\/wp-json\/wp\/v2\/pages"}],"about":[{"href":"https:\/\/univet.hu\/hu\/wp-json\/wp\/v2\/types\/page"}],"author":[{"embeddable":true,"href":"https:\/\/univet.hu\/hu\/wp-json\/wp\/v2\/users\/5"}],"replies":[{"embeddable":true,"href":"https:\/\/univet.hu\/hu\/wp-json\/wp\/v2\/comments?post=177491"}],"version-history":[{"count":4,"href":"https:\/\/univet.hu\/hu\/wp-json\/wp\/v2\/pages\/177491\/revisions"}],"predecessor-version":[{"id":206224,"href":"https:\/\/univet.hu\/hu\/wp-json\/wp\/v2\/pages\/177491\/revisions\/206224"}],"up":[{"embeddable":true,"href":"https:\/\/univet.hu\/hu\/wp-json\/wp\/v2\/pages\/1207"}],"wp:attachment":[{"href":"https:\/\/univet.hu\/hu\/wp-json\/wp\/v2\/media?parent=177491"}],"wp:term":[{"taxonomy":"category","embeddable":true,"href":"https:\/\/univet.hu\/hu\/wp-json\/wp\/v2\/categories?post=177491"},{"taxonomy":"post_tag","embeddable":true,"href":"https:\/\/univet.hu\/hu\/wp-json\/wp\/v2\/tags?post=177491"}],"curies":[{"name":"wp","href":"https:\/\/api.w.org\/{rel}","templated":true}]}}