{"id":17752,"date":"2018-09-13T18:40:10","date_gmt":"2018-09-13T16:40:10","guid":{"rendered":"http:\/\/univet.hu\/?page_id=17752"},"modified":"2022-03-22T14:33:13","modified_gmt":"2022-03-22T13:33:13","slug":"betegellatas","status":"publish","type":"page","link":"https:\/\/univet.hu\/hu\/klinikak\/loklinika\/betegellatas\/","title":{"rendered":"Betegell\u00e1t\u00e1s"},"content":{"rendered":"<p>K\u00e9rj\u00fck, hogy v\u00e1lasszon az al\u00e1bbi men\u00fcpontok k\u00f6z\u00fcl:<\/p> <ul> <li><a href=\"https:\/\/univet.hu\/hu\/klinikak\/loklinika\/betegellatas\/belgyogyaszat-es-szuleszet\/\" data-replaced=\"true\">Belgy\u00f3gy\u00e1szat \u00e9s sz\u00fcl\u00e9szet \u00bb<\/a><\/li> <li><a href=\"https:\/\/univet.hu\/hu\/klinikak\/loklinika\/betegellatas\/sebeszet-es-szemeszet\/\" data-replaced=\"true\">Seb\u00e9szet \u00e9s szem\u00e9szet \u00bb<\/a><\/li> <li><a href=\"https:\/\/univet.hu\/hu\/klinikak\/loklinika\/betegellatas\/arlista\/\" data-replaced=\"true\">\u00c1rlista \u00bb<\/a><\/li> <\/ul> <p>&nbsp;<\/p>","protected":false},"excerpt":{"rendered":"<p>K\u00e9rj\u00fck, hogy v\u00e1lasszon az al\u00e1bbi men\u00fcpontok k\u00f6z\u00fcl: Belgy\u00f3gy\u00e1szat \u00e9s sz\u00fcl\u00e9szet \u00bb Seb\u00e9szet \u00e9s szem\u00e9szet \u00bb \u00c1rlista \u00bb &nbsp;<\/p>\n","protected":false},"author":1,"featured_media":0,"parent":2211,"menu_order":244,"comment_status":"closed","ping_status":"closed","template":"","meta":{"_acf_changed":false,"footnotes":""},"categories":[],"tags":[],"class_list":["post-17752","page","type-page","status-publish","hentry"],"acf":[],"_links":{"self":[{"href":"https:\/\/univet.hu\/hu\/wp-json\/wp\/v2\/pages\/17752","targetHints":{"allow":["GET"]}}],"collection":[{"href":"https:\/\/univet.hu\/hu\/wp-json\/wp\/v2\/pages"}],"about":[{"href":"https:\/\/univet.hu\/hu\/wp-json\/wp\/v2\/types\/page"}],"author":[{"embeddable":true,"href":"https:\/\/univet.hu\/hu\/wp-json\/wp\/v2\/users\/1"}],"replies":[{"embeddable":true,"href":"https:\/\/univet.hu\/hu\/wp-json\/wp\/v2\/comments?post=17752"}],"version-history":[{"count":0,"href":"https:\/\/univet.hu\/hu\/wp-json\/wp\/v2\/pages\/17752\/revisions"}],"up":[{"embeddable":true,"href":"https:\/\/univet.hu\/hu\/wp-json\/wp\/v2\/pages\/2211"}],"wp:attachment":[{"href":"https:\/\/univet.hu\/hu\/wp-json\/wp\/v2\/media?parent=17752"}],"wp:term":[{"taxonomy":"category","embeddable":true,"href":"https:\/\/univet.hu\/hu\/wp-json\/wp\/v2\/categories?post=17752"},{"taxonomy":"post_tag","embeddable":true,"href":"https:\/\/univet.hu\/hu\/wp-json\/wp\/v2\/tags?post=17752"}],"curies":[{"name":"wp","href":"https:\/\/api.w.org\/{rel}","templated":true}]}}