{"id":17754,"date":"2018-09-13T18:45:28","date_gmt":"2018-09-13T16:45:28","guid":{"rendered":"http:\/\/univet.hu\/?page_id=17754"},"modified":"2018-09-14T21:34:39","modified_gmt":"2018-09-14T19:34:39","slug":"belgyogyaszat-es-szuleszet","status":"publish","type":"page","link":"https:\/\/univet.hu\/hu\/klinikak\/loklinika\/betegellatas\/belgyogyaszat-es-szuleszet\/","title":{"rendered":"Belgy\u00f3gy\u00e1szat \u00e9s sz\u00fcl\u00e9szet"},"content":{"rendered":"<p>A <strong>L\u00f3gy\u00f3gy\u00e1szati Tansz\u00e9k \u00e9s Klinika (LTK)<\/strong> k\u00fclf\u00f6ldr\u0151l sok\u00e9ves tapasztalattal hazat\u00e9rt koll\u00e9g\u00e1i \u00e9s kiv\u00e1l\u00f3 m\u0171szerezetts\u00e9ge j\u00f3volt\u00e1b\u00f3l teljes k\u00f6r\u0171 \u00e9s alapos belgy\u00f3gy\u00e1szati \u00e9s intenz\u00edv k\u00f3rh\u00e1zi ell\u00e1t\u00e1sra ad lehet\u0151s\u00e9get.<\/p> <p><a href=\"https:\/\/univet.hu\/wp-content\/uploads\/2018\/09\/loklinika-vergaz-automata.jpg\" data-replaced=\"true\"><img loading=\"lazy\" decoding=\"async\" class=\"alignleft size-full wp-image-16709\" src=\"https:\/\/univet.hu\/wp-content\/uploads\/2018\/09\/loklinika-vergaz-automata.jpg\" data-replaced=\"true\" alt=\"\" width=\"150\" height=\"113\" \/><\/a>K\u00f3lik\u00e1s megbeteged\u00e9sek eset\u00e9n a korai diagn\u00f3zis kulcsfontoss\u00e1g\u00fa. A k\u00f3lik\u00e1s lovak \u00e1llapotfelm\u00e9r\u00e9s\u00e9t a l\u00f3 alapvizsg\u00e1lat\u00e1n t\u00fal (fizik\u00e1lis vizsg\u00e1lat, rekt\u00e1lis vizsg\u00e1lat, orrnyel\u0151cs\u0151szond\u00e1z\u00e1s), professzion\u00e1lis ultrahang k\u00e9sz\u00fcl\u00e9k \u00e9s laborat\u00f3riumi h\u00e1tt\u00e9r is seg\u00edti. A gyors d\u00f6nt\u00e9shozatalban elengedhetetlen a helysz\u00ednen el\u00e9rhet\u0151 labordiagnosztika, mely ak\u00e1r perceken bel\u00fcl juttatja a vizsg\u00e1l\u00f3t a diagn\u00f3zis fel\u00e1ll\u00edt\u00e1s\u00e1hoz sz\u00fcks\u00e9ges elengedhetetlen inform\u00e1ci\u00f3khoz, amely els\u0151sorban a kezel\u00e9si k\u00f6lts\u00e9gek \u00e9s k\u00f3rj\u00f3slat tekintet\u00e9ben fontos. A d\u00f6nt\u00e9shozatalt, illetve a tulajdonos beleegyez\u00e9s\u00e9t k\u00f6vet\u0151en megkezd\u0151dhet a m\u0171t\u00e9t, ak\u00e1r nappal, ak\u00e1r \u00e9jszaka ker\u00fcl a beteg az LTK-ra.<\/p> <p><a href=\"https:\/\/univet.hu\/wp-content\/uploads\/2018\/09\/loklinika-laborgep.jpg\" data-replaced=\"true\"><img loading=\"lazy\" decoding=\"async\" class=\"alignright size-full wp-image-16707\" src=\"https:\/\/univet.hu\/wp-content\/uploads\/2018\/09\/loklinika-laborgep.jpg\" data-replaced=\"true\" alt=\"\" width=\"150\" height=\"113\" \/><\/a>Az akut t\u00edpus\u00fa has\u0171ri megbeteged\u00e9sek mellett kr\u00f3nikus b\u00e9lrendszeri megbeteged\u00e9sek, fogy\u00e1s, hasmen\u00e9s, \u00e9tv\u00e1gycs\u00f6kken\u00e9s vagy egy\u00e9b r\u00e9g\u00f3ta fenn\u00e1ll\u00f3 megbeteged\u00e9s oka is felkutathat\u00f3 az itt el\u00e9rhet\u0151 r\u00e9szletes kivizsg\u00e1l\u00e1s sor\u00e1n. Ez ak\u00e1r t\u00f6bb napot vehet ig\u00e9nybe, hogy az egym\u00e1st befoly\u00e1sol\u00f3 tesztek megfelel\u0151 id\u0151kihagy\u00e1ssal legyenek elv\u00e9gezhet\u0151k. (Gyomort\u00fckr\u00f6z\u00e9s, gl\u00fck\u00f3z felsz\u00edv\u00f3d\u00e1si teszt, b\u00e9lbiopszia, metabolikus \u00e9s endokrinol\u00f3giai vizsg\u00e1latok).<\/p> <p><a href=\"https:\/\/univet.hu\/wp-content\/uploads\/2018\/09\/loklinika-ultrahang.jpg\" data-replaced=\"true\"><img loading=\"lazy\" decoding=\"async\" class=\"alignleft size-full wp-image-16708\" src=\"https:\/\/univet.hu\/wp-content\/uploads\/2018\/09\/loklinika-ultrahang.jpg\" data-replaced=\"true\" alt=\"\" width=\"148\" height=\"180\" \/><\/a>A m\u00e1j \u00e9s kiv\u00e1laszt\u00f3 szervek diagnosztik\u00e1j\u00e1hoz \u00e9s gy\u00f3gyszeres kezel\u00e9s\u00e9hez szint\u00e9n minden kieg\u00e9sz\u00edt\u0151, laborat\u00f3riumi \u00e9s kontroll vizsg\u00e1lat helyben elv\u00e9gezhet\u0151. (m\u00e1j \u00e9s vese profil vizsg\u00e1lat, hasi ultrahang, biopszia, cisztoszk\u00f3pia, vizelet vizsg\u00e1lat, stb.).<\/p> <p><a href=\"https:\/\/univet.hu\/wp-content\/uploads\/2018\/09\/loklinika-dhs.jpg\" data-replaced=\"true\"><img loading=\"lazy\" decoding=\"async\" class=\"alignright size-full wp-image-16704\" src=\"https:\/\/univet.hu\/wp-content\/uploads\/2018\/09\/loklinika-dhs.jpg\" data-replaced=\"true\" alt=\"\" width=\"150\" height=\"100\" \/><\/a>L\u00e9gz\u0151szervi t\u00fcnetekkel \u00e9rkez\u0151 betegeink ell\u00e1t\u00e1sa sor\u00e1n, a l\u00f3 \u00e1tfog\u00f3 fizik\u00e1lis vizsg\u00e1lata \u00e9s v\u00e9r sejtes \u00e9s biok\u00e9miai param\u00e9terjeinek felm\u00e9r\u00e9se ut\u00e1n a tov\u00e1bbiakban indokolt vizsg\u00e1latok elv\u00e9gezhet\u0151ek (mell\u00fcreg ultrahang-, \u00e9s radiol\u00f3giai vizsg\u00e1lata, a l\u00e9g\u00fati endoszk\u00f3pia, citol\u00f3giai \u00e9s mikrobiol\u00f3giai mintav\u00e9tel, fut\u00f3pados endoszk\u00f3pia). \u00dajonnan beszerzett eszk\u00f6z\u00fcnkkel K\u00f6z\u00e9p-Kelet Eur\u00f3p\u00e1ban egyed\u00fcl itthon elv\u00e9gezhet\u0151 az &#8222;Overground endoszk\u00f3pia&#8221;, melynek sor\u00e1n a l\u00f3 fels\u0151 l\u00e9gutai munka sor\u00e1n is vizsg\u00e1lhat\u00f3ak.<\/p> <p>A k\u00fcl\u00f6nb\u00f6z\u0151 jelleg\u0171 l\u00e9g\u00fati mint\u00e1k (virol\u00f3gia, szerol\u00f3gia, biopt\u00e1tumok, sejtkenetek, bakt\u00e9rium tipiz\u00e1l\u00e1s) egy r\u00e9sz\u00e9t a Klinik\u00e1n m\u0171k\u00f6d\u0151 labordiagnosztikai szolg\u00e1ltat\u00e1s keretein bel\u00fcl r\u00f6gt\u00f6n elv\u00e9gezz\u00fck, emellett speci\u00e1lis molekul\u00e1ris biol\u00f3giai \u00e9s laborat\u00f3riumi m\u00f3dszerek elv\u00e9gz\u00e9s\u00e9hez k\u00fcl\u00f6nb\u00f6z\u0151 Magyarorsz\u00e1gon \u00e9s k\u00fclf\u00f6ld\u00f6n m\u0171k\u00f6d\u0151 laborokkal vagyunk munkakapcsolatban. A l\u00e9gz\u0151szervi kivizsg\u00e1l\u00e1s n\u00e9h\u00e1ny \u00f3r\u00e1t vesz ig\u00e9nybe, \u00edgy a j\u00f3 \u00e1ltal\u00e1nos \u00e1llapotban lev\u0151 lovak a be\u00e9rkez\u00e9s napj\u00e1n el is hagyhatj\u00e1k a Klinik\u00e1t. A diagn\u00f3zist a laborat\u00f3riumi eredm\u00e9nyek meg\u00e9rkez\u00e9se ut\u00e1n (3-10 nap) telefonon, vagy szem\u00e9lyesen megbesz\u00e9lj\u00fck a tulajdonossal, majd az \u00edr\u00e1sos z\u00e1r\u00f3jelent\u00e9s v\u00e9g\u00e9n r\u00e9szletes kezel\u00e9si javaslatot adunk. A s\u00falyos \u00e9s heveny esetek kiv\u00e9tel\u00e9vel a l\u00e9gz\u0151szervi kivizsg\u00e1l\u00e1shoz el\u0151zetes telefonos bejelentkez\u00e9s javasolt.<\/p> <p>Sz\u00edv \u00e9s \u00e9rrendszeri megbeteged\u00e9sek gyan\u00faja eset\u00e9n a Doppler-es sz\u00edvultrahang mellett elektrokardiogramm k\u00e9sz\u00edthet\u0151, melyet a Holter k\u00e9sz\u00fcl\u00e9k folyamatosan r\u00f6gz\u00edt ak\u00e1r napokon kereszt\u00fcl. Ilyen m\u00f3don a visszat\u00e9r\u0151, de nem \u00e1lland\u00f3an jelenl\u00e9v\u0151 ritmuszavarok nyugalomban, illetve munka k\u00f6zben is meg\u00e1llap\u00edthat\u00f3ak. Sz\u00edvizom specifikus enzimek m\u00e9r\u00e9se, sz\u00edvgy\u00f3gyszerek v\u00e9r szintj\u00e9nek vizsg\u00e1lata is rutinszer\u0171en v\u00e9gzett.<\/p> <p>Idegrendszeri t\u00fcnetekkel j\u00e1r\u00f3 betegs\u00e9gek felder\u00edt\u00e9s\u00e9hez az \u00e1ltal\u00e1nos diagnosztikai m\u00f3dszerek mellett lehet\u0151s\u00e9g van atlantooccipitalis illetve lumbosacralis punctio elv\u00e9gz\u00e9s\u00e9re. A kinyert liquor citol\u00f3giai, biok\u00e9miai, szerol\u00f3giai, valamint bakteriol\u00f3giai vizsg\u00e1lata elengedhetetlen t\u00f6bbek k\u00f6z\u00f6tt a Magyarorsz\u00e1gon is el\u0151fordul\u00f3, idegrendszeri t\u00fcneteket okoz\u00f3 Nyugat-N\u00edlusi l\u00e1z \u00e9s Herpesz v\u00edrus okozta gerinc \u00e9s agyvel\u0151 gyullad\u00e1s diagnosztiz\u00e1l\u00e1s\u00e1hoz. A k\u00f6zponti idegrendszer morfol\u00f3giai \u00e9rintetts\u00e9ge eset\u00e9n kontraszt-myelogr\u00e1fia illetve koponya-CT k\u00e9sz\u00edthet\u0151 a k\u00f3ros elv\u00e1ltoz\u00e1s felder\u00edt\u00e9s\u00e9re. Ezeket a vizsg\u00e1latokat \u00e1ltal\u00e1nos aneszt\u00e9zi\u00e1ban v\u00e9gezz\u00fck, a l\u00f3 legnagyobb biztons\u00e1ga \u00e9rdek\u00e9ben folyamatos monitoriz\u00e1l\u00e1s mellett.<\/p> <p><a href=\"https:\/\/univet.hu\/wp-content\/uploads\/2018\/09\/loklinika-dhs-2.jpg\" data-replaced=\"true\"><img loading=\"lazy\" decoding=\"async\" class=\"alignright size-full wp-image-16705\" src=\"https:\/\/univet.hu\/wp-content\/uploads\/2018\/09\/loklinika-dhs-2.jpg\" data-replaced=\"true\" alt=\"\" width=\"150\" height=\"113\" \/><\/a>A k\u00fcl\u00f6nb\u00f6z\u0151 b\u0151r \u00e9s v\u00e1zizom rendszer eredet\u0171 elv\u00e1ltoz\u00e1sok diagnosztik\u00e1j\u00e1ban is hathat\u00f3s seg\u00edts\u00e9get ny\u00fajt a laborat\u00f3riumi felszerelts\u00e9g (kenetek, biopszi\u00e1k, speci\u00e1lis sz\u00f6vettani fest\u00e9si elj\u00e1r\u00e1sok kivitelez\u00e9se, allergia vizsg\u00e1latok).<\/p> <p>K\u00f6z\u00e9pkor\u00fa valamint id\u0151s lovak gyakori probl\u00e9m\u00e1ja a metabolikus szindr\u00f3ma \u00e9s a Cushing-k\u00f3r. Ezek diagnosztiz\u00e1l\u00e1sa \u00e9s menedzsel\u00e9se szint\u00e9n az LTK profilj\u00e1nak a szerves r\u00e9sze.<\/p> <p>A teljes k\u00f6r\u0171 24 \u00f3r\u00e1s ell\u00e1t\u00e1st ny\u00fajt\u00f3 l\u00f3klinik\u00e1k legnagyobb munkaer\u0151, gy\u00f3gyszer \u00e9s anyagi vonzat\u00e1t mag\u00e1ban hordoz\u00f3 intenziv ter\u00e1pia haz\u00e1nkban jelenleg csak a LTK-n val\u00f3s\u00edthat\u00f3 meg (gyakori \u00e1llapotellen\u0151rz\u00e9s, folyamatos oxig\u00e9n ter\u00e1pia, mesters\u00e9ges t\u00e1pl\u00e1l\u00e1s, folyamatos folyad\u00e9kter\u00e1pia, v\u00e9r\u00e1t\u00f6mleszt\u00e9s megfelel\u0151 donorb\u00f3l, stb. ). A s\u00falyos \u00e9s \u00e9letvesz\u00e9lyes t\u00fcnetekkel \u00e9rkez\u0151 betegeket stabiliz\u00e1ljuk, majd megfelel\u0151 diagnosztika elv\u00e9gz\u00e9se ut\u00e1n c\u00e9lir\u00e1nyosan kezelj\u00fck.<\/p> <p><a href=\"https:\/\/univet.hu\/wp-content\/uploads\/2018\/09\/loklinika-futopad.jpg\" data-replaced=\"true\"><img loading=\"lazy\" decoding=\"async\" class=\"alignright size-full wp-image-16706\" src=\"https:\/\/univet.hu\/wp-content\/uploads\/2018\/09\/loklinika-futopad.jpg\" data-replaced=\"true\" alt=\"\" width=\"150\" height=\"113\" \/><\/a>A lovassportok vil\u00e1g\u00e1ban manaps\u00e1g elengedhetetlen a lovak teljes\u00edtm\u00e9nyvizsg\u00e1lata. A teljes\u00edtm\u00e9ny cs\u00f6kken\u00e9st sz\u00e1mos szervrendszer szuboptim\u00e1lis funkci\u00f3ja okozhatja. Ennek sz\u00ednvonalas, Magyarorsz\u00e1gon csak Klinik\u00e1nkon el\u00e9rhet\u0151 m\u00f3dja a fut\u00f3pados vizsg\u00e1lat. A l\u00f3 edzetts\u00e9gi \u00e1llapot\u00e1nak alap felm\u00e9r\u00e9se terepen is t\u00f6rt\u00e9nhet, de prec\u00edz diagn\u00f3zis fel\u00e1ll\u00edt\u00e1s\u00e1hoz komoly eszk\u00f6zpark \u00e9s t\u00f6bb szakter\u00fcleten is j\u00e1rtas szakmai csapat sz\u00fcks\u00e9ges. A fut\u00f3pados teljes\u00edtm\u00e9nyvizsg\u00e1lat az egyetlen m\u00f3dszer abban az esetben, ha a l\u00f3nak olyan szubklinikai elv\u00e1ltoz\u00e1sa van, ami kiz\u00e1r\u00f3lag maxim\u00e1lis terhel\u00e9s sor\u00e1n jelenik meg.<\/p> <p>Az \u00fajsz\u00fcl\u00f6tt csik\u00f3 a legnagyobb \u00f6r\u00f6m, de a fiatal \u00e1llatok rendk\u00edv\u00fcl v\u00e9dtelenek a fert\u0151z\u00e9sekkel szemben. A min\u0151s\u00e9gi teny\u00e9sz- \u00e9s verseny ut\u00e1np\u00f3tl\u00e1shoz elengedhetetlen az eg\u00e9szs\u00e9ges \u00fajsz\u00fcl\u00f6tt csik\u00f3. Ebben a teny\u00e9szt\u0151knek partnere az LTK, hiszen itt lehet\u0151s\u00e9g van magas vemhes kanc\u00e1k monitoriz\u00e1l\u00e1s\u00e1ra, ell\u00e9si els\u0151seg\u00e9lyny\u00fajt\u00e1sra, a sz\u00fcletett csik\u00f3 r\u00e9szletes \u00e1llapot felm\u00e9r\u00e9s\u00e9re \u00e9s sz\u00fcks\u00e9g eset\u00e9n kezel\u00e9s\u00e9re is (antibiotikumok, plazma \u00e9s inf\u00fazi\u00f3s ter\u00e1pia). L\u00f3 neonatol\u00f3gia rendk\u00edv\u00fcl nagy szakmai tapasztalatot ig\u00e9nyel, melynek meghonos\u00edt\u00e1sa k\u00fclf\u00f6ldi vil\u00e1gsz\u00ednvonal\u00fa klinik\u00e1kon \u00e9veket elt\u00f6lt\u00f6tt koll\u00e9g\u00e1inknak k\u00f6sz\u00f6nhet\u0151en m\u00e1ra itthon is val\u00f3s\u00e1gg\u00e1 v\u00e1lt.<\/p>","protected":false},"excerpt":{"rendered":"<p>A L\u00f3gy\u00f3gy\u00e1szati Tansz\u00e9k \u00e9s Klinika (LTK) k\u00fclf\u00f6ldr\u0151l sok\u00e9ves tapasztalattal hazat\u00e9rt koll\u00e9g\u00e1i \u00e9s kiv\u00e1l\u00f3 m\u0171szerezetts\u00e9ge j\u00f3volt\u00e1b\u00f3l teljes k\u00f6r\u0171 \u00e9s alapos belgy\u00f3gy\u00e1szati \u00e9s intenz\u00edv k\u00f3rh\u00e1zi ell\u00e1t\u00e1sra ad lehet\u0151s\u00e9get. K\u00f3lik\u00e1s megbeteged\u00e9sek eset\u00e9n a korai diagn\u00f3zis kulcsfontoss\u00e1g\u00fa. A k\u00f3lik\u00e1s lovak \u00e1llapotfelm\u00e9r\u00e9s\u00e9t a l\u00f3 alapvizsg\u00e1lat\u00e1n t\u00fal (fizik\u00e1lis vizsg\u00e1lat, rekt\u00e1lis vizsg\u00e1lat, orrnyel\u0151cs\u0151szond\u00e1z\u00e1s), professzion\u00e1lis ultrahang k\u00e9sz\u00fcl\u00e9k \u00e9s laborat\u00f3riumi h\u00e1tt\u00e9r is seg\u00edti. A<\/p>\n","protected":false},"author":1,"featured_media":0,"parent":17752,"menu_order":127,"comment_status":"closed","ping_status":"closed","template":"","meta":{"_acf_changed":false,"footnotes":""},"categories":[],"tags":[],"class_list":["post-17754","page","type-page","status-publish","hentry"],"acf":[],"_links":{"self":[{"href":"https:\/\/univet.hu\/hu\/wp-json\/wp\/v2\/pages\/17754","targetHints":{"allow":["GET"]}}],"collection":[{"href":"https:\/\/univet.hu\/hu\/wp-json\/wp\/v2\/pages"}],"about":[{"href":"https:\/\/univet.hu\/hu\/wp-json\/wp\/v2\/types\/page"}],"author":[{"embeddable":true,"href":"https:\/\/univet.hu\/hu\/wp-json\/wp\/v2\/users\/1"}],"replies":[{"embeddable":true,"href":"https:\/\/univet.hu\/hu\/wp-json\/wp\/v2\/comments?post=17754"}],"version-history":[{"count":0,"href":"https:\/\/univet.hu\/hu\/wp-json\/wp\/v2\/pages\/17754\/revisions"}],"up":[{"embeddable":true,"href":"https:\/\/univet.hu\/hu\/wp-json\/wp\/v2\/pages\/17752"}],"wp:attachment":[{"href":"https:\/\/univet.hu\/hu\/wp-json\/wp\/v2\/media?parent=17754"}],"wp:term":[{"taxonomy":"category","embeddable":true,"href":"https:\/\/univet.hu\/hu\/wp-json\/wp\/v2\/categories?post=17754"},{"taxonomy":"post_tag","embeddable":true,"href":"https:\/\/univet.hu\/hu\/wp-json\/wp\/v2\/tags?post=17754"}],"curies":[{"name":"wp","href":"https:\/\/api.w.org\/{rel}","templated":true}]}}