{"id":17757,"date":"2018-09-13T18:50:58","date_gmt":"2018-09-13T16:50:58","guid":{"rendered":"http:\/\/univet.hu\/?page_id=17757"},"modified":"2018-09-14T21:34:45","modified_gmt":"2018-09-14T19:34:45","slug":"sebeszet-es-szemeszet","status":"publish","type":"page","link":"https:\/\/univet.hu\/hu\/klinikak\/loklinika\/betegellatas\/sebeszet-es-szemeszet\/","title":{"rendered":"Seb\u00e9szet \u00e9s szem\u00e9szet"},"content":{"rendered":"<h2>Seb\u00e9szeti m\u0171t\u00e9tek<\/h2> <p>Az \u00fcll\u0151i L\u00f3gy\u00f3gy\u00e1szati Tansz\u00e9k \u00e9s Klinik\u00e1n a m\u0171t\u00e9ti betegell\u00e1t\u00e1s k\u00e9t alapvet\u0151 form\u00e1ra k\u00fcl\u00f6n\u00edthet\u0151 el: a <strong>tervezett<\/strong> \u00e9s a <strong>s\u00fcrg\u0151ss\u00e9gi<\/strong> m\u0171t\u00e9ti beavatkoz\u00e1sokra.<\/p> <p>A <strong>tervezett m\u0171t\u00e9tek<\/strong> sor\u00e1n el\u0151re egyeztetett id\u0151pontra \u00e9rkeznek a betegek, a m\u0171t\u00e9tet megel\u0151z\u0151en alapos klinikai vizsg\u00e1latot, \u00e9s laborvizsg\u00e1latokat v\u00e9gz\u00fcnk, mellyel igyeksz\u00fcnk az esetleges m\u0171t\u00e9ti komplik\u00e1ci\u00f3kat a minim\u00e1lis szintre cs\u00f6kkenteni. A tervezett m\u0171t\u00e9tek lehetnek ortop\u00e9diai, vagy a l\u00e1gyr\u00e9sz seb\u00e9szeti beavatkoz\u00e1sok. A m\u0171t\u00e9teket \u00e1ltal\u00e1nos aneszt\u00e9zi\u00e1ban, altat\u00f3g\u00e9ppel, m\u0171t\u00e9ti k\u00f6r\u00fclm\u00e9nyek k\u00f6z\u00f6tt v\u00e9gezz\u00fck, mely sor\u00e1n a beteg intenz\u00edv monitoriz\u00e1l\u00e1s alatt \u00e1ll, a sz\u00edvfrekvencia, a v\u00e9rnyom\u00e1s, a v\u00e9rg\u00e1z param\u00e9tereket figyelj\u00fck, \u00edgy folyamatosan a legmegfelel\u0151bb \u00e9s egyben legbiztons\u00e1gosabb aneszt\u00e9zi\u00e1t tudjuk biztos\u00edtani. Bizonyos seb\u00e9szeti beavatkoz\u00e1sok \u00e1ll\u00f3 helyzetben is elv\u00e9gezhet\u0151ek, t\u00f6bbek k\u00f6z\u00f6tt a sinusok megnyit\u00e1sa, endoszk\u00f3pos l\u00e9zerseb\u00e9szeti beavatkoz\u00e1sok, laparoszk\u00f3pia, szem\u00e9szeti m\u0171t\u00e9tek \u00e9s sz\u00e1j\u00fcregi beavatkoz\u00e1sok.<\/p> <p><a href=\"https:\/\/univet.hu\/wp-content\/uploads\/2018\/09\/loklinika-sebeszet-1.jpg\" data-replaced=\"true\"><img loading=\"lazy\" decoding=\"async\" class=\"alignright size-full wp-image-16816\" src=\"https:\/\/univet.hu\/wp-content\/uploads\/2018\/09\/loklinika-sebeszet-1.jpg\" data-replaced=\"true\" alt=\"\" width=\"400\" height=\"195\" srcset=\"https:\/\/univet.hu\/wp-content\/uploads\/2018\/09\/loklinika-sebeszet-1.jpg 400w, https:\/\/univet.hu\/wp-content\/uploads\/2018\/09\/loklinika-sebeszet-1-320x156.jpg 320w\" sizes=\"auto, (max-width: 400px) 100vw, 400px\" \/><\/a>A leggyakrabban v\u00e9gzett tervezett l\u00e1gyr\u00e9sz seb\u00e9szeti beavatkoz\u00e1sok, a <em>m\u00e9nek ivartalan\u00edt\u00e1sa, kasztr\u00e1l\u00e1sa<\/em>, melyet vagy a hagyom\u00e1nyos herezacsk\u00f3n ejtett sebeken kereszt\u00fcl v\u00e9gz\u00fcnk, ebben az esetben a sebek nyitottan maradnak, m\u00edg a leg\u00fajabb technika szerint a her\u00e9ket a l\u00e1gy\u00e9kcsatorna felett ejtett bemetsz\u00e9sen kereszt\u00fcl t\u00e1vol\u00edtjuk el, a sebeket z\u00e1rjuk intracutan felsz\u00edv\u00f3d\u00f3 varrattal, amely \u00edgy varratszed\u00e9st nem ig\u00e9nyel. A rejtett her\u00e9j\u0171 lovakn\u00e1l, mind a l\u00e1gy\u00e9ki, mind pedig a has\u0171ri her\u00e9k eset\u00e9ben a gener\u00e1l aneszt\u00e9zi\u00e1ban v\u00e9gzett beavatkoz\u00e1s a leggyakoribb, de has\u0171ri cryptorchismus eset\u00e9n lehets\u00e9ges az \u00e1ll\u00f3 helyzet\u0171 laparoszk\u00f3pos beavatkoz\u00e1s is.<\/p> <p><a href=\"https:\/\/univet.hu\/wp-content\/uploads\/2018\/09\/loklinika-sebeszet-2.jpg\" data-replaced=\"true\"><img loading=\"lazy\" decoding=\"async\" class=\"alignright size-full wp-image-16817\" src=\"https:\/\/univet.hu\/wp-content\/uploads\/2018\/09\/loklinika-sebeszet-2.jpg\" data-replaced=\"true\" alt=\"\" width=\"400\" height=\"135\" srcset=\"https:\/\/univet.hu\/wp-content\/uploads\/2018\/09\/loklinika-sebeszet-2.jpg 400w, https:\/\/univet.hu\/wp-content\/uploads\/2018\/09\/loklinika-sebeszet-2-320x108.jpg 320w\" sizes=\"auto, (max-width: 400px) 100vw, 400px\" \/><\/a>A <em>fels\u0151l\u00e9g\u00fati<\/em> beavatkoz\u00e1sok sor\u00e1n a h\u00f6rg\u0151ss\u00e9g m\u0171t\u00e9ti megold\u00e1s\u00e1ra a laryngoplasztika \u00e9s a ventriculectomia m\u0171t\u00e9ti beavatkoz\u00e1sokat v\u00e9gezz\u00fck, melyeket k\u00f6vet\u0151en a lovak kb. 2 h\u00f3nap alatt t\u00e9rhetnek vissza a munk\u00e1ba. A ventriculectomia m\u0171t\u00e9tet \u00e1ltal\u00e1nos aneszt\u00e9zi\u00e1ban, illetve \u00e1ll\u00f3 helyzetben l\u00e9zerseb\u00e9szeti \u00faton tudjuk elt\u00e1vol\u00edtani.<\/p> <p><a href=\"https:\/\/univet.hu\/wp-content\/uploads\/2018\/09\/loklinika-sebeszet-3.jpg\" data-replaced=\"true\"><img loading=\"lazy\" decoding=\"async\" class=\"alignright size-full wp-image-16831\" src=\"https:\/\/univet.hu\/wp-content\/uploads\/2018\/09\/loklinika-sebeszet-3.jpg\" data-replaced=\"true\" alt=\"\" width=\"400\" height=\"146\" srcset=\"https:\/\/univet.hu\/wp-content\/uploads\/2018\/09\/loklinika-sebeszet-3.jpg 400w, https:\/\/univet.hu\/wp-content\/uploads\/2018\/09\/loklinika-sebeszet-3-320x117.jpg 320w\" sizes=\"auto, (max-width: 400px) 100vw, 400px\" \/><\/a>A <em>kar\u00f3r\u00e1g\u00e1s<\/em> m\u0171t\u00e9ti megold\u00e1s\u00e1n\u00e1l t\u00f6bb izomcsoportot, \u00e9s egy ideget t\u00e1vol\u00edtunk el a nyak t\u00e1j\u00e9k\u00e1r\u00f3l, mellyel jelent\u0151sen cs\u00f6kkenteni tudjuk ennek a rossz szok\u00e1snak a megmarad\u00e1s\u00e1t.<\/p> <p>Az<em> ortop\u00e9diai m\u0171t\u00e9tek<\/em> sor\u00e1n leggyakrabban az arthroszk\u00f3pi\u00e1t v\u00e9gz\u00fcnk, mely egy minim\u00e1l invaz\u00edv technika, \u00edgy az \u00edz\u00fcletet csak egy kb. 1 cm-es bemetsz\u00e9ssel nyitjuk meg, \u00e9s az elv\u00e1ltoz\u00e1st vizualiz\u00e1lva a leghat\u00e9konyabban, \u00e9s a legkisebb l\u00e1gysz\u00f6veti s\u00e9r\u00fcl\u00e9ssel tudjuk az elv\u00e1ltoz\u00e1sokat megsz\u00fcntetni. Ezzel a technik\u00e1val lehets\u00e9ges a fel\u00e9p\u00fcl\u00e9si id\u0151szakot a legink\u00e1bb ler\u00f6vid\u00edteni. Az arthroszk\u00f3pos beavatkoz\u00e1sok szinte az \u00f6sszes \u00edz\u00fcletn\u00e9l elv\u00e9gezhet\u0151ek, leggyakrabban \u00edz\u00fcleti lev\u00e1l\u00e1sokat, chip t\u00f6r\u00e9seket, &#8222;osteoarthritiszt&#8221; degenerat\u00edv \u00edz\u00fcletgyullad\u00e1st kezel\u00fcnk ezzel a m\u0171t\u00e9ti technik\u00e1val.<\/p> <p>Egyre t\u00f6bbsz\u00f6r v\u00e9gz\u00fcnk sikeres m\u0171t\u00e9ti beavatkoz\u00e1st csontt\u00f6r\u00e9sek eset\u00e9n, a leg\u00fajabb implant\u00e1tumok \u00e9s technik\u00e1k seg\u00edts\u00e9g\u00e9vek a kor\u00e1bban nem m\u0171thet\u0151 elv\u00e1ltoz\u00e1sokat is gy\u00f3gykezelhetj\u00fck. Amennyiben a t\u00f6r\u00e9s nem v\u00e1lik ny\u00edltt\u00e1, a t\u00f6rv\u00e9g nem sz\u00farja \u00e1t a b\u0151rfelsz\u00ednt, a t\u00f6r\u00e9s nem t\u00f6bbsz\u00f6r\u00f6s \u00e9s az \u00e1llat nem t\u00fal nagy testt\u00f6meg\u0171, j\u00f3 es\u00e9llyel gy\u00f3gykezelj\u00fck ezen elv\u00e1ltoz\u00e1sokat. A t\u00f6r\u00e9s jelleg\u00e9t\u0151l f\u00fcgg\u0151en a l\u00f3 ak\u00e1r a kor\u00e1bbi sportteljes\u00edtm\u00e9ny\u00e9t is el\u00e9rheti, vagy hobby, illetve teny\u00e9sz c\u00e9lra tov\u00e1bb haszn\u00e1lhat\u00f3.<\/p> <p>Egy\u00e9b ortop\u00e9diai beavatkoz\u00e1sok mint patam\u0171t\u00e9tek, csontkin\u00f6v\u00e9sek elt\u00e1vol\u00edt\u00e1sa, csik\u00f3k v\u00e9gtag\u00e1ll\u00e1si rendelleness\u00e9g\u00e9nek megsz\u00fcntet\u00e9se, pata \u00e9s cs\u00fcd\u00edz\u00fcleti mank\u00f3s \u00e1ll\u00e1sok gy\u00f3gykezel\u00e9se szint\u00e9n a m\u0171t\u00e9ti paletta r\u00e9sz\u00e9t k\u00e9pezik.<\/p> <p><a href=\"https:\/\/univet.hu\/wp-content\/uploads\/2018\/09\/loklinika-sebeszet-7.jpg\" data-replaced=\"true\"><img loading=\"lazy\" decoding=\"async\" class=\"alignright size-full wp-image-16822\" src=\"https:\/\/univet.hu\/wp-content\/uploads\/2018\/09\/loklinika-sebeszet-7.jpg\" data-replaced=\"true\" alt=\"\" width=\"400\" height=\"238\" srcset=\"https:\/\/univet.hu\/wp-content\/uploads\/2018\/09\/loklinika-sebeszet-7.jpg 400w, https:\/\/univet.hu\/wp-content\/uploads\/2018\/09\/loklinika-sebeszet-7-320x190.jpg 320w\" sizes=\"auto, (max-width: 400px) 100vw, 400px\" \/><\/a>A klinika az \u00e9v minden napj\u00e1n 24 \u00f3r\u00e1s, \u00e1lland\u00f3 k\u00e9szenl\u00e9ti beh\u00edv\u00f3s operat\u0151ri rendszert (operat\u0151r, aneszteziol\u00f3gus, asszisztens) m\u0171k\u00f6dtet annak \u00e9rdek\u00e9ben, hogy a <strong>s\u00fcrg\u0151ss\u00e9gi betegell\u00e1t\u00e1s<\/strong> zavartalanul biztos\u00edthat\u00f3 legyen. A s\u00fcrg\u0151ss\u00e9gi beavatkoz\u00e1sokat leggyakrabban a k\u00f3lik\u00e1s megbeteged\u00e9sek eset\u00e9n v\u00e9gz\u00fcnk, minden a klinik\u00e1ra be\u00e9rkez\u0151 k\u00f3lik\u00e1s beteg\u00fcnkn\u00e9l az els\u0151 klinikai vizsg\u00e1latokat k\u00f6vet\u0151en d\u00f6ntj\u00fck el, hogy sz\u00fcks\u00e9ges-e azonnali m\u0171t\u00e9ti beavatkoz\u00e1s vagy konzervat\u00edv (m\u0171t\u00e9t n\u00e9lk\u00fcli) \u00faton ind\u00edthatjuk a beteg kezel\u00e9s\u00e9t. M\u0171t\u00e9tet csak abban az esetben v\u00e9gz\u00fcnk, ha ez elker\u00fclhetetlen az \u00e1llat \u00e9let\u00e9nek megment\u00e9s\u00e9hez. A k\u00f3likam\u0171t\u00e9tet k\u00f6vet\u0151en a lovak visszat\u00e9rhetnek a kor\u00e1bbi haszn\u00e1lati szintre, m\u00e9g egy s\u00falyos elv\u00e1ltoz\u00e1st k\u00f6vet\u0151en is, ahol n\u00e9ha t\u00f6bb m\u00e9ternyi b\u00e9lszakasz is elt\u00e1vol\u00edt\u00e1sra ker\u00fcl.<\/p> <h2><a href=\"https:\/\/univet.hu\/wp-content\/uploads\/2018\/09\/loklinika-sebeszet-10.jpg\" data-replaced=\"true\"><img loading=\"lazy\" decoding=\"async\" class=\"alignright size-full wp-image-16825\" src=\"https:\/\/univet.hu\/wp-content\/uploads\/2018\/09\/loklinika-sebeszet-10.jpg\" data-replaced=\"true\" alt=\"\" width=\"400\" height=\"250\" srcset=\"https:\/\/univet.hu\/wp-content\/uploads\/2018\/09\/loklinika-sebeszet-10.jpg 400w, https:\/\/univet.hu\/wp-content\/uploads\/2018\/09\/loklinika-sebeszet-10-320x200.jpg 320w\" sizes=\"auto, (max-width: 400px) 100vw, 400px\" \/><\/a>Ortop\u00e9dia \u00e9s s\u00e1ntas\u00e1g diagnosztika<\/h2> <p>Az ortop\u00e9dia munk\u00e1nk fontos r\u00e9sz\u00e9t k\u00e9pezi a s\u00e1ntas\u00e1gvizsg\u00e1lat, mely sor\u00e1n alapos \u00e9s r\u00e9szletes vizsg\u00e1latot v\u00e9gz\u00fcnk diagnosztikai \u00e9rz\u00e9stelen\u00edt\u00e9ssel \u00e9s kieg\u00e9sz\u00edt\u0151 diagnosztikai elj\u00e1r\u00e1sok (ultrahang vizsg\u00e1latok, radiol\u00f3giai vizsg\u00e1latok, computertomogr\u00e1fia (CT)) seg\u00edts\u00e9g\u00e9vel a pontos diagn\u00f3zis fel\u00e1ll\u00edt\u00e1s\u00e1hoz. Amennyiben megtal\u00e1ltuk az elv\u00e1ltoz\u00e1sokat, akkor tudunk progn\u00f3zist \u00e9s ter\u00e1pi\u00e1s lehet\u0151s\u00e9geket felaj\u00e1nlani a tulajdonosoknak.<\/p> <h2>Ortop\u00e9diai ultrahang diagnosztika<\/h2> <p>A 8-12 MHz-es fejjel ell\u00e1tott k\u00e9sz\u00fcl\u00e9k seg\u00edts\u00e9g\u00e9vel az inak \u00e9s szalagok vizsg\u00e1lata mellett a v\u00e9gtag \u00edz\u00fcleteinek \u00e9s a gerincoszlop elv\u00e1ltoz\u00e1sainak vizsg\u00e1lat\u00e1ra is lehet\u0151s\u00e9g ny\u00edlik. Az ultrahang vizsg\u00e1latok fontos szerepet j\u00e1tszanak a k\u00f3lika diagnosztik\u00e1ban is.<\/p> <h2><a href=\"https:\/\/univet.hu\/wp-content\/uploads\/2018\/09\/loklinika-sebeszet-9.jpg\" data-replaced=\"true\"><img loading=\"lazy\" decoding=\"async\" class=\"alignright size-full wp-image-16824\" src=\"https:\/\/univet.hu\/wp-content\/uploads\/2018\/09\/loklinika-sebeszet-9.jpg\" data-replaced=\"true\" alt=\"\" width=\"400\" height=\"200\" srcset=\"https:\/\/univet.hu\/wp-content\/uploads\/2018\/09\/loklinika-sebeszet-9.jpg 400w, https:\/\/univet.hu\/wp-content\/uploads\/2018\/09\/loklinika-sebeszet-9-320x160.jpg 320w\" sizes=\"auto, (max-width: 400px) 100vw, 400px\" \/><\/a>Radiol\u00f3giai vizsg\u00e1latok<\/h2> <p>A r\u00f6ntgenvizsg\u00e1latok digit\u00e1lis lumineszcenci\u00e1s felszerel\u00e9s seg\u00edts\u00e9g\u00e9vel t\u00f6rt\u00e9nnek. A digit\u00e1lis felv\u00e9telek t\u00e1rol\u00e1sa, a k\u00e9pek min\u0151s\u00e9g\u00e9nek feljav\u00edt\u00e1sa, valamint az oktat\u00e1sban val\u00f3 felhaszn\u00e1l\u00e1sa sok el\u0151nyt hordoz mag\u00e1ban a hagyom\u00e1nyos r\u00f6ntgentechnik\u00e1hoz k\u00e9pest.<\/p> <h2>Komputertomogr\u00e1f vizsg\u00e1latok<\/h2> <p>A fej \u00e9s a v\u00e9gtagok l\u00e1gysz\u00f6veteinek, valamint csontos k\u00e9pleteinek k\u00fcl\u00f6nb\u00f6z\u0151 s\u00edkokban t\u00f6rt\u00e9n\u0151 lek\u00e9pez\u00e9s\u00e9hez ny\u00fajt elengedhetetlen seg\u00edts\u00e9get a CT-k\u00e9sz\u00fcl\u00e9k. Bonyolult ortop\u00e9diai m\u0171t\u00e9tek megtervez\u00e9s\u00e9n\u00e9l, valamint bizonyos k\u00e9pletek h\u00e1rom dimenzi\u00f3ban val\u00f3 \u00e1br\u00e1zol\u00e1s\u00e1n\u00e1l n\u00e9lk\u00fcl\u00f6zhetetlen seg\u00edts\u00e9g.<\/p> <h2><a href=\"https:\/\/univet.hu\/wp-content\/uploads\/2018\/09\/loklinika-sebeszet-11.jpg\" data-replaced=\"true\"><img loading=\"lazy\" decoding=\"async\" class=\"alignright size-full wp-image-16826\" src=\"https:\/\/univet.hu\/wp-content\/uploads\/2018\/09\/loklinika-sebeszet-11.jpg\" data-replaced=\"true\" alt=\"\" width=\"400\" height=\"182\" srcset=\"https:\/\/univet.hu\/wp-content\/uploads\/2018\/09\/loklinika-sebeszet-11.jpg 400w, https:\/\/univet.hu\/wp-content\/uploads\/2018\/09\/loklinika-sebeszet-11-320x146.jpg 320w\" sizes=\"auto, (max-width: 400px) 100vw, 400px\" \/><\/a>Fut\u00f3pados endoszk\u00f3pos vizsg\u00e1latok<\/h2> <p>E vizsg\u00e1latok n\u00e9lk\u00fcl\u00f6zhetetlenek a k\u00fcl\u00f6nf\u00e9le fels\u0151 l\u00e9g\u00fati elv\u00e1ltoz\u00e1sok differenci\u00e1l diagnosztik\u00e1j\u00e1n\u00e1l. A &#8222;Mustang 2200 high speed&#8221; fut\u00f3pad alkalmas ezek mellett m\u00e9g a l\u00f3 mozg\u00e1sanal\u00edzis\u00e9nek vizsg\u00e1lat\u00e1ra, a tren\u00edrozotts\u00e1gi fok lem\u00e9r\u00e9s\u00e9re, \u00e9s a z\u00f6kken\u0151mentes rekonvaleszcenci\u00e1s peri\u00f3dus megkezd\u00e9s\u00e9re. Sok haszn\u00e1t vessz\u00fck emellett a s\u00e1ntas\u00e1gdiagnosztik\u00e1ban is.<\/p> <p><iframe loading=\"lazy\" title=\"\u00dcll\u0151i Nagy\u00e1llat Klinika: fut\u00f3pad\" width=\"1280\" height=\"960\" src=\"https:\/\/www.youtube.com\/embed\/fobMfcEXBLo?feature=oembed\" frameborder=\"0\" allow=\"accelerometer; autoplay; clipboard-write; encrypted-media; gyroscope; picture-in-picture; web-share\" referrerpolicy=\"strict-origin-when-cross-origin\" allowfullscreen><\/iframe><\/p> <h2>Szem\u00e9szet<\/h2> <p>A lovak szem\u00e9szeti ell\u00e1t\u00e1s\u00e1hoz valamint a tant\u00e1rgy oktat\u00e1s\u00e1hoz sz\u00fcks\u00e9ges szem\u00e9lyi \u00e9s t\u00e1rgyi felt\u00e9telek adottak a klinik\u00e1n, szem\u00e9szeti betegl\u00e9tsz\u00e1m n\u00f6veked\u00e9se alapj\u00e1n a j\u00f6v\u0151ben perspekt\u00edv szakter\u00fcletnek \u00edg\u00e9rkezik. A diagnosztik\u00e1ban r\u00e9sl\u00e1mpa bio-mikroszk\u00f3pot, direkt \u00e9s indirekt oftaloszk\u00f3pot, ultrahang k\u00e9sz\u00fcl\u00e9ket \u00e9s szemnyom\u00e1s m\u00e9r\u0151 m\u0171szert haszn\u00e1lunk. Az egyszer\u0171bb \u00e1ll\u00f3 helyzet\u0171 beavatkoz\u00e1sok (szemh\u00e9js\u00e9r\u00fcl\u00e9sek, daganatok elt\u00e1vol\u00edt\u00e1sa \u00e9s kezel\u00e9se, \u00edrisz ciszta l\u00e9zeres kezel\u00e9se, szemh\u00e9jdr\u00e9n be\u00fcltet\u00e9se) mellett, \u00e1ltal\u00e1nos aneszt\u00e9zi\u00e1ban bonyolultabb m\u0171t\u00e9tek elv\u00e9gz\u00e9s\u00e9re is van lehet\u0151s\u00e9g (szaruh\u00e1rtya plasztika, szaruh\u00e1rtya transzplant\u00e1ci\u00f3, szemh\u00e9jplasztika, cyclosporin implant\u00e1tum be\u00fcltet\u00e9se uveitiszes lovakba, glauk\u00f3ma l\u00e9zeres kezel\u00e9se, szemgoly\u00f3 elt\u00e1vol\u00edt\u00e1sa, szilikon implant\u00e1tum be\u00fcltet\u00e9se a szem\u00fcregbe). A szemh\u00e9jdr\u00e9nnel \u00e9s szemv\u00e9d\u0151 sapk\u00e1val ell\u00e1tott lovak napi szint\u0171 gyakori, intenz\u00edv klinikai kezel\u00e9se is.<\/p> <p><a href=\"https:\/\/univet.hu\/wp-content\/uploads\/2018\/09\/loklinika-sebeszet-12.jpg\" data-replaced=\"true\"><img loading=\"lazy\" decoding=\"async\" class=\"aligncenter size-full wp-image-16839\" src=\"https:\/\/univet.hu\/wp-content\/uploads\/2018\/09\/loklinika-sebeszet-12.jpg\" data-replaced=\"true\" alt=\"\" width=\"482\" height=\"112\" srcset=\"https:\/\/univet.hu\/wp-content\/uploads\/2018\/09\/loklinika-sebeszet-12.jpg 482w, https:\/\/univet.hu\/wp-content\/uploads\/2018\/09\/loklinika-sebeszet-12-320x74.jpg 320w\" sizes=\"auto, (max-width: 482px) 100vw, 482px\" \/><\/a><\/p>","protected":false},"excerpt":{"rendered":"<p>Seb\u00e9szeti m\u0171t\u00e9tek Az \u00fcll\u0151i L\u00f3gy\u00f3gy\u00e1szati Tansz\u00e9k \u00e9s Klinik\u00e1n a m\u0171t\u00e9ti betegell\u00e1t\u00e1s k\u00e9t alapvet\u0151 form\u00e1ra k\u00fcl\u00f6n\u00edthet\u0151 el: a tervezett \u00e9s a s\u00fcrg\u0151ss\u00e9gi m\u0171t\u00e9ti beavatkoz\u00e1sokra. A tervezett m\u0171t\u00e9tek sor\u00e1n el\u0151re egyeztetett id\u0151pontra \u00e9rkeznek a betegek, a m\u0171t\u00e9tet megel\u0151z\u0151en alapos klinikai vizsg\u00e1latot, \u00e9s laborvizsg\u00e1latokat v\u00e9gz\u00fcnk, mellyel igyeksz\u00fcnk az esetleges m\u0171t\u00e9ti komplik\u00e1ci\u00f3kat a minim\u00e1lis szintre cs\u00f6kkenteni. A tervezett m\u0171t\u00e9tek<\/p>\n","protected":false},"author":1,"featured_media":0,"parent":17752,"menu_order":127,"comment_status":"closed","ping_status":"closed","template":"","meta":{"_acf_changed":false,"footnotes":""},"categories":[],"tags":[],"class_list":["post-17757","page","type-page","status-publish","hentry"],"acf":[],"_links":{"self":[{"href":"https:\/\/univet.hu\/hu\/wp-json\/wp\/v2\/pages\/17757","targetHints":{"allow":["GET"]}}],"collection":[{"href":"https:\/\/univet.hu\/hu\/wp-json\/wp\/v2\/pages"}],"about":[{"href":"https:\/\/univet.hu\/hu\/wp-json\/wp\/v2\/types\/page"}],"author":[{"embeddable":true,"href":"https:\/\/univet.hu\/hu\/wp-json\/wp\/v2\/users\/1"}],"replies":[{"embeddable":true,"href":"https:\/\/univet.hu\/hu\/wp-json\/wp\/v2\/comments?post=17757"}],"version-history":[{"count":0,"href":"https:\/\/univet.hu\/hu\/wp-json\/wp\/v2\/pages\/17757\/revisions"}],"up":[{"embeddable":true,"href":"https:\/\/univet.hu\/hu\/wp-json\/wp\/v2\/pages\/17752"}],"wp:attachment":[{"href":"https:\/\/univet.hu\/hu\/wp-json\/wp\/v2\/media?parent=17757"}],"wp:term":[{"taxonomy":"category","embeddable":true,"href":"https:\/\/univet.hu\/hu\/wp-json\/wp\/v2\/categories?post=17757"},{"taxonomy":"post_tag","embeddable":true,"href":"https:\/\/univet.hu\/hu\/wp-json\/wp\/v2\/tags?post=17757"}],"curies":[{"name":"wp","href":"https:\/\/api.w.org\/{rel}","templated":true}]}}