{"id":17776,"date":"2018-09-13T19:16:55","date_gmt":"2018-09-13T17:16:55","guid":{"rendered":"http:\/\/univet.hu\/?page_id=17776"},"modified":"2025-03-20T10:55:50","modified_gmt":"2025-03-20T09:55:50","slug":"arlista","status":"publish","type":"page","link":"https:\/\/univet.hu\/hu\/klinikak\/loklinika\/betegellatas\/arlista\/","title":{"rendered":"\u00c1rlista"},"content":{"rendered":"<p>K\u00e9rj\u00fck, hogy v\u00e1lasszon az al\u00e1bbi men\u00fcpontok k\u00f6z\u00fcl:<\/p> <ul> <li><a href=\"https:\/\/univet.hu\/wp-content\/uploads\/2025\/03\/LTK_belgyo_ar.pdf\" target=\"_blank\" rel=\"noopener\" data-replaced=\"true\">Belgy\u00f3gy\u00e1szat \u00e9s sz\u00fcl\u00e9szet \u00bb<\/a><\/li> <li><a href=\"https:\/\/univet.hu\/wp-content\/uploads\/2025\/03\/LTK_sebeszet_ar.pdf\">Seb\u00e9szet \u00e9s szem\u00e9stet <\/a><a href=\"https:\/\/univet.hu\/wp-content\/uploads\/2025\/03\/LTK_belgyo_ar.pdf\" target=\"_blank\" rel=\"noopener\" data-replaced=\"true\">\u00bb<\/a><\/li> <\/ul>","protected":false},"excerpt":{"rendered":"<p>K\u00e9rj\u00fck, hogy v\u00e1lasszon az al\u00e1bbi men\u00fcpontok k\u00f6z\u00fcl: Belgy\u00f3gy\u00e1szat \u00e9s sz\u00fcl\u00e9szet \u00bb Seb\u00e9szet \u00e9s szem\u00e9stet \u00bb<\/p>\n","protected":false},"author":1,"featured_media":0,"parent":17752,"menu_order":133,"comment_status":"closed","ping_status":"closed","template":"","meta":{"_acf_changed":false,"footnotes":""},"categories":[],"tags":[],"class_list":["post-17776","page","type-page","status-publish","hentry"],"acf":[],"_links":{"self":[{"href":"https:\/\/univet.hu\/hu\/wp-json\/wp\/v2\/pages\/17776","targetHints":{"allow":["GET"]}}],"collection":[{"href":"https:\/\/univet.hu\/hu\/wp-json\/wp\/v2\/pages"}],"about":[{"href":"https:\/\/univet.hu\/hu\/wp-json\/wp\/v2\/types\/page"}],"author":[{"embeddable":true,"href":"https:\/\/univet.hu\/hu\/wp-json\/wp\/v2\/users\/1"}],"replies":[{"embeddable":true,"href":"https:\/\/univet.hu\/hu\/wp-json\/wp\/v2\/comments?post=17776"}],"version-history":[{"count":3,"href":"https:\/\/univet.hu\/hu\/wp-json\/wp\/v2\/pages\/17776\/revisions"}],"predecessor-version":[{"id":177349,"href":"https:\/\/univet.hu\/hu\/wp-json\/wp\/v2\/pages\/17776\/revisions\/177349"}],"up":[{"embeddable":true,"href":"https:\/\/univet.hu\/hu\/wp-json\/wp\/v2\/pages\/17752"}],"wp:attachment":[{"href":"https:\/\/univet.hu\/hu\/wp-json\/wp\/v2\/media?parent=17776"}],"wp:term":[{"taxonomy":"category","embeddable":true,"href":"https:\/\/univet.hu\/hu\/wp-json\/wp\/v2\/categories?post=17776"},{"taxonomy":"post_tag","embeddable":true,"href":"https:\/\/univet.hu\/hu\/wp-json\/wp\/v2\/tags?post=17776"}],"curies":[{"name":"wp","href":"https:\/\/api.w.org\/{rel}","templated":true}]}}