{"id":17779,"date":"2018-09-13T19:19:23","date_gmt":"2018-09-13T17:19:23","guid":{"rendered":"http:\/\/univet.hu\/?page_id=17779"},"modified":"2025-03-19T14:15:21","modified_gmt":"2025-03-19T13:15:21","slug":"vevoelegedettsegi-kerdoiv","status":"publish","type":"page","link":"https:\/\/univet.hu\/hu\/klinikak\/loklinika\/betegellatas\/vevoelegedettsegi-kerdoiv\/","title":{"rendered":"Vev\u0151el\u00e9gedetts\u00e9gi k\u00e9rd\u0151\u00edv"},"content":{"rendered":"<p><a href=\"https:\/\/univet.hu\/wp-content\/uploads\/2025\/03\/Tulajdonos-elegedettsegiLTK-BG.pdf\">Vev\u0151el\u00e9gedetts\u00e9gi k\u00e9rd\u0151\u00edv (L\u00f3klinika)<\/a><\/p>","protected":false},"excerpt":{"rendered":"<p>Vev\u0151el\u00e9gedetts\u00e9gi k\u00e9rd\u0151\u00edv (L\u00f3klinika)<\/p>\n","protected":false},"author":1,"featured_media":0,"parent":17752,"menu_order":0,"comment_status":"closed","ping_status":"closed","template":"","meta":{"_acf_changed":false,"footnotes":""},"categories":[],"tags":[],"class_list":["post-17779","page","type-page","status-publish","hentry"],"acf":[],"_links":{"self":[{"href":"https:\/\/univet.hu\/hu\/wp-json\/wp\/v2\/pages\/17779","targetHints":{"allow":["GET"]}}],"collection":[{"href":"https:\/\/univet.hu\/hu\/wp-json\/wp\/v2\/pages"}],"about":[{"href":"https:\/\/univet.hu\/hu\/wp-json\/wp\/v2\/types\/page"}],"author":[{"embeddable":true,"href":"https:\/\/univet.hu\/hu\/wp-json\/wp\/v2\/users\/1"}],"replies":[{"embeddable":true,"href":"https:\/\/univet.hu\/hu\/wp-json\/wp\/v2\/comments?post=17779"}],"version-history":[{"count":2,"href":"https:\/\/univet.hu\/hu\/wp-json\/wp\/v2\/pages\/17779\/revisions"}],"predecessor-version":[{"id":177214,"href":"https:\/\/univet.hu\/hu\/wp-json\/wp\/v2\/pages\/17779\/revisions\/177214"}],"up":[{"embeddable":true,"href":"https:\/\/univet.hu\/hu\/wp-json\/wp\/v2\/pages\/17752"}],"wp:attachment":[{"href":"https:\/\/univet.hu\/hu\/wp-json\/wp\/v2\/media?parent=17779"}],"wp:term":[{"taxonomy":"category","embeddable":true,"href":"https:\/\/univet.hu\/hu\/wp-json\/wp\/v2\/categories?post=17779"},{"taxonomy":"post_tag","embeddable":true,"href":"https:\/\/univet.hu\/hu\/wp-json\/wp\/v2\/tags?post=17779"}],"curies":[{"name":"wp","href":"https:\/\/api.w.org\/{rel}","templated":true}]}}