{"id":17789,"date":"2018-09-13T19:46:52","date_gmt":"2018-09-13T17:46:52","guid":{"rendered":"http:\/\/univet.hu\/?page_id=17789"},"modified":"2026-03-04T15:16:29","modified_gmt":"2026-03-04T14:16:29","slug":"munkatarsak","status":"publish","type":"page","link":"https:\/\/univet.hu\/hu\/klinikak\/loklinika\/munkatarsak\/","title":{"rendered":"Munkat\u00e1rsak"},"content":{"rendered":"<h2>Tansz\u00e9kvezet\u0151<\/h2> <p><strong>Prof. Bod\u00f3 G\u00e1bor PhD, Habil, Dipl ECVS, MTA Doktora<\/strong><br \/> <a href=\"https:\/\/univet.hu\/hu\/egyetem\/munkatarsak\/bodo-gabor\/\" target=\"_blank\" rel=\"noopener\" data-replaced=\"true\">Tov\u00e1bb az adatlaphoz \u00bb<\/a><\/p> <hr \/> <h2>Seb\u00e9szet, szem\u00e9szet \u00e9s aneszteziol\u00f3gia<\/h2> <p><strong>Prof. Bod\u00f3 G\u00e1bor PhD, Habil, Dipl ECVS, MTA Doktora<\/strong><br \/> <a href=\"https:\/\/univet.hu\/hu\/egyetem\/munkatarsak\/bodo-gabor\/\" target=\"_blank\" rel=\"noopener\" data-replaced=\"true\">Tov\u00e1bb az adatlaphoz \u00bb<\/a><\/p> <p><strong>Prof.em.dr. T\u00f3th J\u00f3zsef<\/strong><br \/> <a href=\"https:\/\/univet.hu\/hu\/egyetem\/munkatarsak\/toth-jozsef\/\" target=\"_blank\" rel=\"noopener\">Tov\u00e1bb az adatlaphoz<\/a><\/p> <p><strong>dr. Makra Zita<\/strong><br \/> <a href=\"https:\/\/univet.hu\/hu\/egyetem\/munkatarsak\/makra-zita\/\" target=\"_blank\" rel=\"noopener\" data-replaced=\"true\">Tov\u00e1bb az adatlaphoz \u00bb<\/a><\/p> <p><strong>dr. T\u00f3th P\u00e9ter PhD<\/strong><br \/> <a href=\"https:\/\/univet.hu\/hu\/egyetem\/munkatarsak\/toth-peter\/\" target=\"_blank\" rel=\"noopener\" data-replaced=\"true\">Tov\u00e1bb az adatlaphoz \u00bb<\/a><\/p> <p><strong>dr. Izing Simon<\/strong><br \/> <a href=\"https:\/\/univet.hu\/hu\/egyetem\/munkatarsak\/izing-simon\/\" target=\"_blank\" rel=\"noopener\" data-replaced=\"true\">Tov\u00e1bb az adatlaphoz \u00bb<\/a><\/p> <p><strong>dr. B\u00f3dai Emese<\/strong><br \/> <a href=\"https:\/\/univet.hu\/hu\/egyetem\/munkatarsak\/bodai-emese\/\" target=\"_blank\" rel=\"noopener\">Tov\u00e1bb az adatlaphoz<\/a><\/p> <p><strong>dr. Tuska P\u00e1l\u00a0<\/strong><br \/> <a href=\"https:\/\/univet.hu\/hu\/egyetem\/munkatarsak\/tuska-pal\/\" target=\"_blank\" rel=\"noopener\" data-replaced=\"true\">Tov\u00e1bb az adatlaphoz \u00bb<\/a><\/p> <p><strong>dr.P\u00e1l Zs\u00f3fia\u00a0 Phd hallgat\u00f3<\/strong><br \/> <a href=\"https:\/\/univet.hu\/hu\/egyetem\/munkatarsak\/pal-zsofia\/\" target=\"_blank\" rel=\"noopener\">Tov\u00e1bb az adatlaphoz<\/a><\/p> <p><strong>dr.Lambertus Bal\u00e1zs P\u00e9ter<\/strong><br \/> <a href=\"https:\/\/univet.hu\/hu\/egyetem\/munkatarsak\/lambertus-balazs-peter\" target=\"_blank\" rel=\"noopener\">Tov\u00e1bb az adatlaphoz<\/a><\/p> <p><strong>dr. Nagy Anita<\/strong><br \/> <a href=\"https:\/\/univet.hu\/hu\/egyetem\/munkatarsak\/nagy-anita-kitti\/\" target=\"_blank\" rel=\"noopener\" data-replaced=\"true\">Tov\u00e1bb az adatlaphoz \u00bb<\/a><\/p> <p><strong>dr.Szobonya P\u00e9ter \u00c1kos<\/strong><br \/> <a href=\"https:\/\/univet.hu\/hu\/egyetem\/munkatarsak\/szobonya-peter-akos\" target=\"_blank\" rel=\"noopener\">Tov\u00e1bb az adatlaphoz<\/a><\/p> <hr \/> <h2>Belgy\u00f3gy\u00e1szat \u00e9s sz\u00fcl\u00e9szet<\/h2> <p><strong>dr. Bakos Zolt\u00e1n PhD, habil., Dipl ECEIM, MRCVS<\/strong><br \/> <a href=\"https:\/\/univet.hu\/hu\/egyetem\/munkatarsak\/bakos-zoltan\/\" target=\"_blank\" rel=\"noopener\" data-replaced=\"true\">Tov\u00e1bb az adatlaphoz \u00bb<\/a><\/p> <p><strong>dr. Langer D\u00f3ra<\/strong><br \/> <a href=\"https:\/\/univet.hu\/hu\/egyetem\/munkatarsak\/langer-dora\/\" target=\"_blank\" rel=\"noopener\">Tov\u00e1bb az adatlaphoz<\/a><\/p> <p><strong>dr. V\u00e9kein\u00e9 Csil\u00f3 Petra<\/strong><br \/> <a href=\"https:\/\/univet.hu\/hu\/egyetem\/munkatarsak\/vekeine-csilo-petra-gabriella\/\" target=\"_blank\" rel=\"noopener\">Tov\u00e1bb az adatlaphoz<\/a><\/p> <p><strong>dr. M\u00e1ty\u00e1s-Koll\u00e1r Petra<\/strong><br \/> <a href=\"https:\/\/univet.hu\/hu\/egyetem\/munkatarsak\/matyas-kollar-petra\/\" target=\"_blank\" rel=\"noopener\">Tov\u00e1bb az adatlaphoz<\/a><\/p> <p><strong>dr. So\u00f3s Eszter<\/strong><br \/> <a href=\"https:\/\/univet.hu\/hu\/egyetem\/munkatarsak\/soos-eszter-kincso\/\" target=\"_blank\" rel=\"noopener\">Tov\u00e1bb az adatlaphoz<\/a><\/p> <p><strong>dr. Kocsis Fl\u00f3ra GYES<\/strong><br \/> <a href=\"https:\/\/univet.hu\/hu\/egyetem\/munkatarsak\/kocsis-flora\/\" target=\"_blank\" rel=\"noopener\">Tov\u00e1bb az adatlaphoz<\/a><\/p> <hr \/> <h2>Ortop\u00e9dia \u00e9s k\u00e9palkot\u00f3 diagnosztika<\/h2> <p><strong>dr. Nagy Annam\u00e1ria\u00a0PhD, DipACVSMR, DipECVSMR FRCVS<\/strong><br \/> <a href=\"https:\/\/univet.hu\/hu\/egyetem\/munkatarsak\/nagy-annamaria\/\" target=\"_blank\" rel=\"noopener\">Tov\u00e1bb az adatlaphoz<\/a><\/p> <p><strong>dr. Boros Kopp\u00e1ny<\/strong><br \/> <a href=\"https:\/\/univet.hu\/hu\/egyetem\/munkatarsak\/boros-koppany\/\" target=\"_blank\" rel=\"noopener\">Tov\u00e1bb az adatlaphoz<\/a><\/p> <p><strong>Horv\u00e1th &#8211; Lukics Gabriella<\/strong><br \/> <a href=\"https:\/\/univet.hu\/hu\/egyetem\/munkatarsak\/horvath-lukics-gabriella\" target=\"_blank\" rel=\"noopener\">Tov\u00e1bb az adatlaphoz<\/a><\/p> <hr \/> <h2>Labor<\/h2> <p><strong>K\u00f3sa S\u00e1ra GYES<\/strong><br \/> <a href=\"https:\/\/univet.hu\/hu\/egyetem\/munkatarsak\/kosa-sara\/\" target=\"_blank\" rel=\"noopener\">Tov\u00e1bb az adatlaphoz<\/a><\/p> <p><strong>Kert\u00e9sz Zsuzsanna<\/strong><br \/> <a href=\"https:\/\/univet.hu\/hu\/egyetem\/munkatarsak\/kertesz-zsuzsanna\/\" target=\"_blank\" rel=\"noopener\">Tov\u00e1bb az adatlaphoz<\/a><\/p> <hr \/> <h2>Internship<\/h2> <p><strong>dr. Csiba Krisztina<\/strong><br \/> <a href=\"https:\/\/univet.hu\/hu\/egyetem\/munkatarsak\/csiba-krisztina\/\" target=\"_blank\" rel=\"noopener\">Tov\u00e1bb az adatlaphoz<\/a><\/p> <p><strong>dr. Putnoki Vivien<\/strong><br \/> <a href=\"https:\/\/univet.hu\/hu\/egyetem\/munkatarsak\/putnoki-vivien\/\" target=\"_blank\" rel=\"noopener\">Tov\u00e1bb az adatlaphoz<\/a><\/p> <p><strong>dr. Simon Zs\u00f3fia<\/strong><br \/> <a href=\"https:\/\/univet.hu\/hu\/egyetem\/munkatarsak\/simon-zsofia\/\" target=\"_blank\" rel=\"noopener\">Tov\u00e1bb az adatlaphoz<\/a><\/p> <p><strong>dr. Farkas Istv\u00e1n<\/strong><br \/> <a href=\"https:\/\/univet.hu\/hu\/egyetem\/munkatarsak\/farkas-istvan\/\" target=\"_blank\" rel=\"noopener\">Tov\u00e1bb az adatlaphoz<\/a><\/p> <p><strong>dr. Szab\u00f3 Luca<\/strong><br \/> <a href=\"https:\/\/univet.hu\/hu\/egyetem\/munkatarsak\/szabo-luca\/\" target=\"_blank\" rel=\"noopener\">Tov\u00e1bb az adatlaphoz<\/a><\/p> <hr \/> <h2>Tansz\u00e9ki titk\u00e1rs\u00e1g<\/h2> <p><strong>Pataki Edina<\/strong><br \/> <a href=\"https:\/\/univet.hu\/hu\/egyetem\/munkatarsak\/pataki-edina\/\" target=\"_blank\" rel=\"noopener\" data-replaced=\"true\">Tov\u00e1bb az adatlaphoz \u00bb<\/a><\/p> <p><strong>K\u00e1llain\u00e9 Mezei Csilla<\/strong><br \/> <a href=\"https:\/\/univet.hu\/hu\/egyetem\/munkatarsak\/mezei-csilla\" target=\"_blank\" rel=\"noopener\">Tov\u00e1bb az adatlaphoz<\/a><\/p> <p><strong><span data-olk-copy-source=\"MessageBody\">D\u00e1nyin\u00e9 dr. Gligor No\u00e9mi<\/span><\/strong><br \/> <a href=\"https:\/\/univet.hu\/hu\/egyetem\/munkatarsak\/gligor-noemi\/\" target=\"_blank\" rel=\"noopener\">Tov\u00e1bb az adatlaphoz<\/a><\/p> <p><strong>Lusztigh Ibolya<\/strong><br \/> <a href=\"https:\/\/univet.hu\/hu\/egyetem\/munkatarsak\/lusztigh-ibolya\" target=\"_blank\" rel=\"noopener\">Tov\u00e1bb az adatlaphoz<\/a><\/p> <p><strong>Nadob\u00e1n Gabriella<\/strong><br \/> <a href=\"https:\/\/univet.hu\/hu\/egyetem\/munkatarsak\/nadoban-gabriella\" target=\"_blank\" rel=\"noopener\">Tov\u00e1bb az adatlaphoz<\/a><\/p> <hr \/> <h2>M\u0171t\u0151s asszisztensek<\/h2> <p><b>Kalina &#8211; Jancsur\u00e1k Alexandra<\/b><br \/> <a href=\"https:\/\/univet.hu\/hu\/egyetem\/munkatarsak\/jancsurak-alexandra\" target=\"_blank\" rel=\"noopener\">Tov\u00e1bb az adatlaphoz<\/a><\/p> <p><strong>Zuborny\u00e1k Vivien<\/strong><br \/> <a href=\"https:\/\/univet.hu\/hu\/egyetem\/munkatarsak\/zubornyak-vivien\/\" target=\"_blank\" rel=\"noopener\">Tov\u00e1bb az adatlaphoz<\/a><\/p> <p><strong>Hirt M\u00f3nika<\/strong><br \/> <a href=\"https:\/\/univet.hu\/hu\/egyetem\/munkatarsak\/hirt-monika\/\" target=\"_blank\" rel=\"noopener\">Tov\u00e1bb az adatlaphoz<\/a><\/p> <hr \/> <h2>M\u0171szeres asszisztensek<\/h2> <p><strong>F\u00fczesin\u00e9 Tak\u00e1cs Eszter Katalin<\/strong><br \/> <a href=\"https:\/\/univet.hu\/hu\/egyetem\/munkatarsak\/takacs-eszter-katalin\/\" target=\"_blank\" rel=\"noopener\">Tov\u00e1bb az adatlaphoz<\/a><\/p> <p><strong>Sinkovits Fanni<\/strong><br \/> <a href=\"https:\/\/univet.hu\/hu\/egyetem\/munkatarsak\/sinkovits-fanni\/\" target=\"_blank\" rel=\"noopener\">Tov\u00e1bb az adatlaphoz<\/a><\/p> <hr \/> <h2>Szakseg\u00e9d vezet\u0151<\/h2> <p><strong>Balogh Istv\u00e1n<\/strong><br \/> <a href=\"https:\/\/univet.hu\/hu\/egyetem\/munkatarsak\/balogh-istvan\/\" target=\"_blank\" rel=\"noopener\">Tov\u00e1bb az adatlaphoz<\/a><\/p> <p><strong>Szalai Istv\u00e1n<\/strong><br \/> <a href=\"https:\/\/univet.hu\/hu\/egyetem\/munkatarsak\/szalai-istvan\/\" target=\"_blank\" rel=\"noopener\">Tov\u00e1bb az adatlaphoz<\/a><\/p> <p><strong>Orsz\u00e1g J\u00e1nos<\/strong><br \/> <a href=\"https:\/\/univet.hu\/hu\/egyetem\/munkatarsak\/orszag-janos\/\" target=\"_blank\" rel=\"noopener\">Tov\u00e1bb az adatlaphoz<\/a><\/p> <hr \/> <h2>Szakseg\u00e9dek<\/h2> <p><strong>Keszeg G\u00e1bor<\/strong><br \/> <a href=\"https:\/\/univet.hu\/hu\/egyetem\/munkatarsak\/keszeg-gabor\/\" target=\"_blank\" rel=\"noopener\">Tov\u00e1bb az adatlaphoz<\/a><\/p> <p><strong>Kalina Mikl\u00f3s<\/strong><br \/> <a href=\"https:\/\/univet.hu\/hu\/egyetem\/munkatarsak\/kalina-miklos\/\" target=\"_blank\" rel=\"noopener\">Tov\u00e1bb az adatlaphoz<\/a><\/p> <p><strong>J\u00f3zsa L\u00e1szl\u00f3<\/strong><br \/> <a href=\"https:\/\/univet.hu\/hu\/egyetem\/munkatarsak\/jozsa-laszlo\" target=\"_blank\" rel=\"noopener\">Tov\u00e1bb az adatlaphoz<\/a><\/p> <p><strong>Rehor Ferenc<\/strong><br \/> <a href=\"https:\/\/univet.hu\/hu\/egyetem\/munkatarsak\/rehor-ferenc\" target=\"_blank\" rel=\"noopener\">Tov\u00e1bb az adatlaphoz<\/a><\/p> <p><strong>Kalina Bence<\/strong><br \/> <a href=\"https:\/\/univet.hu\/hu\/egyetem\/munkatarsak\/kalina-bence\/\" target=\"_blank\" rel=\"noopener\">Tov\u00e1bb az adatlaphoz<\/a><\/p> <p><strong>Rehor Levente<\/strong><br \/> <a href=\"https:\/\/univet.hu\/hu\/egyetem\/munkatarsak\/rehor-levente-attila\/\" target=\"_blank\" rel=\"noopener\">Tov\u00e1bb az adatlaphoz<\/a><\/p> <p><strong>Tilisty\u00e1k Andrea<\/strong><br \/> <a href=\"https:\/\/univet.hu\/hu\/egyetem\/munkatarsak\/tilistyak-andrea\/\" target=\"_blank\" rel=\"noopener\">Tov\u00e1bb az adatlaphoz<\/a><\/p> <p><strong>Kis Oliv\u00e9r<\/strong><br \/> <a href=\"https:\/\/univet.hu\/hu\/egyetem\/munkatarsak\/kis-oliver\/\" target=\"_blank\" rel=\"noopener\">Tov\u00e1bb az adatlaphoz<\/a><\/p> <hr \/> <h2>Tesztlovas, rehabilit\u00e1ci\u00f3s team<\/h2> <p><strong>Balogh Istv\u00e1n (vezet\u0151)<\/strong><br \/> <a href=\"https:\/\/univet.hu\/hu\/egyetem\/munkatarsak\/balogh-istvan\/\" target=\"_blank\" rel=\"noopener\">Tov\u00e1bb az adatlaphoz<\/a><\/p> <p><strong>Gr\u00f3sz-T\u00f6r\u00f6k M\u00f3nika<\/strong><br \/> <a href=\"https:\/\/univet.hu\/hu\/egyetem\/munkatarsak\/grosz-torok-monika\/\" target=\"_blank\" rel=\"noopener\">Tov\u00e1bb az adatlaphoz<\/a><\/p> <p><strong>B\u00e1nszki Zsuzsanna<\/strong><br \/> <a href=\"https:\/\/univet.hu\/hu\/egyetem\/munkatarsak\/banszki-zsuzsanna\" target=\"_blank\" rel=\"noopener\">Tov\u00e1bb az adatlaphoz<\/a><\/p> <p><strong>V\u00e1gi R\u00e9ka<\/strong><br \/> <a href=\"https:\/\/univet.hu\/hu\/egyetem\/munkatarsak\/vagi-reka\/\" target=\"_blank\" rel=\"noopener\">Tov\u00e1bb az adatlaphoz<\/a><\/p> <hr \/> <p><strong>Rakos Istv\u00e1n &#8211; G\u00e9pj\u00e1rm\u0171 vezet\u0151\u00a0<\/strong><br \/> <a href=\"https:\/\/univet.hu\/hu\/egyetem\/munkatarsak\/rakos-istvan\/\" target=\"_blank\" rel=\"noopener\">Tov\u00e1bb az adatlaphoz<\/a><\/p> <p><strong>Kotol\u00e1csi S\u00e1ndor &#8211; IT\u00a0<\/strong><br \/> <a href=\"https:\/\/univet.hu\/hu\/egyetem\/munkatarsak\/kotolacsi-sandor\/\" target=\"_blank\" rel=\"noopener\">Tov\u00e1bb az adatlaphoz<\/a><\/p> <p><strong>Poly\u00e1k Istv\u00e1nn\u00e9 &#8211; Takar\u00edt\u00f3<\/strong><br \/> <a href=\"https:\/\/univet.hu\/hu\/egyetem\/munkatarsak\/polyak-istvanne\/\" target=\"_blank\" rel=\"noopener\">Tov\u00e1bb az adatlaphoz<\/a><\/p> <p><strong>Zuborny\u00e1kn\u00e9 Poly\u00e1k Marianna &#8211; Takar\u00edt\u00f3<\/strong><br \/> <a href=\"https:\/\/univet.hu\/hu\/egyetem\/munkatarsak\/zubornyakne-polyak-marianna\/\" target=\"_blank\" rel=\"noopener\">Tov\u00e1bb az adatlaphoz<\/a><\/p> <p><strong>P\u00e9ter Csaba &#8211; Kert\u00e9sz<\/strong><br \/> <a href=\"https:\/\/univet.hu\/hu\/egyetem\/munkatarsak\/peter-csaba\/\" target=\"_blank\" rel=\"noopener\">Tov\u00e1bb az adatlaphoz<\/a><\/p> <p>A tansz\u00e9k munkat\u00e1rsai fogad\u00f3\u00f3r\u00e1t tartanak minden h\u00f3nap utols\u00f3 het\u00e9n p\u00e9nteken d\u00e9lel\u0151tt 10 \u00e9s 11 \u00f3ra k\u00f6z\u00f6tt.<\/p>","protected":false},"excerpt":{"rendered":"<p>Tansz\u00e9kvezet\u0151 Prof. Bod\u00f3 G\u00e1bor PhD, Habil, Dipl ECVS, MTA Doktora Tov\u00e1bb az adatlaphoz \u00bb Seb\u00e9szet, szem\u00e9szet \u00e9s aneszteziol\u00f3gia Prof. Bod\u00f3 G\u00e1bor PhD, Habil, Dipl ECVS, MTA Doktora Tov\u00e1bb az adatlaphoz \u00bb Prof.em.dr. T\u00f3th J\u00f3zsef Tov\u00e1bb az adatlaphoz dr. Makra Zita Tov\u00e1bb az adatlaphoz \u00bb dr. T\u00f3th P\u00e9ter PhD Tov\u00e1bb az adatlaphoz \u00bb dr. Izing Simon<\/p>\n","protected":false},"author":1,"featured_media":0,"parent":2211,"menu_order":244,"comment_status":"closed","ping_status":"closed","template":"","meta":{"_acf_changed":false,"footnotes":""},"categories":[],"tags":[],"class_list":["post-17789","page","type-page","status-publish","hentry"],"acf":[],"_links":{"self":[{"href":"https:\/\/univet.hu\/hu\/wp-json\/wp\/v2\/pages\/17789","targetHints":{"allow":["GET"]}}],"collection":[{"href":"https:\/\/univet.hu\/hu\/wp-json\/wp\/v2\/pages"}],"about":[{"href":"https:\/\/univet.hu\/hu\/wp-json\/wp\/v2\/types\/page"}],"author":[{"embeddable":true,"href":"https:\/\/univet.hu\/hu\/wp-json\/wp\/v2\/users\/1"}],"replies":[{"embeddable":true,"href":"https:\/\/univet.hu\/hu\/wp-json\/wp\/v2\/comments?post=17789"}],"version-history":[{"count":5,"href":"https:\/\/univet.hu\/hu\/wp-json\/wp\/v2\/pages\/17789\/revisions"}],"predecessor-version":[{"id":202260,"href":"https:\/\/univet.hu\/hu\/wp-json\/wp\/v2\/pages\/17789\/revisions\/202260"}],"up":[{"embeddable":true,"href":"https:\/\/univet.hu\/hu\/wp-json\/wp\/v2\/pages\/2211"}],"wp:attachment":[{"href":"https:\/\/univet.hu\/hu\/wp-json\/wp\/v2\/media?parent=17789"}],"wp:term":[{"taxonomy":"category","embeddable":true,"href":"https:\/\/univet.hu\/hu\/wp-json\/wp\/v2\/categories?post=17789"},{"taxonomy":"post_tag","embeddable":true,"href":"https:\/\/univet.hu\/hu\/wp-json\/wp\/v2\/tags?post=17789"}],"curies":[{"name":"wp","href":"https:\/\/api.w.org\/{rel}","templated":true}]}}