{"id":177921,"date":"2025-03-31T12:36:48","date_gmt":"2025-03-31T10:36:48","guid":{"rendered":"https:\/\/univet.hu\/hu\/oktatas\/tanulmanyi-osztaly\/allasajanlatok\/new_child_page\/"},"modified":"2025-03-31T12:36:48","modified_gmt":"2025-03-31T10:36:48","slug":"ani-rep-rendelo","status":"publish","type":"page","link":"https:\/\/univet.hu\/hu\/oktatas\/tanulmanyi-osztaly\/allasajanlatok\/ani-rep-rendelo\/","title":{"rendered":"Ani-Rep Rendel\u0151"},"content":{"rendered":"<p>2025.03.31<\/p> <p><span data-olk-copy-source=\"MessageBody\">\u00c1llatorvos poz\u00edci\u00f3<\/span><\/p> <div> <p class=\"x_MsoNormal\" data-olk-copy-source=\"MessageBody\">Az Ani-Rep rendel\u0151 egy kicsi, de ann\u00e1l felszereltebb szaporod\u00e1sbiol\u00f3gia \u00e9s androl\u00f3gia rendel\u0151, ahol \u00e1llatpatika is m\u0171k\u00f6dik.<br \/> A belgy\u00f3gy\u00e1szati esetek mellett alap seb\u00e9szeti, szem\u00e9szeti, fog\u00e1szati ell\u00e1t\u00e1son t\u00fal a sz\u00fcl\u00e9szeti esetek k\u00e9pzik a betegforgalom z\u00f6m\u00e9t, illetve itt m\u0171k\u00f6dik az orsz\u00e1g legnagyobb spermabankja is.<\/p> <\/div> <div> <p class=\"x_MsoNormal\" aria-hidden=\"true\">A csapat b\u0151v\u00edt\u00e9se \u00e9rdek\u00e9ben r\u00e9szmunkaid\u0151ben szeretn\u00e9nk koll\u00e9g\u00e1t keresni hossz\u00fat\u00e1von, azonnali munkakezd\u00e9ssel.<br \/> Cser\u00e9be n\u00e1lunk napi siker\u00e9lm\u00e9nyek v\u00e1rnak, tov\u00e1bbk\u00e9pz\u00e9sek \u00e9s folyamatos fejl\u0151d\u00e9si lehet\u0151s\u00e9g.<\/p> <\/div> <div> <p class=\"x_MsoNormal\" aria-hidden=\"true\">Jelentkez\u00e9st f\u00e9nyk\u00e9pes \u00f6n\u00e9letrajzzal v\u00e1runk az <a class=\"decrypt\" rel=\"jogpAbojsfqsfoefmp\/iv\" href=\"javascript:void(0);\">[Kattintson az emailc\u00edmhez]<\/a>\u00a0email c\u00edmen.<\/p> <\/div> <div> <p class=\"x_MsoNormal\" aria-hidden=\"true\">Munkav\u00e9gz\u00e9s helye Ani-Rep Rendel\u0151:<br \/> 1119 Budapest Etele \u00fat 28.<\/p> <\/div> <p>&nbsp;<\/p>","protected":false},"excerpt":{"rendered":"<p>2025.03.31 \u00c1llatorvos poz\u00edci\u00f3 Az Ani-Rep rendel\u0151 egy kicsi, de ann\u00e1l felszereltebb szaporod\u00e1sbiol\u00f3gia \u00e9s androl\u00f3gia rendel\u0151, ahol \u00e1llatpatika is m\u0171k\u00f6dik. A belgy\u00f3gy\u00e1szati esetek mellett alap seb\u00e9szeti, szem\u00e9szeti, fog\u00e1szati ell\u00e1t\u00e1son t\u00fal a sz\u00fcl\u00e9szeti esetek k\u00e9pzik a betegforgalom z\u00f6m\u00e9t, illetve itt m\u0171k\u00f6dik az orsz\u00e1g legnagyobb spermabankja is. A csapat b\u0151v\u00edt\u00e9se \u00e9rdek\u00e9ben r\u00e9szmunkaid\u0151ben szeretn\u00e9nk koll\u00e9g\u00e1t keresni hossz\u00fat\u00e1von, azonnali munkakezd\u00e9ssel.<\/p>\n","protected":false},"author":5795,"featured_media":0,"parent":26415,"menu_order":0,"comment_status":"open","ping_status":"open","template":"","meta":{"_acf_changed":false,"footnotes":""},"categories":[],"tags":[],"class_list":["post-177921","page","type-page","status-publish","hentry"],"acf":[],"_links":{"self":[{"href":"https:\/\/univet.hu\/hu\/wp-json\/wp\/v2\/pages\/177921","targetHints":{"allow":["GET"]}}],"collection":[{"href":"https:\/\/univet.hu\/hu\/wp-json\/wp\/v2\/pages"}],"about":[{"href":"https:\/\/univet.hu\/hu\/wp-json\/wp\/v2\/types\/page"}],"author":[{"embeddable":true,"href":"https:\/\/univet.hu\/hu\/wp-json\/wp\/v2\/users\/5795"}],"replies":[{"embeddable":true,"href":"https:\/\/univet.hu\/hu\/wp-json\/wp\/v2\/comments?post=177921"}],"version-history":[{"count":1,"href":"https:\/\/univet.hu\/hu\/wp-json\/wp\/v2\/pages\/177921\/revisions"}],"predecessor-version":[{"id":177922,"href":"https:\/\/univet.hu\/hu\/wp-json\/wp\/v2\/pages\/177921\/revisions\/177922"}],"up":[{"embeddable":true,"href":"https:\/\/univet.hu\/hu\/wp-json\/wp\/v2\/pages\/26415"}],"wp:attachment":[{"href":"https:\/\/univet.hu\/hu\/wp-json\/wp\/v2\/media?parent=177921"}],"wp:term":[{"taxonomy":"category","embeddable":true,"href":"https:\/\/univet.hu\/hu\/wp-json\/wp\/v2\/categories?post=177921"},{"taxonomy":"post_tag","embeddable":true,"href":"https:\/\/univet.hu\/hu\/wp-json\/wp\/v2\/tags?post=177921"}],"curies":[{"name":"wp","href":"https:\/\/api.w.org\/{rel}","templated":true}]}}