{"id":17800,"date":"2018-09-13T20:14:02","date_gmt":"2018-09-13T18:14:02","guid":{"rendered":"http:\/\/univet.hu\/?page_id=17800"},"modified":"2022-03-22T14:38:58","modified_gmt":"2022-03-22T13:38:58","slug":"elerhetoseg","status":"publish","type":"page","link":"https:\/\/univet.hu\/hu\/klinikak\/loklinika\/elerhetoseg\/","title":{"rendered":"El\u00e9rhet\u0151s\u00e9g"},"content":{"rendered":"<h2>S\u00fcrg\u0151ss\u00e9gi betegell\u00e1t\u00e1s (0-24 \u00f3ra)<\/h2> <ul> <li>+36\/30\/692-12-90 (porta)<\/li> <li>+36\/29\/521-300 (porta)<\/li> <li>+36\/30\/691-63-80 (\u00fcgyelet)<\/li> <\/ul> <h2>\u00c1llatorvostudom\u00e1nyi Egyetem<br \/> L\u00f3gy\u00f3gy\u00e1szati Tansz\u00e9k \u00e9s Klinika<\/h2> <p><strong>C\u00edm:<\/strong> 2225 \u00dcll\u0151, D\u00f3ra Major<br \/> <strong>Titk\u00e1rs\u00e1g:<\/strong> +36\/29\/521-302\u00a0 (07-15 \u00f3ra)<\/p> <p><iframe loading=\"lazy\" src=\"https:\/\/maps.google.com\/maps?q=47.345831,19.317605&amp;num=1&amp;hl=hu&amp;ie=UTF8&amp;t=h&amp;z=14&amp;ll=47.344203,19.327226&amp;output=embed\" width=\"450\" height=\"300\" data-replaced=\"true\"><\/iframe><\/p>","protected":false},"excerpt":{"rendered":"<p>S\u00fcrg\u0151ss\u00e9gi betegell\u00e1t\u00e1s (0-24 \u00f3ra) +36\/30\/692-12-90 (porta) +36\/29\/521-300 (porta) +36\/30\/691-63-80 (\u00fcgyelet) \u00c1llatorvostudom\u00e1nyi Egyetem L\u00f3gy\u00f3gy\u00e1szati Tansz\u00e9k \u00e9s Klinika C\u00edm: 2225 \u00dcll\u0151, D\u00f3ra Major Titk\u00e1rs\u00e1g: +36\/29\/521-302\u00a0 (07-15 \u00f3ra)<\/p>\n","protected":false},"author":1,"featured_media":0,"parent":2211,"menu_order":244,"comment_status":"closed","ping_status":"closed","template":"","meta":{"_acf_changed":false,"footnotes":""},"categories":[],"tags":[],"class_list":["post-17800","page","type-page","status-publish","hentry"],"acf":[],"_links":{"self":[{"href":"https:\/\/univet.hu\/hu\/wp-json\/wp\/v2\/pages\/17800","targetHints":{"allow":["GET"]}}],"collection":[{"href":"https:\/\/univet.hu\/hu\/wp-json\/wp\/v2\/pages"}],"about":[{"href":"https:\/\/univet.hu\/hu\/wp-json\/wp\/v2\/types\/page"}],"author":[{"embeddable":true,"href":"https:\/\/univet.hu\/hu\/wp-json\/wp\/v2\/users\/1"}],"replies":[{"embeddable":true,"href":"https:\/\/univet.hu\/hu\/wp-json\/wp\/v2\/comments?post=17800"}],"version-history":[{"count":0,"href":"https:\/\/univet.hu\/hu\/wp-json\/wp\/v2\/pages\/17800\/revisions"}],"up":[{"embeddable":true,"href":"https:\/\/univet.hu\/hu\/wp-json\/wp\/v2\/pages\/2211"}],"wp:attachment":[{"href":"https:\/\/univet.hu\/hu\/wp-json\/wp\/v2\/media?parent=17800"}],"wp:term":[{"taxonomy":"category","embeddable":true,"href":"https:\/\/univet.hu\/hu\/wp-json\/wp\/v2\/categories?post=17800"},{"taxonomy":"post_tag","embeddable":true,"href":"https:\/\/univet.hu\/hu\/wp-json\/wp\/v2\/tags?post=17800"}],"curies":[{"name":"wp","href":"https:\/\/api.w.org\/{rel}","templated":true}]}}