{"id":17811,"date":"2018-09-13T20:43:55","date_gmt":"2018-09-13T18:43:55","guid":{"rendered":"http:\/\/univet.hu\/?page_id=17811"},"modified":"2025-05-12T12:56:44","modified_gmt":"2025-05-12T10:56:44","slug":"oktatas-es-tovabbkepzes","status":"publish","type":"page","link":"https:\/\/univet.hu\/hu\/klinikak\/loklinika\/oktatas-es-tovabbkepzes\/","title":{"rendered":"Oktat\u00e1s \u00e9s tov\u00e1bbk\u00e9pz\u00e9s"},"content":{"rendered":"<p>K\u00e9rj\u00fck, hogy v\u00e1lasszon az al\u00e1bbi men\u00fcpontok k\u00f6z\u00fcl:<\/p> <ul> <li style=\"list-style-type: none\"> <ul> <li><a href=\"https:\/\/univet.hu\/hu\/klinikak\/loklinika\/oktatas-es-tovabbkepzes\/gradualis-kepzes\/\" data-replaced=\"true\">Gradu\u00e1lis k\u00e9pz\u00e9s \u00bb<\/a><\/li> <li><a href=\"https:\/\/univet.hu\/hu\/klinikak\/loklinika\/oktatas-es-tovabbkepzes\/posztgradualis-kepzes\/\" data-replaced=\"true\">Posztgradu\u00e1lis k\u00e9pz\u00e9s \u00bb<\/a><\/li> <\/ul> <\/li> <\/ul> <p>&nbsp;<\/p>","protected":false},"excerpt":{"rendered":"<p>K\u00e9rj\u00fck, hogy v\u00e1lasszon az al\u00e1bbi men\u00fcpontok k\u00f6z\u00fcl: Gradu\u00e1lis k\u00e9pz\u00e9s \u00bb Posztgradu\u00e1lis k\u00e9pz\u00e9s \u00bb &nbsp;<\/p>\n","protected":false},"author":1,"featured_media":0,"parent":2211,"menu_order":244,"comment_status":"closed","ping_status":"closed","template":"","meta":{"_acf_changed":false,"footnotes":""},"categories":[],"tags":[],"class_list":["post-17811","page","type-page","status-publish","hentry"],"acf":[],"_links":{"self":[{"href":"https:\/\/univet.hu\/hu\/wp-json\/wp\/v2\/pages\/17811","targetHints":{"allow":["GET"]}}],"collection":[{"href":"https:\/\/univet.hu\/hu\/wp-json\/wp\/v2\/pages"}],"about":[{"href":"https:\/\/univet.hu\/hu\/wp-json\/wp\/v2\/types\/page"}],"author":[{"embeddable":true,"href":"https:\/\/univet.hu\/hu\/wp-json\/wp\/v2\/users\/1"}],"replies":[{"embeddable":true,"href":"https:\/\/univet.hu\/hu\/wp-json\/wp\/v2\/comments?post=17811"}],"version-history":[{"count":2,"href":"https:\/\/univet.hu\/hu\/wp-json\/wp\/v2\/pages\/17811\/revisions"}],"predecessor-version":[{"id":184443,"href":"https:\/\/univet.hu\/hu\/wp-json\/wp\/v2\/pages\/17811\/revisions\/184443"}],"up":[{"embeddable":true,"href":"https:\/\/univet.hu\/hu\/wp-json\/wp\/v2\/pages\/2211"}],"wp:attachment":[{"href":"https:\/\/univet.hu\/hu\/wp-json\/wp\/v2\/media?parent=17811"}],"wp:term":[{"taxonomy":"category","embeddable":true,"href":"https:\/\/univet.hu\/hu\/wp-json\/wp\/v2\/categories?post=17811"},{"taxonomy":"post_tag","embeddable":true,"href":"https:\/\/univet.hu\/hu\/wp-json\/wp\/v2\/tags?post=17811"}],"curies":[{"name":"wp","href":"https:\/\/api.w.org\/{rel}","templated":true}]}}