{"id":17818,"date":"2018-09-13T20:47:36","date_gmt":"2018-09-13T18:47:36","guid":{"rendered":"http:\/\/univet.hu\/?page_id=17818"},"modified":"2025-03-20T13:20:57","modified_gmt":"2025-03-20T12:20:57","slug":"gradualis-kepzes","status":"publish","type":"page","link":"https:\/\/univet.hu\/hu\/klinikak\/loklinika\/oktatas-es-tovabbkepzes\/gradualis-kepzes\/","title":{"rendered":"Gradu\u00e1lis k\u00e9pz\u00e9s"},"content":{"rendered":"<p>K\u00e9rj\u00fck, hogy v\u00e1lasszon az al\u00e1bbi men\u00fcpontok k\u00f6z\u00fcl:<\/p> <ul> <li><a href=\"https:\/\/univet.hu\/hu\/oktatas\/kurzusok\/logyogyaszat-1\/\">L\u00f3gy\u00f3gy\u00e1szat 1. \u00bb<\/a><\/li> <li><a href=\"https:\/\/univet.hu\/hu\/oktatas\/kurzusok\/logyogyaszat-2\/\">L\u00f3gy\u00f3gy\u00e1szat 2. \u00bb<\/a><\/li> <li><a href=\"https:\/\/univet.hu\/hu\/oktatas\/kurzusok\/logyogyaszat-3\/\">L\u00f3gy\u00f3gy\u00e1szat 3. \u00bb<\/a><\/li> <li><a href=\"https:\/\/univet.hu\/hu\/oktatas\/kurzusok\/klinikai-betegellatasi-gyakorlat\/\">Klinikai betegell\u00e1t\u00e1si gyakorlat<\/a><\/li> <li><a href=\"https:\/\/univet.hu\/hu\/oktatas\/kurzusok\/szakmai-gyakorlat-logyogyaszat\/\">Szakmai gyakorlat (l\u00f3gy\u00f3gy\u00e1szat)<\/a><\/li> <\/ul> <p><strong>Fakult\u00e1ci\u00f3k:<\/strong><\/p> <ul> <li><a href=\"https:\/\/univet.hu\/hu\/oktatas\/kurzusok\/a-kolikas-lo\/\">A k\u00f3lik\u00e1s l\u00f3<\/a><\/li> <li>Lovak szem\u00e9szete<\/li> <li>Ultrahangdiagnoszika a l\u00f3gy\u00f3gy\u00e1szatban<\/li> <\/ul> <p>&nbsp;<\/p> <p style=\"text-align: center\">Az oktat\u00f3k fogad\u00f3\u00f3r\u00e1ja:<br \/> minden h\u00f3nap utols\u00f3 p\u00e9ntekj\u00e9n<\/p> <p style=\"text-align: center\">11-\u00f3r\u00e1t\u00f3l van tartva.<\/p>","protected":false},"excerpt":{"rendered":"<p>K\u00e9rj\u00fck, hogy v\u00e1lasszon az al\u00e1bbi men\u00fcpontok k\u00f6z\u00fcl: L\u00f3gy\u00f3gy\u00e1szat 1. \u00bb L\u00f3gy\u00f3gy\u00e1szat 2. \u00bb L\u00f3gy\u00f3gy\u00e1szat 3. \u00bb Klinikai betegell\u00e1t\u00e1si gyakorlat Szakmai gyakorlat (l\u00f3gy\u00f3gy\u00e1szat) Fakult\u00e1ci\u00f3k: A k\u00f3lik\u00e1s l\u00f3 Lovak szem\u00e9szete Ultrahangdiagnoszika a l\u00f3gy\u00f3gy\u00e1szatban &nbsp; Az oktat\u00f3k fogad\u00f3\u00f3r\u00e1ja: minden h\u00f3nap utols\u00f3 p\u00e9ntekj\u00e9n 11-\u00f3r\u00e1t\u00f3l van tartva.<\/p>\n","protected":false},"author":1,"featured_media":0,"parent":17811,"menu_order":127,"comment_status":"closed","ping_status":"closed","template":"","meta":{"_acf_changed":false,"footnotes":""},"categories":[],"tags":[],"class_list":["post-17818","page","type-page","status-publish","hentry"],"acf":[],"_links":{"self":[{"href":"https:\/\/univet.hu\/hu\/wp-json\/wp\/v2\/pages\/17818","targetHints":{"allow":["GET"]}}],"collection":[{"href":"https:\/\/univet.hu\/hu\/wp-json\/wp\/v2\/pages"}],"about":[{"href":"https:\/\/univet.hu\/hu\/wp-json\/wp\/v2\/types\/page"}],"author":[{"embeddable":true,"href":"https:\/\/univet.hu\/hu\/wp-json\/wp\/v2\/users\/1"}],"replies":[{"embeddable":true,"href":"https:\/\/univet.hu\/hu\/wp-json\/wp\/v2\/comments?post=17818"}],"version-history":[{"count":3,"href":"https:\/\/univet.hu\/hu\/wp-json\/wp\/v2\/pages\/17818\/revisions"}],"predecessor-version":[{"id":177473,"href":"https:\/\/univet.hu\/hu\/wp-json\/wp\/v2\/pages\/17818\/revisions\/177473"}],"up":[{"embeddable":true,"href":"https:\/\/univet.hu\/hu\/wp-json\/wp\/v2\/pages\/17811"}],"wp:attachment":[{"href":"https:\/\/univet.hu\/hu\/wp-json\/wp\/v2\/media?parent=17818"}],"wp:term":[{"taxonomy":"category","embeddable":true,"href":"https:\/\/univet.hu\/hu\/wp-json\/wp\/v2\/categories?post=17818"},{"taxonomy":"post_tag","embeddable":true,"href":"https:\/\/univet.hu\/hu\/wp-json\/wp\/v2\/tags?post=17818"}],"curies":[{"name":"wp","href":"https:\/\/api.w.org\/{rel}","templated":true}]}}