{"id":17820,"date":"2018-09-13T20:48:38","date_gmt":"2018-09-13T18:48:38","guid":{"rendered":"http:\/\/univet.hu\/?page_id=17820"},"modified":"2025-03-19T14:06:09","modified_gmt":"2025-03-19T13:06:09","slug":"posztgradualis-kepzes","status":"publish","type":"page","link":"https:\/\/univet.hu\/hu\/klinikak\/loklinika\/oktatas-es-tovabbkepzes\/posztgradualis-kepzes\/","title":{"rendered":"Posztgradu\u00e1lis k\u00e9pz\u00e9s"},"content":{"rendered":"<p>K\u00e9rj\u00fck, hogy v\u00e1lasszon az al\u00e1bbi men\u00fcpontok k\u00f6z\u00fcl:<\/p> <ul> <li><a href=\"https:\/\/tkk.univet.hu\/jelenlegi-szakiranyu-tovabbkepzesek\/\" data-replaced=\"true\">Szak\u00e1llatorvos k\u00e9pz\u00e9s \u00bb<\/a><\/li> <\/ul>","protected":false},"excerpt":{"rendered":"<p>K\u00e9rj\u00fck, hogy v\u00e1lasszon az al\u00e1bbi men\u00fcpontok k\u00f6z\u00fcl: Szak\u00e1llatorvos k\u00e9pz\u00e9s \u00bb<\/p>\n","protected":false},"author":1,"featured_media":0,"parent":17811,"menu_order":127,"comment_status":"closed","ping_status":"closed","template":"","meta":{"_acf_changed":false,"footnotes":""},"categories":[],"tags":[],"class_list":["post-17820","page","type-page","status-publish","hentry"],"acf":[],"_links":{"self":[{"href":"https:\/\/univet.hu\/hu\/wp-json\/wp\/v2\/pages\/17820","targetHints":{"allow":["GET"]}}],"collection":[{"href":"https:\/\/univet.hu\/hu\/wp-json\/wp\/v2\/pages"}],"about":[{"href":"https:\/\/univet.hu\/hu\/wp-json\/wp\/v2\/types\/page"}],"author":[{"embeddable":true,"href":"https:\/\/univet.hu\/hu\/wp-json\/wp\/v2\/users\/1"}],"replies":[{"embeddable":true,"href":"https:\/\/univet.hu\/hu\/wp-json\/wp\/v2\/comments?post=17820"}],"version-history":[{"count":2,"href":"https:\/\/univet.hu\/hu\/wp-json\/wp\/v2\/pages\/17820\/revisions"}],"predecessor-version":[{"id":177200,"href":"https:\/\/univet.hu\/hu\/wp-json\/wp\/v2\/pages\/17820\/revisions\/177200"}],"up":[{"embeddable":true,"href":"https:\/\/univet.hu\/hu\/wp-json\/wp\/v2\/pages\/17811"}],"wp:attachment":[{"href":"https:\/\/univet.hu\/hu\/wp-json\/wp\/v2\/media?parent=17820"}],"wp:term":[{"taxonomy":"category","embeddable":true,"href":"https:\/\/univet.hu\/hu\/wp-json\/wp\/v2\/categories?post=17820"},{"taxonomy":"post_tag","embeddable":true,"href":"https:\/\/univet.hu\/hu\/wp-json\/wp\/v2\/tags?post=17820"}],"curies":[{"name":"wp","href":"https:\/\/api.w.org\/{rel}","templated":true}]}}