{"id":178365,"date":"2025-04-07T15:35:42","date_gmt":"2025-04-07T13:35:42","guid":{"rendered":"https:\/\/univet.hu\/hu\/oktatas\/tanulmanyi-osztaly\/a-tanev-idobeosztasa\/new_child_page\/"},"modified":"2025-08-26T12:16:38","modified_gmt":"2025-08-26T10:16:38","slug":"2025-2026","status":"publish","type":"page","link":"https:\/\/univet.hu\/hu\/oktatas\/tanulmanyi-osztaly\/a-tanev-idobeosztasa\/2025-2026\/","title":{"rendered":"2025\/26"},"content":{"rendered":"<p><a href=\"https:\/\/univet.hu\/wp-content\/uploads\/2025\/04\/2025-2026.-tanev-idobeosztasa.pdf\">2025-2026. tan\u00e9v id\u0151beoszt\u00e1sa<\/a><\/p>","protected":false},"excerpt":{"rendered":"<p>2025-2026. tan\u00e9v id\u0151beoszt\u00e1sa<\/p>\n","protected":false},"author":2518,"featured_media":171709,"parent":635,"menu_order":117,"comment_status":"open","ping_status":"open","template":"","meta":{"_acf_changed":false,"footnotes":""},"categories":[42],"tags":[],"class_list":["post-178365","page","type-page","status-publish","has-post-thumbnail","hentry","category-kiemelt"],"acf":[],"_links":{"self":[{"href":"https:\/\/univet.hu\/hu\/wp-json\/wp\/v2\/pages\/178365","targetHints":{"allow":["GET"]}}],"collection":[{"href":"https:\/\/univet.hu\/hu\/wp-json\/wp\/v2\/pages"}],"about":[{"href":"https:\/\/univet.hu\/hu\/wp-json\/wp\/v2\/types\/page"}],"author":[{"embeddable":true,"href":"https:\/\/univet.hu\/hu\/wp-json\/wp\/v2\/users\/2518"}],"replies":[{"embeddable":true,"href":"https:\/\/univet.hu\/hu\/wp-json\/wp\/v2\/comments?post=178365"}],"version-history":[{"count":2,"href":"https:\/\/univet.hu\/hu\/wp-json\/wp\/v2\/pages\/178365\/revisions"}],"predecessor-version":[{"id":178370,"href":"https:\/\/univet.hu\/hu\/wp-json\/wp\/v2\/pages\/178365\/revisions\/178370"}],"up":[{"embeddable":true,"href":"https:\/\/univet.hu\/hu\/wp-json\/wp\/v2\/pages\/635"}],"wp:featuredmedia":[{"embeddable":true,"href":"https:\/\/univet.hu\/hu\/wp-json\/wp\/v2\/media\/171709"}],"wp:attachment":[{"href":"https:\/\/univet.hu\/hu\/wp-json\/wp\/v2\/media?parent=178365"}],"wp:term":[{"taxonomy":"category","embeddable":true,"href":"https:\/\/univet.hu\/hu\/wp-json\/wp\/v2\/categories?post=178365"},{"taxonomy":"post_tag","embeddable":true,"href":"https:\/\/univet.hu\/hu\/wp-json\/wp\/v2\/tags?post=178365"}],"curies":[{"name":"wp","href":"https:\/\/api.w.org\/{rel}","templated":true}]}}