{"id":178423,"date":"2025-04-09T09:49:51","date_gmt":"2025-04-09T07:49:51","guid":{"rendered":"https:\/\/univet.hu\/hu\/oktatas\/tanulmanyi-osztaly\/allasajanlatok\/new_child_page\/"},"modified":"2025-04-09T09:49:51","modified_gmt":"2025-04-09T07:49:51","slug":"nebih-allategeszsegugyi-diagnosztikai-laboratorium-igazgatosag","status":"publish","type":"page","link":"https:\/\/univet.hu\/hu\/oktatas\/tanulmanyi-osztaly\/allasajanlatok\/nebih-allategeszsegugyi-diagnosztikai-laboratorium-igazgatosag\/","title":{"rendered":"N\u00c9BIH \u00c1llateg\u00e9szs\u00e9g\u00fcgyi Diagnosztikai Laborat\u00f3rium Igazgat\u00f3s\u00e1g"},"content":{"rendered":"<p>2025.04.09<\/p> <p class=\"x_MsoNormal\"><b>A N\u00c9BIH \u00c1llateg\u00e9szs\u00e9g\u00fcgyi Diagnosztikai Laborat\u00f3rium Igazgat\u00f3s\u00e1g K\u00f3rbonctani Oszt\u00e1ly\u00e1ra keresn\u00e9nk 1 f\u0151 laborat\u00f3riumi \u00e1llatorvost.<\/b><\/p> <p class=\"x_MsoNormal\"><b>\u00a0<\/b><\/p> <p class=\"x_MsoNormal\"><b>Tejes munkaid\u0151s (heti 40 \u00f3ra), \u00a0hat\u00e1rozatlan idej\u0171, korm\u00e1nyzati szolg\u00e1lati jogviszony.<\/b><\/p> <p class=\"x_MsoNormal\"><b>\u00a0<\/b><\/p> <p class=\"x_MsoNormal\"><b>C\u00edm: 1143 Budapest, T\u00e1bornok u. 2.<\/b><\/p> <p class=\"x_MsoNormal\"><b>Feladatok:<\/b>\u00a0A laborat\u00f3rium\u00a0<b>k\u00f3rbonctani<\/b>\u00a0vizsg\u00e1lataihoz kapcsol\u00f3d\u00f3 rutin diagnosztikai feladatok v\u00e9gz\u00e9se, ir\u00e1ny\u00edt\u00e1sa, fejleszt\u00e9se. A vizsg\u00e1lati mint\u00e1k \u00e9rt\u00e9kel\u00e9se, tov\u00e1bb\u00e1 az ezzel kapcsolatos adminisztr\u00e1ci\u00f3. Kutat\u00e1s-fejleszt\u00e9si \u00e9s oktat\u00e1si munk\u00e1ban t\u00f6rt\u00e9n\u0151 r\u00e9szv\u00e9tel.<\/p> <p class=\"x_MsoNormal\"> <p class=\"x_MsoNormal\"><b>\u00c9rdekl\u0151dni lehet:\u00a0<\/b>Tarj\u00e1nin\u00e9 Szab\u00f3 Kinga (tel.: 06-70-436-0624)<\/p>","protected":false},"excerpt":{"rendered":"<p>2025.04.09 A N\u00c9BIH \u00c1llateg\u00e9szs\u00e9g\u00fcgyi Diagnosztikai Laborat\u00f3rium Igazgat\u00f3s\u00e1g K\u00f3rbonctani Oszt\u00e1ly\u00e1ra keresn\u00e9nk 1 f\u0151 laborat\u00f3riumi \u00e1llatorvost. \u00a0 Tejes munkaid\u0151s (heti 40 \u00f3ra), \u00a0hat\u00e1rozatlan idej\u0171, korm\u00e1nyzati szolg\u00e1lati jogviszony. \u00a0 C\u00edm: 1143 Budapest, T\u00e1bornok u. 2. Feladatok:\u00a0A laborat\u00f3rium\u00a0k\u00f3rbonctani\u00a0vizsg\u00e1lataihoz kapcsol\u00f3d\u00f3 rutin diagnosztikai feladatok v\u00e9gz\u00e9se, ir\u00e1ny\u00edt\u00e1sa, fejleszt\u00e9se. A vizsg\u00e1lati mint\u00e1k \u00e9rt\u00e9kel\u00e9se, tov\u00e1bb\u00e1 az ezzel kapcsolatos adminisztr\u00e1ci\u00f3. Kutat\u00e1s-fejleszt\u00e9si \u00e9s oktat\u00e1si munk\u00e1ban t\u00f6rt\u00e9n\u0151<\/p>\n","protected":false},"author":5795,"featured_media":0,"parent":26415,"menu_order":0,"comment_status":"open","ping_status":"open","template":"","meta":{"_acf_changed":false,"footnotes":""},"categories":[],"tags":[],"class_list":["post-178423","page","type-page","status-publish","hentry"],"acf":[],"_links":{"self":[{"href":"https:\/\/univet.hu\/hu\/wp-json\/wp\/v2\/pages\/178423","targetHints":{"allow":["GET"]}}],"collection":[{"href":"https:\/\/univet.hu\/hu\/wp-json\/wp\/v2\/pages"}],"about":[{"href":"https:\/\/univet.hu\/hu\/wp-json\/wp\/v2\/types\/page"}],"author":[{"embeddable":true,"href":"https:\/\/univet.hu\/hu\/wp-json\/wp\/v2\/users\/5795"}],"replies":[{"embeddable":true,"href":"https:\/\/univet.hu\/hu\/wp-json\/wp\/v2\/comments?post=178423"}],"version-history":[{"count":1,"href":"https:\/\/univet.hu\/hu\/wp-json\/wp\/v2\/pages\/178423\/revisions"}],"predecessor-version":[{"id":178424,"href":"https:\/\/univet.hu\/hu\/wp-json\/wp\/v2\/pages\/178423\/revisions\/178424"}],"up":[{"embeddable":true,"href":"https:\/\/univet.hu\/hu\/wp-json\/wp\/v2\/pages\/26415"}],"wp:attachment":[{"href":"https:\/\/univet.hu\/hu\/wp-json\/wp\/v2\/media?parent=178423"}],"wp:term":[{"taxonomy":"category","embeddable":true,"href":"https:\/\/univet.hu\/hu\/wp-json\/wp\/v2\/categories?post=178423"},{"taxonomy":"post_tag","embeddable":true,"href":"https:\/\/univet.hu\/hu\/wp-json\/wp\/v2\/tags?post=178423"}],"curies":[{"name":"wp","href":"https:\/\/api.w.org\/{rel}","templated":true}]}}