{"id":178749,"date":"2025-04-15T22:23:30","date_gmt":"2025-04-15T20:23:30","guid":{"rendered":"https:\/\/univet.hu\/hu\/egyetem\/munkatarsak\/new_staff_member-2\/"},"modified":"2026-02-10T03:55:37","modified_gmt":"2026-02-10T02:55:37","slug":"dr-liptai-hajnalka-nikoletta","status":"publish","type":"page","link":"https:\/\/univet.hu\/hu\/egyetem\/munkatarsak\/dr-liptai-hajnalka-nikoletta\/","title":{"rendered":"Liptai Hajnalka Nikoletta"},"content":{"rendered":"<p><strong>Bemutatkoz\u00e1s<\/strong><\/p> <p>2000-ben Budapesten sz\u00fclettem \u00e9s ami\u00f3ta az eszemet tudom, \u00e1llatorvos szerettem volna lenni! K\u00f6z\u00e9piskolai tanulm\u00e1nyaimat a II. R\u00e1k\u00f3czi Ferencz Gimn\u00e1ziumban folytattam, ahol emelt k\u00e9mia \u00e9s biol\u00f3gia tagozatra j\u00e1rtam, ezzel megalapozva az egyetemi jelentkez\u00e9semet. 2019-ben nyertem felv\u00e9telt az \u00c1llatorvostudom\u00e1nyi Egyetemre, ahol a szakdolgozati munk\u00e1m sor\u00e1n sz\u00fcletett meg bennem, hogy az egzotikus \u00e1llatok gy\u00f3gy\u00edt\u00e1s\u00e1val szeretn\u00e9k foglalkozni.<\/p> <p>M\u00e1r hallgat\u00f3k\u00e9nt akt\u00edvan r\u00e9szt vettem az Egyetemen zajl\u00f3 k\u00fcl\u00f6nf\u00e9le rendezv\u00e9nyek szervez\u00e9s\u00e9ben \u00e9s amikor csak tudtam, bej\u00e1rtam az egzotikus szakrendel\u00e9sekre, ezzel n\u00f6velve a szakmai gyakorlati tud\u00e1somat \u00e9s egyben magabiztoss\u00e1got is szerezve az egzotikus kis\u00e1llatok ell\u00e1t\u00e1s\u00e1t illet\u0151en.<\/p>","protected":false},"excerpt":{"rendered":"<p>Bemutatkoz\u00e1s 2000-ben Budapesten sz\u00fclettem \u00e9s ami\u00f3ta az eszemet tudom, \u00e1llatorvos szerettem volna lenni! K\u00f6z\u00e9piskolai tanulm\u00e1nyaimat a II. R\u00e1k\u00f3czi Ferencz Gimn\u00e1ziumban folytattam, ahol emelt k\u00e9mia \u00e9s biol\u00f3gia tagozatra j\u00e1rtam, ezzel megalapozva az egyetemi jelentkez\u00e9semet. 2019-ben nyertem felv\u00e9telt az \u00c1llatorvostudom\u00e1nyi Egyetemre, ahol a szakdolgozati munk\u00e1m sor\u00e1n sz\u00fcletett meg bennem, hogy az egzotikus \u00e1llatok gy\u00f3gy\u00edt\u00e1s\u00e1val szeretn\u00e9k foglalkozni. M\u00e1r<\/p>\n","protected":false},"author":5824,"featured_media":0,"parent":858,"menu_order":0,"comment_status":"open","ping_status":"open","template":"","meta":{"_acf_changed":false,"footnotes":""},"categories":[],"tags":[],"class_list":["post-178749","page","type-page","status-publish","hentry"],"acf":[],"_links":{"self":[{"href":"https:\/\/univet.hu\/hu\/wp-json\/wp\/v2\/pages\/178749","targetHints":{"allow":["GET"]}}],"collection":[{"href":"https:\/\/univet.hu\/hu\/wp-json\/wp\/v2\/pages"}],"about":[{"href":"https:\/\/univet.hu\/hu\/wp-json\/wp\/v2\/types\/page"}],"author":[{"embeddable":true,"href":"https:\/\/univet.hu\/hu\/wp-json\/wp\/v2\/users\/5824"}],"replies":[{"embeddable":true,"href":"https:\/\/univet.hu\/hu\/wp-json\/wp\/v2\/comments?post=178749"}],"version-history":[{"count":3,"href":"https:\/\/univet.hu\/hu\/wp-json\/wp\/v2\/pages\/178749\/revisions"}],"predecessor-version":[{"id":178774,"href":"https:\/\/univet.hu\/hu\/wp-json\/wp\/v2\/pages\/178749\/revisions\/178774"}],"up":[{"embeddable":true,"href":"https:\/\/univet.hu\/hu\/wp-json\/wp\/v2\/pages\/858"}],"wp:attachment":[{"href":"https:\/\/univet.hu\/hu\/wp-json\/wp\/v2\/media?parent=178749"}],"wp:term":[{"taxonomy":"category","embeddable":true,"href":"https:\/\/univet.hu\/hu\/wp-json\/wp\/v2\/categories?post=178749"},{"taxonomy":"post_tag","embeddable":true,"href":"https:\/\/univet.hu\/hu\/wp-json\/wp\/v2\/tags?post=178749"}],"curies":[{"name":"wp","href":"https:\/\/api.w.org\/{rel}","templated":true}]}}