{"id":179005,"date":"2025-04-23T08:16:54","date_gmt":"2025-04-23T06:16:54","guid":{"rendered":"https:\/\/univet.hu\/hu\/oktatas\/tanulmanyi-osztaly\/allasajanlatok\/new_child_page\/"},"modified":"2025-04-23T08:18:23","modified_gmt":"2025-04-23T06:18:23","slug":"csobankai-allatorvosi-rendelo","status":"publish","type":"page","link":"https:\/\/univet.hu\/hu\/oktatas\/tanulmanyi-osztaly\/allasajanlatok\/csobankai-allatorvosi-rendelo\/","title":{"rendered":"Csob\u00e1nkai \u00c1llatorvosi Rendel\u0151"},"content":{"rendered":"<p>2025.04.23<\/p> <p><strong>\u00c1llatorvost keres\u00fcnk \u2013 Csob\u00e1nkai \u00c1llatorvosi Rendel\u0151<\/strong><\/p> <p>Szeretn\u00e9l egy bar\u00e1ts\u00e1gos, j\u00f3l felszerelt rendel\u0151ben dolgozni, ahol \u00e9rt\u00e9kelik a szakmai ig\u00e9nyess\u00e9get, \u00e9s t\u00e1mogatj\u00e1k a fejl\u0151d\u00e9sed? Akkor csatlakozz hozz\u00e1nk!<\/p> <p>A <strong>Csob\u00e1nkai \u00c1llatorvosi Rendel\u0151<\/strong> 16 \u00e9ve m\u0171k\u00f6dik, \u00e9s folyamatosan fejl\u0151dik \u2013 olyannyira, hogy \u0151sszel egy vadonat\u00faj, kifejezetten rendel\u0151nek tervezett \u00e9p\u00fcletbe k\u00f6lt\u00f6z\u00fcnk. Most \u00faj <strong>\u00e1llatorvos koll\u00e9g\u00e1t<\/strong> keres\u00fcnk, aki vel\u00fcnk egy\u00fctt \u00edrn\u00e1 tov\u00e1bb a rendel\u0151 t\u00f6rt\u00e9net\u00e9t.<\/p> <p><strong>T\u00e9ged keres\u00fcnk, ha\u2026<\/strong><\/p> <ul> <li>\u00f6n\u00e1ll\u00f3an, magabiztosan dolgozol, de szeretsz csapatban is gondolkodni<\/li> <li>kezd\u0151k\u00e9nt is sz\u00edvesen l\u00e1tunk, \u00e9s t\u00e1mogatjuk a beilleszked\u00e9sedet<\/li> <li>nem riadsz vissza a modern m\u0171szerekt\u0151l, s\u0151t, \u00f6r\u00fclsz, ha haszn\u00e1lhatod \u0151ket<\/li> <li>fontos sz\u00e1modra a szakmai min\u0151s\u00e9g, de az emp\u00e1tia \u00e9s a gazdikkal val\u00f3 kapcsolat is<\/li> <li>lelkes vagy az \u00faj ismeretek ir\u00e1nt, \u00e9s term\u00e9szetes, hogy k\u00e9rdezel, ha valami bizonytalan.<\/li> <\/ul> <p><strong>Amit k\u00edn\u00e1lunk:<\/strong><\/p> <ul> <li>\u00d6sszeszokott, t\u00e1mogat\u00f3 csapat: jelenleg 2 \u00e1llatorvos \u00e9s 3 asszisztens dolgozik n\u00e1lunk<\/li> <li>Kiemelked\u0151 eszk\u00f6zpark: ultrahang, digit\u00e1lis r\u00f6ntgen, flexibilis endoszk\u00f3p, altat\u00f3g\u00e9p, monitor, steriliz\u00e1l\u00f3k, inf\u00fazi\u00f3s pump\u00e1k, perf\u00fazorok, m\u0171t\u00e9ti eszk\u00f6z\u00f6k \u00e9s m\u00e9g sok m\u00e1s<\/li> <li>Rendszeres szakorvosi konzult\u00e1ci\u00f3k<\/li> <li>\u0150szt\u0151l egy teljesen \u00faj, korszer\u0171 rendel\u0151\u00e9p\u00fclet \u2013 veled egy\u00fctt form\u00e1lhatjuk meg a j\u00f6v\u0151 helysz\u00edn\u00e9t<\/li> <li>Stabil h\u00e1tt\u00e9r, fejl\u0151d\u00e9si lehet\u0151s\u00e9g \u00e9s hossz\u00fa t\u00e1v\u00fa egy\u00fcttm\u0171k\u00f6d\u00e9s<\/li> <\/ul> <p><strong>Mi\u00e9rt \u00e9rdemes hozz\u00e1nk csatlakozni?<\/strong><\/p> <ul> <li><strong>Val\u00f3di csapat vagyunk.<\/strong> Megosztjuk a tud\u00e1sunkat, t\u00e1mogatjuk egym\u00e1st, \u00e9s sz\u00e1m\u00edt a v\u00e9lem\u00e9nyed \u2013 nem csak \u201eplusz ember\u201d leszel.<\/li> <li><strong>Szakmailag ig\u00e9nyesek, de emberiek is vagyunk.<\/strong> Tudjuk, mikor kell seg\u00edts\u00e9get k\u00e9rni, \u00e9s ez n\u00e1lunk er\u0151ss\u00e9g, nem gyenges\u00e9g.<\/li> <li><strong>Inspir\u00e1l\u00f3 k\u00f6rnyezetben dolgozhatsz.<\/strong> Minden m\u0171szer m\u0171k\u00f6dik, haszn\u00e1ljuk is \u0151ket, \u00e9s sz\u00edvesen fogadjuk az \u00faj \u00f6tleteidet.<\/li> <li><strong>A munka ut\u00e1n van \u00e9let!<\/strong> Csob\u00e1nka Budapest k\u00f6zel\u00e9ben, de a Pilis sz\u00edv\u00e9ben fekszik \u2013 itt k\u00f6nnyebb felt\u00f6lt\u0151dni egy hossz\u00fa nap ut\u00e1n.<\/li> <li><strong>Snack-szekr\u00e9ny\u00fcnk legend\u00e1s:<\/strong> Anik\u00f3 folyamatosan gondoskodik r\u00f3la, hogy sose fogyj ki az energi\u00e1b\u00f3l.<\/li> <\/ul> <p><strong>Jelentkez\u00e9s:<\/strong><\/p> <p>&nbsp;<\/p> <p><strong>K\u00fcldd el \u00f6n\u00e9letrajzodat a <a class=\"decrypt\" rel=\"hzfuwbjAhnbjm\/dpn\" href=\"javascript:void(0);\">[Kattintson az emailc\u00edmhez]<\/a> c\u00edmre, vagy h\u00edvd a +36 30 539 6973\u2011as sz\u00e1mot!<br \/> <\/strong>K\u00e9rd\u00e9sed van? \u00cdrj b\u00e1tran, \u00f6r\u00f6mmel v\u00e1laszolunk<\/p>","protected":false},"excerpt":{"rendered":"<p>2025.04.23 \u00c1llatorvost keres\u00fcnk \u2013 Csob\u00e1nkai \u00c1llatorvosi Rendel\u0151 Szeretn\u00e9l egy bar\u00e1ts\u00e1gos, j\u00f3l felszerelt rendel\u0151ben dolgozni, ahol \u00e9rt\u00e9kelik a szakmai ig\u00e9nyess\u00e9get, \u00e9s t\u00e1mogatj\u00e1k a fejl\u0151d\u00e9sed? Akkor csatlakozz hozz\u00e1nk! A Csob\u00e1nkai \u00c1llatorvosi Rendel\u0151 16 \u00e9ve m\u0171k\u00f6dik, \u00e9s folyamatosan fejl\u0151dik \u2013 olyannyira, hogy \u0151sszel egy vadonat\u00faj, kifejezetten rendel\u0151nek tervezett \u00e9p\u00fcletbe k\u00f6lt\u00f6z\u00fcnk. Most \u00faj \u00e1llatorvos koll\u00e9g\u00e1t keres\u00fcnk, aki vel\u00fcnk egy\u00fctt<\/p>\n","protected":false},"author":5795,"featured_media":0,"parent":26415,"menu_order":0,"comment_status":"open","ping_status":"open","template":"","meta":{"_acf_changed":false,"footnotes":""},"categories":[],"tags":[],"class_list":["post-179005","page","type-page","status-publish","hentry"],"acf":[],"_links":{"self":[{"href":"https:\/\/univet.hu\/hu\/wp-json\/wp\/v2\/pages\/179005","targetHints":{"allow":["GET"]}}],"collection":[{"href":"https:\/\/univet.hu\/hu\/wp-json\/wp\/v2\/pages"}],"about":[{"href":"https:\/\/univet.hu\/hu\/wp-json\/wp\/v2\/types\/page"}],"author":[{"embeddable":true,"href":"https:\/\/univet.hu\/hu\/wp-json\/wp\/v2\/users\/5795"}],"replies":[{"embeddable":true,"href":"https:\/\/univet.hu\/hu\/wp-json\/wp\/v2\/comments?post=179005"}],"version-history":[{"count":2,"href":"https:\/\/univet.hu\/hu\/wp-json\/wp\/v2\/pages\/179005\/revisions"}],"predecessor-version":[{"id":179008,"href":"https:\/\/univet.hu\/hu\/wp-json\/wp\/v2\/pages\/179005\/revisions\/179008"}],"up":[{"embeddable":true,"href":"https:\/\/univet.hu\/hu\/wp-json\/wp\/v2\/pages\/26415"}],"wp:attachment":[{"href":"https:\/\/univet.hu\/hu\/wp-json\/wp\/v2\/media?parent=179005"}],"wp:term":[{"taxonomy":"category","embeddable":true,"href":"https:\/\/univet.hu\/hu\/wp-json\/wp\/v2\/categories?post=179005"},{"taxonomy":"post_tag","embeddable":true,"href":"https:\/\/univet.hu\/hu\/wp-json\/wp\/v2\/tags?post=179005"}],"curies":[{"name":"wp","href":"https:\/\/api.w.org\/{rel}","templated":true}]}}