{"id":179012,"date":"2025-04-23T08:34:11","date_gmt":"2025-04-23T06:34:11","guid":{"rendered":"https:\/\/univet.hu\/hu\/oktatas\/tanulmanyi-osztaly\/allasajanlatok\/new_child_page\/"},"modified":"2025-04-23T08:34:11","modified_gmt":"2025-04-23T06:34:11","slug":"allatkorhaz-budapest-11-kerulet","status":"publish","type":"page","link":"https:\/\/univet.hu\/hu\/oktatas\/tanulmanyi-osztaly\/allasajanlatok\/allatkorhaz-budapest-11-kerulet\/","title":{"rendered":"\u00c1llatk\u00f3rh\u00e1z &#8211; Budapest 11. ker\u00fclet"},"content":{"rendered":"<p>2025.04.23<\/p> <p><a href=\"https:\/\/univet.hu\/wp-content\/uploads\/2025\/04\/VezetoAllatorvos.pdf\">Vezet\u0151 \u00c1llatorvos<\/a><\/p>","protected":false},"excerpt":{"rendered":"<p>2025.04.23 Vezet\u0151 \u00c1llatorvos<\/p>\n","protected":false},"author":5795,"featured_media":0,"parent":26415,"menu_order":0,"comment_status":"open","ping_status":"open","template":"","meta":{"_acf_changed":false,"footnotes":""},"categories":[],"tags":[],"class_list":["post-179012","page","type-page","status-publish","hentry"],"acf":[],"_links":{"self":[{"href":"https:\/\/univet.hu\/hu\/wp-json\/wp\/v2\/pages\/179012","targetHints":{"allow":["GET"]}}],"collection":[{"href":"https:\/\/univet.hu\/hu\/wp-json\/wp\/v2\/pages"}],"about":[{"href":"https:\/\/univet.hu\/hu\/wp-json\/wp\/v2\/types\/page"}],"author":[{"embeddable":true,"href":"https:\/\/univet.hu\/hu\/wp-json\/wp\/v2\/users\/5795"}],"replies":[{"embeddable":true,"href":"https:\/\/univet.hu\/hu\/wp-json\/wp\/v2\/comments?post=179012"}],"version-history":[{"count":1,"href":"https:\/\/univet.hu\/hu\/wp-json\/wp\/v2\/pages\/179012\/revisions"}],"predecessor-version":[{"id":179016,"href":"https:\/\/univet.hu\/hu\/wp-json\/wp\/v2\/pages\/179012\/revisions\/179016"}],"up":[{"embeddable":true,"href":"https:\/\/univet.hu\/hu\/wp-json\/wp\/v2\/pages\/26415"}],"wp:attachment":[{"href":"https:\/\/univet.hu\/hu\/wp-json\/wp\/v2\/media?parent=179012"}],"wp:term":[{"taxonomy":"category","embeddable":true,"href":"https:\/\/univet.hu\/hu\/wp-json\/wp\/v2\/categories?post=179012"},{"taxonomy":"post_tag","embeddable":true,"href":"https:\/\/univet.hu\/hu\/wp-json\/wp\/v2\/tags?post=179012"}],"curies":[{"name":"wp","href":"https:\/\/api.w.org\/{rel}","templated":true}]}}