{"id":179047,"date":"2025-04-23T12:28:32","date_gmt":"2025-04-23T10:28:32","guid":{"rendered":"https:\/\/univet.hu\/hu\/oktatas\/kurzusok\/new_course\/"},"modified":"2025-04-23T12:37:44","modified_gmt":"2025-04-23T10:37:44","slug":"diszhal-betegsegek","status":"publish","type":"page","link":"https:\/\/univet.hu\/hu\/oktatas\/kurzusok\/diszhal-betegsegek\/","title":{"rendered":"D\u00edszhal betegs\u00e9gek"},"content":{"rendered":"<p>Az el\u0151\u00edrt 18 \u00f3ra elm\u00e9leti-gyakorlati oktat\u00e1s keret\u00e9ben tov\u00e1bb k\u00e9pezni a v\u00e9gz\u0151s \u00e1llatorvosokat a gyakorlati halk\u00f3rtani munk\u00e1ra a d\u00edszhalak speci\u00e1lis szempontjaira (teny\u00e9sztett halakra vesz\u00e9lyes betegs\u00e9gek behurcol\u00e1sa, zoon\u00f3zis stb.) tekintettel.<\/p> <p>&nbsp;<\/p> <p>Szakirodalom:<\/p> <p>El\u0151ad\u00e1sok ppt f\u00e1jljaiban kiadott anyag Baska,F.: Elektronikus jegyzet<\/p> <p>Roberts (2000): Fish pathology<\/p> <p>Kabata (1990) Tropical fish diseases<\/p> <p>Stosskopf (1990) Fish Medicine<\/p> <p>Untergasser (2004) Zierfischkrankheiten<\/p> <p>Bassleer (1983, 2002) Colorguide of pet fish diseases<\/p>","protected":false},"excerpt":{"rendered":"<p>Az el\u0151\u00edrt 18 \u00f3ra elm\u00e9leti-gyakorlati oktat\u00e1s keret\u00e9ben tov\u00e1bb k\u00e9pezni a v\u00e9gz\u0151s \u00e1llatorvosokat a gyakorlati halk\u00f3rtani munk\u00e1ra a d\u00edszhalak speci\u00e1lis szempontjaira (teny\u00e9sztett halakra vesz\u00e9lyes betegs\u00e9gek behurcol\u00e1sa, zoon\u00f3zis stb.) tekintettel. &nbsp; Szakirodalom: El\u0151ad\u00e1sok ppt f\u00e1jljaiban kiadott anyag Baska,F.: Elektronikus jegyzet Roberts (2000): Fish pathology Kabata (1990) Tropical fish diseases Stosskopf (1990) Fish Medicine Untergasser (2004) Zierfischkrankheiten Bassleer<\/p>\n","protected":false},"author":3837,"featured_media":0,"parent":677,"menu_order":0,"comment_status":"open","ping_status":"open","template":"","meta":{"_acf_changed":false,"footnotes":""},"categories":[],"tags":[],"class_list":["post-179047","page","type-page","status-publish","hentry"],"acf":[],"_links":{"self":[{"href":"https:\/\/univet.hu\/hu\/wp-json\/wp\/v2\/pages\/179047","targetHints":{"allow":["GET"]}}],"collection":[{"href":"https:\/\/univet.hu\/hu\/wp-json\/wp\/v2\/pages"}],"about":[{"href":"https:\/\/univet.hu\/hu\/wp-json\/wp\/v2\/types\/page"}],"author":[{"embeddable":true,"href":"https:\/\/univet.hu\/hu\/wp-json\/wp\/v2\/users\/3837"}],"replies":[{"embeddable":true,"href":"https:\/\/univet.hu\/hu\/wp-json\/wp\/v2\/comments?post=179047"}],"version-history":[{"count":3,"href":"https:\/\/univet.hu\/hu\/wp-json\/wp\/v2\/pages\/179047\/revisions"}],"predecessor-version":[{"id":179054,"href":"https:\/\/univet.hu\/hu\/wp-json\/wp\/v2\/pages\/179047\/revisions\/179054"}],"up":[{"embeddable":true,"href":"https:\/\/univet.hu\/hu\/wp-json\/wp\/v2\/pages\/677"}],"wp:attachment":[{"href":"https:\/\/univet.hu\/hu\/wp-json\/wp\/v2\/media?parent=179047"}],"wp:term":[{"taxonomy":"category","embeddable":true,"href":"https:\/\/univet.hu\/hu\/wp-json\/wp\/v2\/categories?post=179047"},{"taxonomy":"post_tag","embeddable":true,"href":"https:\/\/univet.hu\/hu\/wp-json\/wp\/v2\/tags?post=179047"}],"curies":[{"name":"wp","href":"https:\/\/api.w.org\/{rel}","templated":true}]}}