{"id":179140,"date":"2025-04-24T12:05:37","date_gmt":"2025-04-24T10:05:37","guid":{"rendered":"https:\/\/univet.hu\/?page_id=179140"},"modified":"2025-04-24T13:04:46","modified_gmt":"2025-04-24T11:04:46","slug":"iframe-teszt","status":"publish","type":"page","link":"https:\/\/univet.hu\/hu\/iframe-teszt\/","title":{"rendered":"Iframe teszt"},"content":{"rendered":"<p>Default<\/p> <div class=\"issuu-embed\"><iframe loading=\"lazy\" src=\"https:\/\/e.issuu.com\/embed.html?d=univet_32&amp;u=univet0\" width=\"500px\" height=\"326px\" frameborder=\"0\" sandbox=\"allow-top-navigation allow-top-navigation-by-user-activation allow-downloads allow-scripts allow-same-origin allow-popups allow-modals allow-popups-to-escape-sandbox allow-forms\" allowfullscreen><\/iframe><\/div> <p>Sz\u00e9less\u00e9g \u00e9s magass\u00e1g \u00e1ll\u00edt\u00e1s<\/p> <div class=\"issuu-embed\"><iframe loading=\"lazy\" src=\"https:\/\/e.issuu.com\/embed.html?d=univet_32&amp;u=univet0\" width=\"200px\" height=\"200px\" frameborder=\"0\" sandbox=\"allow-top-navigation allow-top-navigation-by-user-activation allow-downloads allow-scripts allow-same-origin allow-popups allow-modals allow-popups-to-escape-sandbox allow-forms\" allowfullscreen><\/iframe><\/div> <p>%-os sz\u00e9less\u00e9g<\/p> <div class=\"issuu-embed\"><iframe loading=\"lazy\" src=\"https:\/\/e.issuu.com\/embed.html?d=univet_32&amp;u=univet0\" width=\"100%\" height=\"200px\" frameborder=\"0\" sandbox=\"allow-top-navigation allow-top-navigation-by-user-activation allow-downloads allow-scripts allow-same-origin allow-popups allow-modals allow-popups-to-escape-sandbox allow-forms\" allowfullscreen><\/iframe><\/div> <p>&nbsp;<\/p>","protected":false},"excerpt":{"rendered":"<p>Default Sz\u00e9less\u00e9g \u00e9s magass\u00e1g \u00e1ll\u00edt\u00e1s %-os sz\u00e9less\u00e9g &nbsp;<\/p>\n","protected":false},"author":4844,"featured_media":0,"parent":0,"menu_order":0,"comment_status":"closed","ping_status":"closed","template":"","meta":{"_acf_changed":false,"footnotes":""},"categories":[],"tags":[],"class_list":["post-179140","page","type-page","status-publish","hentry"],"acf":[],"_links":{"self":[{"href":"https:\/\/univet.hu\/hu\/wp-json\/wp\/v2\/pages\/179140","targetHints":{"allow":["GET"]}}],"collection":[{"href":"https:\/\/univet.hu\/hu\/wp-json\/wp\/v2\/pages"}],"about":[{"href":"https:\/\/univet.hu\/hu\/wp-json\/wp\/v2\/types\/page"}],"author":[{"embeddable":true,"href":"https:\/\/univet.hu\/hu\/wp-json\/wp\/v2\/users\/4844"}],"replies":[{"embeddable":true,"href":"https:\/\/univet.hu\/hu\/wp-json\/wp\/v2\/comments?post=179140"}],"version-history":[{"count":5,"href":"https:\/\/univet.hu\/hu\/wp-json\/wp\/v2\/pages\/179140\/revisions"}],"predecessor-version":[{"id":179142,"href":"https:\/\/univet.hu\/hu\/wp-json\/wp\/v2\/pages\/179140\/revisions\/179142"}],"wp:attachment":[{"href":"https:\/\/univet.hu\/hu\/wp-json\/wp\/v2\/media?parent=179140"}],"wp:term":[{"taxonomy":"category","embeddable":true,"href":"https:\/\/univet.hu\/hu\/wp-json\/wp\/v2\/categories?post=179140"},{"taxonomy":"post_tag","embeddable":true,"href":"https:\/\/univet.hu\/hu\/wp-json\/wp\/v2\/tags?post=179140"}],"curies":[{"name":"wp","href":"https:\/\/api.w.org\/{rel}","templated":true}]}}