{"id":181546,"date":"2025-04-30T10:38:01","date_gmt":"2025-04-30T08:38:01","guid":{"rendered":"https:\/\/univet.hu\/hu\/ekop\/2024-2025\/"},"modified":"2025-04-30T15:05:55","modified_gmt":"2025-04-30T13:05:55","slug":"2024-25","status":"publish","type":"page","link":"https:\/\/univet.hu\/hu\/2024-25\/","title":{"rendered":"EK\u00d6P 2024\/25"},"content":{"rendered":"<p><strong>Lez\u00e1rult a 2024\/2025-\u00f6s tan\u00e9vre sz\u00f3l\u00f3 EK\u00d6P felh\u00edv\u00e1sra beny\u00fajtott p\u00e1ly\u00e1zatok elb\u00edr\u00e1l\u00e1sa. A szak\u00e9rt\u0151k \u00e1ltal elb\u00edr\u00e1lt p\u00e1ly\u00e1zatok alapj\u00e1n \u00f6sszesen 30 hallgat\u00f3, doktori hallgat\u00f3 illetve fiatal kutat\u00f3 nyert el EK\u00d6P \u00f6szt\u00f6nd\u00edjat a 2024\/25-\u00f6s tan\u00e9vre. Gratul\u00e1lunk mindenkinek!<\/strong><\/p> <p><span style=\"font-size: 14pt\"><a href=\"https:\/\/univet.hu\/en\/egyetem\/palyazati-projektek\/nkfih-palyazatok\/ekop\/ekop\/ekop_osztondijasok_2024-2025\/\" rel=\"attachment wp-att-102367\">EK\u00d6P \u00d6SZT\u00d6ND\u00cdJASOK 2024-2025<\/a><\/span><\/p> <h5>MEGHOSSZABB\u00cdTOTT P\u00c1LY\u00c1ZAT BENY\u00daJT\u00c1SI HAT\u00c1RID\u0150!!<\/h5> <h5>P\u00e1ly\u00e1z\u00e1si id\u0151szak:\u00a0<strong>2024. 06.12 &#8211; 2024. 07.09.<\/strong><\/h5> <p><a href=\"https:\/\/univet.hu\/en\/egyetem\/palyazati-projektek\/nkfih-palyazatok\/ekop\/ekop\/kozlemeny_ekop\/\" rel=\"attachment wp-att-101602\">K\u00d6ZLEM\u00c9NY &#8211; 2024.07.02<\/a><\/p> <table style=\"height: 111px\" width=\"590\"> <tbody> <tr> <td style=\"text-align: center;width: 414.199px\">EGYETEMI KUTAT\u00d3I \u00d6SZT\u00d6ND\u00cdJ PROGRAM<br \/> (EK\u00d6P-24)<\/td> <td style=\"text-align: left;width: 160.566px\">K\u00d6ZZ\u00c9T\u00c9VE<\/td> <\/tr> <tr> <td style=\"text-align: center;width: 414.199px\"><a href=\"https:\/\/univet.hu\/en\/egyetem\/palyazati-projektek\/nkfih-palyazatok\/ekop\/ekop\/00_ekop_palyazati_felhivas_ate_ok_mod-07-02\/\" rel=\"attachment wp-att-101599\">P\u00e1ly\u00e1zati felh\u00edv\u00e1s &#8211; EK\u00d6P 2024<\/a><\/td> <td style=\"width: 160.566px\">2024.07.02 m\u00f3dos\u00edtva<\/td> <\/tr> <\/tbody> <\/table> <h5><\/h5> <table style=\"width: 589px;height: 310px\" width=\"548\"> <tbody> <tr> <td style=\"width: 409.766px\"> <h5>P\u00e1ly\u00e1zati dokumentumok:<\/h5> <\/td> <td style=\"width: 163.234px\">K\u00d6ZZ\u00c9T\u00c9VE<\/td> <\/tr> <tr> <td style=\"width: 409.766px\">1. sz. mell\u00e9klet: <a href=\"https:\/\/univet.hu\/en\/egyetem\/palyazati-projektek\/nkfih-palyazatok\/ekop\/ekop\/1_sz_melleklet_tamogatott_kepzesek_ok\/\" rel=\"attachment wp-att-100797\">T\u00e1mogatott k\u00e9pz\u00e9sek\/\u00f6sszegek<\/a><\/td> <td style=\"width: 163.234px\">2024.06.12<\/td> <\/tr> <tr> <td style=\"width: 409.766px\">2. sz. mell\u00e9klet: <a href=\"https:\/\/univet.hu\/en\/egyetem\/palyazati-projektek\/nkfih-palyazatok\/ekop\/ekop\/2_sz_melleklet_kutatasi_terv_ok\/\" rel=\"attachment wp-att-100798\">Kutat\u00e1si terv<\/a><\/td> <td style=\"width: 163.234px\">2024.06.12<\/td> <\/tr> <tr> <td style=\"width: 409.766px\">3. sz. mell\u00e9klet: <a href=\"https:\/\/univet.hu\/en\/egyetem\/palyazati-projektek\/nkfih-palyazatok\/ekop\/ekop\/3_sz_melleklet_palyazati_adatlap_ok-2\/\" rel=\"attachment wp-att-100836\">P\u00e1ly\u00e1zati adatlap<\/a><\/td> <td style=\"width: 163.234px\">2024.06.13 m\u00f3dos\u00edtva<\/td> <\/tr> <tr> <td style=\"width: 409.766px\">4. sz. mell\u00e9klet: <a href=\"https:\/\/univet.hu\/en\/egyetem\/palyazati-projektek\/nkfih-palyazatok\/ekop\/ekop\/4_sz_melleklet_palyazoi_nyilatkozat_ok\/\" rel=\"attachment wp-att-100800\">P\u00e1ly\u00e1z\u00f3i Nyilatkozat<\/a><\/td> <td style=\"width: 163.234px\">2024.06.12<\/td> <\/tr> <tr> <td style=\"width: 409.766px\">5. sz. mell\u00e9klet:<a href=\"https:\/\/univet.hu\/en\/egyetem\/palyazati-projektek\/nkfih-palyazatok\/ekop\/ekop\/5_sz_melleklet_temavezetoi_ajanlas_ok\/\" rel=\"attachment wp-att-100801\"> T\u00e9mavezet\u0151i\/Tansz\u00e9kvezet\u0151i aj\u00e1nl\u00e1s <\/a><\/td> <td style=\"width: 163.234px\">2024.06.12<\/td> <\/tr> <tr> <td style=\"width: 409.766px\">7. sz. mell\u00e9klet: <a href=\"https:\/\/univet.hu\/en\/egyetem\/palyazati-projektek\/nkfih-palyazatok\/ekop\/ekop\/7_sz_melleklet_biralati_szempontok_ok\/\" rel=\"attachment wp-att-100802\">B\u00edr\u00e1lati szempontok<\/a><\/td> <td style=\"width: 163.234px\">2024.06.12<\/td> <\/tr> <tr> <td style=\"width: 409.766px\">9. sz. mell\u00e9klet: <a href=\"https:\/\/univet.hu\/en\/egyetem\/palyazati-projektek\/nkfih-palyazatok\/ekop\/ekop\/9_sz_melleklet_tudomanyagi_besorolas_ok\/\" rel=\"attachment wp-att-100803\">Tudom\u00e1ny\u00e1gi besorol\u00e1s<\/a><\/td> <td style=\"width: 163.234px\">2024.06.12<\/td> <\/tr> <\/tbody> <\/table> <p>&nbsp;<\/p> <p>ARCH\u00cdV &#8211;<a href=\"https:\/\/univet.hu\/en\/egyetem\/palyazati-projektek\/nkfih-palyazatok\/ekop\/ekop\/00_ekop_palyazati_felhivas_ate_ok\/\" rel=\"attachment wp-att-100796\">P\u00e1ly\u00e1zati felh\u00edv\u00e1s &#8211; EK\u00d6P 2024<\/a> (k\u00f6zz\u00e9t\u00e9ve: 06.12) &#8211; m\u00f3dosult<\/p> <p><a href=\"https:\/\/univet.hu\/en\/egyetem\/palyazati-projektek\/nkfih-palyazatok\/ekop\/ekop\/ekop-logo-rgb-vertical_0003_color_palyazati-felhivas\/\" rel=\"attachment wp-att-100805\"><img loading=\"lazy\" decoding=\"async\" class=\"wp-image-100805 alignnone\" src=\"https:\/\/univet.hu\/wp-content\/uploads\/2024\/06\/ekop-logo-rgb-vertical_0003_color_p\u00e1ly\u00e1zati-felh\u00edv\u00e1s-802x960.png\" alt=\"\" width=\"122\" height=\"146\" srcset=\"https:\/\/univet.hu\/wp-content\/uploads\/2024\/06\/ekop-logo-rgb-vertical_0003_color_p\u00e1ly\u00e1zati-felh\u00edv\u00e1s-802x960.png 802w, https:\/\/univet.hu\/wp-content\/uploads\/2024\/06\/ekop-logo-rgb-vertical_0003_color_p\u00e1ly\u00e1zati-felh\u00edv\u00e1s-267x320.png 267w, https:\/\/univet.hu\/wp-content\/uploads\/2024\/06\/ekop-logo-rgb-vertical_0003_color_p\u00e1ly\u00e1zati-felh\u00edv\u00e1s-768x919.png 768w, https:\/\/univet.hu\/wp-content\/uploads\/2024\/06\/ekop-logo-rgb-vertical_0003_color_p\u00e1ly\u00e1zati-felh\u00edv\u00e1s.png 1772w\" sizes=\"auto, (max-width: 122px) 100vw, 122px\" \/><\/a><\/p> <h5><\/h5> <h5>EK\u00d6P \u00fcgyint\u00e9z\u0151:<\/h5> <p>Udvarias Csilla<br \/> Innov\u00e1ci\u00f3s \u00e9s P\u00e1ly\u00e1zati Igazgat\u00f3s\u00e1g<\/p> <p><a class=\"decrypt\" rel=\"flpqAvojwfu\/iv\">[E-mail megjelen\u00edt\u00e9se]<\/a><\/p>","protected":false},"excerpt":{"rendered":"<p>Lez\u00e1rult a 2024\/2025-\u00f6s tan\u00e9vre sz\u00f3l\u00f3 EK\u00d6P felh\u00edv\u00e1sra beny\u00fajtott p\u00e1ly\u00e1zatok elb\u00edr\u00e1l\u00e1sa. A szak\u00e9rt\u0151k \u00e1ltal elb\u00edr\u00e1lt p\u00e1ly\u00e1zatok alapj\u00e1n \u00f6sszesen 30 hallgat\u00f3, doktori hallgat\u00f3 illetve fiatal kutat\u00f3 nyert el EK\u00d6P \u00f6szt\u00f6nd\u00edjat a 2024\/25-\u00f6s tan\u00e9vre. Gratul\u00e1lunk mindenkinek! EK\u00d6P \u00d6SZT\u00d6ND\u00cdJASOK 2024-2025 MEGHOSSZABB\u00cdTOTT P\u00c1LY\u00c1ZAT BENY\u00daJT\u00c1SI HAT\u00c1RID\u0150!! P\u00e1ly\u00e1z\u00e1si id\u0151szak:\u00a02024. 06.12 &#8211; 2024. 07.09. K\u00d6ZLEM\u00c9NY &#8211; 2024.07.02 EGYETEMI KUTAT\u00d3I \u00d6SZT\u00d6ND\u00cdJ PROGRAM (EK\u00d6P-24) K\u00d6ZZ\u00c9T\u00c9VE<\/p>\n","protected":false},"author":2572,"featured_media":0,"parent":0,"menu_order":0,"comment_status":"open","ping_status":"open","template":"","meta":{"_acf_changed":false,"footnotes":""},"categories":[],"tags":[],"class_list":["post-181546","page","type-page","status-publish","hentry"],"acf":[],"_links":{"self":[{"href":"https:\/\/univet.hu\/hu\/wp-json\/wp\/v2\/pages\/181546","targetHints":{"allow":["GET"]}}],"collection":[{"href":"https:\/\/univet.hu\/hu\/wp-json\/wp\/v2\/pages"}],"about":[{"href":"https:\/\/univet.hu\/hu\/wp-json\/wp\/v2\/types\/page"}],"author":[{"embeddable":true,"href":"https:\/\/univet.hu\/hu\/wp-json\/wp\/v2\/users\/2572"}],"replies":[{"embeddable":true,"href":"https:\/\/univet.hu\/hu\/wp-json\/wp\/v2\/comments?post=181546"}],"version-history":[{"count":2,"href":"https:\/\/univet.hu\/hu\/wp-json\/wp\/v2\/pages\/181546\/revisions"}],"predecessor-version":[{"id":181550,"href":"https:\/\/univet.hu\/hu\/wp-json\/wp\/v2\/pages\/181546\/revisions\/181550"}],"wp:attachment":[{"href":"https:\/\/univet.hu\/hu\/wp-json\/wp\/v2\/media?parent=181546"}],"wp:term":[{"taxonomy":"category","embeddable":true,"href":"https:\/\/univet.hu\/hu\/wp-json\/wp\/v2\/categories?post=181546"},{"taxonomy":"post_tag","embeddable":true,"href":"https:\/\/univet.hu\/hu\/wp-json\/wp\/v2\/tags?post=181546"}],"curies":[{"name":"wp","href":"https:\/\/api.w.org\/{rel}","templated":true}]}}