{"id":181594,"date":"2025-04-30T14:48:33","date_gmt":"2025-04-30T12:48:33","guid":{"rendered":"https:\/\/univet.hu\/hu\/egyetem\/palyazati-projektek\/nkfih-palyazatok\/ekop\/ekop-kdp\/2024-2\/"},"modified":"2025-04-30T14:48:33","modified_gmt":"2025-04-30T12:48:33","slug":"ekop-kdp-2024","status":"publish","type":"page","link":"https:\/\/univet.hu\/hu\/egyetem\/palyazati-projektek\/nkfih-palyazatok\/ekop\/ekop-kdp\/ekop-kdp-2024\/","title":{"rendered":"EK\u00d6P-KDP 2024"},"content":{"rendered":"<p><strong>Egyetemi Kutat\u00f3i \u00d6szt\u00f6nd\u00edj Program &#8211; Kooperat\u00edv Doktori Program (EK\u00d6P-KDP-2024)<\/strong><\/p> <p><strong>Az EK\u00d6P-KDP <\/strong>program c\u00e9lja, hogy a kutat\u00e1s-fejleszt\u00e9s-innov\u00e1ci\u00f3 ter\u00fclet\u00e9n tov\u00e1bb b\u0151v\u00edtse azon munkav\u00e1llal\u00f3k l\u00e9tsz\u00e1m\u00e1t, akik szakmai ismereteiket a legfrissebb tudom\u00e1nyos kutat\u00e1si eredm\u00e9nyekkel k\u00edv\u00e1nj\u00e1k gyarap\u00edtani, \u00e9s elk\u00f6telezettek tud\u00e1suk t\u00e1rsadalmi \u00e9s gazdas\u00e1gi hasznos\u00edt\u00e1s\u00e1ban. A Program azok sz\u00e1m\u00e1ra biztos\u00edt t\u00e1mogat\u00e1st, akik doktori hallgat\u00f3i st\u00e1tuszuk mellett fels\u0151oktat\u00e1si int\u00e9zm\u00e9nyen k\u00edv\u00fcl m\u00e1s munkahelyen is v\u00e9geznek kutat\u00f3munk\u00e1t, amely el\u0151seg\u00edti tudom\u00e1nyos eredm\u00e9nyeik gyakorlati hasznosul\u00e1s\u00e1t.<\/p> <ul> <li><strong>T\u00e1mogat\u00e1s \u00f6sszege<\/strong>: 400.000 Ft\/h\u00f3\/f\u0151 \u00f6szt\u00f6nd\u00edj. Az \u00f6szt\u00f6nd\u00edjast seg\u00edt\u0151, a p\u00e1ly\u00e1zat megval\u00f3s\u00edt\u00e1s\u00e1ban k\u00f6zrem\u0171k\u00f6d\u0151 t\u00e9mavezet\u0151 \u00e9s szak\u00e9rt\u0151 szint\u00e9n d\u00edjaz\u00e1sban r\u00e9szes\u00fcl, ennek \u00f6sszege brutt\u00f3 120 000 Ft\/h\u00f3.<\/li> <li><strong>P\u00e1ly\u00e1zat futamideje:<\/strong> 24, 31, 36, 43, 46 h\u00f3nap, az \u00f6szt\u00f6nd\u00edjas jogviszony kezdete: 2024.09.01.<\/li> <\/ul> <h5><span style=\"font-size: 12pt\">P\u00e1ly\u00e1z\u00e1si id\u0151szak:\u00a0<strong>2024. 06.13 \u2013 2024. 07.09.<\/strong><\/span><\/h5> <p>&nbsp;<\/p> <p><span style=\"font-size: 14pt;color: #993300\"><strong>Lez\u00e1rult a 2024. \u00e9vi EK\u00d6P-KDP felh\u00edv\u00e1sra beny\u00fajtott p\u00e1ly\u00e1zatok elb\u00edr\u00e1l\u00e1sa. A szak\u00e9rt\u0151k \u00e1ltal elb\u00edr\u00e1lt p\u00e1ly\u00e1zatok alapj\u00e1n \u00f6sszesen 5 doktori hallgat\u00f3 nyert el EK\u00d6P-KDP \u00f6szt\u00f6nd\u00edjat.\u00a0 Gratul\u00e1lunk mindenkinek!<\/strong><\/span><\/p> <p><span style=\"font-size: 14pt;color: #993300\"><a style=\"color: #993300\" href=\"https:\/\/univet.hu\/en\/egyetem\/palyazati-projektek\/nkfih-palyazatok\/ekop\/ekop-kdp\/ekok-kdp_osztondijasok_2024\/\" rel=\"attachment wp-att-102848\">EKOK-KDP_osztondijasok_2024<\/a><\/span><\/p> <p>&nbsp;<\/p> <p><span style=\"font-size: 14pt\"><a href=\"https:\/\/univet.hu\/en\/egyetem\/palyazati-projektek\/nkfih-palyazatok\/ekop\/ekop-kdp\/kozlemeny_ekop_kdp_2024_08-30\/\" rel=\"attachment wp-att-102527\">K\u00d6ZLEM\u00c9NY &#8211; 2024.08.30<\/a><\/span><\/p> <p><span style=\"font-size: 14pt\"><a href=\"https:\/\/univet.hu\/en\/egyetem\/palyazati-projektek\/nkfih-palyazatok\/ekop\/ekop-kdp\/kozlemeny_ekop_kdp_2024\/\" rel=\"attachment wp-att-101906\">K\u00f6zlem\u00e9ny &#8211; 07.16<\/a><\/span><\/p> <table style=\"height: 144px\" width=\"576\"> <tbody> <tr> <td style=\"text-align: center;width: 382.328px\"><strong>EGYETEMI KUTAT\u00d3I \u00d6SZT\u00d6ND\u00cdJ PROGRAM &#8211; KOOPER\u00c1CI\u00d3S DOKTORI PROGRAM <\/strong><br \/> <strong> (EK\u00d6P-KDP-2024)<\/strong><\/td> <td style=\"width: 177.672px;text-align: center\"><strong>K\u00d6ZZ\u00c9T\u00c9VE<\/strong><\/td> <\/tr> <tr> <td style=\"width: 382.328px;text-align: center\"><a href=\"https:\/\/univet.hu\/en\/egyetem\/palyazati-projektek\/nkfih-palyazatok\/ekop\/ekop-kdp\/00_ekop-kdp_palyazati_felhivas_modositott_08-30\/\" rel=\"attachment wp-att-102528\">P\u00e1ly\u00e1zati Felh\u00edv\u00e1s<\/a><\/td> <td style=\"width: 177.672px;text-align: center\">2024.08.30<\/td> <\/tr> <\/tbody> <\/table> <table style=\"width: 575px;height: 280px\" width=\"436\"> <tbody> <tr style=\"height: 64px\"> <td style=\"width: 371.641px;height: 64px;text-align: center\"><strong>P\u00e1ly\u00e1zati dokumentumok<\/strong><\/td> <td style=\"width: 187.359px;height: 64px;text-align: center\"><strong>K\u00d6ZZ\u00c9T\u00c9VE<\/strong><\/td> <\/tr> <tr style=\"height: 24px\"> <td style=\"width: 371.641px;height: 24px;text-align: center\"><a href=\"https:\/\/univet.hu\/en\/egyetem\/palyazati-projektek\/nkfih-palyazatok\/ekop\/ekop-kdp\/01_ekop_kdp-2024_1-sz-melleklet_palyazati_adatlap_ok_v02\/\" rel=\"attachment wp-att-100920\">P\u00e1ly\u00e1zati adatlap<\/a><\/td> <td style=\"width: 187.359px;height: 24px;text-align: center\">2024.06.18 friss\u00edtve<\/td> <\/tr> <tr style=\"height: 24px\"> <td style=\"width: 371.641px;height: 24px;text-align: center\"><a href=\"https:\/\/univet.hu\/en\/egyetem\/palyazati-projektek\/nkfih-palyazatok\/ekop\/ekop-kdp\/02_ekop_kdp-2024_2-sz-melleklet_palyazoi_nyilatkozat_ok\/\" rel=\"attachment wp-att-100854\">P\u00e1ly\u00e1z\u00f3i nyilatkozat<\/a><\/td> <td style=\"width: 187.359px;height: 24px;text-align: center\">2024.06.13<\/td> <\/tr> <tr style=\"height: 24px\"> <td style=\"width: 371.641px;height: 24px;text-align: center\"><a href=\"https:\/\/univet.hu\/en\/egyetem\/palyazati-projektek\/nkfih-palyazatok\/ekop\/ekop-kdp\/03_ekop_kdp-2024_3-sz-melleklet_kutatasi_terv_ok_v02\/\" rel=\"attachment wp-att-100921\">Kutat\u00e1si Terv<\/a><\/td> <td style=\"width: 187.359px;height: 24px;text-align: center\">2024.06.18 friss\u00edtve<\/td> <\/tr> <tr style=\"height: 24px\"> <td style=\"width: 371.641px;height: 24px;text-align: center\"><a href=\"https:\/\/univet.hu\/en\/egyetem\/palyazati-projektek\/nkfih-palyazatok\/ekop\/ekop-kdp\/04_ekop_kdp-2024_4-sz-melleklet_doktori_iskola_nyilatkozat_ok\/\" rel=\"attachment wp-att-100856\">Doktori Iskola nyilatkozata<\/a><\/td> <td style=\"width: 187.359px;height: 24px;text-align: center\">2024.06.13<\/td> <\/tr> <tr style=\"height: 24px\"> <td style=\"width: 371.641px;height: 24px;text-align: center\"><a href=\"https:\/\/univet.hu\/en\/egyetem\/palyazati-projektek\/nkfih-palyazatok\/ekop\/ekop-kdp\/05_ekop_kdp-2024_5-sz-melleklet_temavezetoi_nyilatkozat_ok\/\" rel=\"attachment wp-att-100857\">T\u00e9mavezet\u0151i nyilatkozat<\/a><\/td> <td style=\"width: 187.359px;height: 24px;text-align: center\">2024.06.13<\/td> <\/tr> <tr style=\"height: 24px\"> <td style=\"width: 371.641px;height: 24px;text-align: center\"><a href=\"https:\/\/univet.hu\/en\/egyetem\/palyazati-projektek\/nkfih-palyazatok\/ekop\/ekop-kdp\/06_ekop_kdp-2024_6_melleklet_munkaltatoi_nyilatkozat_ok\/\" rel=\"attachment wp-att-100858\">Munk\u00e1ltat\u00f3i nyilatkozat<\/a><\/td> <td style=\"width: 187.359px;height: 24px;text-align: center\">2024.06.13<\/td> <\/tr> <tr style=\"height: 24px\"> <td style=\"width: 371.641px;height: 24px;text-align: center\"><a href=\"https:\/\/univet.hu\/en\/egyetem\/palyazati-projektek\/nkfih-palyazatok\/ekop\/ekop-kdp\/07_ekop_kdp-2024_7_melleklet_szakertoi_nyilatkozat_ok\/\" rel=\"attachment wp-att-100859\">Szak\u00e9rt\u0151i nyilatkozat<\/a><\/td> <td style=\"width: 187.359px;height: 24px;text-align: center\">2024.06.13<\/td> <\/tr> <tr style=\"height: 24px\"> <td style=\"width: 371.641px;height: 24px;text-align: center\"><a href=\"https:\/\/univet.hu\/en\/egyetem\/palyazati-projektek\/nkfih-palyazatok\/ekop\/ekop-kdp\/08_ekop_kdp-2024_8-sz-melleklet_tudomanyagi_kepzesi_besorolas_ok\/\" rel=\"attachment wp-att-100860\">Tudom\u00e1ny\u00e1gi besorol\u00e1s<\/a><\/td> <td style=\"width: 187.359px;height: 24px;text-align: center\">2024.06.13<\/td> <\/tr> <tr style=\"height: 24px\"> <td style=\"width: 371.641px;height: 24px;text-align: center\"><\/td> <td style=\"width: 187.359px;height: 24px;text-align: center\"><\/td> <\/tr> <\/tbody> <\/table> <p>&nbsp;<\/p> <p>ARCH\u00cdV &#8211;<\/p> <p><a href=\"https:\/\/univet.hu\/en\/egyetem\/palyazati-projektek\/nkfih-palyazatok\/ekop\/ekop-kdp\/00_ekop-kdp_palyazati_felhivas_ok\/\" rel=\"attachment wp-att-100852\">P\u00e1ly\u00e1zati Felh\u00edv\u00e1s<\/a>\u00a0(k\u00f6zz\u00e9t\u00e9ve 06.13.) &#8211; m\u00f3dosult<\/p> <p><a style=\"text-align: center\" href=\"https:\/\/univet.hu\/en\/egyetem\/palyazati-projektek\/nkfih-palyazatok\/ekop\/ekop-kdp\/00_ekop-kdp_palyazati_felhivas_modositott_07-16\/\" rel=\"attachment wp-att-101907\">P\u00e1ly\u00e1zati felh\u00edv\u00e1s\u00a0\u00a0(k\u00f6zz\u00e9t\u00e9ve 07.16.) &#8211; m\u00f3dosult<\/a><\/p> <p>&nbsp;<\/p> <p><a href=\"https:\/\/univet.hu\/en\/egyetem\/palyazati-projektek\/nkfih-palyazatok\/ekop\/ekop\/ekop-logo-rgb-vertical_0003_color_palyazati-felhivas\/\" rel=\"attachment wp-att-100805\"><img loading=\"lazy\" decoding=\"async\" class=\"wp-image-100805 alignnone\" src=\"https:\/\/univet.hu\/wp-content\/uploads\/2024\/06\/ekop-logo-rgb-vertical_0003_color_p%C3%A1ly%C3%A1zati-felh%C3%ADv%C3%A1s-802x960.png\" alt=\"\" width=\"122\" height=\"146\" \/><\/a><\/p> <h5><\/h5> <h5>EK\u00d6P-KDP \u00fcgyint\u00e9z\u0151:<\/h5> <p>Udvarias Csilla<br \/> Innov\u00e1ci\u00f3s \u00e9s P\u00e1ly\u00e1zati Igazgat\u00f3s\u00e1g<\/p> <p><a class=\"decrypt\" rel=\"flpqAvojwfu\/iv\"><a class=\"decrypt\" rel=\"flpq\/leqAvojwfu\/iv\" href=\"javascript:void(0);\">[Kattintson az emailc\u00edmhez]<\/a><\/a><\/p>","protected":false},"excerpt":{"rendered":"<p>Egyetemi Kutat\u00f3i \u00d6szt\u00f6nd\u00edj Program &#8211; Kooperat\u00edv Doktori Program (EK\u00d6P-KDP-2024) Az EK\u00d6P-KDP program c\u00e9lja, hogy a kutat\u00e1s-fejleszt\u00e9s-innov\u00e1ci\u00f3 ter\u00fclet\u00e9n tov\u00e1bb b\u0151v\u00edtse azon munkav\u00e1llal\u00f3k l\u00e9tsz\u00e1m\u00e1t, akik szakmai ismereteiket a legfrissebb tudom\u00e1nyos kutat\u00e1si eredm\u00e9nyekkel k\u00edv\u00e1nj\u00e1k gyarap\u00edtani, \u00e9s elk\u00f6telezettek tud\u00e1suk t\u00e1rsadalmi \u00e9s gazdas\u00e1gi hasznos\u00edt\u00e1s\u00e1ban. A Program azok sz\u00e1m\u00e1ra biztos\u00edt t\u00e1mogat\u00e1st, akik doktori hallgat\u00f3i st\u00e1tuszuk mellett fels\u0151oktat\u00e1si int\u00e9zm\u00e9nyen k\u00edv\u00fcl m\u00e1s munkahelyen<\/p>\n","protected":false},"author":2572,"featured_media":0,"parent":99817,"menu_order":0,"comment_status":"open","ping_status":"open","template":"","meta":{"_acf_changed":false,"footnotes":""},"categories":[],"tags":[],"class_list":["post-181594","page","type-page","status-publish","hentry"],"acf":[],"_links":{"self":[{"href":"https:\/\/univet.hu\/hu\/wp-json\/wp\/v2\/pages\/181594","targetHints":{"allow":["GET"]}}],"collection":[{"href":"https:\/\/univet.hu\/hu\/wp-json\/wp\/v2\/pages"}],"about":[{"href":"https:\/\/univet.hu\/hu\/wp-json\/wp\/v2\/types\/page"}],"author":[{"embeddable":true,"href":"https:\/\/univet.hu\/hu\/wp-json\/wp\/v2\/users\/2572"}],"replies":[{"embeddable":true,"href":"https:\/\/univet.hu\/hu\/wp-json\/wp\/v2\/comments?post=181594"}],"version-history":[{"count":1,"href":"https:\/\/univet.hu\/hu\/wp-json\/wp\/v2\/pages\/181594\/revisions"}],"predecessor-version":[{"id":181595,"href":"https:\/\/univet.hu\/hu\/wp-json\/wp\/v2\/pages\/181594\/revisions\/181595"}],"up":[{"embeddable":true,"href":"https:\/\/univet.hu\/hu\/wp-json\/wp\/v2\/pages\/99817"}],"wp:attachment":[{"href":"https:\/\/univet.hu\/hu\/wp-json\/wp\/v2\/media?parent=181594"}],"wp:term":[{"taxonomy":"category","embeddable":true,"href":"https:\/\/univet.hu\/hu\/wp-json\/wp\/v2\/categories?post=181594"},{"taxonomy":"post_tag","embeddable":true,"href":"https:\/\/univet.hu\/hu\/wp-json\/wp\/v2\/tags?post=181594"}],"curies":[{"name":"wp","href":"https:\/\/api.w.org\/{rel}","templated":true}]}}