{"id":181723,"date":"2025-05-05T09:52:39","date_gmt":"2025-05-05T07:52:39","guid":{"rendered":"https:\/\/univet.hu\/hu\/egyetem\/palyazati-projektek\/nkfih-palyazatok\/ekop\/ekop-2\/"},"modified":"2026-04-21T15:14:04","modified_gmt":"2026-04-21T13:14:04","slug":"ekop-2","status":"publish","type":"page","link":"https:\/\/univet.hu\/hu\/egyetem\/palyazati-projektek\/nkfih-palyazatok\/ekop\/ekop-2\/","title":{"rendered":"EK\u00d6P"},"content":{"rendered":"<p><strong>Egyetemi Kutat\u00f3i \u00d6szt\u00f6nd\u00edj Program (EK\u00d6P)<\/strong><\/p> <p>Az EK\u00d6P c\u00e9lja a fels\u0151oktat\u00e1si int\u00e9zm\u00e9nyek oktat\u00f3i \u00e9s kutat\u00f3i ut\u00e1np\u00f3tl\u00e1s\u00e1nak, valamint az innovat\u00edv magyar v\u00e1llalkoz\u00e1sok kutat\u00f3-fejleszt\u0151i ut\u00e1np\u00f3tl\u00e1s\u00e1nak biztos\u00edt\u00e1sa, \u00e9s a legtehets\u00e9gesebb hallgat\u00f3k a fels\u0151oktat\u00e1si tehets\u00e9ggondoz\u00e1sba val\u00f3 bevon\u00e1sa.<\/p> <p>A program meghirdet\u00e9sre ker\u00fcl\u0151 \u00f6szt\u00f6nd\u00edj-p\u00e1ly\u00e1zatai a fels\u0151oktat\u00e1sban r\u00e9szt vev\u0151 hallgat\u00f3i, kutat\u00f3i kiv\u00e1l\u00f3s\u00e1got t\u00e1mogatj\u00e1k olyan \u2013osztatlan k\u00e9pz\u00e9sben, mesterk\u00e9pz\u00e9sben vagy doktori k\u00e9pz\u00e9sben r\u00e9szt vev\u0151 \u2013 hallgat\u00f3k, valamint fiatal oktat\u00f3k, kutat\u00f3k t\u00e1mogat\u00e1s\u00e1val, akik a fels\u0151oktat\u00e1si int\u00e9zm\u00e9nyben eredm\u00e9nyes kutat\u00e1si tev\u00e9kenys\u00e9get folytatnak.<\/p> <p>Az egyes tan\u00e9vekre vonatkoz\u00f3 p\u00e1ly\u00e1zati ki\u00edr\u00e1s \u00e9s dokumentumok a tan\u00e9venk\u00e9nti aloldalakon tal\u00e1lhat\u00f3ak.<\/p> <p><span style=\"font-size: 14pt\"><strong>EK\u00d6P KONFERENCIA \u2013 \u2013 2026. m\u00e1jus 12.<\/strong><\/span><\/p> <p>2026. m\u00e1jus 12-\u00e9n megrendez\u00e9sre ker\u00fcl a 2025\/26-os tan\u00e9vi EK\u00d6P konferencia, melyen egyetem\u00fcnk \u00f6szt\u00f6nd\u00edjasai mutatj\u00e1k be kutat\u00e1saikat \u00e9s eddig el\u00e9rt eredm\u00e9nyeiket. Folyamatosan v\u00e1runk minden \u00e9rdekl\u0151d\u0151t, a r\u00e9szv\u00e9tel nem regisztr\u00e1ci\u00f3hoz k\u00f6t\u00f6tt.<\/p> <p><a href=\"https:\/\/univet.hu\/hu\/egyetem\/palyazati-projektek\/nkfih-palyazatok\/ekop\/ekop-2\/eloadok_ekop_2026\/\" rel=\"attachment wp-att-205645\">EK\u00d6P \u00f6szt\u00f6nd\u00edjas el\u0151ad\u00f3k<\/a><\/p> <p>A kutat\u00e1sokr\u00f3l, eredm\u00e9nyekr\u0151l k\u00e9sz\u00fclt r\u00f6vid \u00f6sszefoglal\u00f3 kiadv\u00e1ny r\u00f6videsen el\u00e9rhet\u0151: EK\u00d6P KUTAT\u00c1SOK 2025\/26.<\/p> <p><a href=\"https:\/\/univet.hu\/hu\/egyetem\/palyazati-projektek\/nkfih-palyazatok\/ekop\/ekop-2\/plakat_ekop\/\" rel=\"attachment wp-att-205664\"><img loading=\"lazy\" decoding=\"async\" class=\"alignnone size-large wp-image-205664\" src=\"https:\/\/univet.hu\/wp-content\/uploads\/2026\/04\/plakat_EKOP-679x960.jpg\" alt=\"\" width=\"679\" height=\"960\" srcset=\"https:\/\/univet.hu\/wp-content\/uploads\/2026\/04\/plakat_EKOP-679x960.jpg 679w, https:\/\/univet.hu\/wp-content\/uploads\/2026\/04\/plakat_EKOP-226x320.jpg 226w, https:\/\/univet.hu\/wp-content\/uploads\/2026\/04\/plakat_EKOP-768x1086.jpg 768w, https:\/\/univet.hu\/wp-content\/uploads\/2026\/04\/plakat_EKOP-1086x1536.jpg 1086w, https:\/\/univet.hu\/wp-content\/uploads\/2026\/04\/plakat_EKOP-1448x2048.jpg 1448w, https:\/\/univet.hu\/wp-content\/uploads\/2026\/04\/plakat_EKOP.jpg 1587w\" sizes=\"auto, (max-width: 679px) 100vw, 679px\" \/><\/a><\/p> <p>&nbsp;<\/p> <p>&nbsp;<\/p> <p><a href=\"https:\/\/univet.hu\/en\/egyetem\/palyazati-projektek\/nkfih-palyazatok\/ekop\/ekop\/ekop-logo-rgb-vertical_0003_color_palyazati-felhivas\/\" rel=\"attachment wp-att-100805\"><img loading=\"lazy\" decoding=\"async\" class=\"wp-image-100805 alignnone\" src=\"https:\/\/univet.hu\/wp-content\/uploads\/2024\/06\/ekop-logo-rgb-vertical_0003_color_p\u00e1ly\u00e1zati-felh\u00edv\u00e1s-802x960.png\" alt=\"\" width=\"122\" height=\"146\" srcset=\"https:\/\/univet.hu\/wp-content\/uploads\/2024\/06\/ekop-logo-rgb-vertical_0003_color_p\u00e1ly\u00e1zati-felh\u00edv\u00e1s-802x960.png 802w, https:\/\/univet.hu\/wp-content\/uploads\/2024\/06\/ekop-logo-rgb-vertical_0003_color_p\u00e1ly\u00e1zati-felh\u00edv\u00e1s-267x320.png 267w, https:\/\/univet.hu\/wp-content\/uploads\/2024\/06\/ekop-logo-rgb-vertical_0003_color_p\u00e1ly\u00e1zati-felh\u00edv\u00e1s-768x919.png 768w, https:\/\/univet.hu\/wp-content\/uploads\/2024\/06\/ekop-logo-rgb-vertical_0003_color_p\u00e1ly\u00e1zati-felh\u00edv\u00e1s.png 1772w\" sizes=\"auto, (max-width: 122px) 100vw, 122px\" \/><\/a><\/p> <h5><\/h5> <h5>EK\u00d6P \u00fcgyint\u00e9z\u0151:<\/h5> <p>Udvarias Csilla<br \/> P\u00e9nz\u00fcgyi, Kontrolling \u00e9s P\u00e1ly\u00e1zati Oszt\u00e1ly<\/p> <p><a class=\"decrypt\" rel=\"flpqAvojwfu\/iv\">[E-mail megjelen\u00edt\u00e9se]<\/a><\/p> <p>&nbsp;<\/p>","protected":false},"excerpt":{"rendered":"<p>Egyetemi Kutat\u00f3i \u00d6szt\u00f6nd\u00edj Program (EK\u00d6P) Az EK\u00d6P c\u00e9lja a fels\u0151oktat\u00e1si int\u00e9zm\u00e9nyek oktat\u00f3i \u00e9s kutat\u00f3i ut\u00e1np\u00f3tl\u00e1s\u00e1nak, valamint az innovat\u00edv magyar v\u00e1llalkoz\u00e1sok kutat\u00f3-fejleszt\u0151i ut\u00e1np\u00f3tl\u00e1s\u00e1nak biztos\u00edt\u00e1sa, \u00e9s a legtehets\u00e9gesebb hallgat\u00f3k a fels\u0151oktat\u00e1si tehets\u00e9ggondoz\u00e1sba val\u00f3 bevon\u00e1sa. A program meghirdet\u00e9sre ker\u00fcl\u0151 \u00f6szt\u00f6nd\u00edj-p\u00e1ly\u00e1zatai a fels\u0151oktat\u00e1sban r\u00e9szt vev\u0151 hallgat\u00f3i, kutat\u00f3i kiv\u00e1l\u00f3s\u00e1got t\u00e1mogatj\u00e1k olyan \u2013osztatlan k\u00e9pz\u00e9sben, mesterk\u00e9pz\u00e9sben vagy doktori k\u00e9pz\u00e9sben r\u00e9szt vev\u0151 \u2013<\/p>\n","protected":false},"author":2572,"featured_media":0,"parent":99813,"menu_order":0,"comment_status":"open","ping_status":"open","template":"","meta":{"_acf_changed":false,"footnotes":""},"categories":[],"tags":[],"class_list":["post-181723","page","type-page","status-publish","hentry"],"acf":[],"_links":{"self":[{"href":"https:\/\/univet.hu\/hu\/wp-json\/wp\/v2\/pages\/181723","targetHints":{"allow":["GET"]}}],"collection":[{"href":"https:\/\/univet.hu\/hu\/wp-json\/wp\/v2\/pages"}],"about":[{"href":"https:\/\/univet.hu\/hu\/wp-json\/wp\/v2\/types\/page"}],"author":[{"embeddable":true,"href":"https:\/\/univet.hu\/hu\/wp-json\/wp\/v2\/users\/2572"}],"replies":[{"embeddable":true,"href":"https:\/\/univet.hu\/hu\/wp-json\/wp\/v2\/comments?post=181723"}],"version-history":[{"count":5,"href":"https:\/\/univet.hu\/hu\/wp-json\/wp\/v2\/pages\/181723\/revisions"}],"predecessor-version":[{"id":205694,"href":"https:\/\/univet.hu\/hu\/wp-json\/wp\/v2\/pages\/181723\/revisions\/205694"}],"up":[{"embeddable":true,"href":"https:\/\/univet.hu\/hu\/wp-json\/wp\/v2\/pages\/99813"}],"wp:attachment":[{"href":"https:\/\/univet.hu\/hu\/wp-json\/wp\/v2\/media?parent=181723"}],"wp:term":[{"taxonomy":"category","embeddable":true,"href":"https:\/\/univet.hu\/hu\/wp-json\/wp\/v2\/categories?post=181723"},{"taxonomy":"post_tag","embeddable":true,"href":"https:\/\/univet.hu\/hu\/wp-json\/wp\/v2\/tags?post=181723"}],"curies":[{"name":"wp","href":"https:\/\/api.w.org\/{rel}","templated":true}]}}