{"id":181728,"date":"2025-05-05T10:14:30","date_gmt":"2025-05-05T08:14:30","guid":{"rendered":"https:\/\/univet.hu\/hu\/egyetem\/palyazati-projektek\/nkfih-palyazatok\/ekop\/ekop-2025\/2024-25\/"},"modified":"2025-11-25T10:35:12","modified_gmt":"2025-11-25T09:35:12","slug":"ekop-2024-25","status":"publish","type":"page","link":"https:\/\/univet.hu\/hu\/egyetem\/palyazati-projektek\/nkfih-palyazatok\/ekop\/ekop-2\/ekop-2024-25\/","title":{"rendered":"EK\u00d6P 2024\/25"},"content":{"rendered":"<p><strong>\u00d6szt\u00f6nd\u00edjas kutat\u00e1si besz\u00e1mol\u00f3 dokumentumai<\/strong><\/p> <p><a href=\"https:\/\/univet.hu\/hu\/egyetem\/palyazati-projektek\/nkfih-palyazatok\/ekop\/ekop-2\/ekop-2024-25\/ekop_zaro_beszamolo_sablon\/\" rel=\"attachment wp-att-185098\">Z\u00e1r\u00f3 kutat\u00e1si besz\u00e1mol\u00f3<\/a><\/p> <table style=\"border-collapse: collapse;width: 34.2343%\"> <tbody> <tr> <td style=\"width: 100%\"><a href=\"https:\/\/univet.hu\/hu\/egyetem\/palyazati-projektek\/nkfih-palyazatok\/ekop\/ekop-2\/ekop-2024-25\/ekop_konzultacios_adatlap\/\" rel=\"attachment wp-att-185092\">Konzult\u00e1ci\u00f3s adatlap<\/a><\/td> <\/tr> <tr> <td style=\"width: 100%\"><a href=\"https:\/\/univet.hu\/hu\/egyetem\/palyazati-projektek\/nkfih-palyazatok\/ekop\/ekop-2\/ekop-2024-25\/ekop_temavezetoi_zaro_ertekeles_sablon\/\" rel=\"attachment wp-att-185095\">T\u00e9mavezet\u0151i \u00e9rt\u00e9kel\u00e9s<\/a><\/td> <\/tr> <\/tbody> <\/table> <p>&nbsp;<\/p> <p><strong>EK\u00d6P KONFERENCIA &#8211; &#8211; 2025. m\u00e1jus 13.<\/strong><\/p> <p>2025. m\u00e1jus 13-\u00e1n megrendezett EK\u00d6P konferenci\u00e1n bemutatkoztak az \u00f6szt\u00f6nd\u00edjas kutat\u00f3k. A t\u00e9m\u00e1kr\u00f3l, eredm\u00e9nyekr\u0151l k\u00e9sz\u00fclt \u00f6sszegz\u0151 kiadv\u00e1ny m\u00e1r el\u00e9rhet\u0151: <a href=\"https:\/\/univet.hu\/hu\/egyetem\/palyazati-projektek\/nkfih-palyazatok\/ekop\/ekop_kutatasi_osszefoglalok_2025\/\" rel=\"attachment wp-att-184678\">EK\u00d6P KUTAT\u00c1SOK 2024\/25.<\/a><\/p> <p>A konferenci\u00e1n k\u00e9sz\u00fclt fot\u00f3k megtekinthet\u0151k itt:\u00a0<a href=\"https:\/\/allatorvosiegyetem.sharepoint.com\/:f:\/s\/kommunikacio\/EsCdSnZ_r5JCnH1iLqwSo2cB87-I3qn5gAfIt4tH2k0qCw?e=lPJQjc\">2025 Egyetemi Kutat\u00f3i \u00d6szt\u00f6nd\u00edj Program<\/a><\/p> <p>&nbsp;<\/p> <p><a href=\"https:\/\/univet.hu\/hu\/2025\/05\/egyetemi-kutatoi-osztondij-program-ekop-konferencia\/fb_ekop_plakat\/\" rel=\"attachment wp-att-182015\"><img loading=\"lazy\" decoding=\"async\" class=\"alignnone size-full wp-image-182015\" src=\"https:\/\/univet.hu\/wp-content\/uploads\/2025\/05\/FB_EKOP_plakat.png\" alt=\"\" width=\"940\" height=\"788\" srcset=\"https:\/\/univet.hu\/wp-content\/uploads\/2025\/05\/FB_EKOP_plakat.png 940w, https:\/\/univet.hu\/wp-content\/uploads\/2025\/05\/FB_EKOP_plakat-320x268.png 320w, https:\/\/univet.hu\/wp-content\/uploads\/2025\/05\/FB_EKOP_plakat-768x644.png 768w\" sizes=\"auto, (max-width: 940px) 100vw, 940px\" \/><\/a><\/p> <p><strong>Lez\u00e1rult a 2024\/2025-\u00f6s tan\u00e9vre sz\u00f3l\u00f3 EK\u00d6P felh\u00edv\u00e1sra beny\u00fajtott p\u00e1ly\u00e1zatok elb\u00edr\u00e1l\u00e1sa. A szak\u00e9rt\u0151k \u00e1ltal elb\u00edr\u00e1lt p\u00e1ly\u00e1zatok alapj\u00e1n \u00f6sszesen 30 hallgat\u00f3, doktori hallgat\u00f3 illetve fiatal kutat\u00f3 nyert el EK\u00d6P \u00f6szt\u00f6nd\u00edjat a 2024\/25-\u00f6s tan\u00e9vre. Gratul\u00e1lunk mindenkinek!<\/strong><\/p> <p><a href=\"https:\/\/univet.hu\/hu\/ekop_osztondijasok_2024-2025-2\/\" rel=\"attachment wp-att-168878\">EK\u00d6P \u00d6SZT\u00d6ND\u00cdJASOK 2024-2025<\/a><\/p> <h5>MEGHOSSZABB\u00cdTOTT P\u00c1LY\u00c1ZAT BENY\u00daJT\u00c1SI HAT\u00c1RID\u0150!!<\/h5> <h5>P\u00e1ly\u00e1z\u00e1si id\u0151szak:\u00a0<strong>2024. 06.12 &#8211; 2024. 07.09.<\/strong><\/h5> <p><a href=\"https:\/\/univet.hu\/hu\/kozlemeny_ekop-2\/\" rel=\"attachment wp-att-168516\">K\u00d6ZLEM\u00c9NY &#8211; 2024.07.02<\/a><\/p> <p>&nbsp;<\/p> <table style=\"height: 111px\" width=\"590\"> <tbody> <tr> <td style=\"text-align: center;width: 414.199px\">EGYETEMI KUTAT\u00d3I \u00d6SZT\u00d6ND\u00cdJ PROGRAM<br \/> (EK\u00d6P-24)<\/td> <td style=\"text-align: left;width: 160.566px\">K\u00d6ZZ\u00c9T\u00c9VE<\/td> <\/tr> <tr> <td style=\"text-align: center;width: 414.199px\"><a href=\"https:\/\/univet.hu\/hu\/00_ekop_palyazati_felhivas_ate_ok_mod-07-02-2\/\" rel=\"attachment wp-att-168514\">P\u00e1ly\u00e1zati felh\u00edv\u00e1s &#8211; EK\u00d6P 2024<\/a><\/td> <td style=\"width: 160.566px\">2024.07.02 m\u00f3dos\u00edtva<\/td> <\/tr> <\/tbody> <\/table> <h5><\/h5> <table style=\"width: 589px;height: 310px\" width=\"548\"> <tbody> <tr> <td style=\"width: 409.766px\"> <h5>P\u00e1ly\u00e1zati dokumentumok:<\/h5> <\/td> <td style=\"width: 163.234px\">K\u00d6ZZ\u00c9T\u00c9VE<\/td> <\/tr> <tr> <td style=\"width: 409.766px\">1. sz. mell\u00e9klet: <a href=\"https:\/\/univet.hu\/hu\/egyetem\/palyazati-projektek\/nkfih-palyazatok\/ekop\/ekop-2025\/ekop-2024-25\/1_sz_melleklet_tamogatott_kepzesek_ok\/\" rel=\"attachment wp-att-181734\">T\u00e1mogatott k\u00e9pz\u00e9sek\/\u00f6sszegek<\/a><\/td> <td style=\"width: 163.234px\">2024.06.12<\/td> <\/tr> <tr> <td style=\"width: 409.766px\">2. sz. mell\u00e9klet: <a href=\"https:\/\/univet.hu\/hu\/egyetem\/palyazati-projektek\/nkfih-palyazatok\/ekop\/ekop-2025\/ekop-2024-25\/2_sz_melleklet_kutatasi_terv_ok\/\" rel=\"attachment wp-att-181737\">Kutat\u00e1si terv<\/a><\/td> <td style=\"width: 163.234px\">2024.06.12<\/td> <\/tr> <tr> <td style=\"width: 409.766px\">3. sz. mell\u00e9klet: <a href=\"https:\/\/univet.hu\/hu\/egyetem\/palyazati-projektek\/nkfih-palyazatok\/ekop\/ekop-2025\/ekop-2024-25\/3_sz_melleklet_palyazati_adatlap_ok\/\" rel=\"attachment wp-att-181740\">P\u00e1ly\u00e1zati adatlap<\/a><\/td> <td style=\"width: 163.234px\">2024.06.13 m\u00f3dos\u00edtva<\/td> <\/tr> <tr> <td style=\"width: 409.766px\">4. sz. mell\u00e9klet: <a href=\"https:\/\/univet.hu\/hu\/egyetem\/palyazati-projektek\/nkfih-palyazatok\/ekop\/ekop-2025\/ekop-2024-25\/4_sz_melleklet_palyazoi_nyilatkozat_ok\/\" rel=\"attachment wp-att-181743\">P\u00e1ly\u00e1z\u00f3i Nyilatkozat<\/a><\/td> <td style=\"width: 163.234px\">2024.06.12<\/td> <\/tr> <tr> <td style=\"width: 409.766px\">5. sz. mell\u00e9klet:<a href=\"https:\/\/univet.hu\/hu\/egyetem\/palyazati-projektek\/nkfih-palyazatok\/ekop\/ekop-2025\/ekop-2024-25\/5_sz_melleklet_temavezetoi_ajanlas_ok\/\" rel=\"attachment wp-att-181746\">T\u00e9mavezet\u0151i\/Tansz\u00e9kvezet\u0151i aj\u00e1nl\u00e1s<\/a><\/td> <td style=\"width: 163.234px\">2024.06.12<\/td> <\/tr> <tr> <td style=\"width: 409.766px\">7. sz. mell\u00e9klet: <a href=\"https:\/\/univet.hu\/hu\/egyetem\/palyazati-projektek\/nkfih-palyazatok\/ekop\/ekop-2025\/ekop-2024-25\/7_sz_melleklet_biralati_szempontok_ok\/\" rel=\"attachment wp-att-181749\">B\u00edr\u00e1lati szempontok<\/a><\/td> <td style=\"width: 163.234px\">2024.06.12<\/td> <\/tr> <tr> <td style=\"width: 409.766px\">9. sz. mell\u00e9klet: <a href=\"https:\/\/univet.hu\/hu\/9_sz_melleklet_tudomanyagi_besorolas_2025\/\" rel=\"attachment wp-att-181573\">Tudom\u00e1ny\u00e1gi besorol\u00e1s<\/a><\/td> <td style=\"width: 163.234px\">2024.06.12<\/td> <\/tr> <\/tbody> <\/table> <p>&nbsp;<\/p> <p>ARCH\u00cdV &#8211;<a href=\"https:\/\/univet.hu\/hu\/00_ekop_palyazati_felhivas_ate_ok-2\/\" rel=\"attachment wp-att-167428\">P\u00e1ly\u00e1zati felh\u00edv\u00e1s &#8211; EK\u00d6P 2024<\/a>\u00a0(k\u00f6zz\u00e9t\u00e9ve: 06.12) &#8211; m\u00f3dosult<\/p> <p><a href=\"https:\/\/univet.hu\/en\/egyetem\/palyazati-projektek\/nkfih-palyazatok\/ekop\/ekop\/ekop-logo-rgb-vertical_0003_color_palyazati-felhivas\/\" rel=\"attachment wp-att-100805\"><img loading=\"lazy\" decoding=\"async\" class=\"wp-image-100805 alignnone\" src=\"https:\/\/univet.hu\/wp-content\/uploads\/2024\/06\/ekop-logo-rgb-vertical_0003_color_p\u00e1ly\u00e1zati-felh\u00edv\u00e1s-802x960.png\" alt=\"\" width=\"122\" height=\"146\" srcset=\"https:\/\/univet.hu\/wp-content\/uploads\/2024\/06\/ekop-logo-rgb-vertical_0003_color_p\u00e1ly\u00e1zati-felh\u00edv\u00e1s-802x960.png 802w, https:\/\/univet.hu\/wp-content\/uploads\/2024\/06\/ekop-logo-rgb-vertical_0003_color_p\u00e1ly\u00e1zati-felh\u00edv\u00e1s-267x320.png 267w, https:\/\/univet.hu\/wp-content\/uploads\/2024\/06\/ekop-logo-rgb-vertical_0003_color_p\u00e1ly\u00e1zati-felh\u00edv\u00e1s-768x919.png 768w, https:\/\/univet.hu\/wp-content\/uploads\/2024\/06\/ekop-logo-rgb-vertical_0003_color_p\u00e1ly\u00e1zati-felh\u00edv\u00e1s.png 1772w\" sizes=\"auto, (max-width: 122px) 100vw, 122px\" \/><\/a><\/p> <h5><\/h5> <h5>EK\u00d6P \u00fcgyint\u00e9z\u0151:<\/h5> <p>Udvarias Csilla<br \/> P\u00e9nz\u00fcgyi, Kontrolling \u00e9s P\u00e1ly\u00e1zati Igazgat\u00f3s\u00e1g<\/p> <p><a class=\"decrypt\" rel=\"flpqAvojwfu\/iv\">[E-mail megjelen\u00edt\u00e9se]<\/a><\/p>","protected":false},"excerpt":{"rendered":"<p>\u00d6szt\u00f6nd\u00edjas kutat\u00e1si besz\u00e1mol\u00f3 dokumentumai Z\u00e1r\u00f3 kutat\u00e1si besz\u00e1mol\u00f3 Konzult\u00e1ci\u00f3s adatlap T\u00e9mavezet\u0151i \u00e9rt\u00e9kel\u00e9s &nbsp; EK\u00d6P KONFERENCIA &#8211; &#8211; 2025. m\u00e1jus 13. 2025. m\u00e1jus 13-\u00e1n megrendezett EK\u00d6P konferenci\u00e1n bemutatkoztak az \u00f6szt\u00f6nd\u00edjas kutat\u00f3k. A t\u00e9m\u00e1kr\u00f3l, eredm\u00e9nyekr\u0151l k\u00e9sz\u00fclt \u00f6sszegz\u0151 kiadv\u00e1ny m\u00e1r el\u00e9rhet\u0151: EK\u00d6P KUTAT\u00c1SOK 2024\/25. A konferenci\u00e1n k\u00e9sz\u00fclt fot\u00f3k megtekinthet\u0151k itt:\u00a02025 Egyetemi Kutat\u00f3i \u00d6szt\u00f6nd\u00edj Program &nbsp; Lez\u00e1rult a 2024\/2025-\u00f6s tan\u00e9vre<\/p>\n","protected":false},"author":2572,"featured_media":0,"parent":181723,"menu_order":0,"comment_status":"open","ping_status":"open","template":"","meta":{"_acf_changed":false,"footnotes":""},"categories":[],"tags":[],"class_list":["post-181728","page","type-page","status-publish","hentry"],"acf":[],"_links":{"self":[{"href":"https:\/\/univet.hu\/hu\/wp-json\/wp\/v2\/pages\/181728","targetHints":{"allow":["GET"]}}],"collection":[{"href":"https:\/\/univet.hu\/hu\/wp-json\/wp\/v2\/pages"}],"about":[{"href":"https:\/\/univet.hu\/hu\/wp-json\/wp\/v2\/types\/page"}],"author":[{"embeddable":true,"href":"https:\/\/univet.hu\/hu\/wp-json\/wp\/v2\/users\/2572"}],"replies":[{"embeddable":true,"href":"https:\/\/univet.hu\/hu\/wp-json\/wp\/v2\/comments?post=181728"}],"version-history":[{"count":5,"href":"https:\/\/univet.hu\/hu\/wp-json\/wp\/v2\/pages\/181728\/revisions"}],"predecessor-version":[{"id":196353,"href":"https:\/\/univet.hu\/hu\/wp-json\/wp\/v2\/pages\/181728\/revisions\/196353"}],"up":[{"embeddable":true,"href":"https:\/\/univet.hu\/hu\/wp-json\/wp\/v2\/pages\/181723"}],"wp:attachment":[{"href":"https:\/\/univet.hu\/hu\/wp-json\/wp\/v2\/media?parent=181728"}],"wp:term":[{"taxonomy":"category","embeddable":true,"href":"https:\/\/univet.hu\/hu\/wp-json\/wp\/v2\/categories?post=181728"},{"taxonomy":"post_tag","embeddable":true,"href":"https:\/\/univet.hu\/hu\/wp-json\/wp\/v2\/tags?post=181728"}],"curies":[{"name":"wp","href":"https:\/\/api.w.org\/{rel}","templated":true}]}}