{"id":181946,"date":"2025-05-08T16:27:49","date_gmt":"2025-05-08T14:27:49","guid":{"rendered":"https:\/\/univet.hu\/hu\/oktatas\/tanulmanyi-osztaly\/allasajanlatok\/new_child_page-2\/"},"modified":"2026-05-06T13:07:19","modified_gmt":"2026-05-06T11:07:19","slug":"semmelweis-egyetem-lendulet-diabetesz-kutatocsoportjahoz","status":"publish","type":"page","link":"https:\/\/univet.hu\/hu\/oktatas\/tanulmanyi-osztaly\/allasajanlatok\/semmelweis-egyetem-lendulet-diabetesz-kutatocsoportjahoz\/","title":{"rendered":"Semmelweis Egyetem, Lend\u00fclet-Diab\u00e9tesz Kutat\u00f3csoportj\u00e1hoz"},"content":{"rendered":"<p>2026.05.06<\/p> <p><strong>Tudom\u00e1nyos munkat\u00e1rs (Research Associate) \u2013 gy\u00f3gyszerfejleszt\u00e9s<\/strong><\/p> <p>A SigmaDrugs Kutat\u00f3 Kft. dinamikus, \u00f6sszetart\u00f3 csapata tudom\u00e1nyos munkat\u00e1rsat keres szeptemberben indul\u00f3, t\u00fcd\u0151hegesed\u00e9st (pulmon\u00e1lis fibr\u00f3zist) c\u00e9lz\u00f3 gy\u00f3gyszerfejleszt\u00e9si projektj\u00e9hez.<\/p> <p><strong>Feladatok:<\/strong><\/p> <p>\u00b7 Sejtvonalakkal \u00e9s primer sejtekkel val\u00f3 munkav\u00e9gz\u00e9s<\/p> <p>\u00b7 Molekul\u00e1ris biol\u00f3giai vizsg\u00e1latok v\u00e9gz\u00e9se (pl. qPCR, Western blot, immunfest\u00e9sek)<\/p> <p>\u00b7 \u00c1llatk\u00eds\u00e9rletes modellekben val\u00f3 akt\u00edv r\u00e9szv\u00e9tel<\/p> <p>\u00b7 K\u00eds\u00e9rleti eredm\u00e9nyek dokument\u00e1l\u00e1sa, ki\u00e9rt\u00e9kel\u00e9se \u00e9s prezent\u00e1l\u00e1sa<\/p> <p>\u00b7 R\u00e9szv\u00e9tel kutat\u00e1si projektek tervez\u00e9s\u00e9ben<\/p> <p>\u00b7 Szakirodalom k\u00f6vet\u00e9se<\/p> <p><strong>Elv\u00e1r\u00e1sok:<\/strong><\/p> <p>\u00b7 Relev\u00e1ns term\u00e9szettudom\u00e1nyos v\u00e9gzetts\u00e9g (biol\u00f3gia, biotechnol\u00f3gia, orvostudom\u00e1ny vagy kapcsol\u00f3d\u00f3 ter\u00fclet)<\/p> <p>\u00b7 Gyakorlat in vitro sejtteny\u00e9szt\u00e9sben<\/p> <p>\u00b7 Tapasztalat molekul\u00e1ris biol\u00f3giai m\u00f3dszerek alkalmaz\u00e1s\u00e1ban<\/p> <p>\u00b7 \u00c1llatk\u00eds\u00e9rletes munka ir\u00e1nti nyitotts\u00e1g vagy relev\u00e1ns tapasztalat<\/p> <p>\u00b7 \u00d6n\u00e1ll\u00f3 \u00e9s prec\u00edz munkav\u00e9gz\u00e9s<\/p> <p>\u00b7 Angol nyelv legal\u00e1bb k\u00f6z\u00e9pfok\u00fa ismerete<\/p> <p><strong>El\u0151nyt jelent:<\/strong><\/p> <p>\u00b7 Tapasztalat 3D sejtkult\u00far\u00e1s modellek alkalmaz\u00e1s\u00e1ban<\/p> <p>\u00b7 Tapasztalat pulmonol\u00f3giai vagy fibrotikus betegs\u00e9gek kutat\u00e1s\u00e1ban<\/p> <p>\u00b7 Gy\u00f3gyszerfejleszt\u00e9si k\u00f6rnyezetben szerzett gyakorlat<\/p> <p><strong>Amit k\u00edn\u00e1lunk:<\/strong><\/p> <p>\u00b7 R\u00e9szv\u00e9tel egy innovat\u00edv, \u00faj ter\u00e1pia kifejleszt\u00e9s\u00e9ben \u00e9s klinikai bevezet\u00e9s\u00e9ben<\/p> <p>\u00b7 Fiatalos, motiv\u00e1lt kutat\u00f3csapat<\/p> <p>\u00b7 Nemzetk\u00f6zi egy\u00fcttm\u0171k\u00f6d\u00e9sek lehet\u0151s\u00e9ge<\/p> <p>\u00b7 Szakmai fejl\u0151d\u00e9s \u00e9s state-of-the-art m\u00f3dszerek elsaj\u00e1t\u00edt\u00e1sa<\/p> <p>\u00b7 Versenyk\u00e9pes fizet\u00e9s<\/p> <p><strong>Tov\u00e1bbi info:<\/strong> <a href=\"http:\/\/sigmadrugs.com\" target=\"_blank\" rel=\"noopener\">http:\/\/sigmadrugs.com<\/a>; <a href=\"https:\/\/www.linkedin.com\/company\/sigmadrugs-research\" target=\"_blank\" rel=\"noopener\">https:\/\/www.linkedin.com\/company\/sigmadrugs-research<\/a><\/p> <p><strong>Munkav\u00e9gz\u00e9s helye:<\/strong> 1083 Budapest, B\u00f3kay J\u00e1nos utca 54., 2.em. Kutat\u00f3laborat\u00f3rium<\/p> <p><strong>Jelentkez\u00e9s:<\/strong> Magyar vagy angol nyelv\u0171 \u00f6n\u00e9letrajz\u00e1t \u00e9s motiv\u00e1ci\u00f3s level\u00e9t az <a class=\"decrypt\" rel=\"jogpAtjhnbesvht\/dpn\" href=\"javascript:void(0);\">[Kattintson az emailc\u00edmhez]<\/a> e-mail c\u00edmre v\u00e1rju<\/p> <p>&nbsp;<\/p> <p>&nbsp;<\/p> <p>2025.05.08<\/p> <p><strong>Junior kutat\u00f3 munkat\u00e1rsat keres\u00fcnk!<\/strong><\/p> <p>&nbsp;<\/p> <p>Professzor Fekete Andrea MTA-SE Lend\u00fclet Diab\u00e9tesz csoportja \u00e9s a SigmaDrugs Kutat\u00f3 Kft. v\u00e1rja Junior Kutat\u00f3 munkat\u00e1rs\u00e1t, fiatalos, \u00f6sszetart\u00f3 csapat\u00e1ba.<\/p> <p>P\u00e1lyakezd\u0151k \u00e9s 1-2 \u00e9v munkatapasztalattal rendelkez\u0151k jelentkez\u00e9s\u00e9t is v\u00e1rjuk!<\/p> <p><strong>Kutat\u00f3csoportunk c\u00e9lja, hogy \u00faj gy\u00f3gyszeres ter\u00e1pi\u00e1k fejleszt\u00e9s\u00e9n kereszt\u00fcl hozz\u00e1j\u00e1ruljunk a diab\u00e9tesz sz\u00f6v\u0151dm\u00e9nyeinek, valamint k\u00fcl\u00f6nb\u00f6z\u0151 szervek sz\u00f6veti hegesed\u00e9s\u00e9nek hat\u00e9kony kezel\u00e9s\u00e9hez.<\/strong><\/p> <p>Munk\u00e1nk sor\u00e1n \u00e1llatk\u00eds\u00e9rletes \u00e9s <em>in vitro <\/em>modelleket alkalmazunk, melyekben molekul\u00e1ris biol\u00f3giai \u00e9s modern k\u00e9palkot\u00f3 elj\u00e1r\u00e1sok seg\u00edts\u00e9g\u00e9vel vizsg\u00e1ljuk t\u00f6bbek k\u00f6z\u00f6tt a diab\u00e9teszes vesek\u00e1rosod\u00e1s, a szem fibrotikus elv\u00e1ltoz\u00e1sai \u00e9s a t\u00fcd\u0151fibr\u00f3zis patofiziol\u00f3giai folyamatait, valamint a lehets\u00e9ges kezel\u00e9si \u00e9s megel\u0151z\u00e9si strat\u00e9gi\u00e1kat.<\/p> <p>Tov\u00e1bbi info a csoportr\u00f3l:<\/p> <p><a href=\"https:\/\/mta.hu\/mta_hirei\/a-zold-halyog-teljesen-uj-gyogymodjat-eredmenyezheti-az-egyik-lendulet-gyoztes-kutatas-111819\">https:\/\/mta.hu\/mta_hirei\/a-zold-halyog-teljesen-uj-gyogymodjat-eredmenyezheti-az-egyik-lendulet-gyoztes-kutatas-111819<\/a><\/p> <p>&nbsp;<\/p> <p>Amit k\u00e9r\u00fcnk:<\/p> <ul> <li>Szakir\u00e1ny\u00fa v\u00e9gzetts\u00e9g (biol\u00f3gus\/biom\u00e9rn\u00f6k\/orvos\/vegy\u00e9sz)<\/li> <li>Molekul\u00e1ris biol\u00f3giai technik\u00e1k alkalmaz\u00e1sa vagy elsaj\u00e1t\u00edt\u00e1sa, (PCR, Western blot, ELISA stb.) in vitro modell<\/li> <li>K\u00eds\u00e9rletek tervez\u00e9se, adatok elemz\u00e9se, interpret\u00e1ci\u00f3ja<\/li> <li>Szakmai amb\u00edci\u00f3 \u00e9s elk\u00f6telezetts\u00e9g<\/li> <li>Angol nyelvtud\u00e1s<\/li> <li>Fontos, hogy csapatban is tudj\/szeress dolgozni<\/li> <\/ul> <p>&nbsp;<\/p> <p>Amit k\u00edn\u00e1lunk:<\/p> <ul> <li>Sz\u00e9les k\u00f6r\u0171 molekul\u00e1ris biol\u00f3giai m\u00f3dszerek \u00e9s <em>in vivo<\/em> k\u00eds\u00e9rletek kivitelez\u00e9s\u00e9nek megtanul\u00e1sa<\/li> <li>Kutat\u00e1si gondolkod\u00e1sm\u00f3d elsaj\u00e1t\u00edt\u00e1sa<\/li> <li>\u00d6n\u00e1ll\u00f3, kreat\u00edv feladatok<\/li> <li>R\u00e9szv\u00e9tel nemzetk\u00f6zi \u00e9s hazai konferenci\u00e1kon, lehet\u0151s\u00e9g k\u00fclf\u00f6ldi tanulm\u00e1ny\u00fatra a PhD alatt<\/li> <li>J\u00f3 hangulat\u00fa \u00e9s inspir\u00e1l\u00f3 csapat<\/li> <li>Versenyk\u00e9pes j\u00f6vedelem, teljes\u00edtm\u00e9ny-ar\u00e1nyos extra juttat\u00e1sok<\/li> <li>Rendk\u00edv\u00fcl izgalmas, aktu\u00e1lis, t\u00e1rsadalmilag kiemelked\u0151en fontos kutat\u00e1si t\u00e9m\u00e1k<\/li> <li>Phd program r\u00e9szv\u00e9teli lehet\u0151s\u00e9g<\/li> <li>Sz\u00e9lesk\u00f6r\u0171 hazai \u00e9s nemzetk\u00f6zi kapcsolatrendszer a fibr\u00f3zis kutat\u00e1s ter\u00fclet\u00e9n<\/li> <li>Modern g\u00e9ppark \u00e9s kiv\u00e1l\u00f3 infrastrukt\u00fara, k\u00f6nnyen megk\u00f6zel\u00edthet\u0151 belv\u00e1rosi munkahely<\/li> <li>Akt\u00edv \u00e9s t\u00e1mogat\u00f3 k\u00f6rnyezet, ahol fontos a csapategys\u00e9g \u00e9s a soksz\u00edn\u0171s\u00e9g<\/li> <\/ul> <p>&nbsp;<\/p> <p>Munkav\u00e9gz\u00e9s helye: Semmelweis Egyetem, Gyermekgy\u00f3gy\u00e1szati Klinika,<\/p> <p>1083 Budapest, B\u00f3kay J\u00e1nos utca 54.,<\/p> <p>&nbsp;<\/p> <p><strong>JELENTKEZ\u00c9S<\/strong>:<\/p> <p>V\u00e1rjuk szakmai \u00f6n\u00e9letrajzod \u00e9s motiv\u00e1ci\u00f3s leveled az <a class=\"decrypt\" rel=\"jogpAtjhnbesvht\/dpn\" href=\"javascript:void(0);\">[Kattintson az emailc\u00edmhez]<\/a> e-mailc\u00edmre.<\/p>","protected":false},"excerpt":{"rendered":"<p>2026.05.06 Tudom\u00e1nyos munkat\u00e1rs (Research Associate) \u2013 gy\u00f3gyszerfejleszt\u00e9s A SigmaDrugs Kutat\u00f3 Kft. dinamikus, \u00f6sszetart\u00f3 csapata tudom\u00e1nyos munkat\u00e1rsat keres szeptemberben indul\u00f3, t\u00fcd\u0151hegesed\u00e9st (pulmon\u00e1lis fibr\u00f3zist) c\u00e9lz\u00f3 gy\u00f3gyszerfejleszt\u00e9si projektj\u00e9hez. Feladatok: \u00b7 Sejtvonalakkal \u00e9s primer sejtekkel val\u00f3 munkav\u00e9gz\u00e9s \u00b7 Molekul\u00e1ris biol\u00f3giai vizsg\u00e1latok v\u00e9gz\u00e9se (pl. qPCR, Western blot, immunfest\u00e9sek) \u00b7 \u00c1llatk\u00eds\u00e9rletes modellekben val\u00f3 akt\u00edv r\u00e9szv\u00e9tel \u00b7 K\u00eds\u00e9rleti eredm\u00e9nyek dokument\u00e1l\u00e1sa, ki\u00e9rt\u00e9kel\u00e9se \u00e9s<\/p>\n","protected":false},"author":5795,"featured_media":0,"parent":26415,"menu_order":0,"comment_status":"open","ping_status":"open","template":"","meta":{"_acf_changed":false,"footnotes":""},"categories":[],"tags":[],"class_list":["post-181946","page","type-page","status-publish","hentry"],"acf":[],"_links":{"self":[{"href":"https:\/\/univet.hu\/hu\/wp-json\/wp\/v2\/pages\/181946","targetHints":{"allow":["GET"]}}],"collection":[{"href":"https:\/\/univet.hu\/hu\/wp-json\/wp\/v2\/pages"}],"about":[{"href":"https:\/\/univet.hu\/hu\/wp-json\/wp\/v2\/types\/page"}],"author":[{"embeddable":true,"href":"https:\/\/univet.hu\/hu\/wp-json\/wp\/v2\/users\/5795"}],"replies":[{"embeddable":true,"href":"https:\/\/univet.hu\/hu\/wp-json\/wp\/v2\/comments?post=181946"}],"version-history":[{"count":3,"href":"https:\/\/univet.hu\/hu\/wp-json\/wp\/v2\/pages\/181946\/revisions"}],"predecessor-version":[{"id":206647,"href":"https:\/\/univet.hu\/hu\/wp-json\/wp\/v2\/pages\/181946\/revisions\/206647"}],"up":[{"embeddable":true,"href":"https:\/\/univet.hu\/hu\/wp-json\/wp\/v2\/pages\/26415"}],"wp:attachment":[{"href":"https:\/\/univet.hu\/hu\/wp-json\/wp\/v2\/media?parent=181946"}],"wp:term":[{"taxonomy":"category","embeddable":true,"href":"https:\/\/univet.hu\/hu\/wp-json\/wp\/v2\/categories?post=181946"},{"taxonomy":"post_tag","embeddable":true,"href":"https:\/\/univet.hu\/hu\/wp-json\/wp\/v2\/tags?post=181946"}],"curies":[{"name":"wp","href":"https:\/\/api.w.org\/{rel}","templated":true}]}}