{"id":18419,"date":"2018-09-15T18:21:50","date_gmt":"2018-09-15T16:21:50","guid":{"rendered":"http:\/\/univet.hu\/?page_id=18419"},"modified":"2018-09-16T00:09:58","modified_gmt":"2018-09-15T22:09:58","slug":"fooldal","status":"publish","type":"page","link":"https:\/\/univet.hu\/hu\/klinikak\/kisallatklinika\/belgyogyaszat\/fooldal\/","title":{"rendered":"F\u0151oldal"},"content":{"rendered":"<h2>K\u00f6sz\u00f6ntj\u00fck a Belgy\u00f3gy\u00e1szati Tansz\u00e9k honlapj\u00e1n!<\/h2> <p>Klinik\u00e1nk munkarendje 2017 \u00e1prilis elsej\u00e9t\u0151l megv\u00e1ltozik! K\u00e9rj\u00fck olvass\u00e1k el az al\u00e1bbi t\u00e1j\u00e9koztat\u00f3t!<\/p> <p><a href=\"https:\/\/univet.hu\/wp-content\/uploads\/2018\/09\/tajekoztato.pdf\" data-replaced=\"true\" target=\"_blank\" rel=\"noopener\">Let\u00f6lt\u00e9s \u00bb<\/a><\/p>","protected":false},"excerpt":{"rendered":"<p>K\u00f6sz\u00f6ntj\u00fck a Belgy\u00f3gy\u00e1szati Tansz\u00e9k honlapj\u00e1n! Klinik\u00e1nk munkarendje 2017 \u00e1prilis elsej\u00e9t\u0151l megv\u00e1ltozik! K\u00e9rj\u00fck olvass\u00e1k el az al\u00e1bbi t\u00e1j\u00e9koztat\u00f3t! Let\u00f6lt\u00e9s \u00bb<\/p>\n","protected":false},"author":1,"featured_media":0,"parent":18647,"menu_order":0,"comment_status":"closed","ping_status":"closed","template":"","meta":{"_acf_changed":false,"footnotes":""},"categories":[],"tags":[],"class_list":["post-18419","page","type-page","status-publish","hentry"],"acf":[],"_links":{"self":[{"href":"https:\/\/univet.hu\/hu\/wp-json\/wp\/v2\/pages\/18419","targetHints":{"allow":["GET"]}}],"collection":[{"href":"https:\/\/univet.hu\/hu\/wp-json\/wp\/v2\/pages"}],"about":[{"href":"https:\/\/univet.hu\/hu\/wp-json\/wp\/v2\/types\/page"}],"author":[{"embeddable":true,"href":"https:\/\/univet.hu\/hu\/wp-json\/wp\/v2\/users\/1"}],"replies":[{"embeddable":true,"href":"https:\/\/univet.hu\/hu\/wp-json\/wp\/v2\/comments?post=18419"}],"version-history":[{"count":0,"href":"https:\/\/univet.hu\/hu\/wp-json\/wp\/v2\/pages\/18419\/revisions"}],"up":[{"embeddable":true,"href":"https:\/\/univet.hu\/hu\/wp-json\/wp\/v2\/pages\/18647"}],"wp:attachment":[{"href":"https:\/\/univet.hu\/hu\/wp-json\/wp\/v2\/media?parent=18419"}],"wp:term":[{"taxonomy":"category","embeddable":true,"href":"https:\/\/univet.hu\/hu\/wp-json\/wp\/v2\/categories?post=18419"},{"taxonomy":"post_tag","embeddable":true,"href":"https:\/\/univet.hu\/hu\/wp-json\/wp\/v2\/tags?post=18419"}],"curies":[{"name":"wp","href":"https:\/\/api.w.org\/{rel}","templated":true}]}}