{"id":18420,"date":"2018-09-15T18:21:36","date_gmt":"2018-09-15T16:21:36","guid":{"rendered":"http:\/\/univet.hu\/?page_id=18420"},"modified":"2018-09-16T00:07:31","modified_gmt":"2018-09-15T22:07:31","slug":"ambulans-betegellatas","status":"publish","type":"page","link":"https:\/\/univet.hu\/hu\/klinikak\/kisallatklinika\/belgyogyaszat\/ambulans-betegellatas\/","title":{"rendered":"Ambul\u00e1ns betegell\u00e1t\u00e1s"},"content":{"rendered":"<p>K\u00e9rj\u00fck, hogy a Klinik\u00e1ra \u00e9rkez\u00e9skor minden esetben sz\u00edveskedjen bejelentkezni a Betegir\u00e1ny\u00edt\u00f3n\u00e1l!<\/p> <p>Az ambul\u00e1ns betegell\u00e1t\u00e1s sor\u00e1n h\u00e9tk\u00f6znap <strong>napk\u00f6zben (9:00-16:00)<\/strong> teljes k\u00f6r\u0171 belgy\u00f3gy\u00e1szati szakell\u00e1t\u00e1st ny\u00fajtunk.<\/p> <p>A betegeket kiz\u00e1r\u00f3lag el\u0151re egyeztetett id\u0151pontban fogadjuk. Id\u0151pont egyeztet\u00e9s az (1)478-4147-es \u00e9s az (1)478-4290-es telefonsz\u00e1mokon.<\/p> <p>Az alapos fizik\u00e1lis vizsg\u00e1lat sor\u00e1n vizsg\u00e1ljuk az \u00e9rz\u00e9kszervekkel \u00e9szlelhet\u0151 elv\u00e1ltoz\u00e1sokat: a ny\u00e1lkah\u00e1rty\u00e1k sz\u00edn\u00e9t, a nyirokcsom\u00f3k m\u00e9ret\u00e9t, a t\u00fcd\u0151- \u00e9s a sz\u00edvhangokat, a has f\u00e1jdalmass\u00e1g\u00e1t, az esetlegesen tapinthat\u00f3 elv\u00e1ltoz\u00e1sokat a has\u00fcregben (pl. megnagyobbodott szervet), a b\u00e9ls\u00e1r min\u0151s\u00e9g\u00e9t, az esetleges idegrendszeri t\u00fcneteket stb.<\/p> <p><a href=\"https:\/\/univet.hu\/wp-content\/uploads\/2018\/09\/ambulans-betegellatas-2.jpg\" data-replaced=\"true\"><img loading=\"lazy\" decoding=\"async\" class=\"alignright wp-image-18586\" src=\"https:\/\/univet.hu\/wp-content\/uploads\/2018\/09\/ambulans-betegellatas-2.jpg\" data-replaced=\"true\" alt=\"\" width=\"300\" height=\"200\" srcset=\"https:\/\/univet.hu\/wp-content\/uploads\/2018\/09\/ambulans-betegellatas-2.jpg 800w, https:\/\/univet.hu\/wp-content\/uploads\/2018\/09\/ambulans-betegellatas-2-320x213.jpg 320w, https:\/\/univet.hu\/wp-content\/uploads\/2018\/09\/ambulans-betegellatas-2-768x512.jpg 768w\" sizes=\"auto, (max-width: 300px) 100vw, 300px\" \/><\/a>Sz\u00fcks\u00e9g \u00e9s ig\u00e9ny szerint sz\u00e1mos kieg\u00e9sz\u00edt\u0151 vizsg\u00e1latot tudunk aj\u00e1nlani, melyekhez a mintav\u00e9tel m\u00e1r az els\u0151 vizit alkalm\u00e1val megoldhat\u00f3:<\/p> <ul> <li>V\u00e9rvizsg\u00e1latok (v\u00e9rk\u00e9p, szervfunkci\u00f3s vizsg\u00e1latok, sav-b\u00e1zis egyens\u00faly, v\u00edrustesztek)<\/li> <li>Vizeletvizsg\u00e1lat<\/li> <li>Citol\u00f3giai-vizsg\u00e1lat Sz\u0171r\u0151vizsg\u00e1latok (pl. portosziszt\u00e9m\u00e1s s\u00f6nt, dirofilariosis)<\/li> <li>K\u00f6zvet\u00edtett laborat\u00f3riumi vizsg\u00e1latok (IDEXX-VetMedLab, Praxislab): allergiatesztek, hormonvizsg\u00e1latok, stb.<\/li> <li>B\u00e9ls\u00e1rvizsg\u00e1lat (parazitol\u00f3gia, bakteriol\u00f3gia)<\/li> <li>B\u0151rkapar\u00e9k-vizsg\u00e1lat (parazitol\u00f3gia, bakteriol\u00f3gia \u00e9s gombateny\u00e9szt\u00e9s)<\/li> <\/ul> <p>Sok vizsg\u00e1lat (v\u00e9r, vizelet) m\u00e1r aznap, vagy legk\u00e9s\u0151bb m\u00e1snap d\u00e9lut\u00e1nra elk\u00e9sz\u00fcl, de a bakt\u00e9rium- \u00e9s gombateny\u00e9szt\u00e9ssel j\u00e1r\u00f3 vizsg\u00e1latok (b\u00e9ls\u00e1r, b\u0151rkapar\u00e9k), valamint a k\u00fcls\u0151 laborat\u00f3riumba k\u00fcld\u00f6tt vizsg\u00e1latok eredm\u00e9ny\u00e9re \u00e1ltal\u00e1ban 5-7 napot v\u00e1rni kell.<\/p> <p>A vizsg\u00e1latok eredm\u00e9nyeit &#8211; ig\u00e9ny szerint &#8211; szem\u00e9lyesen, telefonon, elektronikus, vagy postai lev\u00e9lben k\u00f6z\u00f6lj\u00fck.<\/p> <ul> <li>Hasi- \u00e9s sz\u00edvultrahang-vizsg\u00e1latot, EKG-t, endoszk\u00f3pos vizsg\u00e1latot (mivel ezek igen nagy szaktud\u00e1st ig\u00e9nyelnek) csak el\u0151zetes id\u0151pont egyeztet\u00e9s alapj\u00e1n tudunk v\u00e9gezni.<\/li> <li>A beteg \u00e1llapota alapj\u00e1n sz\u00fcks\u00e9ges gy\u00f3gykezel\u00e9st elv\u00e9gezz\u00fck, sz\u00fcks\u00e9g eset\u00e9n tov\u00e1bbi ter\u00e1pi\u00e1s javaslatot tesz\u00fcnk.<\/li> <li>Ambul\u00e1ns inf\u00fazi\u00f3s kezel\u00e9s: amennyiben nem szeretn\u00e9 kedvenc\u00e9t a k\u00f3rh\u00e1zban hagyni, illetve az \u00e1llat \u00e1llapota nem ig\u00e9nyli felt\u00e9tlen\u00fcl az intenz\u00edv ell\u00e1t\u00e1st, ambul\u00e1nsan is biztos\u00edtani tudjuk a folyad\u00e9kp\u00f3tl\u00e1st. Ez alkalmank\u00e9nt 1-2 \u00f3r\u00e1t vesz ig\u00e9nybe.<\/li> <li>A beteg ell\u00e1t\u00e1s\u00e1r\u00f3l minden alkalommal ambul\u00e1ns k\u00f3rlapot k\u00e9sz\u00edt\u00fcnk \u00e9s adunk a tulajdonosnak.<\/li> <\/ul> <p><a href=\"https:\/\/univet.hu\/wp-content\/uploads\/2018\/09\/ambulans-betegellatas-4.jpg\" data-replaced=\"true\"><img loading=\"lazy\" decoding=\"async\" class=\"alignnone wp-image-18595 size-full\" src=\"https:\/\/univet.hu\/wp-content\/uploads\/2018\/09\/ambulans-betegellatas-4.jpg\" data-replaced=\"true\" alt=\"\" width=\"920\" height=\"303\" srcset=\"https:\/\/univet.hu\/wp-content\/uploads\/2018\/09\/ambulans-betegellatas-4.jpg 920w, https:\/\/univet.hu\/wp-content\/uploads\/2018\/09\/ambulans-betegellatas-4-320x105.jpg 320w, https:\/\/univet.hu\/wp-content\/uploads\/2018\/09\/ambulans-betegellatas-4-768x253.jpg 768w\" sizes=\"auto, (max-width: 920px) 100vw, 920px\" \/><\/a><\/p>","protected":false},"excerpt":{"rendered":"<p>K\u00e9rj\u00fck, hogy a Klinik\u00e1ra \u00e9rkez\u00e9skor minden esetben sz\u00edveskedjen bejelentkezni a Betegir\u00e1ny\u00edt\u00f3n\u00e1l! Az ambul\u00e1ns betegell\u00e1t\u00e1s sor\u00e1n h\u00e9tk\u00f6znap napk\u00f6zben (9:00-16:00) teljes k\u00f6r\u0171 belgy\u00f3gy\u00e1szati szakell\u00e1t\u00e1st ny\u00fajtunk. A betegeket kiz\u00e1r\u00f3lag el\u0151re egyeztetett id\u0151pontban fogadjuk. Id\u0151pont egyeztet\u00e9s az (1)478-4147-es \u00e9s az (1)478-4290-es telefonsz\u00e1mokon. Az alapos fizik\u00e1lis vizsg\u00e1lat sor\u00e1n vizsg\u00e1ljuk az \u00e9rz\u00e9kszervekkel \u00e9szlelhet\u0151 elv\u00e1ltoz\u00e1sokat: a ny\u00e1lkah\u00e1rty\u00e1k sz\u00edn\u00e9t, a nyirokcsom\u00f3k m\u00e9ret\u00e9t, a<\/p>\n","protected":false},"author":1,"featured_media":0,"parent":18647,"menu_order":0,"comment_status":"closed","ping_status":"closed","template":"","meta":{"_acf_changed":false,"footnotes":""},"categories":[],"tags":[],"class_list":["post-18420","page","type-page","status-publish","hentry"],"acf":[],"_links":{"self":[{"href":"https:\/\/univet.hu\/hu\/wp-json\/wp\/v2\/pages\/18420","targetHints":{"allow":["GET"]}}],"collection":[{"href":"https:\/\/univet.hu\/hu\/wp-json\/wp\/v2\/pages"}],"about":[{"href":"https:\/\/univet.hu\/hu\/wp-json\/wp\/v2\/types\/page"}],"author":[{"embeddable":true,"href":"https:\/\/univet.hu\/hu\/wp-json\/wp\/v2\/users\/1"}],"replies":[{"embeddable":true,"href":"https:\/\/univet.hu\/hu\/wp-json\/wp\/v2\/comments?post=18420"}],"version-history":[{"count":0,"href":"https:\/\/univet.hu\/hu\/wp-json\/wp\/v2\/pages\/18420\/revisions"}],"up":[{"embeddable":true,"href":"https:\/\/univet.hu\/hu\/wp-json\/wp\/v2\/pages\/18647"}],"wp:attachment":[{"href":"https:\/\/univet.hu\/hu\/wp-json\/wp\/v2\/media?parent=18420"}],"wp:term":[{"taxonomy":"category","embeddable":true,"href":"https:\/\/univet.hu\/hu\/wp-json\/wp\/v2\/categories?post=18420"},{"taxonomy":"post_tag","embeddable":true,"href":"https:\/\/univet.hu\/hu\/wp-json\/wp\/v2\/tags?post=18420"}],"curies":[{"name":"wp","href":"https:\/\/api.w.org\/{rel}","templated":true}]}}