{"id":18429,"date":"2018-09-15T18:24:28","date_gmt":"2018-09-15T16:24:28","guid":{"rendered":"http:\/\/univet.hu\/klinikak\/kisallatklinika\/belgyogyaszat\/ambulans-betegellatas\/oltasok\/"},"modified":"2018-09-16T00:07:58","modified_gmt":"2018-09-15T22:07:58","slug":"oltasok","status":"publish","type":"page","link":"https:\/\/univet.hu\/hu\/klinikak\/kisallatklinika\/belgyogyaszat\/ambulans-betegellatas\/oltasok\/","title":{"rendered":"Olt\u00e1sok"},"content":{"rendered":"<h2>Veszetts\u00e9g olt\u00e1s<\/h2> <ul> <li>Kuty\u00e1k eset\u00e9ben \u00e9vente egyszer k\u00f6telez\u0151 (az els\u0151 \u00e9let\u00e9vben f\u00e9l\u00e9ves k\u00fcl\u00f6nbs\u00e9ggel, k\u00e9t alkalommal k\u00f6telez\u0151).<\/li> <li>Szabadba kij\u00e1r\u00f3 macsk\u00e1k eset\u00e9ben \u00e9vente aj\u00e1nlott.<\/li> <\/ul> <p><a href=\"http:\/\/www.maok.hu\/content\/_common\/attachments\/veszettsegtajekoztato.pdf\" target=\"_blank\" rel=\"noopener\">A Magyar \u00c1llatorvosi Kamara t\u00e1j\u00e9koztat\u00f3ja kutyatulajdonosok r\u00e9sz\u00e9re \u00bb<\/a><\/p> <h2>Kombin\u00e1lt olt\u00e1sok<\/h2> <p>A k\u00f6telez\u0151 veszetts\u00e9g olt\u00e1s mellett aj\u00e1nlott az egy\u00e9b fert\u0151z\u0151 betegs\u00e9gek ellen is \u00e9vente beoltani kedvenc\u00e9t.<\/p> <p><a href=\"https:\/\/univet.hu\/wp-content\/uploads\/2018\/09\/oltasok-1.jpg\" data-replaced=\"true\"><img loading=\"lazy\" decoding=\"async\" class=\"alignnone size-full wp-image-18601\" src=\"https:\/\/univet.hu\/wp-content\/uploads\/2018\/09\/oltasok-1.jpg\" data-replaced=\"true\" alt=\"\" width=\"920\" height=\"303\" srcset=\"https:\/\/univet.hu\/wp-content\/uploads\/2018\/09\/oltasok-1.jpg 920w, https:\/\/univet.hu\/wp-content\/uploads\/2018\/09\/oltasok-1-320x105.jpg 320w, https:\/\/univet.hu\/wp-content\/uploads\/2018\/09\/oltasok-1-768x253.jpg 768w\" sizes=\"auto, (max-width: 920px) 100vw, 920px\" \/><\/a><\/p> <h3>Kuty\u00e1k eset\u00e9ben a kombin\u00e1lt olt\u00e1s<\/h3> <ul> <li>parvov\u00edrusos b\u00e9lgyullad\u00e1s,<\/li> <li>szopornyica,<\/li> <li>fert\u0151z\u0151 m\u00e1jgyullad\u00e1s,<\/li> <li>parainfluenza \u00e9s<\/li> <li>leptospirosis ellen v\u00e9d.<\/li> <\/ul> <h3>Macsk\u00e1k eset\u00e9ben a kombin\u00e1lt olt\u00e1s<\/h3> <ul> <li>panleukopenia,<\/li> <li>herpes- \u00e9s<\/li> <li>caliciv\u00edrusos macskan\u00e1tha ellen v\u00e9d.<\/li> <\/ul> <p>A kombin\u00e1lt olt\u00e1son fel\u00fcl kij\u00e1r\u00f3 macsk\u00e1knak a macskaleuk\u00f3zis elleni v\u00e9d\u0151olt\u00e1s is aj\u00e1nlott.<\/p> <p><a href=\"https:\/\/univet.hu\/hu\/klinikak\/kisallatklinika\/belgyogyaszat\/ambulans-betegellatas\/oltasok\/oltasi-tajekoztato\/\">Olt\u00e1si t\u00e1j\u00e9koztat\u00f3 \u00bb<\/a><\/p>","protected":false},"excerpt":{"rendered":"<p>Veszetts\u00e9g olt\u00e1s Kuty\u00e1k eset\u00e9ben \u00e9vente egyszer k\u00f6telez\u0151 (az els\u0151 \u00e9let\u00e9vben f\u00e9l\u00e9ves k\u00fcl\u00f6nbs\u00e9ggel, k\u00e9t alkalommal k\u00f6telez\u0151). Szabadba kij\u00e1r\u00f3 macsk\u00e1k eset\u00e9ben \u00e9vente aj\u00e1nlott. A Magyar \u00c1llatorvosi Kamara t\u00e1j\u00e9koztat\u00f3ja kutyatulajdonosok r\u00e9sz\u00e9re \u00bb Kombin\u00e1lt olt\u00e1sok A k\u00f6telez\u0151 veszetts\u00e9g olt\u00e1s mellett aj\u00e1nlott az egy\u00e9b fert\u0151z\u0151 betegs\u00e9gek ellen is \u00e9vente beoltani kedvenc\u00e9t. Kuty\u00e1k eset\u00e9ben a kombin\u00e1lt olt\u00e1s parvov\u00edrusos b\u00e9lgyullad\u00e1s, szopornyica, fert\u0151z\u0151<\/p>\n","protected":false},"author":1,"featured_media":0,"parent":18420,"menu_order":112,"comment_status":"closed","ping_status":"closed","template":"","meta":{"_acf_changed":false,"footnotes":""},"categories":[],"tags":[],"class_list":["post-18429","page","type-page","status-publish","hentry"],"acf":[],"_links":{"self":[{"href":"https:\/\/univet.hu\/hu\/wp-json\/wp\/v2\/pages\/18429","targetHints":{"allow":["GET"]}}],"collection":[{"href":"https:\/\/univet.hu\/hu\/wp-json\/wp\/v2\/pages"}],"about":[{"href":"https:\/\/univet.hu\/hu\/wp-json\/wp\/v2\/types\/page"}],"author":[{"embeddable":true,"href":"https:\/\/univet.hu\/hu\/wp-json\/wp\/v2\/users\/1"}],"replies":[{"embeddable":true,"href":"https:\/\/univet.hu\/hu\/wp-json\/wp\/v2\/comments?post=18429"}],"version-history":[{"count":0,"href":"https:\/\/univet.hu\/hu\/wp-json\/wp\/v2\/pages\/18429\/revisions"}],"up":[{"embeddable":true,"href":"https:\/\/univet.hu\/hu\/wp-json\/wp\/v2\/pages\/18420"}],"wp:attachment":[{"href":"https:\/\/univet.hu\/hu\/wp-json\/wp\/v2\/media?parent=18429"}],"wp:term":[{"taxonomy":"category","embeddable":true,"href":"https:\/\/univet.hu\/hu\/wp-json\/wp\/v2\/categories?post=18429"},{"taxonomy":"post_tag","embeddable":true,"href":"https:\/\/univet.hu\/hu\/wp-json\/wp\/v2\/tags?post=18429"}],"curies":[{"name":"wp","href":"https:\/\/api.w.org\/{rel}","templated":true}]}}