{"id":18433,"date":"2018-09-15T18:26:27","date_gmt":"2018-09-15T16:26:27","guid":{"rendered":"http:\/\/univet.hu\/klinikak\/kisallatklinika\/belgyogyaszat\/muszeres-diagnosztika\/"},"modified":"2022-10-11T10:49:37","modified_gmt":"2022-10-11T08:49:37","slug":"muszeres-diagnosztika","status":"publish","type":"page","link":"https:\/\/univet.hu\/hu\/klinikak\/kisallatklinika\/belgyogyaszat\/muszeres-diagnosztika\/","title":{"rendered":"M\u0171szeres diagnosztika"},"content":{"rendered":"<p>A m\u0171szeres diagnosztikai vizsg\u00e1latokat kiz\u00e1r\u00f3lag el\u0151zetes id\u0151pont egyeztet\u00e9st k\u00f6vet\u0151en v\u00e9gezz\u00fck.<\/p> <h3>El\u0151zetes bejelentkez\u00e9s<\/h3> <ul> <li>szem\u00e9lyesen az ambul\u00e1ns klinikai betegvizsg\u00e1lat sor\u00e1n, vagy<\/li> <li>telefonon <ul> <li>munkaid\u0151ben az (1)478-4142 telefonsz\u00e1mon vagy az (1)478-4100\/8914-es mell\u00e9ken,<\/li> <li>minden nap 8-20h k\u00f6z\u00f6tt a Betegir\u00e1ny\u00edt\u00f3n\u00e1l az (1)478-4147-es telefonsz\u00e1mon.<\/li> <\/ul> <\/li> <\/ul> <p><strong>K\u00e9rj\u00fck, hogy a Klinik\u00e1ra \u00e9rkez\u00e9skor minden esetben sz\u00edveskedjen bejelentkezni a Betegir\u00e1ny\u00edt\u00f3n\u00e1l!<\/strong><\/p> <h3>Ultrahang- \u00e9s EKG-vizsg\u00e1latok<\/h3> <p>Az ultrahang-vizsg\u00e1latokr\u00f3l elmondhat\u00f3, hogy a vizsg\u00e1latok diagnosztikai \u00e9rt\u00e9k\u00e9t 30%-ban a m\u0171szer, 70%-ban pedig a vizsg\u00e1l\u00f3 szem\u00e9lye befoly\u00e1solja. M\u0171szeres diagnosztikai egys\u00e9g\u00fcnkben mindk\u00e9t rendk\u00edv\u00fcl fontos felt\u00e9tel adott, hiszen az orsz\u00e1g legjobb, nemzetk\u00f6zileg is elismert ultrahangos szakemberei v\u00e9gzik az egyes vizsg\u00e1latokat egy modern ultrahang-k\u00e9sz\u00fcl\u00e9kkel.<\/p> <p>Az ultrahangos vizsg\u00e1lat kb. f\u00e9l-egy \u00f3r\u00e1t vesz ig\u00e9nybe, a legt\u00f6bb esetben \u00e9ber \u00e1llapotban v\u00e9gezz\u00fck, hiszen az \u00e1llat sz\u00e1m\u00e1ra nem j\u00e1r f\u00e1jdalommal.<\/p> <ul> <li>Hasi ultrahangvizsg\u00e1lat<\/li> <li>Kardiol\u00f3giai vizsg\u00e1lat (Sz\u00edvultrahang \u00e9s EKG-vizsg\u00e1lat)<\/li> <li>V\u00e9rnyom\u00e1sm\u00e9r\u00e9s Endoszk\u00f3pos vizsg\u00e1latok<\/li> <\/ul> <h3>Endoszk\u00f3pos vizsg\u00e1latok<\/h3> <p>Az endoszk\u00f3pos vizsg\u00e1latokat korszer\u0171 merev- \u00e9s flexibilis endoszk\u00f3pokkal v\u00e9gezz\u00fck, minden esetben altatott \u00e1llapotban. A vizsg\u00e1lat t\u00edpus\u00e1t\u00f3l f\u00fcgg\u0151en az endoszk\u00f3pos vizsg\u00e1lat t\u00f6rt\u00e9nhet diagnosztikai, valamint ter\u00e1pi\u00e1s c\u00e9llal (pl. idegentest elt\u00e1vol\u00edt\u00e1sa). A biztos diagn\u00f3zis fel\u00e1ll\u00edt\u00e1sa \u00e9rdek\u00e9ben a legt\u00f6bb esetben sor ker\u00fcl sz\u00f6vettani\/citol\u00f3giai \u00e9s mikrobiol\u00f3giai mintav\u00e9telekre is.<\/p> <p>Az endoszk\u00f3pos vizsg\u00e1latra mindig \u00e9hgyomorra, 12 \u00f3r\u00e1s koplaltat\u00e1s ut\u00e1n kell hozni az \u00e1llatokat!<\/p> <p>Endoszk\u00f3pos el\u0151jegyz\u00e9s: 20\/483-8320 vagy 1\/478-4147<\/p>  \t\t<ul id='gallery-1' class='gallery galleryid-18433 block-grid-xs-2 block-grid-sm-3 block-grid-md-4 block-grid-lg-5'><li class='gallery-item'>         <span class='gallery-icon'>             <a href='https:\/\/univet.hu\/wp-content\/uploads\/2018\/09\/muszeres-diagnosztika-1.jpg'><img loading=\"lazy\" decoding=\"async\" width=\"200\" height=\"133\" src=\"https:\/\/univet.hu\/wp-content\/uploads\/2018\/09\/muszeres-diagnosztika-1.jpg\" class=\"attachment-thumbnail size-thumbnail\" alt=\"\" \/><\/a>         <\/span><\/li><li class='gallery-item'>         <span class='gallery-icon'>             <a href='https:\/\/univet.hu\/wp-content\/uploads\/2018\/09\/muszeres-diagnosztika-2.jpg'><img loading=\"lazy\" decoding=\"async\" width=\"200\" height=\"133\" src=\"https:\/\/univet.hu\/wp-content\/uploads\/2018\/09\/muszeres-diagnosztika-2.jpg\" class=\"attachment-thumbnail size-thumbnail\" alt=\"\" \/><\/a>         <\/span><\/li><li class='gallery-item'>         <span class='gallery-icon'>             <a href='https:\/\/univet.hu\/wp-content\/uploads\/2018\/09\/muszeres-diagnosztika-3.jpg'><img loading=\"lazy\" decoding=\"async\" width=\"200\" height=\"133\" src=\"https:\/\/univet.hu\/wp-content\/uploads\/2018\/09\/muszeres-diagnosztika-3.jpg\" class=\"attachment-thumbnail size-thumbnail\" alt=\"\" \/><\/a>         <\/span><\/li><\/ul>","protected":false},"excerpt":{"rendered":"<p>A m\u0171szeres diagnosztikai vizsg\u00e1latokat kiz\u00e1r\u00f3lag el\u0151zetes id\u0151pont egyeztet\u00e9st k\u00f6vet\u0151en v\u00e9gezz\u00fck. El\u0151zetes bejelentkez\u00e9s szem\u00e9lyesen az ambul\u00e1ns klinikai betegvizsg\u00e1lat sor\u00e1n, vagy telefonon munkaid\u0151ben az (1)478-4142 telefonsz\u00e1mon vagy az (1)478-4100\/8914-es mell\u00e9ken, minden nap 8-20h k\u00f6z\u00f6tt a Betegir\u00e1ny\u00edt\u00f3n\u00e1l az (1)478-4147-es telefonsz\u00e1mon. K\u00e9rj\u00fck, hogy a Klinik\u00e1ra \u00e9rkez\u00e9skor minden esetben sz\u00edveskedjen bejelentkezni a Betegir\u00e1ny\u00edt\u00f3n\u00e1l! Ultrahang- \u00e9s EKG-vizsg\u00e1latok Az ultrahang-vizsg\u00e1latokr\u00f3l elmondhat\u00f3, hogy<\/p>\n","protected":false},"author":1,"featured_media":0,"parent":18647,"menu_order":0,"comment_status":"closed","ping_status":"closed","template":"","meta":{"_acf_changed":false,"footnotes":""},"categories":[],"tags":[],"class_list":["post-18433","page","type-page","status-publish","hentry"],"acf":[],"_links":{"self":[{"href":"https:\/\/univet.hu\/hu\/wp-json\/wp\/v2\/pages\/18433","targetHints":{"allow":["GET"]}}],"collection":[{"href":"https:\/\/univet.hu\/hu\/wp-json\/wp\/v2\/pages"}],"about":[{"href":"https:\/\/univet.hu\/hu\/wp-json\/wp\/v2\/types\/page"}],"author":[{"embeddable":true,"href":"https:\/\/univet.hu\/hu\/wp-json\/wp\/v2\/users\/1"}],"replies":[{"embeddable":true,"href":"https:\/\/univet.hu\/hu\/wp-json\/wp\/v2\/comments?post=18433"}],"version-history":[{"count":0,"href":"https:\/\/univet.hu\/hu\/wp-json\/wp\/v2\/pages\/18433\/revisions"}],"up":[{"embeddable":true,"href":"https:\/\/univet.hu\/hu\/wp-json\/wp\/v2\/pages\/18647"}],"wp:attachment":[{"href":"https:\/\/univet.hu\/hu\/wp-json\/wp\/v2\/media?parent=18433"}],"wp:term":[{"taxonomy":"category","embeddable":true,"href":"https:\/\/univet.hu\/hu\/wp-json\/wp\/v2\/categories?post=18433"},{"taxonomy":"post_tag","embeddable":true,"href":"https:\/\/univet.hu\/hu\/wp-json\/wp\/v2\/tags?post=18433"}],"curies":[{"name":"wp","href":"https:\/\/api.w.org\/{rel}","templated":true}]}}