{"id":18435,"date":"2018-09-15T18:27:10","date_gmt":"2018-09-15T16:27:10","guid":{"rendered":"http:\/\/univet.hu\/klinikak\/kisallatklinika\/belgyogyaszat\/szakrendelesek\/"},"modified":"2024-02-22T08:45:14","modified_gmt":"2024-02-22T07:45:14","slug":"szakrendelesek","status":"publish","type":"page","link":"https:\/\/univet.hu\/hu\/klinikak\/kisallatklinika\/belgyogyaszat\/szakrendelesek\/","title":{"rendered":"Szakrendel\u00e9sek"},"content":{"rendered":"<p><strong>K\u00e9rj\u00fck, hogy a Klinik\u00e1ra \u00e9rkez\u00e9skor minden esetben sz\u00edveskedj\u00e9k bejelentkezni a Betegir\u00e1ny\u00edt\u00f3n\u00e1l!<\/strong><\/p> <p>Szakrendel\u00e9seinkre az (1)478-4147-es telefonsz\u00e1mon tud bejelentkezni.<\/p> <h2>B\u0151rgy\u00f3gy\u00e1szat<\/h2> <p>Teljes k\u00f6r\u0171 b\u0151rgy\u00f3gy\u00e1szati kivizsg\u00e1l\u00e1s<\/p> <ul> <li>B\u0151rkapar\u00e9k mintav\u00e9tel (parazitol\u00f3gia vizsg\u00e1lat, bakteriol\u00f3giai \u00e9s gombateny\u00e9szt\u00e9s)<\/li> <li>Allergia-vizsg\u00e1latok<\/li> <li>B\u0151rbiopszia \u00e9s sz\u00f6vettani vizsg\u00e1lat<\/li> <li>Citol\u00f3giai vizsg\u00e1lat<\/li> <li>Gy\u00f3gykezel\u00e9si javaslat \u00e9s tan\u00e1csad\u00e1s<\/li> <\/ul> <h3>Kezel\u0151orvos(ok)<\/h3> <ul> <li><a href=\"https:\/\/univet.hu\/hu\/egyetem\/munkatarsak\/tarpataki-noemi\/\" target=\"_blank\" rel=\"noopener\" data-replaced=\"true\">Dr. Tarpataki No\u00e9mi \u00bb<\/a><\/li> <li><a href=\"https:\/\/univet.hu\/hu\/egyetem\/munkatarsak\/mathe-akos\/\" target=\"_blank\" rel=\"noopener\" data-replaced=\"true\">Dr. M\u00e1th\u00e9 \u00c1kos \u00bb<\/a><\/li> <li><\/li> <\/ul> <h3>Inform\u00e1ci\u00f3 bejelentkez\u00e9shez<\/h3> <ul> <li>El\u0151zetes id\u0151pont egyeztet\u00e9s alapj\u00e1n.<\/li> <\/ul> <hr \/> <h2>Endokrinol\u00f3gia<\/h2> <ul> <li>Sz\u0151rhull\u00e1ssal j\u00e1r\u00f3 b\u00e1ntalmak k\u00f3rjelz\u00e9se<\/li> <li>Hormonvizsg\u00e1latok (alap- \u00e9s terhel\u00e9ses hormonszint m\u00e9r\u00e9sek)<\/li> <li>Gy\u00f3gykezel\u00e9si javaslat \u00e9s tan\u00e1csad\u00e1s<\/li> <\/ul> <h3>Kezel\u0151orvos(ok)<\/h3> <ul> <li><a href=\"https:\/\/univet.hu\/hu\/egyetem\/munkatarsak\/mathe-akos\/\" target=\"_blank\" rel=\"noopener\" data-replaced=\"true\">Dr. M\u00e1th\u00e9 \u00c1kos \u00bb<\/a><\/li> <\/ul> <h3>Inform\u00e1ci\u00f3 bejelentkez\u00e9shez<\/h3> <ul> <li>El\u0151zetes id\u0151pont egyeztet\u00e9s alapj\u00e1n.<\/li> <\/ul> <hr \/> <h2>F\u00fcl\u00e9szet<\/h2> <ul> <li>Videootoszk\u00f3pos, videoendoszk\u00f3pos f\u00fclvizsg\u00e1lat<\/li> <li>Citol\u00f3giai, bakteriol\u00f3giai, sz\u00f6vettani mintav\u00e9tel<\/li> <li>Idegentestek szakszer\u0171 elt\u00e1vol\u00edt\u00e1sa<\/li> <li>A dobh\u00e1rty\u00e1ig terjed\u0151, m\u00e9ly hall\u00f3j\u00e1rat-\u00e1tmos\u00e1s<\/li> <li>Ut\u00f3kezel\u00e9s megtervez\u00e9se<\/li> <\/ul> <h3>Kezel\u0151orvos(ok)<\/h3> <ul> <li><a href=\"https:\/\/univet.hu\/hu\/egyetem\/munkatarsak\/balogh-marton\/\" target=\"_blank\" rel=\"noopener\" data-replaced=\"true\">Dr. Balogh M\u00e1rton \u00bb<\/a><\/li> <\/ul> <h3>Inform\u00e1ci\u00f3 bejelentkez\u00e9shez<\/h3> <ul> <li>Keddenk\u00e9nt ambul\u00e1ns szerd\u00e1nk\u00e9nt \u00e9s p\u00e9ntekenk\u00e9nt altatott \u00e1llapotban, el\u0151jegyz\u00e9s alapj\u00e1n (+36-1-478-4100, 8007-es mell\u00e9k).<\/li> <\/ul> <hr \/> <h2>Gasztroenterol\u00f3gia<\/h2> <ul> <li>Nyel\u0151cs\u0151-, gyomor-, v\u00e9kony- \u00e9s vastagb\u00e9l-betegs\u00e9gek, hasny\u00e1lmirigy-betegs\u00e9gek teljes k\u00f6r\u0171 kivizsg\u00e1l\u00e1sa (v\u00e9rvizsg\u00e1latok, b\u00e9ls\u00e1rvizsg\u00e1lat, hasi ultrahang, endoszk\u00f3pia)<\/li> <li>Gy\u00f3gykezel\u00e9si javaslat \u00e9s tan\u00e1csad\u00e1s<\/li> <\/ul> <h3>Kezel\u0151orvos(ok)<\/h3> <ul> <li><a href=\"https:\/\/univet.hu\/hu\/egyetem\/munkatarsak\/papa-kinga\/\" target=\"_blank\" rel=\"noopener\" data-replaced=\"true\">Dr. P\u00e1pa Kinga \u00bb<\/a><\/li> <li><a href=\"https:\/\/univet.hu\/hu\/egyetem\/munkatarsak\/psader-roland\/\" target=\"_blank\" rel=\"noopener\" data-replaced=\"true\">Dr. Ps\u00e1der Roland \u00bb<\/a><\/li> <li><a href=\"https:\/\/univet.hu\/hu\/egyetem\/munkatarsak\/sterczer-agnes\/\" target=\"_blank\" rel=\"noopener\" data-replaced=\"true\">Dr. Sterczer \u00c1gnes \u00bb<\/a><\/li> <\/ul> <h3>Inform\u00e1ci\u00f3 bejelentkez\u00e9shez<\/h3> <ul> <li>El\u0151zetes id\u0151pont egyeztet\u00e9s alapj\u00e1n v\u00e1ltoz\u00f3 napokon.<\/li> <\/ul> <hr \/> <h2>Gerontol\u00f3gia<\/h2> <ul> <li>\u00e1llapotfelm\u00e9r\u00e9s, kivizsg\u00e1l\u00e1s<\/li> <li>id\u0151skori b\u00e1ntalmak karbantart\u00e1s\u00e1nak lehet\u0151s\u00e9gei<\/li> <li>ellen\u0151rz\u0151 vizsg\u00e1latok<\/li> <li>t\u00e1pl\u00e1l\u00e1si tan\u00e1csad\u00e1s<\/li> <\/ul> <h3>Kezel\u0151orvos(ok)<\/h3> <ul> <li style=\"list-style-type: none;\"> <ul> <li><a href=\"https:\/\/univet.hu\/hu\/egyetem\/munkatarsak\/balogh-eva\/\">dr. Balogh \u00c9va<\/a><\/li> <\/ul> <\/li> <\/ul> <ul> <li>El\u0151zetes id\u0151pont egyeztet\u00e9s alapj\u00e1n v\u00e1ltoz\u00f3 napokon.<\/li> <\/ul> <hr \/> <h2>Hepatol\u00f3gia<\/h2> <ul> <li>M\u00e1jbetegs\u00e9gek teljes k\u00f6r\u0171 kivizsg\u00e1l\u00e1sa<\/li> <li>Gy\u00f3gykezel\u00e9si javaslat \u00e9s tan\u00e1csad\u00e1s<\/li> <\/ul> <h3>Kezel\u0151orvos(ok)<\/h3> <ul> <li><a href=\"https:\/\/univet.hu\/hu\/egyetem\/munkatarsak\/sterczer-agnes\/\" target=\"_blank\" rel=\"noopener\" data-replaced=\"true\">Dr. Sterczer \u00c1gnes \u00bb<\/a><\/li> <\/ul> <h3>Inform\u00e1ci\u00f3 bejelentkez\u00e9shez<\/h3> <ul> <li>El\u0151zetes id\u0151pont egyeztet\u00e9s alapj\u00e1n v\u00e1ltoz\u00f3 napokon.<\/li> <\/ul> <hr \/> <h2>Kardiol\u00f3gia<\/h2> <ul> <li>Sz\u00edvbetegs\u00e9gek teljes k\u00f6r\u0171 kivizsg\u00e1l\u00e1sa<\/li> <li>Klinikai vizsg\u00e1lat, EKG, sz\u00edvultrahang, v\u00e9rnyom\u00e1sm\u00e9r\u00e9s<\/li> <li>Gy\u00f3gykezel\u00e9si javaslat \u00e9s tan\u00e1csad\u00e1s<\/li> <\/ul> <h3>Kezel\u0151orvos(ok)<\/h3> <ul> <li><a href=\"https:\/\/univet.hu\/hu\/egyetem\/munkatarsak\/dudas-gyorki-zoltan\/\" target=\"_blank\" rel=\"noopener\" data-replaced=\"true\">Dr. Dud\u00e1s-Gy\u00f6rki Zolt\u00e1n \u00bb<\/a><\/li> <li><a href=\"https:\/\/univet.hu\/hu\/egyetem\/munkatarsak\/hetyey-csaba\/\" target=\"_blank\" rel=\"noopener\" data-replaced=\"true\">Dr. Hetyey Csaba \u00bb<\/a><\/li> <li><a href=\"https:\/\/univet.hu\/hu\/egyetem\/munkatarsak\/manczur-ferenc\/\" target=\"_blank\" rel=\"noopener\" data-replaced=\"true\">Dr. Manczur Ferenc \u00bb<\/a><\/li> <li><a href=\"https:\/\/univet.hu\/hu\/egyetem\/munkatarsak\/kiss-gergely\/\">Dr. Kiss Gergely \u00bb<\/a><\/li> <\/ul> <h3>Inform\u00e1ci\u00f3 bejelentkez\u00e9shez<\/h3> <ul> <li>El\u0151zetes id\u0151pont egyeztet\u00e9s alapj\u00e1n.<\/li> <\/ul> <hr \/> <h2>Respiratol\u00f3gia<\/h2> <ul> <li>Heveny \u00e9s id\u00fclt l\u00e9gz\u0151szervi betegs\u00e9gek kivizsg\u00e1l\u00e1sa<\/li> <li>Endoszk\u00f3pos vizsg\u00e1latok<\/li> <\/ul> <h3>Kezel\u0151orvos(ok)<\/h3> <ul> <li><a href=\"https:\/\/univet.hu\/hu\/egyetem\/munkatarsak\/psader-roland\/\" target=\"_blank\" rel=\"noopener\" data-replaced=\"true\">Dr. Ps\u00e1der Roland \u00bb<\/a><\/li> <\/ul> <h3>Inform\u00e1ci\u00f3 bejelentkez\u00e9shez<\/h3> <ul> <li>El\u0151zetes id\u0151pont egyeztet\u00e9s alapj\u00e1n v\u00e1ltoz\u00f3 napokon.<\/li> <\/ul> <hr \/> <h2>Nefrol\u00f3gia \u00e9s urol\u00f3gia<\/h2> <ul> <li>&#8211;\u00a0Vesebeteg kuty\u00e1k \u00e9s macsk\u00e1k teljes k\u00f6r\u0171 kivizsg\u00e1l\u00e1sa: v\u00e9rlabor-, vizelet-, ultrahang vizsg\u00e1lat, v\u00e9rnyom\u00e1sm\u00e9r\u00e9s<\/li> <li>&#8211; Biopszi\u00e1s mintav\u00e9tel<\/li> <li>&#8211;\u00a0Kr\u00f3nikus vesebeteg \u00e1llatok hossz\u00fa t\u00e1v\u00fa gondoz\u00e1sa<\/li> <li>&#8211; Urol\u00f3giai megbeteged\u00e9sek (pl. h\u00fagy\u00fati fert\u0151z\u00e9s, h\u00fagyk\u00f6vess\u00e9g, macsk\u00e1k idiopathicus cystitise) kivizsg\u00e1l\u00e1sa \u00e9s\u00a0hossz\u00fa t\u00e1v\u00fa gondoz\u00e1sa<\/li> <li>&#8211; Kezel\u00e9si terv fel\u00e1ll\u00edt\u00e1sa az Intenz\u00edv Ter\u00e1pi\u00e1s Oszt\u00e1lyon kezelt akut\u00a0vesebeteg \u00e1llatok r\u00e9sz\u00e9re<\/li> <li>&#8211; Hemodial\u00edzis \u00e9s peritone\u00e1lis dial\u00edzis kezel\u00e9s kivitelez\u00e9se az Intenz\u00edv Ter\u00e1pi\u00e1s Oszt\u00e1llyal kooper\u00e1ci\u00f3ban<\/li> <\/ul> <h3><span style=\"font-size: 14pt;\">Kezel\u0151orvos(ok):<\/span><\/h3> <ul> <li><a href=\"https:\/\/univet.hu\/hu\/egyetem\/munkatarsak\/manczur-ferenc\/\">Dr. Manczur Ferenc<\/a><\/li> <li><a href=\"https:\/\/univet.hu\/hu\/egyetem\/munkatarsak\/falus-fruzsina\/\">Dr. Falus Fruzsina<\/a><\/li> <li><a href=\"https:\/\/univet.hu\/hu\/egyetem\/munkatarsak\/szabo-korinna\/\">Dr. <span style=\"color: #0000ff;\">Szab\u00f3<\/span> Korinna<\/a><\/li> <\/ul> <p>&nbsp;<\/p> <p>&nbsp;<\/p> <p><span style=\"font-size: 18pt;\"><strong>Endoszk\u00f3p szakrendel\u00e9s<\/strong><\/span><\/p> <p>&nbsp;<\/p> <h3>Kezel\u0151orvos(ok)<\/h3> <p>Endoszk\u00f3pia<\/p> <p><span style=\"color: #333399;\"><a href=\"https:\/\/univet.hu\/hu\/egyetem\/munkatarsak\/balogh-marton\/\">Dr. Balogh M\u00e1rton<\/a><\/span><\/p> <p><span style=\"color: #333399;\"><a href=\"https:\/\/univet.hu\/hu\/egyetem\/munkatarsak\/psader-roland\/\">Dr. Ps\u00e1der Roland<\/a><\/span><\/p> <p>&nbsp;<\/p> <p>El\u0151jegyz\u00e9s id\u0151pont egyeztet\u00e9s alapj\u00e1n a szakrendel\u00e9sekre\u00a0 1\/478-4147<\/p> <p>(Endoszk\u00f3pos szakrendel\u00e9sre: 20\/483-8320)<\/p> <p>&nbsp;<\/p> <ul> <li>-l\u00e9gz\u0151szervi endoszk\u00f3pia<\/li> <li>-gastrointestinalis\/gyomor- b\u00e9lrendszeri endoszk\u00f3pia<\/li> <li>-h\u00fagy\u00fati endoszk\u00f3pia<\/li> <li>-otoszk\u00f3pia<\/li> <li>-gy\u00f3gykezel\u00e9si javaslat \u00e9s tan\u00e1csad\u00e1s a vizsg\u00e1latok eredm\u00e9nyei alapj\u00e1n<\/li> <\/ul> <p>&nbsp;<\/p> <h3>Inform\u00e1ci\u00f3 bejelentkez\u00e9shez:<\/h3> <div dir=\"auto\">El\u0151jegyz\u00e9s id\u0151pont egyeztet\u00e9s alapj\u00e1n a szakrendel\u00e9sekre: 1\/478-41-47<\/div> <div dir=\"auto\"><\/div> <div dir=\"auto\"><\/div>","protected":false},"excerpt":{"rendered":"<p>K\u00e9rj\u00fck, hogy a Klinik\u00e1ra \u00e9rkez\u00e9skor minden esetben sz\u00edveskedj\u00e9k bejelentkezni a Betegir\u00e1ny\u00edt\u00f3n\u00e1l! Szakrendel\u00e9seinkre az (1)478-4147-es telefonsz\u00e1mon tud bejelentkezni. B\u0151rgy\u00f3gy\u00e1szat Teljes k\u00f6r\u0171 b\u0151rgy\u00f3gy\u00e1szati kivizsg\u00e1l\u00e1s B\u0151rkapar\u00e9k mintav\u00e9tel (parazitol\u00f3gia vizsg\u00e1lat, bakteriol\u00f3giai \u00e9s gombateny\u00e9szt\u00e9s) Allergia-vizsg\u00e1latok B\u0151rbiopszia \u00e9s sz\u00f6vettani vizsg\u00e1lat Citol\u00f3giai vizsg\u00e1lat Gy\u00f3gykezel\u00e9si javaslat \u00e9s tan\u00e1csad\u00e1s Kezel\u0151orvos(ok) Dr. Tarpataki No\u00e9mi \u00bb Dr. M\u00e1th\u00e9 \u00c1kos \u00bb Inform\u00e1ci\u00f3 bejelentkez\u00e9shez El\u0151zetes id\u0151pont egyeztet\u00e9s alapj\u00e1n.<\/p>\n","protected":false},"author":1,"featured_media":0,"parent":18647,"menu_order":0,"comment_status":"closed","ping_status":"closed","template":"","meta":{"_acf_changed":false,"footnotes":""},"categories":[],"tags":[],"class_list":["post-18435","page","type-page","status-publish","hentry"],"acf":[],"_links":{"self":[{"href":"https:\/\/univet.hu\/hu\/wp-json\/wp\/v2\/pages\/18435","targetHints":{"allow":["GET"]}}],"collection":[{"href":"https:\/\/univet.hu\/hu\/wp-json\/wp\/v2\/pages"}],"about":[{"href":"https:\/\/univet.hu\/hu\/wp-json\/wp\/v2\/types\/page"}],"author":[{"embeddable":true,"href":"https:\/\/univet.hu\/hu\/wp-json\/wp\/v2\/users\/1"}],"replies":[{"embeddable":true,"href":"https:\/\/univet.hu\/hu\/wp-json\/wp\/v2\/comments?post=18435"}],"version-history":[{"count":0,"href":"https:\/\/univet.hu\/hu\/wp-json\/wp\/v2\/pages\/18435\/revisions"}],"up":[{"embeddable":true,"href":"https:\/\/univet.hu\/hu\/wp-json\/wp\/v2\/pages\/18647"}],"wp:attachment":[{"href":"https:\/\/univet.hu\/hu\/wp-json\/wp\/v2\/media?parent=18435"}],"wp:term":[{"taxonomy":"category","embeddable":true,"href":"https:\/\/univet.hu\/hu\/wp-json\/wp\/v2\/categories?post=18435"},{"taxonomy":"post_tag","embeddable":true,"href":"https:\/\/univet.hu\/hu\/wp-json\/wp\/v2\/tags?post=18435"}],"curies":[{"name":"wp","href":"https:\/\/api.w.org\/{rel}","templated":true}]}}