{"id":18439,"date":"2018-09-15T18:29:26","date_gmt":"2018-09-15T16:29:26","guid":{"rendered":"http:\/\/univet.hu\/?page_id=18439"},"modified":"2022-06-22T12:37:21","modified_gmt":"2022-06-22T10:37:21","slug":"nyitva-tartas","status":"publish","type":"page","link":"https:\/\/univet.hu\/hu\/klinikak\/kisallatklinika\/belgyogyaszat\/nyitva-tartas\/","title":{"rendered":"Nyitva tart\u00e1s"},"content":{"rendered":"<h3>\u00a0Ambulancia<\/h3> <table style=\"height: 292px; width: 842px;\" width=\"846\"> <tbody> <tr style=\"height: 48px;\"> <td style=\"width: 273.562px; height: 48px;\">\u00a0H\u00e9tk\u00f6znap:<\/td> <td style=\"width: 269.984px; height: 48px;\">8:00 \u2013 9:00<\/td> <td style=\"width: 276.453px; height: 48px;\">csak \u00e9letvesz\u00e9lyben l\u00e9v\u0151 beteget fogadunk<\/td> <\/tr> <tr style=\"height: 72px;\"> <td style=\"width: 273.562px; height: 72px;\"><\/td> <td style=\"width: 269.984px; height: 72px;\">9:00 \u2013 16:00<\/td> <td style=\"width: 276.453px; height: 72px;\">teljes k\u00f6r\u0171 belgy\u00f3gy\u00e1szati szakrendel\u00e9s, csak el\u0151zetes id\u0151pont egyeztet\u00e9s alapj\u00e1n<\/td> <\/tr> <tr style=\"height: 24px;\"> <td style=\"width: 273.562px; height: 24px;\"><\/td> <td style=\"width: 269.984px; height: 24px;\">16:00 \u2013 19:00<\/td> <td style=\"width: 276.453px; height: 24px;\">\u00fcgyeleti jelleg\u0171 szakell\u00e1t\u00e1s<\/td> <\/tr> <tr style=\"height: 48px;\"> <td style=\"width: 273.562px; height: 48px;\"><\/td> <td style=\"width: 269.984px; height: 48px;\">19:00 \u2013 20:00<\/td> <td style=\"width: 276.453px; height: 48px;\">csak \u00e9letvesz\u00e9lyben l\u00e9v\u0151 beteget fogadunk<\/td> <\/tr> <tr style=\"height: 24px;\"> <td style=\"width: 273.562px; height: 24px;\"><\/td> <td style=\"width: 269.984px; height: 24px;\"><\/td> <td style=\"width: 276.453px; height: 24px;\"><\/td> <\/tr> <tr style=\"height: 24px;\"> <td style=\"width: 273.562px; height: 24px;\">H\u00e9v\u00e9ge:<\/td> <td style=\"width: 269.984px; height: 24px;\">Z\u00c1RVA<\/td> <td style=\"width: 276.453px; height: 24px;\"><\/td> <\/tr> <tr style=\"height: 24px;\"> <td style=\"width: 273.562px; height: 24px;\"><\/td> <td style=\"width: 269.984px; height: 24px;\"><\/td> <td style=\"width: 276.453px; height: 24px;\"><\/td> <\/tr> <\/tbody> <\/table> <h3><\/h3> <h3>M\u0171szeres diagnosztikai egys\u00e9g<\/h3> <table style=\"height: 39px;\" width=\"828\"> <tbody> <tr> <td style=\"width: 268.656px;\">H\u00e9tk\u00f6znap:<\/td> <td style=\"width: 268.656px;\">9:00 \u2013 16:00<\/td> <td style=\"width: 268.688px;\">csak el\u0151zetes id\u0151pont egyeztet\u00e9s alapj\u00e1n<\/td> <\/tr> <\/tbody> <\/table> <p>&nbsp;<\/p> <h3>Id\u0151pont egyeztet\u00e9s\u00a0 \u00a0\u00a0(1)478-4147<\/h3>","protected":false},"excerpt":{"rendered":"<p>\u00a0Ambulancia \u00a0H\u00e9tk\u00f6znap: 8:00 \u2013 9:00 csak \u00e9letvesz\u00e9lyben l\u00e9v\u0151 beteget fogadunk 9:00 \u2013 16:00 teljes k\u00f6r\u0171 belgy\u00f3gy\u00e1szati szakrendel\u00e9s, csak el\u0151zetes id\u0151pont egyeztet\u00e9s alapj\u00e1n 16:00 \u2013 19:00 \u00fcgyeleti jelleg\u0171 szakell\u00e1t\u00e1s 19:00 \u2013 20:00 csak \u00e9letvesz\u00e9lyben l\u00e9v\u0151 beteget fogadunk H\u00e9v\u00e9ge: Z\u00c1RVA M\u0171szeres diagnosztikai egys\u00e9g H\u00e9tk\u00f6znap: 9:00 \u2013 16:00 csak el\u0151zetes id\u0151pont egyeztet\u00e9s alapj\u00e1n &nbsp; Id\u0151pont egyeztet\u00e9s\u00a0 \u00a0\u00a0(1)478-4147<\/p>\n","protected":false},"author":1,"featured_media":0,"parent":18647,"menu_order":0,"comment_status":"closed","ping_status":"closed","template":"","meta":{"_acf_changed":false,"footnotes":""},"categories":[],"tags":[],"class_list":["post-18439","page","type-page","status-publish","hentry"],"acf":[],"_links":{"self":[{"href":"https:\/\/univet.hu\/hu\/wp-json\/wp\/v2\/pages\/18439","targetHints":{"allow":["GET"]}}],"collection":[{"href":"https:\/\/univet.hu\/hu\/wp-json\/wp\/v2\/pages"}],"about":[{"href":"https:\/\/univet.hu\/hu\/wp-json\/wp\/v2\/types\/page"}],"author":[{"embeddable":true,"href":"https:\/\/univet.hu\/hu\/wp-json\/wp\/v2\/users\/1"}],"replies":[{"embeddable":true,"href":"https:\/\/univet.hu\/hu\/wp-json\/wp\/v2\/comments?post=18439"}],"version-history":[{"count":0,"href":"https:\/\/univet.hu\/hu\/wp-json\/wp\/v2\/pages\/18439\/revisions"}],"up":[{"embeddable":true,"href":"https:\/\/univet.hu\/hu\/wp-json\/wp\/v2\/pages\/18647"}],"wp:attachment":[{"href":"https:\/\/univet.hu\/hu\/wp-json\/wp\/v2\/media?parent=18439"}],"wp:term":[{"taxonomy":"category","embeddable":true,"href":"https:\/\/univet.hu\/hu\/wp-json\/wp\/v2\/categories?post=18439"},{"taxonomy":"post_tag","embeddable":true,"href":"https:\/\/univet.hu\/hu\/wp-json\/wp\/v2\/tags?post=18439"}],"curies":[{"name":"wp","href":"https:\/\/api.w.org\/{rel}","templated":true}]}}