{"id":18443,"date":"2018-09-15T18:31:54","date_gmt":"2018-09-15T16:31:54","guid":{"rendered":"http:\/\/univet.hu\/?page_id=18443"},"modified":"2018-09-16T00:09:00","modified_gmt":"2018-09-15T22:09:00","slug":"igy-csinaljuk-mi","status":"publish","type":"page","link":"https:\/\/univet.hu\/hu\/klinikak\/kisallatklinika\/belgyogyaszat\/igy-csinaljuk-mi\/","title":{"rendered":"\u00cdgy csin\u00e1ljuk mi"},"content":{"rendered":"<p>K\u00e9rj\u00fck, hogy v\u00e1lasszon az al\u00e1bbi men\u00fcpontok k\u00f6z\u00fcl:<\/p> <ul> <li><a href=\"https:\/\/univet.hu\/hu\/klinikak\/kisallatklinika\/belgyogyaszat\/igy-csinaljuk-mi\/oltasok\/\" data-replaced=\"true\">Olt\u00e1sok \u00bb<\/a><\/li> <li><a href=\"https:\/\/univet.hu\/hu\/klinikak\/kisallatklinika\/belgyogyaszat\/igy-csinaljuk-mi\/eutanazia\/\" data-replaced=\"true\">Eutan\u00e1zia \u00bb<\/a><\/li> <\/ul>","protected":false},"excerpt":{"rendered":"<p>K\u00e9rj\u00fck, hogy v\u00e1lasszon az al\u00e1bbi men\u00fcpontok k\u00f6z\u00fcl: Olt\u00e1sok \u00bb Eutan\u00e1zia \u00bb<\/p>\n","protected":false},"author":1,"featured_media":0,"parent":18647,"menu_order":0,"comment_status":"closed","ping_status":"closed","template":"","meta":{"_acf_changed":false,"footnotes":""},"categories":[],"tags":[],"class_list":["post-18443","page","type-page","status-publish","hentry"],"acf":[],"_links":{"self":[{"href":"https:\/\/univet.hu\/hu\/wp-json\/wp\/v2\/pages\/18443","targetHints":{"allow":["GET"]}}],"collection":[{"href":"https:\/\/univet.hu\/hu\/wp-json\/wp\/v2\/pages"}],"about":[{"href":"https:\/\/univet.hu\/hu\/wp-json\/wp\/v2\/types\/page"}],"author":[{"embeddable":true,"href":"https:\/\/univet.hu\/hu\/wp-json\/wp\/v2\/users\/1"}],"replies":[{"embeddable":true,"href":"https:\/\/univet.hu\/hu\/wp-json\/wp\/v2\/comments?post=18443"}],"version-history":[{"count":0,"href":"https:\/\/univet.hu\/hu\/wp-json\/wp\/v2\/pages\/18443\/revisions"}],"up":[{"embeddable":true,"href":"https:\/\/univet.hu\/hu\/wp-json\/wp\/v2\/pages\/18647"}],"wp:attachment":[{"href":"https:\/\/univet.hu\/hu\/wp-json\/wp\/v2\/media?parent=18443"}],"wp:term":[{"taxonomy":"category","embeddable":true,"href":"https:\/\/univet.hu\/hu\/wp-json\/wp\/v2\/categories?post=18443"},{"taxonomy":"post_tag","embeddable":true,"href":"https:\/\/univet.hu\/hu\/wp-json\/wp\/v2\/tags?post=18443"}],"curies":[{"name":"wp","href":"https:\/\/api.w.org\/{rel}","templated":true}]}}